{"id":663,"date":"2018-02-04T07:09:49","date_gmt":"2018-02-04T14:09:49","guid":{"rendered":"https:\/\/www.portablebar.com\/woo\/?post_type=product&#038;p=663"},"modified":"2026-01-24T17:17:57","modified_gmt":"2026-01-24T22:17:57","slug":"table-promotionnelle-portable","status":"publish","type":"product","link":"https:\/\/www.portablebar.com\/fr_fr\/table-dexposition-portable\/","title":{"rendered":"Table promotionnelle pliante portable"},"content":{"rendered":"<div class=\"row align-center\"  id=\"row-1515403886\">\n\n\t<div id=\"col-1309142576\" class=\"col medium-3 small-12 large-3\"  >\n\t\t\t\t<div class=\"col-inner\"  >\n\t\t\t\n\t\t\t\n<h3>Caract\u00e9ristiques<\/h3>\n<p>- Fabriqu\u00e9 en aluminium durable et l\u00e9ger<br \/>\n- Ne p\u00e8se que 60 livres<br \/>\n- Panneaux frontaux et lat\u00e9raux interchangeables<br \/>\n- Se plie en 8\u2033.<\/p>\n\t\t<\/div>\n\t\t\t\t\t<\/div>\n\n\t\n\n\t<div id=\"col-1883604047\" class=\"col medium-3 small-12 large-3\"  >\n\t\t\t\t<div class=\"col-inner\"  >\n\t\t\t\n\t\t\t\n<h3>Ce qui est inclus<\/h3>\n<p>- \u00c9clairage LED et contr\u00f4leur Nexus<br \/>\n- Eclairage LED<br \/>\n- Alimentation 12v homologu\u00e9e UL - Prise standard<br \/>\n- (4) Roulettes robustes<\/p>\n\t\t<\/div>\n\t\t\t\t\t<\/div>\n\n\t\n\n\t<div id=\"col-345220686\" class=\"col medium-3 small-12 large-3\"  >\n\t\t\t\t<div class=\"col-inner\"  >\n\t\t\t\n\t\t\t\n<h3>Options<\/h3>\n<p>- Logos et marques<br \/>\n- Alimentation par batterie<\/p>\n\t\t<\/div>\n\t\t\t\t\t<\/div>\n\n\t\n\n\t<div id=\"col-502517906\" class=\"col medium-3 small-12 large-3\"  >\n\t\t\t\t<div class=\"col-inner\"  >\n\t\t\t\n\t\t\t\n<h3>Liens utiles<\/h3>\n<ul style=\"text-align: left;\">\n<li><a href=\"\/fr_fr\/bar-portable-faq\/\">Questions fr\u00e9quemment pos\u00e9es<\/a><\/li>\n<li><a href=\"https:\/\/www.portablebar.com\/fr_fr\/p\/chargeur-de-batterie\/\">Informations sur l'autonomie de la batterie<\/a><\/li>\n<li><a href=\"\/fr_fr\/eclairage-portable-pour-le-marquage-des-bars\/\">Comment les graphismes imprim\u00e9s r\u00e9agissent \u00e0 l'\u00e9clairage par diodes \u00e9lectroluminescentes (DEL)<\/a><\/li>\n<li>Promo Table Graphic Template<br \/>\n<a href=\"https:\/\/www.portablebar.com\/wp-content\/uploads\/2019\/02\/promo-bar-table-template.pdf\">PDF (EN ANGLAIS)<\/a> | <a href=\"https:\/\/www.portablebar.com\/wp-content\/uploads\/2019\/02\/promo-bar-table-template.jpg\" target=\"_blank\" rel=\"noopener noreferrer\">JPG<\/a><\/li>\n<\/ul>\n\t\t<\/div>\n\t\t\t\t\t<\/div>\n\n\t\n<\/div>\n<hr \/>\n<p>- La table promo est la solution parfaite pour pr\u00e9senter vos produits ou votre marque lors de salons professionnels, de conventions ou de tout autre \u00e9v\u00e9nement promotionnel. Nous avons con\u00e7u cette table comme une option alternative \u00e0 nos bars portables. Elle dispose d'une plus grande surface de table et d'une \u00e9tag\u00e8re rabattable pour augmenter l'espace de stockage tout en restant aussi mobile.<br \/>\n- Fabriqu\u00e9e en aluminium durable mais l\u00e9ger, la table promo est extr\u00eamement portable et peut \u00eatre install\u00e9e en quelques secondes.<br \/>\n- Chacun des panneaux acryliques peut \u00eatre facilement retir\u00e9 et remplac\u00e9 par d'autres panneaux graphiques.<\/p>\n<h3>Dimensions<\/h3>\n<p><strong>Assembl\u00e9 :<\/strong>\u00a048\u2033 L x 23\u2033 P x 36\u2033 H<br \/>\n<strong>Pli\u00e9 :\u00a0<\/strong>46\u2033 L x 8\u2033 P x 36\u2033 H<br \/>\n<strong>Poids :<\/strong>\u00a060 lbs (pli\u00e9)<\/p>\n<h3>Logos, graphiques et marques<\/h3>\n<p>L'ajout de logos ou de marques est un excellent moyen de personnaliser l'aspect de vos tables, que vous souhaitiez promouvoir votre nouvelle ligne de produits, votre activit\u00e9 de barman mobile ou que vous vouliez simplement montrer votre amour pour votre \u00e9quipe sportive favorite.<br \/>\nVisitez le site\u00a0<a href=\"\/fr_fr\/graphiques-de-marquage-des-bars-portables\/\">Graphisme et image de marque<\/a>\u00a0pour plus d'informations sur nos capacit\u00e9s d'impression et nos exigences.<\/p>\n<h2 style=\"text-align: left;\">Panneaux interchangeables <span style=\"font-size: 75%;\">(optionnel)<\/span><\/h2>\n<p><span style=\"font-size: 110%;\"><strong>Fixe ou interchangeable<\/strong><\/span><br \/>\n<strong>Panneaux fixes<\/strong> sont la m\u00e9thode standard d'installation des panneaux sur les tables de convention. Les panneaux sont fix\u00e9s de mani\u00e8re semi-permanente au cadre \u00e0 l'aide d'un ruban adh\u00e9sif solide. Les panneaux fixes peuvent \u00eatre enlev\u00e9s, mais il faut \u00e0 chaque fois r\u00e9appliquer l'adh\u00e9sif.<br \/>\n<strong>Panneaux interchangeables<\/strong> sont fix\u00e9s \u00e0 l'aide de connecteurs 3M Dual Lock (velcro en plastique) et peuvent \u00eatre facilement retir\u00e9s pour \u00eatre remplac\u00e9s par d'autres panneaux.<\/p>\n<p><span style=\"font-size: 110%;\"><strong>Quand choisir les panneaux interchangeables<\/strong><\/span><br \/>\nSi vous achetez, ou pr\u00e9voyez d'acheter \u00e0 l'avenir, des panneaux \u00e0 barres suppl\u00e9mentaires avec des graphismes diff\u00e9rents \u00e0 \u00e9changer r\u00e9guli\u00e8rement, vous aurez besoin de panneaux interchangeables.<\/p>\n<h3>Nexus LED Lighting<\/h3>\n<p>Tous nos bars portables sont \u00e9quip\u00e9s de l'\u00e9clairage LED Nexus. Notre t\u00e9l\u00e9commande programmable, unique en son genre et facile \u00e0 utiliser. Elle poss\u00e8de une fonction unique qui vous permet de cr\u00e9er des programmes personnalis\u00e9s de changement de couleur directement sur la t\u00e9l\u00e9commande. Pour en savoir plus sur nos \u00e9clairages LED\u00a0<a href=\"\/fr_fr\/eclairage-portable-pour-le-marquage-des-bars\/\">ici.<\/a><\/p>","protected":false},"excerpt":{"rendered":"<p><span style=\"color: #d83131;\">Ce produit n'est plus disponible.<\/span><\/p>","protected":false},"featured_media":658,"comment_status":"open","ping_status":"closed","template":"","meta":{"_acf_changed":false,"footnotes":""},"product_brand":[],"product_cat":[253],"product_tag":[],"class_list":{"0":"post-663","1":"product","2":"type-product","3":"status-publish","4":"has-post-thumbnail","6":"product_cat-convention-table","7":"product_shipping_class-ltl_freight","8":"tm-has-options","10":"first","11":"outofstock","12":"taxable","13":"shipping-taxable","14":"purchasable","15":"product-type-simple"},"acf":[],"gallery_images":[3597,7112,3603,3600,3601,3598,3599,3602],"yoast_head":"<!-- This site is optimized with the Yoast SEO plugin v26.7 - https:\/\/yoast.com\/wordpress\/plugins\/seo\/ -->\n<title>Portable Bar Table &amp; Promotional Table - Customized Designs<\/title>\n<meta name=\"description\" content=\"The promo table is the perfect solution for showing off product or brand at trade shows, conventions or any other promotional event. Manufactured with durable yet lightweight aluminum, the promo table is extremely portable and can be set up in seconds.\" \/>\n<meta name=\"robots\" content=\"index, follow, max-snippet:-1, max-image-preview:large, max-video-preview:-1\" \/>\n<link rel=\"canonical\" href=\"https:\/\/www.portablebar.com\/fr_fr\/table-dexposition-portable\/\" \/>\n<meta property=\"og:locale\" content=\"fr_FR\" \/>\n<meta property=\"og:type\" content=\"article\" \/>\n<meta property=\"og:title\" content=\"Portable Bar Table &amp; Promotional Table - Customized Designs\" \/>\n<meta property=\"og:description\" content=\"The promo table is the perfect solution for showing off product or brand at trade shows, conventions or any other promotional event. Manufactured with durable yet lightweight aluminum, the promo table is extremely portable and can be set up in seconds.\" \/>\n<meta property=\"og:url\" content=\"https:\/\/www.portablebar.com\/fr_fr\/table-dexposition-portable\/\" \/>\n<meta property=\"og:site_name\" content=\"Portable Bars by Customized Designs\" \/>\n<meta property=\"article:modified_time\" content=\"2026-01-24T22:17:57+00:00\" \/>\n<meta property=\"og:image\" content=\"https:\/\/www.portablebar.com\/wp-content\/uploads\/2018\/02\/monster-tradeshow-table-sm.jpg\" \/>\n\t<meta property=\"og:image:width\" content=\"1000\" \/>\n\t<meta property=\"og:image:height\" content=\"909\" \/>\n\t<meta property=\"og:image:type\" content=\"image\/jpeg\" \/>\n<meta name=\"twitter:card\" content=\"summary_large_image\" \/>\n<meta name=\"twitter:label1\" content=\"Dur\u00e9e de lecture estim\u00e9e\" \/>\n\t<meta name=\"twitter:data1\" content=\"3 minutes\" \/>\n<script type=\"application\/ld+json\" class=\"yoast-schema-graph\">{\"@context\":\"https:\/\/schema.org\",\"@graph\":[{\"@type\":\"WebPage\",\"@id\":\"https:\/\/www.portablebar.com\/fr_fr\/table-dexposition-portable\/\",\"url\":\"https:\/\/www.portablebar.com\/fr_fr\/table-dexposition-portable\/\",\"name\":\"Portable Bar Table & Promotional Table - Customized Designs\",\"isPartOf\":{\"@id\":\"https:\/\/www.portablebar.com\/fr_fr\/#website\"},\"primaryImageOfPage\":{\"@id\":\"https:\/\/www.portablebar.com\/fr_fr\/table-dexposition-portable\/#primaryimage\"},\"image\":{\"@id\":\"https:\/\/www.portablebar.com\/fr_fr\/table-dexposition-portable\/#primaryimage\"},\"thumbnailUrl\":\"https:\/\/www.portablebar.com\/wp-content\/uploads\/2018\/02\/monster-tradeshow-table-sm.jpg\",\"datePublished\":\"2018-02-04T14:09:49+00:00\",\"dateModified\":\"2026-01-24T22:17:57+00:00\",\"description\":\"The promo table is the perfect solution for showing off product or brand at trade shows, conventions or any other promotional event. Manufactured with durable yet lightweight aluminum, the promo table is extremely portable and can be set up in seconds.\",\"breadcrumb\":{\"@id\":\"https:\/\/www.portablebar.com\/fr_fr\/table-dexposition-portable\/#breadcrumb\"},\"inLanguage\":\"fr-FR\",\"potentialAction\":[{\"@type\":\"ReadAction\",\"target\":[\"https:\/\/www.portablebar.com\/fr_fr\/table-dexposition-portable\/\"]}]},{\"@type\":\"ImageObject\",\"inLanguage\":\"fr-FR\",\"@id\":\"https:\/\/www.portablebar.com\/fr_fr\/table-dexposition-portable\/#primaryimage\",\"url\":\"https:\/\/www.portablebar.com\/wp-content\/uploads\/2018\/02\/monster-tradeshow-table-sm.jpg\",\"contentUrl\":\"https:\/\/www.portablebar.com\/wp-content\/uploads\/2018\/02\/monster-tradeshow-table-sm.jpg\",\"width\":1000,\"height\":909,\"caption\":\"LED Lighted Promo Table - Trade Show Table\"},{\"@type\":\"BreadcrumbList\",\"@id\":\"https:\/\/www.portablebar.com\/fr_fr\/table-dexposition-portable\/#breadcrumb\",\"itemListElement\":[{\"@type\":\"ListItem\",\"position\":1,\"name\":\"Home\",\"item\":\"https:\/\/www.portablebar.com\/\"},{\"@type\":\"ListItem\",\"position\":2,\"name\":\"Products\",\"item\":\"https:\/\/www.portablebar.com\/shop\/\"},{\"@type\":\"ListItem\",\"position\":3,\"name\":\"Portable Folding Promo Table\"}]},{\"@type\":\"WebSite\",\"@id\":\"https:\/\/www.portablebar.com\/fr_fr\/#website\",\"url\":\"https:\/\/www.portablebar.com\/fr_fr\/\",\"name\":\"Portable Bars by Customized Designs\",\"description\":\"\",\"potentialAction\":[{\"@type\":\"SearchAction\",\"target\":{\"@type\":\"EntryPoint\",\"urlTemplate\":\"https:\/\/www.portablebar.com\/fr_fr\/?s={search_term_string}\"},\"query-input\":{\"@type\":\"PropertyValueSpecification\",\"valueRequired\":true,\"valueName\":\"search_term_string\"}}],\"inLanguage\":\"fr-FR\"}]}<\/script>\n<!-- \/ Yoast SEO plugin. -->","yoast_head_json":{"title":"Table de bar portable et table promotionnelle - Mod\u00e8les personnalis\u00e9s","description":"La table promo est la solution parfaite pour pr\u00e9senter un produit ou une marque lors de salons professionnels, de conventions ou de tout autre \u00e9v\u00e9nement promotionnel. Fabriqu\u00e9e en aluminium durable mais l\u00e9ger, la table promo est extr\u00eamement portable et peut \u00eatre install\u00e9e en quelques secondes.","robots":{"index":"index","follow":"follow","max-snippet":"max-snippet:-1","max-image-preview":"max-image-preview:large","max-video-preview":"max-video-preview:-1"},"canonical":"https:\/\/www.portablebar.com\/fr_fr\/table-dexposition-portable\/","og_locale":"fr_FR","og_type":"article","og_title":"Portable Bar Table & Promotional Table - Customized Designs","og_description":"The promo table is the perfect solution for showing off product or brand at trade shows, conventions or any other promotional event. Manufactured with durable yet lightweight aluminum, the promo table is extremely portable and can be set up in seconds.","og_url":"https:\/\/www.portablebar.com\/fr_fr\/table-dexposition-portable\/","og_site_name":"Portable Bars by Customized Designs","article_modified_time":"2026-01-24T22:17:57+00:00","og_image":[{"width":1000,"height":909,"url":"https:\/\/www.portablebar.com\/wp-content\/uploads\/2018\/02\/monster-tradeshow-table-sm.jpg","type":"image\/jpeg"}],"twitter_card":"summary_large_image","twitter_misc":{"Dur\u00e9e de lecture estim\u00e9e":"3 minutes"},"schema":{"@context":"https:\/\/schema.org","@graph":[{"@type":"WebPage","@id":"https:\/\/www.portablebar.com\/fr_fr\/table-dexposition-portable\/","url":"https:\/\/www.portablebar.com\/fr_fr\/table-dexposition-portable\/","name":"Table de bar portable et table promotionnelle - Mod\u00e8les personnalis\u00e9s","isPartOf":{"@id":"https:\/\/www.portablebar.com\/fr_fr\/#website"},"primaryImageOfPage":{"@id":"https:\/\/www.portablebar.com\/fr_fr\/table-dexposition-portable\/#primaryimage"},"image":{"@id":"https:\/\/www.portablebar.com\/fr_fr\/table-dexposition-portable\/#primaryimage"},"thumbnailUrl":"https:\/\/www.portablebar.com\/wp-content\/uploads\/2018\/02\/monster-tradeshow-table-sm.jpg","datePublished":"2018-02-04T14:09:49+00:00","dateModified":"2026-01-24T22:17:57+00:00","description":"La table promo est la solution parfaite pour pr\u00e9senter un produit ou une marque lors de salons professionnels, de conventions ou de tout autre \u00e9v\u00e9nement promotionnel. Fabriqu\u00e9e en aluminium durable mais l\u00e9ger, la table promo est extr\u00eamement portable et peut \u00eatre install\u00e9e en quelques secondes.","breadcrumb":{"@id":"https:\/\/www.portablebar.com\/fr_fr\/table-dexposition-portable\/#breadcrumb"},"inLanguage":"fr-FR","potentialAction":[{"@type":"ReadAction","target":["https:\/\/www.portablebar.com\/fr_fr\/table-dexposition-portable\/"]}]},{"@type":"ImageObject","inLanguage":"fr-FR","@id":"https:\/\/www.portablebar.com\/fr_fr\/table-dexposition-portable\/#primaryimage","url":"https:\/\/www.portablebar.com\/wp-content\/uploads\/2018\/02\/monster-tradeshow-table-sm.jpg","contentUrl":"https:\/\/www.portablebar.com\/wp-content\/uploads\/2018\/02\/monster-tradeshow-table-sm.jpg","width":1000,"height":909,"caption":"LED Lighted Promo Table - Trade Show Table"},{"@type":"BreadcrumbList","@id":"https:\/\/www.portablebar.com\/fr_fr\/table-dexposition-portable\/#breadcrumb","itemListElement":[{"@type":"ListItem","position":1,"name":"Home","item":"https:\/\/www.portablebar.com\/"},{"@type":"ListItem","position":2,"name":"Products","item":"https:\/\/www.portablebar.com\/shop\/"},{"@type":"ListItem","position":3,"name":"Portable Folding Promo Table"}]},{"@type":"WebSite","@id":"https:\/\/www.portablebar.com\/fr_fr\/#website","url":"https:\/\/www.portablebar.com\/fr_fr\/","name":"Bars portables par Customized Designs","description":"","potentialAction":[{"@type":"SearchAction","target":{"@type":"EntryPoint","urlTemplate":"https:\/\/www.portablebar.com\/fr_fr\/?s={search_term_string}"},"query-input":{"@type":"PropertyValueSpecification","valueRequired":true,"valueName":"search_term_string"}}],"inLanguage":"fr-FR"}]}},"_links":{"self":[{"href":"https:\/\/www.portablebar.com\/fr_fr\/wp-json\/wp\/v2\/product\/663","targetHints":{"allow":["GET"]}}],"collection":[{"href":"https:\/\/www.portablebar.com\/fr_fr\/wp-json\/wp\/v2\/product"}],"about":[{"href":"https:\/\/www.portablebar.com\/fr_fr\/wp-json\/wp\/v2\/types\/product"}],"replies":[{"embeddable":true,"href":"https:\/\/www.portablebar.com\/fr_fr\/wp-json\/wp\/v2\/comments?post=663"}],"version-history":[{"count":1,"href":"https:\/\/www.portablebar.com\/fr_fr\/wp-json\/wp\/v2\/product\/663\/revisions"}],"predecessor-version":[{"id":29727,"href":"https:\/\/www.portablebar.com\/fr_fr\/wp-json\/wp\/v2\/product\/663\/revisions\/29727"}],"wp:featuredmedia":[{"embeddable":true,"href":"https:\/\/www.portablebar.com\/fr_fr\/wp-json\/wp\/v2\/media\/658"}],"wp:attachment":[{"href":"https:\/\/www.portablebar.com\/fr_fr\/wp-json\/wp\/v2\/media?parent=663"}],"wp:term":[{"taxonomy":"product_brand","embeddable":true,"href":"https:\/\/www.portablebar.com\/fr_fr\/wp-json\/wp\/v2\/product_brand?post=663"},{"taxonomy":"product_cat","embeddable":true,"href":"https:\/\/www.portablebar.com\/fr_fr\/wp-json\/wp\/v2\/product_cat?post=663"},{"taxonomy":"product_tag","embeddable":true,"href":"https:\/\/www.portablebar.com\/fr_fr\/wp-json\/wp\/v2\/product_tag?post=663"}],"curies":[{"name":"wp","href":"https:\/\/api.w.org\/{rel}","templated":true}]}}