{"id":662,"date":"2018-02-04T07:09:23","date_gmt":"2018-02-04T14:09:23","guid":{"rendered":"https:\/\/www.portablebar.com\/woo\/?post_type=product&#038;p=662"},"modified":"2026-04-09T07:34:07","modified_gmt":"2026-04-09T11:34:07","slug":"bar-pliant-portable","status":"publish","type":"product","link":"https:\/\/www.portablebar.com\/fr_fr\/bar-pliant-portable\/","title":{"rendered":"Barre arri\u00e8re pliante et portable 54"},"content":{"rendered":"<h2>Le compagnon ultime du service \u00e0 haut d\u00e9bit<\/h2>\n<p class=\"lead-text\">Les\u00a0<strong>Barre arri\u00e8re 54<\/strong> est con\u00e7u pour un chargement rapide, des plans d'\u00e9tage serr\u00e9s et une v\u00e9ritable mobilit\u00e9. Il constitue un excellent compl\u00e9ment \u00e0 votre bar portable principal, ou peut fonctionner comme une station \"satellite\" autonome pour l'eau, la bi\u00e8re, les garnitures ou la pr\u00e9sentation de produits lors d'\u00e9v\u00e9nements, de mariages, de conventions et de salons professionnels.<\/p>\n<div class=\"product-description-container\">\n<p>Un bar avant vous donne de la pr\u00e9sence, mais un bar arri\u00e8re vous donne de la rapidit\u00e9. L'arri\u00e8re-bar portable 54\u2033 augmente votre efficacit\u00e9 en gardant l'inventaire, la verrerie et les outils organis\u00e9s et cach\u00e9s \u00e0 la vue des clients. Notre syst\u00e8me de pliage en trois permet \u00e0 l'ensemble du cadre de s'effondrer en un seul bloc. <strong>profil mince de 5 pouces<\/strong> en quelques secondes, ce qui permet de le ranger \u00e0 plat contre un mur ou de le glisser dans un SUV standard.<\/p>\n<hr \/>\n<h2>Flux de travail et efficacit\u00e9<\/h2>\n<h3>Dessus modulaire polyvalent<\/h3>\n<p>La surface de travail est divis\u00e9e en trois sections interchangeables, ce qui vous permet de remplacer les panneaux plats par des bacs \u00e0 glace et \u00e0 boissons \u00e0 la vol\u00e9e, en fonction de votre menu.<\/p>\n<ul>\n<li><strong>Surface de qualit\u00e9 professionnelle :<\/strong> Les panneaux plats sont fabriqu\u00e9s \u00e0 partir de planches \u00e0 d\u00e9couper en poly\u00e9thyl\u00e8ne homologu\u00e9 NSF. Ils sont r\u00e9sistants aux taches et aux produits chimiques et ne pr\u00e9sentent aucun danger pour la pr\u00e9paration directe des aliments.<\/li>\n<li><strong>Bacs de grande capacit\u00e9 :<\/strong> \u00c9changer dans une poubelle pour contenir grossi\u00e8rement <strong>25-30 livres de glace<\/strong> ou <strong>36-48 boissons en bouteille<\/strong>Le syst\u00e8me de gestion de l'inventaire, qui permet de garder votre inventaire froid et \u00e0 port\u00e9e de main.<\/li>\n<\/ul>\n<h3>Stockage intelligent<\/h3>\n<p>Deux portes coulissantes \u00e0 l'arri\u00e8re dissimulent votre stock, garantissant une installation propre et professionnelle tout au long de l'\u00e9v\u00e9nement.<\/p>\n<hr \/>\n<h2>Sp\u00e9cifications techniques<\/h2>\n<table style=\"width: 100%; border-collapse: collapse; margin-bottom: 20px;\">\n<tbody>\n<tr style=\"border-bottom: 1px solid #ddd;\">\n<td style=\"padding: 10px; font-weight: bold;\">Dimensions assembl\u00e9es<\/td>\n<td style=\"padding: 10px;\">54\u2033 L x 26\u2033 P x 37\u2033 H<\/td>\n<\/tr>\n<tr style=\"border-bottom: 1px solid #ddd;\">\n<td style=\"padding: 10px; font-weight: bold;\">Dimensions pli\u00e9es<\/td>\n<td style=\"padding: 10px;\">54\u2033 L x 5\u2033 P x 37\u2033 H<\/td>\n<\/tr>\n<tr style=\"border-bottom: 1px solid #ddd;\">\n<td style=\"padding: 10px; font-weight: bold;\">Poids<\/td>\n<td style=\"padding: 10px;\">50 lbs (pli\u00e9)<\/td>\n<\/tr>\n<tr style=\"border-bottom: 1px solid #ddd;\">\n<td style=\"padding: 10px; font-weight: bold;\">Mat\u00e9riau du cadre<\/td>\n<td style=\"padding: 10px;\">Aluminium (annodis\u00e9 ou rev\u00eatu de poudre)<\/td>\n<\/tr>\n<tr>\n<td style=\"padding: 10px; font-weight: bold;\">Eclairage<\/td>\n<td style=\"padding: 10px;\">Syst\u00e8me LED Nexus (t\u00e9l\u00e9commande incluse)<\/td>\n<\/tr>\n<\/tbody>\n<\/table>\n<h2>Options de personnalisation<\/h2>\n<h3>Logos et marques (inclus)<\/h3>\n<p>Une image de marque professionnelle est incluse dans votre achat. Nous fournissons des graphiques personnalis\u00e9s sur la face avant. <strong>gratuitement<\/strong> avec chaque bar mobile. C'est le moyen le plus efficace de promouvoir votre activit\u00e9 de barman mobile, de mettre en avant un sponsor ou de souligner le lancement d'une marque.<a href=\"\/fr_fr\/graphiques-de-marquage-des-bars-portables\/\">Consultez notre guide graphique pour conna\u00eetre les conditions requises.<\/a><\/p>\n<h3>Type de panneau : Fixe ou interchangeable<\/h3>\n<p>Vous pouvez choisir le mode de fixation de vos panneaux en fonction de votre mod\u00e8le d'entreprise :<\/p>\n<ul>\n<li><strong>Panneaux fixes (standard) :<\/strong> C'est la solution id\u00e9ale si vous pr\u00e9voyez de conserver un seul motif permanent. Les panneaux sont fix\u00e9s \u00e0 l'aide d'un adh\u00e9sif tr\u00e8s r\u00e9sistant.<\/li>\n<li><strong>Panneaux interchangeables (mise \u00e0 niveau) :<\/strong> Id\u00e9al si vous avez plusieurs sponsors ou si vous changez souvent de th\u00e8me. Les panneaux se fixent \u00e0 l'aide de 3M Dual Lock (velcro industriel) pour un \u00e9change rapide.<\/li>\n<\/ul>\n<div style=\"background-color: #f9f9f9; padding: 20px; border-left: 5px solid #333; margin-top: 30px;\">\n<h3 style=\"margin-top: 0;\">Ressources et t\u00e9l\u00e9chargements<\/h3>\n<ul style=\"list-style: none; padding-left: 0;\">\n<li style=\"margin-bottom: 10px;\">\ud83d\udcc4 <a href=\"https:\/\/www.portablebar.com\/wp-content\/uploads\/2019\/02\/portable-back-bar-template.pdf\" target=\"_blank\" rel=\"noopener\">T\u00e9l\u00e9charger le mod\u00e8le graphique (PDF)<\/a><\/li>\n<li style=\"margin-bottom: 10px;\">\u26a1 <a href=\"https:\/\/www.portablebar.com\/fr_fr\/p\/chargeur-de-batterie\/\">Dur\u00e9e de vie de la batterie et informations sur l'alimentation<\/a><\/li>\n<li>\ud83d\udca1 <a href=\"\/fr_fr\/eclairage-portable-pour-le-marquage-des-bars\/\">Guide : Comment les graphiques r\u00e9agissent \u00e0 l'\u00e9clairage LED<\/a><\/li>\n<\/ul>\n<\/div>\n<\/div>","protected":false},"excerpt":{"rendered":"<style>\r\n.price-wrapper {\r\n    display: none;\r\n}\r\n<\/style>","protected":false},"featured_media":657,"comment_status":"open","ping_status":"closed","template":"","meta":{"_acf_changed":false,"footnotes":""},"product_brand":[],"product_cat":[252],"product_tag":[],"class_list":{"0":"post-662","1":"product","2":"type-product","3":"status-publish","4":"has-post-thumbnail","6":"product_cat-portable-back-bar","7":"product_shipping_class-ltl_freight","8":"tm-has-options","10":"first","11":"instock","12":"taxable","13":"shipping-taxable","14":"purchasable","15":"product-type-simple"},"acf":[],"gallery_images":[28084,28823,4025,11891,3594,28675,28676,28673,28099,3494,3573,5775,3565,3590,3591,26001,3593,28100,3595,3589],"yoast_head":"<!-- This site is optimized with the Yoast SEO plugin v26.7 - https:\/\/yoast.com\/wordpress\/plugins\/seo\/ -->\n<title>Folding Portable Back Bar: Compact &amp; Versatile Solution for Events | PortableBar.com<\/title>\n<meta name=\"description\" content=\"Explore our Folding Portable Back Bar at PortableBar.com. Ideal for events, parties, and gatherings, our compact and easy-to-set-up back bar enhances your hosting experience. Perfect for both indoor and outdoor use, it\u2019s a must-have for entertainers.\" \/>\n<meta name=\"robots\" content=\"index, follow, max-snippet:-1, max-image-preview:large, max-video-preview:-1\" \/>\n<link rel=\"canonical\" href=\"https:\/\/www.portablebar.com\/fr_fr\/bar-pliant-portable\/\" \/>\n<meta property=\"og:locale\" content=\"fr_FR\" \/>\n<meta property=\"og:type\" content=\"article\" \/>\n<meta property=\"og:title\" content=\"Folding Portable Back Bar: Compact &amp; Versatile Solution for Events | PortableBar.com\" \/>\n<meta property=\"og:description\" content=\"Explore our Folding Portable Back Bar at PortableBar.com. Ideal for events, parties, and gatherings, our compact and easy-to-set-up back bar enhances your hosting experience. Perfect for both indoor and outdoor use, it\u2019s a must-have for entertainers.\" \/>\n<meta property=\"og:url\" content=\"https:\/\/www.portablebar.com\/fr_fr\/bar-pliant-portable\/\" \/>\n<meta property=\"og:site_name\" content=\"Portable Bars by Customized Designs\" \/>\n<meta property=\"article:modified_time\" content=\"2026-04-09T11:34:07+00:00\" \/>\n<meta property=\"og:image\" content=\"https:\/\/www.portablebar.com\/wp-content\/uploads\/2018\/02\/portable-back-bar_2.jpg\" \/>\n\t<meta property=\"og:image:width\" content=\"1000\" \/>\n\t<meta property=\"og:image:height\" content=\"604\" \/>\n\t<meta property=\"og:image:type\" content=\"image\/jpeg\" \/>\n<meta name=\"twitter:card\" content=\"summary_large_image\" \/>\n<meta name=\"twitter:label1\" content=\"Dur\u00e9e de lecture estim\u00e9e\" \/>\n\t<meta name=\"twitter:data1\" content=\"2 minutes\" \/>\n<script type=\"application\/ld+json\" class=\"yoast-schema-graph\">{\"@context\":\"https:\/\/schema.org\",\"@graph\":[{\"@type\":\"WebPage\",\"@id\":\"https:\/\/www.portablebar.com\/fr_fr\/bar-pliant-portable\/\",\"url\":\"https:\/\/www.portablebar.com\/fr_fr\/bar-pliant-portable\/\",\"name\":\"Folding Portable Back Bar: Compact & Versatile Solution for Events | PortableBar.com\",\"isPartOf\":{\"@id\":\"https:\/\/www.portablebar.com\/fr_fr\/#website\"},\"primaryImageOfPage\":{\"@id\":\"https:\/\/www.portablebar.com\/fr_fr\/bar-pliant-portable\/#primaryimage\"},\"image\":{\"@id\":\"https:\/\/www.portablebar.com\/fr_fr\/bar-pliant-portable\/#primaryimage\"},\"thumbnailUrl\":\"https:\/\/www.portablebar.com\/wp-content\/uploads\/2018\/02\/portable-back-bar_2.jpg\",\"datePublished\":\"2018-02-04T14:09:23+00:00\",\"dateModified\":\"2026-04-09T11:34:07+00:00\",\"description\":\"Explore our Folding Portable Back Bar at PortableBar.com. Ideal for events, parties, and gatherings, our compact and easy-to-set-up back bar enhances your hosting experience. Perfect for both indoor and outdoor use, it\u2019s a must-have for entertainers.\",\"breadcrumb\":{\"@id\":\"https:\/\/www.portablebar.com\/fr_fr\/bar-pliant-portable\/#breadcrumb\"},\"inLanguage\":\"fr-FR\",\"potentialAction\":[{\"@type\":\"ReadAction\",\"target\":[\"https:\/\/www.portablebar.com\/fr_fr\/bar-pliant-portable\/\"]}]},{\"@type\":\"ImageObject\",\"inLanguage\":\"fr-FR\",\"@id\":\"https:\/\/www.portablebar.com\/fr_fr\/bar-pliant-portable\/#primaryimage\",\"url\":\"https:\/\/www.portablebar.com\/wp-content\/uploads\/2018\/02\/portable-back-bar_2.jpg\",\"contentUrl\":\"https:\/\/www.portablebar.com\/wp-content\/uploads\/2018\/02\/portable-back-bar_2.jpg\",\"width\":1000,\"height\":604,\"caption\":\"Portable LED Lighted Back Bar\"},{\"@type\":\"BreadcrumbList\",\"@id\":\"https:\/\/www.portablebar.com\/fr_fr\/bar-pliant-portable\/#breadcrumb\",\"itemListElement\":[{\"@type\":\"ListItem\",\"position\":1,\"name\":\"Home\",\"item\":\"https:\/\/www.portablebar.com\/\"},{\"@type\":\"ListItem\",\"position\":2,\"name\":\"Products\",\"item\":\"https:\/\/www.portablebar.com\/shop\/\"},{\"@type\":\"ListItem\",\"position\":3,\"name\":\"Folding Portable Back Bar 54\"}]},{\"@type\":\"WebSite\",\"@id\":\"https:\/\/www.portablebar.com\/fr_fr\/#website\",\"url\":\"https:\/\/www.portablebar.com\/fr_fr\/\",\"name\":\"Portable Bars by Customized Designs\",\"description\":\"\",\"potentialAction\":[{\"@type\":\"SearchAction\",\"target\":{\"@type\":\"EntryPoint\",\"urlTemplate\":\"https:\/\/www.portablebar.com\/fr_fr\/?s={search_term_string}\"},\"query-input\":{\"@type\":\"PropertyValueSpecification\",\"valueRequired\":true,\"valueName\":\"search_term_string\"}}],\"inLanguage\":\"fr-FR\"}]}<\/script>\n<!-- \/ Yoast SEO plugin. -->","yoast_head_json":{"title":"Bar arri\u00e8re portable pliable : Solution compacte et polyvalente pour les \u00e9v\u00e9nements | PortableBar.com","description":"D\u00e9couvrez notre bar arri\u00e8re pliant portable chez PortableBar.com. Id\u00e9al pour les \u00e9v\u00e9nements, les f\u00eates et les rassemblements, notre bar arri\u00e8re compact et facile \u00e0 installer am\u00e9liore votre exp\u00e9rience d'accueil. Parfait pour l'int\u00e9rieur et l'ext\u00e9rieur, c'est un must pour les organisateurs.","robots":{"index":"index","follow":"follow","max-snippet":"max-snippet:-1","max-image-preview":"max-image-preview:large","max-video-preview":"max-video-preview:-1"},"canonical":"https:\/\/www.portablebar.com\/fr_fr\/bar-pliant-portable\/","og_locale":"fr_FR","og_type":"article","og_title":"Folding Portable Back Bar: Compact & Versatile Solution for Events | PortableBar.com","og_description":"Explore our Folding Portable Back Bar at PortableBar.com. Ideal for events, parties, and gatherings, our compact and easy-to-set-up back bar enhances your hosting experience. Perfect for both indoor and outdoor use, it\u2019s a must-have for entertainers.","og_url":"https:\/\/www.portablebar.com\/fr_fr\/bar-pliant-portable\/","og_site_name":"Portable Bars by Customized Designs","article_modified_time":"2026-04-09T11:34:07+00:00","og_image":[{"width":1000,"height":604,"url":"https:\/\/www.portablebar.com\/wp-content\/uploads\/2018\/02\/portable-back-bar_2.jpg","type":"image\/jpeg"}],"twitter_card":"summary_large_image","twitter_misc":{"Dur\u00e9e de lecture estim\u00e9e":"2 minutes"},"schema":{"@context":"https:\/\/schema.org","@graph":[{"@type":"WebPage","@id":"https:\/\/www.portablebar.com\/fr_fr\/bar-pliant-portable\/","url":"https:\/\/www.portablebar.com\/fr_fr\/bar-pliant-portable\/","name":"Bar arri\u00e8re portable pliable : Solution compacte et polyvalente pour les \u00e9v\u00e9nements | PortableBar.com","isPartOf":{"@id":"https:\/\/www.portablebar.com\/fr_fr\/#website"},"primaryImageOfPage":{"@id":"https:\/\/www.portablebar.com\/fr_fr\/bar-pliant-portable\/#primaryimage"},"image":{"@id":"https:\/\/www.portablebar.com\/fr_fr\/bar-pliant-portable\/#primaryimage"},"thumbnailUrl":"https:\/\/www.portablebar.com\/wp-content\/uploads\/2018\/02\/portable-back-bar_2.jpg","datePublished":"2018-02-04T14:09:23+00:00","dateModified":"2026-04-09T11:34:07+00:00","description":"D\u00e9couvrez notre bar arri\u00e8re pliant portable chez PortableBar.com. Id\u00e9al pour les \u00e9v\u00e9nements, les f\u00eates et les rassemblements, notre bar arri\u00e8re compact et facile \u00e0 installer am\u00e9liore votre exp\u00e9rience d'accueil. Parfait pour l'int\u00e9rieur et l'ext\u00e9rieur, c'est un must pour les organisateurs.","breadcrumb":{"@id":"https:\/\/www.portablebar.com\/fr_fr\/bar-pliant-portable\/#breadcrumb"},"inLanguage":"fr-FR","potentialAction":[{"@type":"ReadAction","target":["https:\/\/www.portablebar.com\/fr_fr\/bar-pliant-portable\/"]}]},{"@type":"ImageObject","inLanguage":"fr-FR","@id":"https:\/\/www.portablebar.com\/fr_fr\/bar-pliant-portable\/#primaryimage","url":"https:\/\/www.portablebar.com\/wp-content\/uploads\/2018\/02\/portable-back-bar_2.jpg","contentUrl":"https:\/\/www.portablebar.com\/wp-content\/uploads\/2018\/02\/portable-back-bar_2.jpg","width":1000,"height":604,"caption":"Portable LED Lighted Back Bar"},{"@type":"BreadcrumbList","@id":"https:\/\/www.portablebar.com\/fr_fr\/bar-pliant-portable\/#breadcrumb","itemListElement":[{"@type":"ListItem","position":1,"name":"Home","item":"https:\/\/www.portablebar.com\/"},{"@type":"ListItem","position":2,"name":"Products","item":"https:\/\/www.portablebar.com\/shop\/"},{"@type":"ListItem","position":3,"name":"Folding Portable Back Bar 54"}]},{"@type":"WebSite","@id":"https:\/\/www.portablebar.com\/fr_fr\/#website","url":"https:\/\/www.portablebar.com\/fr_fr\/","name":"Bars portables par Customized Designs","description":"","potentialAction":[{"@type":"SearchAction","target":{"@type":"EntryPoint","urlTemplate":"https:\/\/www.portablebar.com\/fr_fr\/?s={search_term_string}"},"query-input":{"@type":"PropertyValueSpecification","valueRequired":true,"valueName":"search_term_string"}}],"inLanguage":"fr-FR"}]}},"_links":{"self":[{"href":"https:\/\/www.portablebar.com\/fr_fr\/wp-json\/wp\/v2\/product\/662","targetHints":{"allow":["GET"]}}],"collection":[{"href":"https:\/\/www.portablebar.com\/fr_fr\/wp-json\/wp\/v2\/product"}],"about":[{"href":"https:\/\/www.portablebar.com\/fr_fr\/wp-json\/wp\/v2\/types\/product"}],"replies":[{"embeddable":true,"href":"https:\/\/www.portablebar.com\/fr_fr\/wp-json\/wp\/v2\/comments?post=662"}],"version-history":[{"count":2,"href":"https:\/\/www.portablebar.com\/fr_fr\/wp-json\/wp\/v2\/product\/662\/revisions"}],"predecessor-version":[{"id":30384,"href":"https:\/\/www.portablebar.com\/fr_fr\/wp-json\/wp\/v2\/product\/662\/revisions\/30384"}],"wp:featuredmedia":[{"embeddable":true,"href":"https:\/\/www.portablebar.com\/fr_fr\/wp-json\/wp\/v2\/media\/657"}],"wp:attachment":[{"href":"https:\/\/www.portablebar.com\/fr_fr\/wp-json\/wp\/v2\/media?parent=662"}],"wp:term":[{"taxonomy":"product_brand","embeddable":true,"href":"https:\/\/www.portablebar.com\/fr_fr\/wp-json\/wp\/v2\/product_brand?post=662"},{"taxonomy":"product_cat","embeddable":true,"href":"https:\/\/www.portablebar.com\/fr_fr\/wp-json\/wp\/v2\/product_cat?post=662"},{"taxonomy":"product_tag","embeddable":true,"href":"https:\/\/www.portablebar.com\/fr_fr\/wp-json\/wp\/v2\/product_tag?post=662"}],"curies":[{"name":"wp","href":"https:\/\/api.w.org\/{rel}","templated":true}]}}