{"id":661,"date":"2018-02-04T07:09:03","date_gmt":"2018-02-04T14:09:03","guid":{"rendered":"https:\/\/www.portablebar.com\/woo\/?post_type=product&#038;p=661"},"modified":"2026-04-07T02:33:07","modified_gmt":"2026-04-07T06:33:07","slug":"77-bar-mobile","status":"publish","type":"product","link":"https:\/\/www.portablebar.com\/fr_fr\/bar-portable-77\/","title":{"rendered":"Bar mobile Summit 77"},"content":{"rendered":"<p data-path-to-node=\"4\">Les <b data-path-to-node=\"4\" data-index-in-node=\"4\">Sommet 77<\/b> est notre plus grand bar pliant portable, con\u00e7u pour un service \u00e0 haut volume et une pr\u00e9sence maximale lors des \u00e9v\u00e9nements. Avec un cadre d'un peu plus d'1,80 m et des options de bar allant jusqu'\u00e0 1,80 m, il offre une empreinte massive pour les t\u00e2ches que les stations plus petites ne peuvent tout simplement pas g\u00e9rer.<\/p>\n<p data-path-to-node=\"5\">Malgr\u00e9 son envergure, le 77 est remarquablement maniable, ne pesant que 120 livres et se repliant \u00e0 une profondeur de 8 pouces. Il peut accueillir trois barmen et offre un espace de travail d\u00e9di\u00e9 de 13 m\u00e8tres carr\u00e9s. En outre, cinq panneaux de pr\u00e9paration modulaires vous permettent de personnaliser le flux de travail en fonction de vos besoins sp\u00e9cifiques, qu'il s'agisse d'une station de cocktails \u00e0 grande vitesse ou d'un bar satellite \u00e0 service complet.<\/p>\n<div class=\"row\"  id=\"row-1602937856\">\n\n\t<div id=\"col-1508794768\" class=\"col medium-6 small-12 large-6\"  >\n\t\t\t\t<div class=\"col-inner\"  >\n\t\t\t\n\t\t\t\n\t<div class=\"img has-hover x md-x lg-x y md-y lg-y\" id=\"image_205918429\">\n\t\t<a class=\"image-lightbox lightbox-gallery\" title=\"\" href=\"https:\/\/www.portablebar.com\/wp-content\/uploads\/2026\/01\/77-mobile-bar-features.webp\">\t\t\t\t\t\t<div class=\"img-inner dark\" >\n\t\t\t<img loading=\"lazy\" decoding=\"async\" width=\"1020\" height=\"748\" src=\"https:\/\/www.portablebar.com\/wp-content\/uploads\/2026\/01\/77-mobile-bar-features-1091x800.webp\" class=\"attachment-large size-large\" alt=\"Summit 77 Portable Bar Features Diagram\" srcset=\"https:\/\/www.portablebar.com\/wp-content\/uploads\/2026\/01\/77-mobile-bar-features-1091x800.webp 1091w, https:\/\/www.portablebar.com\/wp-content\/uploads\/2026\/01\/77-mobile-bar-features-546x400.webp 546w, https:\/\/www.portablebar.com\/wp-content\/uploads\/2026\/01\/77-mobile-bar-features-400x293.webp 400w, https:\/\/www.portablebar.com\/wp-content\/uploads\/2026\/01\/77-mobile-bar-features-768x563.webp 768w, https:\/\/www.portablebar.com\/wp-content\/uploads\/2026\/01\/77-mobile-bar-features-1536x1126.webp 1536w, https:\/\/www.portablebar.com\/wp-content\/uploads\/2026\/01\/77-mobile-bar-features-16x12.webp 16w, https:\/\/www.portablebar.com\/wp-content\/uploads\/2026\/01\/77-mobile-bar-features-247x181.webp 247w, https:\/\/www.portablebar.com\/wp-content\/uploads\/2026\/01\/77-mobile-bar-features-850x623.webp 850w, https:\/\/www.portablebar.com\/wp-content\/uploads\/2026\/01\/77-mobile-bar-features.webp 2000w\" sizes=\"auto, (max-width: 1020px) 100vw, 1020px\" title=\"Summit 77 Portable Bar Features Diagram\" \/>\t\t\t\t\t\t\n\t\t\t\t\t<\/div>\n\t\t\t\t\t\t<\/a>\t\t\n<style>\n#image_205918429 {\n  width: 100%;\n}\n<\/style>\n\t<\/div>\n\t\n\t\t<\/div>\n\t\t\t\t\n<style>\n#col-1508794768 > .col-inner {\n  padding: 0px 0px 0px 0px;\n  margin: 0px 0px 0px 0px;\n}\n<\/style>\n\t<\/div>\n\n\t\n\n\t<div id=\"col-366619725\" class=\"col medium-6 small-12 large-6\"  >\n\t\t\t\t<div class=\"col-inner\"  >\n\t\t\t\n\t\t\t\n<div class=\"row\"  id=\"row-928928915\">\n\n\t<div id=\"col-998308794\" class=\"col medium-6 small-12 large-6\"  >\n\t\t\t\t<div class=\"col-inner\"  >\n\t\t\t\n\t\t\t\n<h2 style=\"text-align: left;\">Caract\u00e9ristiques<\/h2>\n<hr \/>\n<ul>\n<li style=\"text-align: left;\">60 Deuxi\u00e8me Assembl\u00e9e<\/li>\n<li style=\"text-align: left;\">Construction l\u00e9g\u00e8re en aluminium<\/li>\n<li style=\"text-align: left;\">Plateaux de bar interchangeables<\/li>\n<li style=\"text-align: left;\">Se plie en 8\u2033.<\/li>\n<li style=\"text-align: left;\">Planches \u00e0 d\u00e9couper interchangeables pour la zone de pr\u00e9paration<\/li>\n<li style=\"text-align: left;\">Nexus LED Lighting<\/li>\n<\/ul>\n\t\t<\/div>\n\t\t\t\t\n<style>\n#col-998308794 > .col-inner {\n  padding: 0 0px 0px 0px;\n}\n<\/style>\n\t<\/div>\n\n\t\n\n\t<div id=\"col-519189648\" class=\"col medium-6 small-12 large-6\"  >\n\t\t\t\t<div class=\"col-inner\"  >\n\t\t\t\n\t\t\t\n<h2 style=\"text-align: left;\">Options<\/h2>\n<hr \/>\n<ul>\n<li>32\u2033 Speed Rail<\/li>\n<li>Bac \u00e0 glace<\/li>\n<li>Couverture protectrice<\/li>\n<li><a href=\"\/fr_fr\/p\/chargeur-de-batterie\/\">Alimentation par batterie <\/a><\/li>\n<li>Image de marque et graphisme<\/li>\n<\/ul>\n\t\t<\/div>\n\t\t\t\t\n<style>\n#col-519189648 > .col-inner {\n  padding: 0 0px 0px 0px;\n}\n<\/style>\n\t<\/div>\n\n\t\n\n\t<div id=\"col-1991689285\" class=\"col medium-6 small-12 large-6\"  >\n\t\t\t\t<div class=\"col-inner\"  >\n\t\t\t\n\t\t\t\n<h2 style=\"text-align: left;\">77 Dimensions du bar<\/h2>\n<hr \/>\n<ul>\n<li style=\"text-align: left;\">Assembl\u00e9 - 77\u2033 L x 26\u2033 P x 42\u2033 H<\/li>\n<li style=\"text-align: left;\">Pli\u00e9 - 77\u2033 L x 8\u2033 P x 42\u2033<\/li>\n<li style=\"text-align: left;\">Poids - 120 lbs<\/li>\n<\/ul>\n<h3 style=\"text-align: left;\">Dimensions du plateau de bar<\/h3>\n<ul>\n<li style=\"text-align: left;\">Carr\u00e9 - 77\u2033 x 15.5\u2033<\/li>\n<li style=\"text-align: left;\">Courbe - 96\u2033 x 23\u2033<\/li>\n<li style=\"text-align: left;\">Enveloppe - 93\u2033 x 20\u2033<\/li>\n<li>Hybride - 95\u2033 x 24\u2033<\/li>\n<li>Les hauts de bar noirs sont deux fois plus lourds que les hauts de bar blancs<\/li>\n<\/ul>\n\t\t<\/div>\n\t\t\t\t\n<style>\n#col-1991689285 > .col-inner {\n  padding: 0 0px 0px 0px;\n}\n<\/style>\n\t<\/div>\n\n\t\n\n\t<div id=\"col-1892387180\" class=\"col medium-6 small-12 large-6\"  >\n\t\t\t\t<div class=\"col-inner\"  >\n\t\t\t\n\t\t\t\n<h2 style=\"text-align: left;\">Plus d'informations<\/h2>\n<hr \/>\n<ul style=\"text-align: left;\">\n<li><a href=\"\/fr_fr\/bar-portable-faq\/\">Questions fr\u00e9quemment pos\u00e9es<\/a><\/li>\n<li><a href=\"https:\/\/www.portablebar.com\/fr_fr\/p\/chargeur-de-batterie\/\">Informations sur l'autonomie de la batterie<\/a><\/li>\n<li><a href=\"\/fr_fr\/eclairage-portable-pour-le-marquage-des-bars\/\">Comment les graphiques r\u00e9agissent \u00e0 l'\u00e9clairage LED<\/a><\/li>\n<li>Configurations \u00e0 barres multiples<br \/>\n<a href=\"https:\/\/www.portablebar.com\/wp-content\/uploads\/2020\/12\/77-portable-bar-configs-scaled.jpg\">JPG<\/a> | <a href=\"https:\/\/www.portablebar.com\/wp-content\/uploads\/2020\/12\/77-portable-bar-configs.pdf\">PDF (EN ANGLAIS)<\/a><\/li>\n<li>77\u2033 Mod\u00e8le de graphique de bar portable<br \/>\n<a href=\"https:\/\/www.portablebar.com\/wp-content\/uploads\/2019\/02\/77-portable-bar-template.pdf\">PDF (EN ANGLAIS)<\/a> | <a href=\"https:\/\/www.portablebar.com\/wp-content\/uploads\/2019\/02\/77-portable-bar-template.jpg\" target=\"_blank\" rel=\"noopener noreferrer\">JPG<\/a><\/li>\n<\/ul>\n\t\t<\/div>\n\t\t\t\t\n<style>\n#col-1892387180 > .col-inner {\n  padding: 0 0px 0px 0px;\n}\n<\/style>\n\t<\/div>\n\n\t\n<\/div>\n\t\t<\/div>\n\t\t\t\t\t<\/div>\n\n\t\n<\/div>\n<div class=\"row\"  id=\"row-682652034\">\n\n\t<div id=\"col-307422228\" class=\"col small-12 large-12\"  >\n\t\t\t\t<div class=\"col-inner\"  >\n\t\t\t\n\t\t\t\n<p><a href=\"https:\/\/www.portablebar.com\/wp-content\/uploads\/2018\/02\/summit-77-portable-bar-dimensions.jpg\"><img loading=\"lazy\" decoding=\"async\" class=\"alignright\" src=\"https:\/\/www.portablebar.com\/wp-content\/uploads\/2018\/02\/summit-77-portable-bar-dimensions-528x400.jpg\" alt=\"Dimensions du bar portable Summit 77\" width=\"486\" height=\"368\" \/><\/a><\/p>\n<h2>Installation en quelques secondes (sans outils)<\/h2>\n<hr \/>\n<p>Le Summit 77 s'ouvre rapidement gr\u00e2ce \u00e0 sa conception de pliage autonome. La majeure partie de la barre se replie dans le cadre pour le transport, le plateau de la barre \u00e9tant le principal \u00e9l\u00e9ment s\u00e9par\u00e9. Pas de boulons, pas de goupilles, pas d'\u00e9tapes compliqu\u00e9es.<br \/>\nMalgr\u00e9 sa taille imposante, le syst\u00e8me de pliage intuitif garantit une grande facilit\u00e9 d'utilisation. <strong>personne seule<\/strong> peut prendre en charge l'ensemble de l'installation et du d\u00e9montage sans l'aide de personnes suppl\u00e9mentaires.<\/p>\n<h2 style=\"text-align: left;\">Construction l\u00e9g\u00e8re<\/h2>\n<hr \/>\n<p style=\"text-align: left;\"><span class=\"citation-1 citation-end-1\">Fabriqu\u00e9 en aluminium l\u00e9ger et durable, le Summit 77 ne p\u00e8se que 120 livres, ce qui le rend tr\u00e8s maniable pour les \u00e9quipes \u00e9v\u00e9nementielles qui d\u00e9placent constamment leur \u00e9quipement.<\/span> C'est un choix strat\u00e9gique pour les grandes salles, les \u00e9quipes de restauration et les salons professionnels o\u00f9 vous avez besoin d'une capacit\u00e9 maximale sans le co\u00fbt d'un am\u00e9nagement permanent. Gr\u00e2ce \u00e0 sa rapidit\u00e9 d'installation et de d\u00e9montage, il constitue \u00e9galement la solution id\u00e9ale pour l'organisation d'\u00e9v\u00e9nements. <b data-path-to-node=\"3\" data-index-in-node=\"379\">bar satellite \u00e0 forte fr\u00e9quentation<\/b> pour les restaurants et les h\u00f4tels qui souhaitent ajouter une station de boissons professionnelle \u00e0 une terrasse, un hall d'entr\u00e9e ou un espace \u00e9v\u00e9nementiel saisonnier \u00e0 la vol\u00e9e.<\/p>\n<h2 style=\"text-align: left;\">Logos, graphiques et marques<\/h2>\n<hr \/>\n<p style=\"text-align: left;\">Le Summit 77 vous offre une grande surface de marquage pour les sponsors, les \u00e9v\u00e9nements d'entreprise ou votre propre entreprise de barman mobile. Les graphiques du panneau avant sont gratuits sur chaque bar mobile. Si vous pr\u00e9voyez d'organiser diff\u00e9rents \u00e9v\u00e9nements avec diff\u00e9rentes marques, envisagez l'option du panneau amovible ci-dessous.<br \/>\nPour plus de d\u00e9tails sur l'impression et les conditions requises, consultez le site\u00a0<a href=\"https:\/\/www.portablebar.com\/fr_fr\/graphiques-de-marquage-des-bars-portables\/\">Graphisme et image de marque<\/a>\u00a0page.<\/p>\n<h2 style=\"text-align: left;\">Options du plateau de bar<\/h2>\n<hr \/>\n<ul style=\"text-align: left;\">\n<li><strong>Carr\u00e9 :<\/strong>\u00a0l'empreinte la plus nette et la meilleure option lorsque l'espace est limit\u00e9. Les plateaux carr\u00e9s facilitent \u00e9galement le regroupement de plusieurs barres en une seule ligne de service longue et droite.<\/li>\n<li><strong>Courbe :<\/strong>\u00a0ajoute de l'espace au comptoir et est couramment utilis\u00e9 pour les am\u00e9nagements circulaires ou incurv\u00e9s. Les plans carr\u00e9s et courbes ont une profondeur compatible, ce qui leur permet de s'assembler en douceur.<\/li>\n<li><strong>Enveloppe :<\/strong>\u00a0la meilleure option pour un maximum d'espace de travail utilisable et un aspect plus fini et haut de gamme du c\u00f4t\u00e9 des invit\u00e9s.<\/li>\n<li><b data-path-to-node=\"4,3,0\" data-index-in-node=\"0\">Hybride :<\/b> Une mise \u00e0 niveau massive combinant les styles Curve et Wrap. Il est <b data-path-to-node=\"4,3,0\" data-index-in-node=\"69\">25% plus grand<\/b> que l'une ou l'autre option, ce qui en fait le plus grand plateau que nous fabriquons. Le d\u00e9bordement avant g\u00e9n\u00e9reux en fait le meilleur choix pour asseoir confortablement les invit\u00e9s au bar. Associez-le \u00e0 une jupe de roue pour une installation qui ressemble \u00e0 une installation permanente. <i data-path-to-node=\"4,3,0\" data-index-in-node=\"331\">(Disponible en noir uniquement)<\/i>.<\/li>\n<\/ul>\n<h4>Hauts de bar noirs<\/h4>\n<ul>\n<li>Les chapeaux noirs sont plus \u00e9pais (1\u2033) et plus lourds que les chapeaux blancs.<\/li>\n<li>Les hauts noirs ne peuvent pas comporter de logos.<\/li>\n<li>En raison du poids suppl\u00e9mentaire, il n'est pas recommand\u00e9 d'utiliser les sangles de fixation sur les housses de protection \u00e0 dessus noir.<\/li>\n<\/ul>\n<h3>Rangement coulissant<\/h3>\n<ul>\n<li>Chaque bar 77 comprend une \u00e9tag\u00e8re coulissante \u00e0 gauche avec un bac \u00e0 glace.<\/li>\n<li>Pour des id\u00e9es de configuration et une utilisation concr\u00e8te, voir la rubrique\u00a0<a href=\"https:\/\/www.portablebar.com\/fr_fr\/stockage-portable-pour-bar\/\">Rangement sous le bar<\/a>\u00a0page.<\/li>\n<\/ul>\n\t\t<\/div>\n\t\t\t\t\n<style>\n#col-307422228 > .col-inner {\n  padding: 0px 0px 0px 0px;\n}\n<\/style>\n\t<\/div>\n\n\t\n<\/div>\n<h2>77 Barres d'options et d'accessoires<\/h2>\n<p>Chaque bar que nous fabriquons est fait sur mesure, et nous gardons les am\u00e9liorations en option pour vous donner un contr\u00f4le total sur la configuration. Cela vous permet de sp\u00e9cifier un bar adapt\u00e9 \u00e0 votre style de service sp\u00e9cifique sans payer pour des fonctions dont vous n'avez pas besoin. Construisez-le de fa\u00e7on minimale pour les \u00e9v\u00e9nements simples, ou ajoutez les accessoires \u00e0 haut volume qui maximisent votre vitesse et vos revenus.<\/p>\n<h3>Train \u00e0 grande vitesse<\/h3>\n<ul>\n<li>L'option Summit 77 en acier inoxydable comprend un rail de 32\u2033.<\/li>\n<li>Il se replie dans la barre pour le transport et n'a g\u00e9n\u00e9ralement pas besoin d'\u00eatre retir\u00e9 (bien qu'il puisse l'\u00eatre si n\u00e9cessaire).<\/li>\n<li>Rails de vitesse plus larges disponibles sur mesure<\/li>\n<\/ul>\n<h3>Bac \u00e0 glace<\/h3>\n<ul>\n<li>Choisissez cette option si vous souhaitez un bac \u00e0 glace dans la zone de pr\u00e9paration, en plus du bac \u00e0 glace fourni avec l'\u00e9tag\u00e8re coulissante.<\/li>\n<li>L'un des cinq panneaux de pr\u00e9paration comporte une d\u00e9coupe pour le bac. Si vous n'utilisez pas le bac \u00e0 chaque \u00e9v\u00e9nement, ajoutez un panneau de pr\u00e9paration solide pour le remplacer.<\/li>\n<li>Un panneau de remplacement plat peut \u00eatre command\u00e9 ici : <a href=\"https:\/\/www.portablebar.com\/fr_fr\/p\/panneaux-de-comptoir-de-preparation\/\">Panneau de pr\u00e9paration plat<\/a><\/li>\n<li>Les bacs \u00e0 glace Summit 77 sont compatibles avec les barres 48 et 62.<\/li>\n<li><strong>Capacit\u00e9 du bac \u00e0 glace :<\/strong>\u00a05 gallons<\/li>\n<\/ul>\n<h3>Couverture protectrice<\/h3>\n<ul>\n<li>Housse en toile polyester imperm\u00e9able avec deux sangles en nylon pour s\u00e9curiser le bar top pendant le transport.<\/li>\n<li>Artisanat de haute qualit\u00e9, fabriqu\u00e9 en Californie.<\/li>\n<\/ul>\n<h3>Panneaux frontaux et lat\u00e9raux amovibles<\/h3>\n<p><strong>Panneaux fixes (standard)<\/strong><br \/>\nLes panneaux sont fix\u00e9s de mani\u00e8re semi-permanente \u00e0 l'aide d'un ruban adh\u00e9sif puissant. Ils peuvent \u00eatre enlev\u00e9s, mais l'adh\u00e9sif doit \u00eatre r\u00e9appliqu\u00e9 \u00e0 chaque fois.<\/p>\n<p><strong>Panneaux amovibles \/ interchangeables (upgrade)<\/strong><br \/>\nLes panneaux se fixent \u00e0 l'aide de connecteurs 3M Dual Lock et peuvent \u00eatre \u00e9chang\u00e9s rapidement.<br \/>\n<em><strong>Important :<\/strong> Cette mise \u00e0 niveau ne comprend pas de panneaux suppl\u00e9mentaires. Les panneaux suppl\u00e9mentaires sont vendus s\u00e9par\u00e9ment.<\/em><\/p>\n<p><strong>Quand choisir des panneaux interchangeables ?<\/strong><br \/>\nSi vous envisagez de changer de marque pour diff\u00e9rents sponsors, clients ou th\u00e8mes d'\u00e9v\u00e9nements, les panneaux interchangeables sont le bon choix.<\/p>\n<h3>Alimentation par batterie<\/h3>\n<ul>\n<li>Toutes les barres sont \u00e9quip\u00e9es d'un adaptateur, que vous choisissiez ou non l'alimentation par batterie.<\/li>\n<li>Les batteries sont amovibles pour le chargement et peuvent \u00eatre remplac\u00e9es. Vous pouvez \u00e9galement ajouter une batterie ult\u00e9rieurement si n\u00e9cessaire.<\/li>\n<li>Pour des conseils sur l'ex\u00e9cution, voir le document\u00a0<a href=\"https:\/\/www.portablebar.com\/fr_fr\/p\/chargeur-de-batterie\/\">page de la batterie<\/a>.<\/li>\n<\/ul>","protected":false},"excerpt":{"rendered":"<style>\r\n.price-wrapper {\r\n    display: none;\r\n}\r\n<\/style>","protected":false},"featured_media":29116,"comment_status":"open","ping_status":"closed","template":"","meta":{"_acf_changed":false,"footnotes":""},"product_brand":[],"product_cat":[250],"product_tag":[],"class_list":{"0":"post-661","1":"product","2":"type-product","3":"status-publish","4":"has-post-thumbnail","6":"product_cat-77-portable-bar","7":"product_shipping_class-ltl_freight","8":"tm-has-options","10":"first","11":"instock","12":"taxable","13":"shipping-taxable","14":"purchasable","15":"product-type-simple"},"acf":[],"gallery_images":[29535,3586,19928,16552,29118,19241,29353,19613,19947,19605,19612,19614],"yoast_head":"<!-- This site is optimized with the Yoast SEO plugin v26.7 - https:\/\/yoast.com\/wordpress\/plugins\/seo\/ -->\n<title>77&quot; Mobile Bar: Ultimate Choice for Portable, Customizable &amp; Easy-to-Assemble Bars<\/title>\n<meta name=\"description\" content=\"Discover the 77&quot; Mobile Bar at PortableBar.com, the largest portable folding bar available anywhere. Perfect for bars &amp; restaurants, it\u2019s lightweight, easy to assemble, and customizable with interchangeable prep area panels and free front panel graphics. Explore now!\" \/>\n<meta name=\"robots\" content=\"index, follow, max-snippet:-1, max-image-preview:large, max-video-preview:-1\" \/>\n<link rel=\"canonical\" href=\"https:\/\/www.portablebar.com\/fr_fr\/bar-portable-77\/\" \/>\n<meta property=\"og:locale\" content=\"fr_FR\" \/>\n<meta property=\"og:type\" content=\"article\" \/>\n<meta property=\"og:title\" content=\"77&quot; Mobile Bar: Ultimate Choice for Portable, Customizable &amp; Easy-to-Assemble Bars\" \/>\n<meta property=\"og:description\" content=\"Discover the 77&quot; Mobile Bar at PortableBar.com, the largest portable folding bar available anywhere. Perfect for bars &amp; restaurants, it\u2019s lightweight, easy to assemble, and customizable with interchangeable prep area panels and free front panel graphics. Explore now!\" \/>\n<meta property=\"og:url\" content=\"https:\/\/www.portablebar.com\/fr_fr\/bar-portable-77\/\" \/>\n<meta property=\"og:site_name\" content=\"Portable Bars by Customized Designs\" \/>\n<meta property=\"article:modified_time\" content=\"2026-04-07T06:33:07+00:00\" \/>\n<meta property=\"og:image\" content=\"https:\/\/www.portablebar.com\/wp-content\/uploads\/2026\/01\/portable-bar-77.webp\" \/>\n\t<meta property=\"og:image:width\" content=\"2000\" \/>\n\t<meta property=\"og:image:height\" content=\"1023\" \/>\n\t<meta property=\"og:image:type\" content=\"image\/webp\" \/>\n<meta name=\"twitter:card\" content=\"summary_large_image\" \/>\n<meta name=\"twitter:label1\" content=\"Dur\u00e9e de lecture estim\u00e9e\" \/>\n\t<meta name=\"twitter:data1\" content=\"5 minutes\" \/>\n<script type=\"application\/ld+json\" class=\"yoast-schema-graph\">{\"@context\":\"https:\/\/schema.org\",\"@graph\":[{\"@type\":\"WebPage\",\"@id\":\"https:\/\/www.portablebar.com\/fr_fr\/bar-portable-77\/\",\"url\":\"https:\/\/www.portablebar.com\/fr_fr\/bar-portable-77\/\",\"name\":\"77\\\" Mobile Bar: Ultimate Choice for Portable, Customizable & Easy-to-Assemble Bars\",\"isPartOf\":{\"@id\":\"https:\/\/www.portablebar.com\/fr_fr\/#website\"},\"primaryImageOfPage\":{\"@id\":\"https:\/\/www.portablebar.com\/fr_fr\/bar-portable-77\/#primaryimage\"},\"image\":{\"@id\":\"https:\/\/www.portablebar.com\/fr_fr\/bar-portable-77\/#primaryimage\"},\"thumbnailUrl\":\"https:\/\/www.portablebar.com\/wp-content\/uploads\/2026\/01\/portable-bar-77.webp\",\"datePublished\":\"2018-02-04T14:09:03+00:00\",\"dateModified\":\"2026-04-07T06:33:07+00:00\",\"description\":\"Discover the 77\\\" Mobile Bar at PortableBar.com, the largest portable folding bar available anywhere. Perfect for bars & restaurants, it\u2019s lightweight, easy to assemble, and customizable with interchangeable prep area panels and free front panel graphics. Explore now!\",\"breadcrumb\":{\"@id\":\"https:\/\/www.portablebar.com\/fr_fr\/bar-portable-77\/#breadcrumb\"},\"inLanguage\":\"fr-FR\",\"potentialAction\":[{\"@type\":\"ReadAction\",\"target\":[\"https:\/\/www.portablebar.com\/fr_fr\/bar-portable-77\/\"]}]},{\"@type\":\"ImageObject\",\"inLanguage\":\"fr-FR\",\"@id\":\"https:\/\/www.portablebar.com\/fr_fr\/bar-portable-77\/#primaryimage\",\"url\":\"https:\/\/www.portablebar.com\/wp-content\/uploads\/2026\/01\/portable-bar-77.webp\",\"contentUrl\":\"https:\/\/www.portablebar.com\/wp-content\/uploads\/2026\/01\/portable-bar-77.webp\",\"width\":2000,\"height\":1023,\"caption\":\"Bartender workspace view of the LED lighted Signature 77 portable bar fully stocked with a stainless steel speed rail, center ice bin, prep mats, garnish rack, and slide-out storage.\"},{\"@type\":\"BreadcrumbList\",\"@id\":\"https:\/\/www.portablebar.com\/fr_fr\/bar-portable-77\/#breadcrumb\",\"itemListElement\":[{\"@type\":\"ListItem\",\"position\":1,\"name\":\"Home\",\"item\":\"https:\/\/www.portablebar.com\/\"},{\"@type\":\"ListItem\",\"position\":2,\"name\":\"Products\",\"item\":\"https:\/\/www.portablebar.com\/shop\/\"},{\"@type\":\"ListItem\",\"position\":3,\"name\":\"Summit 77 Mobile Bar\"}]},{\"@type\":\"WebSite\",\"@id\":\"https:\/\/www.portablebar.com\/fr_fr\/#website\",\"url\":\"https:\/\/www.portablebar.com\/fr_fr\/\",\"name\":\"Portable Bars by Customized Designs\",\"description\":\"\",\"potentialAction\":[{\"@type\":\"SearchAction\",\"target\":{\"@type\":\"EntryPoint\",\"urlTemplate\":\"https:\/\/www.portablebar.com\/fr_fr\/?s={search_term_string}\"},\"query-input\":{\"@type\":\"PropertyValueSpecification\",\"valueRequired\":true,\"valueName\":\"search_term_string\"}}],\"inLanguage\":\"fr-FR\"}]}<\/script>\n<!-- \/ Yoast SEO plugin. -->","yoast_head_json":{"title":"Bar mobile 77\" : Le choix ultime pour les bars portables, personnalisables et faciles \u00e0 assembler","description":"D\u00e9couvrez le Bar Mobile 77\" chez PortableBar.com, le plus grand bar portable pliable disponible sur le march\u00e9. Parfait pour les bars et les restaurants, il est l\u00e9ger, facile \u00e0 assembler et personnalisable avec des panneaux interchangeables pour la zone de pr\u00e9paration et des graphiques gratuits sur le panneau avant. D\u00e9couvrez-le maintenant !","robots":{"index":"index","follow":"follow","max-snippet":"max-snippet:-1","max-image-preview":"max-image-preview:large","max-video-preview":"max-video-preview:-1"},"canonical":"https:\/\/www.portablebar.com\/fr_fr\/bar-portable-77\/","og_locale":"fr_FR","og_type":"article","og_title":"77\" Mobile Bar: Ultimate Choice for Portable, Customizable & Easy-to-Assemble Bars","og_description":"Discover the 77\" Mobile Bar at PortableBar.com, the largest portable folding bar available anywhere. Perfect for bars & restaurants, it\u2019s lightweight, easy to assemble, and customizable with interchangeable prep area panels and free front panel graphics. Explore now!","og_url":"https:\/\/www.portablebar.com\/fr_fr\/bar-portable-77\/","og_site_name":"Portable Bars by Customized Designs","article_modified_time":"2026-04-07T06:33:07+00:00","og_image":[{"width":2000,"height":1023,"url":"https:\/\/www.portablebar.com\/wp-content\/uploads\/2026\/01\/portable-bar-77.webp","type":"image\/webp"}],"twitter_card":"summary_large_image","twitter_misc":{"Dur\u00e9e de lecture estim\u00e9e":"5 minutes"},"schema":{"@context":"https:\/\/schema.org","@graph":[{"@type":"WebPage","@id":"https:\/\/www.portablebar.com\/fr_fr\/bar-portable-77\/","url":"https:\/\/www.portablebar.com\/fr_fr\/bar-portable-77\/","name":"Bar mobile 77\" : Le choix ultime pour les bars portables, personnalisables et faciles \u00e0 assembler","isPartOf":{"@id":"https:\/\/www.portablebar.com\/fr_fr\/#website"},"primaryImageOfPage":{"@id":"https:\/\/www.portablebar.com\/fr_fr\/bar-portable-77\/#primaryimage"},"image":{"@id":"https:\/\/www.portablebar.com\/fr_fr\/bar-portable-77\/#primaryimage"},"thumbnailUrl":"https:\/\/www.portablebar.com\/wp-content\/uploads\/2026\/01\/portable-bar-77.webp","datePublished":"2018-02-04T14:09:03+00:00","dateModified":"2026-04-07T06:33:07+00:00","description":"D\u00e9couvrez le Bar Mobile 77\" chez PortableBar.com, le plus grand bar portable pliable disponible sur le march\u00e9. Parfait pour les bars et les restaurants, il est l\u00e9ger, facile \u00e0 assembler et personnalisable avec des panneaux interchangeables pour la zone de pr\u00e9paration et des graphiques gratuits sur le panneau avant. D\u00e9couvrez-le maintenant !","breadcrumb":{"@id":"https:\/\/www.portablebar.com\/fr_fr\/bar-portable-77\/#breadcrumb"},"inLanguage":"fr-FR","potentialAction":[{"@type":"ReadAction","target":["https:\/\/www.portablebar.com\/fr_fr\/bar-portable-77\/"]}]},{"@type":"ImageObject","inLanguage":"fr-FR","@id":"https:\/\/www.portablebar.com\/fr_fr\/bar-portable-77\/#primaryimage","url":"https:\/\/www.portablebar.com\/wp-content\/uploads\/2026\/01\/portable-bar-77.webp","contentUrl":"https:\/\/www.portablebar.com\/wp-content\/uploads\/2026\/01\/portable-bar-77.webp","width":2000,"height":1023,"caption":"Bartender workspace view of the LED lighted Signature 77 portable bar fully stocked with a stainless steel speed rail, center ice bin, prep mats, garnish rack, and slide-out storage."},{"@type":"BreadcrumbList","@id":"https:\/\/www.portablebar.com\/fr_fr\/bar-portable-77\/#breadcrumb","itemListElement":[{"@type":"ListItem","position":1,"name":"Home","item":"https:\/\/www.portablebar.com\/"},{"@type":"ListItem","position":2,"name":"Products","item":"https:\/\/www.portablebar.com\/shop\/"},{"@type":"ListItem","position":3,"name":"Summit 77 Mobile Bar"}]},{"@type":"WebSite","@id":"https:\/\/www.portablebar.com\/fr_fr\/#website","url":"https:\/\/www.portablebar.com\/fr_fr\/","name":"Bars portables par Customized Designs","description":"","potentialAction":[{"@type":"SearchAction","target":{"@type":"EntryPoint","urlTemplate":"https:\/\/www.portablebar.com\/fr_fr\/?s={search_term_string}"},"query-input":{"@type":"PropertyValueSpecification","valueRequired":true,"valueName":"search_term_string"}}],"inLanguage":"fr-FR"}]}},"_links":{"self":[{"href":"https:\/\/www.portablebar.com\/fr_fr\/wp-json\/wp\/v2\/product\/661","targetHints":{"allow":["GET"]}}],"collection":[{"href":"https:\/\/www.portablebar.com\/fr_fr\/wp-json\/wp\/v2\/product"}],"about":[{"href":"https:\/\/www.portablebar.com\/fr_fr\/wp-json\/wp\/v2\/types\/product"}],"replies":[{"embeddable":true,"href":"https:\/\/www.portablebar.com\/fr_fr\/wp-json\/wp\/v2\/comments?post=661"}],"version-history":[{"count":5,"href":"https:\/\/www.portablebar.com\/fr_fr\/wp-json\/wp\/v2\/product\/661\/revisions"}],"predecessor-version":[{"id":29770,"href":"https:\/\/www.portablebar.com\/fr_fr\/wp-json\/wp\/v2\/product\/661\/revisions\/29770"}],"wp:featuredmedia":[{"embeddable":true,"href":"https:\/\/www.portablebar.com\/fr_fr\/wp-json\/wp\/v2\/media\/29116"}],"wp:attachment":[{"href":"https:\/\/www.portablebar.com\/fr_fr\/wp-json\/wp\/v2\/media?parent=661"}],"wp:term":[{"taxonomy":"product_brand","embeddable":true,"href":"https:\/\/www.portablebar.com\/fr_fr\/wp-json\/wp\/v2\/product_brand?post=661"},{"taxonomy":"product_cat","embeddable":true,"href":"https:\/\/www.portablebar.com\/fr_fr\/wp-json\/wp\/v2\/product_cat?post=661"},{"taxonomy":"product_tag","embeddable":true,"href":"https:\/\/www.portablebar.com\/fr_fr\/wp-json\/wp\/v2\/product_tag?post=661"}],"curies":[{"name":"wp","href":"https:\/\/api.w.org\/{rel}","templated":true}]}}