{"id":2166,"date":"2018-02-05T14:39:46","date_gmt":"2018-02-05T21:39:46","guid":{"rendered":"https:\/\/www.portablebar.com\/woo\/?post_type=product&#038;p=2166"},"modified":"2024-09-23T08:41:08","modified_gmt":"2024-09-23T12:41:08","slug":"77-courbe-superieure","status":"publish","type":"product","link":"https:\/\/www.portablebar.com\/fr_fr\/p\/77-courbe-superieure\/","title":{"rendered":"Curve Top pour bar portable 77\u2033 (en anglais)"},"content":{"rendered":"<p>Ce plateau de bar s'adapte aux <a href=\"\/fr_fr\/p\/77-bar-mobile\/\">77\u2033 Portable Bar<\/a>. Utilisez cette page pour commander des plateaux de remplacement ou pour ajouter d'autres styles de plateaux \u00e0 votre commande initiale.<\/p>\n<p>Dimensions du plateau incurv\u00e9 : 95.5\u2033 x 15.5\u2033 (23\u2033 Profondeur totale)<\/p>\n<p>Mat\u00e9riau : Acrylique 1\/2\u2033.<\/p>\n<p><strong>Ce plateau de bar est consid\u00e9r\u00e9 comme un colis \"surdimensionn\u00e9\" par UPS et Fedex. Le co\u00fbt typique pour exp\u00e9dier ce plateau seul sera de $150-$200.<\/strong><\/p>","protected":false},"excerpt":{"rendered":"<p>Ce plateau est adapt\u00e9 au bar portable 77\u2033. Utilisez cette page pour commander des plateaux de remplacement ou pour ajouter d'autres styles de plateaux \u00e0 votre commande initiale. Dimensions du plateau incurv\u00e9 : 95.5\u2033 x 15.5\u2033 (23\u2033 Profondeur totale) Mat\u00e9riau : 1\/2\u2033 Acrylique Ce plateau de bar est consid\u00e9r\u00e9 comme un colis 'Oversized' par UPS &amp; Fedex. Co\u00fbt typique d'exp\u00e9dition<\/p>","protected":false},"featured_media":2176,"comment_status":"closed","ping_status":"closed","template":"","meta":{"_acf_changed":false,"footnotes":""},"product_brand":[],"product_cat":[241],"product_tag":[],"class_list":{"0":"post-2166","1":"product","2":"type-product","3":"status-publish","4":"has-post-thumbnail","6":"product_cat-portable-bar-accessories-77","7":"product_shipping_class-liquor-displays","8":"tm-no-options-pxq","10":"first","11":"instock","12":"taxable","13":"shipping-taxable","14":"purchasable","15":"product-type-simple"},"acf":[],"gallery_images":[12941],"yoast_head":"<!-- This site is optimized with the Yoast SEO plugin v26.7 - https:\/\/yoast.com\/wordpress\/plugins\/seo\/ -->\n<title>Curve Top for 77&quot; Portable Bar - Portable Bars by Customized Designs<\/title>\n<meta name=\"description\" content=\"Curve Top for 77&quot; Portable Bar - This bar top fits the 77&quot; Portable Bar. Use this page to order replacement tops or to add alternate bar top styles to your initial bar order. Curve Top Portable Bars by Customized Designs\" \/>\n<meta name=\"robots\" content=\"index, follow, max-snippet:-1, max-image-preview:large, max-video-preview:-1\" \/>\n<link rel=\"canonical\" href=\"https:\/\/www.portablebar.com\/fr_fr\/p\/77-courbe-superieure\/\" \/>\n<meta property=\"og:locale\" content=\"fr_FR\" \/>\n<meta property=\"og:type\" content=\"article\" \/>\n<meta property=\"og:title\" content=\"Curve Top for 77&quot; Portable Bar - Portable Bars by Customized Designs\" \/>\n<meta property=\"og:description\" content=\"Curve Top for 77&quot; Portable Bar - This bar top fits the 77&quot; Portable Bar. Use this page to order replacement tops or to add alternate bar top styles to your initial bar order. Curve Top Portable Bars by Customized Designs\" \/>\n<meta property=\"og:url\" content=\"https:\/\/www.portablebar.com\/fr_fr\/p\/77-courbe-superieure\/\" \/>\n<meta property=\"og:site_name\" content=\"Portable Bars by Customized Designs\" \/>\n<meta property=\"article:modified_time\" content=\"2024-09-23T12:41:08+00:00\" \/>\n<meta property=\"og:image\" content=\"https:\/\/www.portablebar.com\/wp-content\/uploads\/2018\/02\/medical-canabis-77-bar-sm_1.jpg\" \/>\n\t<meta property=\"og:image:width\" content=\"1000\" \/>\n\t<meta property=\"og:image:height\" content=\"788\" \/>\n\t<meta property=\"og:image:type\" content=\"image\/jpeg\" \/>\n<meta name=\"twitter:card\" content=\"summary_large_image\" \/>\n<meta name=\"twitter:label1\" content=\"Dur\u00e9e de lecture estim\u00e9e\" \/>\n\t<meta name=\"twitter:data1\" content=\"1 minute\" \/>\n<script type=\"application\/ld+json\" class=\"yoast-schema-graph\">{\"@context\":\"https:\/\/schema.org\",\"@graph\":[{\"@type\":\"WebPage\",\"@id\":\"https:\/\/www.portablebar.com\/fr_fr\/p\/77-courbe-superieure\/\",\"url\":\"https:\/\/www.portablebar.com\/fr_fr\/p\/77-courbe-superieure\/\",\"name\":\"Curve Top for 77\\\" Portable Bar - Portable Bars by Customized Designs\",\"isPartOf\":{\"@id\":\"https:\/\/www.portablebar.com\/fr_fr\/#website\"},\"primaryImageOfPage\":{\"@id\":\"https:\/\/www.portablebar.com\/fr_fr\/p\/77-courbe-superieure\/#primaryimage\"},\"image\":{\"@id\":\"https:\/\/www.portablebar.com\/fr_fr\/p\/77-courbe-superieure\/#primaryimage\"},\"thumbnailUrl\":\"https:\/\/www.portablebar.com\/wp-content\/uploads\/2018\/02\/medical-canabis-77-bar-sm_1.jpg\",\"datePublished\":\"2018-02-05T21:39:46+00:00\",\"dateModified\":\"2024-09-23T12:41:08+00:00\",\"description\":\"Curve Top for 77\\\" Portable Bar - This bar top fits the 77\\\" Portable Bar. Use this page to order replacement tops or to add alternate bar top styles to your initial bar order. Curve Top Portable Bars by Customized Designs\",\"breadcrumb\":{\"@id\":\"https:\/\/www.portablebar.com\/fr_fr\/p\/77-courbe-superieure\/#breadcrumb\"},\"inLanguage\":\"fr-FR\",\"potentialAction\":[{\"@type\":\"ReadAction\",\"target\":[\"https:\/\/www.portablebar.com\/fr_fr\/p\/77-courbe-superieure\/\"]}]},{\"@type\":\"ImageObject\",\"inLanguage\":\"fr-FR\",\"@id\":\"https:\/\/www.portablebar.com\/fr_fr\/p\/77-courbe-superieure\/#primaryimage\",\"url\":\"https:\/\/www.portablebar.com\/wp-content\/uploads\/2018\/02\/medical-canabis-77-bar-sm_1.jpg\",\"contentUrl\":\"https:\/\/www.portablebar.com\/wp-content\/uploads\/2018\/02\/medical-canabis-77-bar-sm_1.jpg\",\"width\":1000,\"height\":788,\"caption\":\"Medical Cannabis Bar\"},{\"@type\":\"BreadcrumbList\",\"@id\":\"https:\/\/www.portablebar.com\/fr_fr\/p\/77-courbe-superieure\/#breadcrumb\",\"itemListElement\":[{\"@type\":\"ListItem\",\"position\":1,\"name\":\"Home\",\"item\":\"https:\/\/www.portablebar.com\/\"},{\"@type\":\"ListItem\",\"position\":2,\"name\":\"Products\",\"item\":\"https:\/\/www.portablebar.com\/shop\/\"},{\"@type\":\"ListItem\",\"position\":3,\"name\":\"Curve Top for 77&#8243; Portable Bar\"}]},{\"@type\":\"WebSite\",\"@id\":\"https:\/\/www.portablebar.com\/fr_fr\/#website\",\"url\":\"https:\/\/www.portablebar.com\/fr_fr\/\",\"name\":\"Portable Bars by Customized Designs\",\"description\":\"\",\"potentialAction\":[{\"@type\":\"SearchAction\",\"target\":{\"@type\":\"EntryPoint\",\"urlTemplate\":\"https:\/\/www.portablebar.com\/fr_fr\/?s={search_term_string}\"},\"query-input\":{\"@type\":\"PropertyValueSpecification\",\"valueRequired\":true,\"valueName\":\"search_term_string\"}}],\"inLanguage\":\"fr-FR\"}]}<\/script>\n<!-- \/ Yoast SEO plugin. -->","yoast_head_json":{"title":"Dessus incurv\u00e9 pour bar portatif de 77 po - Bars portatifs par Customized Designs","description":"Curve Top for 77\" Portable Bar - Ce dessus de bar s'adapte au bar portable de 77\". Utilisez cette page pour commander des plateaux de remplacement ou pour ajouter d'autres styles de plateaux \u00e0 votre commande initiale. Barres portables \u00e0 dessus incurv\u00e9 par Customized Designs","robots":{"index":"index","follow":"follow","max-snippet":"max-snippet:-1","max-image-preview":"max-image-preview:large","max-video-preview":"max-video-preview:-1"},"canonical":"https:\/\/www.portablebar.com\/fr_fr\/p\/77-courbe-superieure\/","og_locale":"fr_FR","og_type":"article","og_title":"Curve Top for 77\" Portable Bar - Portable Bars by Customized Designs","og_description":"Curve Top for 77\" Portable Bar - This bar top fits the 77\" Portable Bar. Use this page to order replacement tops or to add alternate bar top styles to your initial bar order. Curve Top Portable Bars by Customized Designs","og_url":"https:\/\/www.portablebar.com\/fr_fr\/p\/77-courbe-superieure\/","og_site_name":"Portable Bars by Customized Designs","article_modified_time":"2024-09-23T12:41:08+00:00","og_image":[{"width":1000,"height":788,"url":"https:\/\/www.portablebar.com\/wp-content\/uploads\/2018\/02\/medical-canabis-77-bar-sm_1.jpg","type":"image\/jpeg"}],"twitter_card":"summary_large_image","twitter_misc":{"Dur\u00e9e de lecture estim\u00e9e":"1 minute"},"schema":{"@context":"https:\/\/schema.org","@graph":[{"@type":"WebPage","@id":"https:\/\/www.portablebar.com\/fr_fr\/p\/77-courbe-superieure\/","url":"https:\/\/www.portablebar.com\/fr_fr\/p\/77-courbe-superieure\/","name":"Dessus incurv\u00e9 pour bar portatif de 77 po - Bars portatifs par Customized Designs","isPartOf":{"@id":"https:\/\/www.portablebar.com\/fr_fr\/#website"},"primaryImageOfPage":{"@id":"https:\/\/www.portablebar.com\/fr_fr\/p\/77-courbe-superieure\/#primaryimage"},"image":{"@id":"https:\/\/www.portablebar.com\/fr_fr\/p\/77-courbe-superieure\/#primaryimage"},"thumbnailUrl":"https:\/\/www.portablebar.com\/wp-content\/uploads\/2018\/02\/medical-canabis-77-bar-sm_1.jpg","datePublished":"2018-02-05T21:39:46+00:00","dateModified":"2024-09-23T12:41:08+00:00","description":"Curve Top for 77\" Portable Bar - Ce dessus de bar s'adapte au bar portable de 77\". Utilisez cette page pour commander des plateaux de remplacement ou pour ajouter d'autres styles de plateaux \u00e0 votre commande initiale. Barres portables \u00e0 dessus incurv\u00e9 par Customized Designs","breadcrumb":{"@id":"https:\/\/www.portablebar.com\/fr_fr\/p\/77-courbe-superieure\/#breadcrumb"},"inLanguage":"fr-FR","potentialAction":[{"@type":"ReadAction","target":["https:\/\/www.portablebar.com\/fr_fr\/p\/77-courbe-superieure\/"]}]},{"@type":"ImageObject","inLanguage":"fr-FR","@id":"https:\/\/www.portablebar.com\/fr_fr\/p\/77-courbe-superieure\/#primaryimage","url":"https:\/\/www.portablebar.com\/wp-content\/uploads\/2018\/02\/medical-canabis-77-bar-sm_1.jpg","contentUrl":"https:\/\/www.portablebar.com\/wp-content\/uploads\/2018\/02\/medical-canabis-77-bar-sm_1.jpg","width":1000,"height":788,"caption":"Medical Cannabis Bar"},{"@type":"BreadcrumbList","@id":"https:\/\/www.portablebar.com\/fr_fr\/p\/77-courbe-superieure\/#breadcrumb","itemListElement":[{"@type":"ListItem","position":1,"name":"Home","item":"https:\/\/www.portablebar.com\/"},{"@type":"ListItem","position":2,"name":"Products","item":"https:\/\/www.portablebar.com\/shop\/"},{"@type":"ListItem","position":3,"name":"Curve Top for 77&#8243; Portable Bar"}]},{"@type":"WebSite","@id":"https:\/\/www.portablebar.com\/fr_fr\/#website","url":"https:\/\/www.portablebar.com\/fr_fr\/","name":"Bars portables par Customized Designs","description":"","potentialAction":[{"@type":"SearchAction","target":{"@type":"EntryPoint","urlTemplate":"https:\/\/www.portablebar.com\/fr_fr\/?s={search_term_string}"},"query-input":{"@type":"PropertyValueSpecification","valueRequired":true,"valueName":"search_term_string"}}],"inLanguage":"fr-FR"}]}},"_links":{"self":[{"href":"https:\/\/www.portablebar.com\/fr_fr\/wp-json\/wp\/v2\/product\/2166","targetHints":{"allow":["GET"]}}],"collection":[{"href":"https:\/\/www.portablebar.com\/fr_fr\/wp-json\/wp\/v2\/product"}],"about":[{"href":"https:\/\/www.portablebar.com\/fr_fr\/wp-json\/wp\/v2\/types\/product"}],"replies":[{"embeddable":true,"href":"https:\/\/www.portablebar.com\/fr_fr\/wp-json\/wp\/v2\/comments?post=2166"}],"version-history":[{"count":0,"href":"https:\/\/www.portablebar.com\/fr_fr\/wp-json\/wp\/v2\/product\/2166\/revisions"}],"wp:featuredmedia":[{"embeddable":true,"href":"https:\/\/www.portablebar.com\/fr_fr\/wp-json\/wp\/v2\/media\/2176"}],"wp:attachment":[{"href":"https:\/\/www.portablebar.com\/fr_fr\/wp-json\/wp\/v2\/media?parent=2166"}],"wp:term":[{"taxonomy":"product_brand","embeddable":true,"href":"https:\/\/www.portablebar.com\/fr_fr\/wp-json\/wp\/v2\/product_brand?post=2166"},{"taxonomy":"product_cat","embeddable":true,"href":"https:\/\/www.portablebar.com\/fr_fr\/wp-json\/wp\/v2\/product_cat?post=2166"},{"taxonomy":"product_tag","embeddable":true,"href":"https:\/\/www.portablebar.com\/fr_fr\/wp-json\/wp\/v2\/product_tag?post=2166"}],"curies":[{"name":"wp","href":"https:\/\/api.w.org\/{rel}","templated":true}]}}