{"id":2159,"date":"2018-02-05T14:39:29","date_gmt":"2018-02-05T21:39:29","guid":{"rendered":"https:\/\/www.portablebar.com\/woo\/?post_type=product&#038;p=2159"},"modified":"2021-08-31T07:22:17","modified_gmt":"2021-08-31T11:22:17","slug":"62-panneaux-lateraux-du-bar","status":"publish","type":"product","link":"https:\/\/www.portablebar.com\/fr_fr\/p\/62-panneaux-lateraux-du-bar\/","title":{"rendered":"62 Panneaux de remplacement pour barre portative"},"content":{"rendered":"<p>Utilisez cette page pour commander des panneaux suppl\u00e9mentaires ou de remplacement pour le <a href=\"\/fr_fr\/p\/62-bar-portable\/\">62\u2033 Portable Bar<\/a><\/p>\n<p><strong>Remplacement des panneaux de bar existants<\/strong><br \/>\nLorsque vous remplacez des panneaux de barre existants, vous devez v\u00e9rifier que vous avez des panneaux interchangeables. Si vos panneaux ne sont pas install\u00e9s avec du Velco 3M, vous devrez acheter du ruban adh\u00e9sif 3M pour refixer vos panneaux ou du Velcro 3M pour les nouveaux et les anciens panneaux afin de les rendre interchangeables.<\/p>\n<p><strong>Exp\u00e9dition<br \/>\n<\/strong><\/p>\n<p>Les panneaux frontaux \u00e0 barre de 62\u2033 sont consid\u00e9r\u00e9s comme \"surdimensionn\u00e9s\" par UPS et Fedex et co\u00fbtent g\u00e9n\u00e9ralement $150-$200 pour \u00eatre exp\u00e9di\u00e9s seuls.<\/p>","protected":false},"excerpt":{"rendered":"<p>Utilisez cette page pour commander des panneaux suppl\u00e9mentaires ou de remplacement pour le bar portable 62\u2033 Remplacement des panneaux de bar existants Lorsque vous remplacez des panneaux de bar existants, vous devez v\u00e9rifier que vous avez des panneaux interchangeables. Si vos panneaux ne sont pas install\u00e9s avec du Velco 3M, vous devrez acheter du ruban adh\u00e9sif 3M pour refixer vos panneaux ou du Velcro 3M pour les panneaux en plastique.<\/p>","protected":false},"featured_media":2171,"comment_status":"closed","ping_status":"closed","template":"","meta":{"_acf_changed":false,"footnotes":""},"product_brand":[],"product_cat":[242],"product_tag":[],"class_list":{"0":"post-2159","1":"product","2":"type-product","3":"status-publish","4":"has-post-thumbnail","6":"product_cat-portable-bar-accessories-62","7":"product_shipping_class-liquor-displays","8":"tm-has-options","10":"first","11":"instock","12":"taxable","13":"shipping-taxable","14":"purchasable","15":"product-type-simple"},"acf":[],"gallery_images":[],"yoast_head":"<!-- This site is optimized with the Yoast SEO plugin v26.7 - https:\/\/yoast.com\/wordpress\/plugins\/seo\/ -->\n<title>62 Portable Bar Replacement Panels - Portable Bars by Customized Designs<\/title>\n<meta name=\"description\" content=\"62 Portable Bar Replacement Panels - Use this page to order additional or replacement panels for the 62&quot; Portable Bar Replacing existing bar panels When replacing existing bar panels you need Portable Bars by Customized Designs\" \/>\n<meta name=\"robots\" content=\"index, follow, max-snippet:-1, max-image-preview:large, max-video-preview:-1\" \/>\n<link rel=\"canonical\" href=\"https:\/\/www.portablebar.com\/fr_fr\/p\/62-panneaux-lateraux-du-bar\/\" \/>\n<meta property=\"og:locale\" content=\"fr_FR\" \/>\n<meta property=\"og:type\" content=\"article\" \/>\n<meta property=\"og:title\" content=\"62 Portable Bar Replacement Panels - Portable Bars by Customized Designs\" \/>\n<meta property=\"og:description\" content=\"62 Portable Bar Replacement Panels - Use this page to order additional or replacement panels for the 62&quot; Portable Bar Replacing existing bar panels When replacing existing bar panels you need Portable Bars by Customized Designs\" \/>\n<meta property=\"og:url\" content=\"https:\/\/www.portablebar.com\/fr_fr\/p\/62-panneaux-lateraux-du-bar\/\" \/>\n<meta property=\"og:site_name\" content=\"Portable Bars by Customized Designs\" \/>\n<meta property=\"article:modified_time\" content=\"2021-08-31T11:22:17+00:00\" \/>\n<meta property=\"og:image\" content=\"https:\/\/www.portablebar.com\/wp-content\/uploads\/2018\/02\/62-portable-bar-grumpys_2.jpg\" \/>\n\t<meta property=\"og:image:width\" content=\"1000\" \/>\n\t<meta property=\"og:image:height\" content=\"880\" \/>\n\t<meta property=\"og:image:type\" content=\"image\/jpeg\" \/>\n<meta name=\"twitter:card\" content=\"summary_large_image\" \/>\n<script type=\"application\/ld+json\" class=\"yoast-schema-graph\">{\"@context\":\"https:\/\/schema.org\",\"@graph\":[{\"@type\":\"WebPage\",\"@id\":\"https:\/\/www.portablebar.com\/fr_fr\/p\/62-panneaux-lateraux-du-bar\/\",\"url\":\"https:\/\/www.portablebar.com\/fr_fr\/p\/62-panneaux-lateraux-du-bar\/\",\"name\":\"62 Portable Bar Replacement Panels - Portable Bars by Customized Designs\",\"isPartOf\":{\"@id\":\"https:\/\/www.portablebar.com\/fr_fr\/#website\"},\"primaryImageOfPage\":{\"@id\":\"https:\/\/www.portablebar.com\/fr_fr\/p\/62-panneaux-lateraux-du-bar\/#primaryimage\"},\"image\":{\"@id\":\"https:\/\/www.portablebar.com\/fr_fr\/p\/62-panneaux-lateraux-du-bar\/#primaryimage\"},\"thumbnailUrl\":\"https:\/\/www.portablebar.com\/wp-content\/uploads\/2018\/02\/62-portable-bar-grumpys_2.jpg\",\"datePublished\":\"2018-02-05T21:39:29+00:00\",\"dateModified\":\"2021-08-31T11:22:17+00:00\",\"description\":\"62 Portable Bar Replacement Panels - Use this page to order additional or replacement panels for the 62\\\" Portable Bar Replacing existing bar panels When replacing existing bar panels you need Portable Bars by Customized Designs\",\"breadcrumb\":{\"@id\":\"https:\/\/www.portablebar.com\/fr_fr\/p\/62-panneaux-lateraux-du-bar\/#breadcrumb\"},\"inLanguage\":\"fr-FR\",\"potentialAction\":[{\"@type\":\"ReadAction\",\"target\":[\"https:\/\/www.portablebar.com\/fr_fr\/p\/62-panneaux-lateraux-du-bar\/\"]}]},{\"@type\":\"ImageObject\",\"inLanguage\":\"fr-FR\",\"@id\":\"https:\/\/www.portablebar.com\/fr_fr\/p\/62-panneaux-lateraux-du-bar\/#primaryimage\",\"url\":\"https:\/\/www.portablebar.com\/wp-content\/uploads\/2018\/02\/62-portable-bar-grumpys_2.jpg\",\"contentUrl\":\"https:\/\/www.portablebar.com\/wp-content\/uploads\/2018\/02\/62-portable-bar-grumpys_2.jpg\",\"width\":1000,\"height\":880,\"caption\":\"62\\\" Portable Bar Replacement Panels\"},{\"@type\":\"BreadcrumbList\",\"@id\":\"https:\/\/www.portablebar.com\/fr_fr\/p\/62-panneaux-lateraux-du-bar\/#breadcrumb\",\"itemListElement\":[{\"@type\":\"ListItem\",\"position\":1,\"name\":\"Home\",\"item\":\"https:\/\/www.portablebar.com\/\"},{\"@type\":\"ListItem\",\"position\":2,\"name\":\"Products\",\"item\":\"https:\/\/www.portablebar.com\/shop\/\"},{\"@type\":\"ListItem\",\"position\":3,\"name\":\"62 Portable Bar Replacement Panels\"}]},{\"@type\":\"WebSite\",\"@id\":\"https:\/\/www.portablebar.com\/fr_fr\/#website\",\"url\":\"https:\/\/www.portablebar.com\/fr_fr\/\",\"name\":\"Portable Bars by Customized Designs\",\"description\":\"\",\"potentialAction\":[{\"@type\":\"SearchAction\",\"target\":{\"@type\":\"EntryPoint\",\"urlTemplate\":\"https:\/\/www.portablebar.com\/fr_fr\/?s={search_term_string}\"},\"query-input\":{\"@type\":\"PropertyValueSpecification\",\"valueRequired\":true,\"valueName\":\"search_term_string\"}}],\"inLanguage\":\"fr-FR\"}]}<\/script>\n<!-- \/ Yoast SEO plugin. -->","yoast_head_json":{"title":"62 Panneaux de remplacement pour barre portative - Barres portatives par Customized Designs","description":"62 Portable Bar Replacement Panels - Utilisez cette page pour commander des panneaux suppl\u00e9mentaires ou de remplacement pour la barre portative 62\" Remplacement des panneaux de barre existants Lorsque vous remplacez des panneaux de barre existants, vous avez besoin de Portable Bars by Customized Designs","robots":{"index":"index","follow":"follow","max-snippet":"max-snippet:-1","max-image-preview":"max-image-preview:large","max-video-preview":"max-video-preview:-1"},"canonical":"https:\/\/www.portablebar.com\/fr_fr\/p\/62-panneaux-lateraux-du-bar\/","og_locale":"fr_FR","og_type":"article","og_title":"62 Portable Bar Replacement Panels - Portable Bars by Customized Designs","og_description":"62 Portable Bar Replacement Panels - Use this page to order additional or replacement panels for the 62\" Portable Bar Replacing existing bar panels When replacing existing bar panels you need Portable Bars by Customized Designs","og_url":"https:\/\/www.portablebar.com\/fr_fr\/p\/62-panneaux-lateraux-du-bar\/","og_site_name":"Portable Bars by Customized Designs","article_modified_time":"2021-08-31T11:22:17+00:00","og_image":[{"width":1000,"height":880,"url":"https:\/\/www.portablebar.com\/wp-content\/uploads\/2018\/02\/62-portable-bar-grumpys_2.jpg","type":"image\/jpeg"}],"twitter_card":"summary_large_image","schema":{"@context":"https:\/\/schema.org","@graph":[{"@type":"WebPage","@id":"https:\/\/www.portablebar.com\/fr_fr\/p\/62-panneaux-lateraux-du-bar\/","url":"https:\/\/www.portablebar.com\/fr_fr\/p\/62-panneaux-lateraux-du-bar\/","name":"62 Panneaux de remplacement pour barre portative - Barres portatives par Customized Designs","isPartOf":{"@id":"https:\/\/www.portablebar.com\/fr_fr\/#website"},"primaryImageOfPage":{"@id":"https:\/\/www.portablebar.com\/fr_fr\/p\/62-panneaux-lateraux-du-bar\/#primaryimage"},"image":{"@id":"https:\/\/www.portablebar.com\/fr_fr\/p\/62-panneaux-lateraux-du-bar\/#primaryimage"},"thumbnailUrl":"https:\/\/www.portablebar.com\/wp-content\/uploads\/2018\/02\/62-portable-bar-grumpys_2.jpg","datePublished":"2018-02-05T21:39:29+00:00","dateModified":"2021-08-31T11:22:17+00:00","description":"62 Portable Bar Replacement Panels - Utilisez cette page pour commander des panneaux suppl\u00e9mentaires ou de remplacement pour la barre portative 62\" Remplacement des panneaux de barre existants Lorsque vous remplacez des panneaux de barre existants, vous avez besoin de Portable Bars by Customized Designs","breadcrumb":{"@id":"https:\/\/www.portablebar.com\/fr_fr\/p\/62-panneaux-lateraux-du-bar\/#breadcrumb"},"inLanguage":"fr-FR","potentialAction":[{"@type":"ReadAction","target":["https:\/\/www.portablebar.com\/fr_fr\/p\/62-panneaux-lateraux-du-bar\/"]}]},{"@type":"ImageObject","inLanguage":"fr-FR","@id":"https:\/\/www.portablebar.com\/fr_fr\/p\/62-panneaux-lateraux-du-bar\/#primaryimage","url":"https:\/\/www.portablebar.com\/wp-content\/uploads\/2018\/02\/62-portable-bar-grumpys_2.jpg","contentUrl":"https:\/\/www.portablebar.com\/wp-content\/uploads\/2018\/02\/62-portable-bar-grumpys_2.jpg","width":1000,"height":880,"caption":"62\" Portable Bar Replacement Panels"},{"@type":"BreadcrumbList","@id":"https:\/\/www.portablebar.com\/fr_fr\/p\/62-panneaux-lateraux-du-bar\/#breadcrumb","itemListElement":[{"@type":"ListItem","position":1,"name":"Home","item":"https:\/\/www.portablebar.com\/"},{"@type":"ListItem","position":2,"name":"Products","item":"https:\/\/www.portablebar.com\/shop\/"},{"@type":"ListItem","position":3,"name":"62 Portable Bar Replacement Panels"}]},{"@type":"WebSite","@id":"https:\/\/www.portablebar.com\/fr_fr\/#website","url":"https:\/\/www.portablebar.com\/fr_fr\/","name":"Bars portables par Customized Designs","description":"","potentialAction":[{"@type":"SearchAction","target":{"@type":"EntryPoint","urlTemplate":"https:\/\/www.portablebar.com\/fr_fr\/?s={search_term_string}"},"query-input":{"@type":"PropertyValueSpecification","valueRequired":true,"valueName":"search_term_string"}}],"inLanguage":"fr-FR"}]}},"_links":{"self":[{"href":"https:\/\/www.portablebar.com\/fr_fr\/wp-json\/wp\/v2\/product\/2159","targetHints":{"allow":["GET"]}}],"collection":[{"href":"https:\/\/www.portablebar.com\/fr_fr\/wp-json\/wp\/v2\/product"}],"about":[{"href":"https:\/\/www.portablebar.com\/fr_fr\/wp-json\/wp\/v2\/types\/product"}],"replies":[{"embeddable":true,"href":"https:\/\/www.portablebar.com\/fr_fr\/wp-json\/wp\/v2\/comments?post=2159"}],"version-history":[{"count":0,"href":"https:\/\/www.portablebar.com\/fr_fr\/wp-json\/wp\/v2\/product\/2159\/revisions"}],"wp:featuredmedia":[{"embeddable":true,"href":"https:\/\/www.portablebar.com\/fr_fr\/wp-json\/wp\/v2\/media\/2171"}],"wp:attachment":[{"href":"https:\/\/www.portablebar.com\/fr_fr\/wp-json\/wp\/v2\/media?parent=2159"}],"wp:term":[{"taxonomy":"product_brand","embeddable":true,"href":"https:\/\/www.portablebar.com\/fr_fr\/wp-json\/wp\/v2\/product_brand?post=2159"},{"taxonomy":"product_cat","embeddable":true,"href":"https:\/\/www.portablebar.com\/fr_fr\/wp-json\/wp\/v2\/product_cat?post=2159"},{"taxonomy":"product_tag","embeddable":true,"href":"https:\/\/www.portablebar.com\/fr_fr\/wp-json\/wp\/v2\/product_tag?post=2159"}],"curies":[{"name":"wp","href":"https:\/\/api.w.org\/{rel}","templated":true}]}}