{"id":2145,"date":"2018-02-05T14:27:42","date_gmt":"2018-02-05T21:27:42","guid":{"rendered":"https:\/\/www.portablebar.com\/woo\/?post_type=product&#038;p=2145"},"modified":"2025-02-11T10:05:31","modified_gmt":"2025-02-11T15:05:31","slug":"48-couverture-de-bar","status":"publish","type":"product","link":"https:\/\/www.portablebar.com\/fr_fr\/p\/48-couverture-de-bar\/","title":{"rendered":"Housse de protection pour bar portable 48\u2033 (en anglais)"},"content":{"rendered":"<p>Cette housse convient aux <a href=\"\/fr_fr\/p\/48-bar-portable\/\">Bar portable de 48<\/a><\/p>\n<p>Les housses de bar portables sont fabriqu\u00e9es \u00e0 partir d'une toile de nylon r\u00e9sistante \u00e0 l'eau.<\/p>\n<p>Chaque housse de bar comprend deux sangles en nylon pour suspendre le bar top pendant le stockage.<\/p>","protected":false},"excerpt":{"rendered":"<p>Cette housse convient au bar portable de 48\u2033 Les housses de bar portables sont fabriqu\u00e9es en toile de nylon r\u00e9sistante \u00e0 l'eau. Chaque housse comprend deux sangles en nylon pour suspendre le bar pendant le stockage.<\/p>","protected":false},"featured_media":2154,"comment_status":"closed","ping_status":"closed","template":"","meta":{"_acf_changed":false,"footnotes":""},"product_brand":[],"product_cat":[240],"product_tag":[],"class_list":{"0":"post-2145","1":"product","2":"type-product","3":"status-publish","4":"has-post-thumbnail","6":"product_cat-48-portable-bar-accessories","7":"product_shipping_class-liquor-displays","8":"tm-no-options-pxq","10":"first","11":"instock","12":"taxable","13":"shipping-taxable","14":"purchasable","15":"product-type-simple"},"acf":[],"gallery_images":[],"yoast_head":"<!-- This site is optimized with the Yoast SEO plugin v26.7 - https:\/\/yoast.com\/wordpress\/plugins\/seo\/ -->\n<title>Protective Cover for 48&quot; Portable Bar - Portable Bars by Customized Designs<\/title>\n<meta name=\"description\" content=\"Protective Cover for 48&quot; Portable Bar - This cover fits the 48&quot; Portable Bar Portable bar covers are made with heavy duty water resistant nylon canvas. Each bar cover includes two nylon straps Portable Bars by Customized Designs\" \/>\n<meta name=\"robots\" content=\"index, follow, max-snippet:-1, max-image-preview:large, max-video-preview:-1\" \/>\n<link rel=\"canonical\" href=\"https:\/\/www.portablebar.com\/fr_fr\/p\/48-couverture-de-bar\/\" \/>\n<meta property=\"og:locale\" content=\"fr_FR\" \/>\n<meta property=\"og:type\" content=\"article\" \/>\n<meta property=\"og:title\" content=\"Protective Cover for 48&quot; Portable Bar - Portable Bars by Customized Designs\" \/>\n<meta property=\"og:description\" content=\"Protective Cover for 48&quot; Portable Bar - This cover fits the 48&quot; Portable Bar Portable bar covers are made with heavy duty water resistant nylon canvas. Each bar cover includes two nylon straps Portable Bars by Customized Designs\" \/>\n<meta property=\"og:url\" content=\"https:\/\/www.portablebar.com\/fr_fr\/p\/48-couverture-de-bar\/\" \/>\n<meta property=\"og:site_name\" content=\"Portable Bars by Customized Designs\" \/>\n<meta property=\"article:modified_time\" content=\"2025-02-11T15:05:31+00:00\" \/>\n<meta property=\"og:image\" content=\"https:\/\/www.portablebar.com\/wp-content\/uploads\/2018\/02\/portable_bar_cover_sm_1_3.jpg\" \/>\n\t<meta property=\"og:image:width\" content=\"1000\" \/>\n\t<meta property=\"og:image:height\" content=\"1000\" \/>\n\t<meta property=\"og:image:type\" content=\"image\/jpeg\" \/>\n<meta name=\"twitter:card\" content=\"summary_large_image\" \/>\n<script type=\"application\/ld+json\" class=\"yoast-schema-graph\">{\"@context\":\"https:\/\/schema.org\",\"@graph\":[{\"@type\":\"WebPage\",\"@id\":\"https:\/\/www.portablebar.com\/fr_fr\/p\/48-couverture-de-bar\/\",\"url\":\"https:\/\/www.portablebar.com\/fr_fr\/p\/48-couverture-de-bar\/\",\"name\":\"Protective Cover for 48\\\" Portable Bar - Portable Bars by Customized Designs\",\"isPartOf\":{\"@id\":\"https:\/\/www.portablebar.com\/fr_fr\/#website\"},\"primaryImageOfPage\":{\"@id\":\"https:\/\/www.portablebar.com\/fr_fr\/p\/48-couverture-de-bar\/#primaryimage\"},\"image\":{\"@id\":\"https:\/\/www.portablebar.com\/fr_fr\/p\/48-couverture-de-bar\/#primaryimage\"},\"thumbnailUrl\":\"https:\/\/www.portablebar.com\/wp-content\/uploads\/2018\/02\/portable_bar_cover_sm_1_3.jpg\",\"datePublished\":\"2018-02-05T21:27:42+00:00\",\"dateModified\":\"2025-02-11T15:05:31+00:00\",\"description\":\"Protective Cover for 48\\\" Portable Bar - This cover fits the 48\\\" Portable Bar Portable bar covers are made with heavy duty water resistant nylon canvas. Each bar cover includes two nylon straps Portable Bars by Customized Designs\",\"breadcrumb\":{\"@id\":\"https:\/\/www.portablebar.com\/fr_fr\/p\/48-couverture-de-bar\/#breadcrumb\"},\"inLanguage\":\"fr-FR\",\"potentialAction\":[{\"@type\":\"ReadAction\",\"target\":[\"https:\/\/www.portablebar.com\/fr_fr\/p\/48-couverture-de-bar\/\"]}]},{\"@type\":\"ImageObject\",\"inLanguage\":\"fr-FR\",\"@id\":\"https:\/\/www.portablebar.com\/fr_fr\/p\/48-couverture-de-bar\/#primaryimage\",\"url\":\"https:\/\/www.portablebar.com\/wp-content\/uploads\/2018\/02\/portable_bar_cover_sm_1_3.jpg\",\"contentUrl\":\"https:\/\/www.portablebar.com\/wp-content\/uploads\/2018\/02\/portable_bar_cover_sm_1_3.jpg\",\"width\":1000,\"height\":1000,\"caption\":\"Portable Bar Cover\"},{\"@type\":\"BreadcrumbList\",\"@id\":\"https:\/\/www.portablebar.com\/fr_fr\/p\/48-couverture-de-bar\/#breadcrumb\",\"itemListElement\":[{\"@type\":\"ListItem\",\"position\":1,\"name\":\"Home\",\"item\":\"https:\/\/www.portablebar.com\/\"},{\"@type\":\"ListItem\",\"position\":2,\"name\":\"Products\",\"item\":\"https:\/\/www.portablebar.com\/shop\/\"},{\"@type\":\"ListItem\",\"position\":3,\"name\":\"Protective Cover for 48&#8243; Portable Bar\"}]},{\"@type\":\"WebSite\",\"@id\":\"https:\/\/www.portablebar.com\/fr_fr\/#website\",\"url\":\"https:\/\/www.portablebar.com\/fr_fr\/\",\"name\":\"Portable Bars by Customized Designs\",\"description\":\"\",\"potentialAction\":[{\"@type\":\"SearchAction\",\"target\":{\"@type\":\"EntryPoint\",\"urlTemplate\":\"https:\/\/www.portablebar.com\/fr_fr\/?s={search_term_string}\"},\"query-input\":{\"@type\":\"PropertyValueSpecification\",\"valueRequired\":true,\"valueName\":\"search_term_string\"}}],\"inLanguage\":\"fr-FR\"}]}<\/script>\n<!-- \/ Yoast SEO plugin. -->","yoast_head_json":{"title":"Housse protectrice pour bar portatif de 48\" - Bar portatif par Customized Designs","description":"Housse protectrice pour barre portative 48\" - Cette housse convient \u00e0 la barre portative 48\" Les housses pour barres portatives sont fabriqu\u00e9es avec une toile de nylon r\u00e9sistante \u00e0 l'eau. Chaque housse comprend deux sangles en nylon. Barres portables par Customized Designs","robots":{"index":"index","follow":"follow","max-snippet":"max-snippet:-1","max-image-preview":"max-image-preview:large","max-video-preview":"max-video-preview:-1"},"canonical":"https:\/\/www.portablebar.com\/fr_fr\/p\/48-couverture-de-bar\/","og_locale":"fr_FR","og_type":"article","og_title":"Protective Cover for 48\" Portable Bar - Portable Bars by Customized Designs","og_description":"Protective Cover for 48\" Portable Bar - This cover fits the 48\" Portable Bar Portable bar covers are made with heavy duty water resistant nylon canvas. Each bar cover includes two nylon straps Portable Bars by Customized Designs","og_url":"https:\/\/www.portablebar.com\/fr_fr\/p\/48-couverture-de-bar\/","og_site_name":"Portable Bars by Customized Designs","article_modified_time":"2025-02-11T15:05:31+00:00","og_image":[{"width":1000,"height":1000,"url":"https:\/\/www.portablebar.com\/wp-content\/uploads\/2018\/02\/portable_bar_cover_sm_1_3.jpg","type":"image\/jpeg"}],"twitter_card":"summary_large_image","schema":{"@context":"https:\/\/schema.org","@graph":[{"@type":"WebPage","@id":"https:\/\/www.portablebar.com\/fr_fr\/p\/48-couverture-de-bar\/","url":"https:\/\/www.portablebar.com\/fr_fr\/p\/48-couverture-de-bar\/","name":"Housse protectrice pour bar portatif de 48\" - Bar portatif par Customized Designs","isPartOf":{"@id":"https:\/\/www.portablebar.com\/fr_fr\/#website"},"primaryImageOfPage":{"@id":"https:\/\/www.portablebar.com\/fr_fr\/p\/48-couverture-de-bar\/#primaryimage"},"image":{"@id":"https:\/\/www.portablebar.com\/fr_fr\/p\/48-couverture-de-bar\/#primaryimage"},"thumbnailUrl":"https:\/\/www.portablebar.com\/wp-content\/uploads\/2018\/02\/portable_bar_cover_sm_1_3.jpg","datePublished":"2018-02-05T21:27:42+00:00","dateModified":"2025-02-11T15:05:31+00:00","description":"Housse protectrice pour barre portative 48\" - Cette housse convient \u00e0 la barre portative 48\" Les housses pour barres portatives sont fabriqu\u00e9es avec une toile de nylon r\u00e9sistante \u00e0 l'eau. Chaque housse comprend deux sangles en nylon. Barres portables par Customized Designs","breadcrumb":{"@id":"https:\/\/www.portablebar.com\/fr_fr\/p\/48-couverture-de-bar\/#breadcrumb"},"inLanguage":"fr-FR","potentialAction":[{"@type":"ReadAction","target":["https:\/\/www.portablebar.com\/fr_fr\/p\/48-couverture-de-bar\/"]}]},{"@type":"ImageObject","inLanguage":"fr-FR","@id":"https:\/\/www.portablebar.com\/fr_fr\/p\/48-couverture-de-bar\/#primaryimage","url":"https:\/\/www.portablebar.com\/wp-content\/uploads\/2018\/02\/portable_bar_cover_sm_1_3.jpg","contentUrl":"https:\/\/www.portablebar.com\/wp-content\/uploads\/2018\/02\/portable_bar_cover_sm_1_3.jpg","width":1000,"height":1000,"caption":"Portable Bar Cover"},{"@type":"BreadcrumbList","@id":"https:\/\/www.portablebar.com\/fr_fr\/p\/48-couverture-de-bar\/#breadcrumb","itemListElement":[{"@type":"ListItem","position":1,"name":"Home","item":"https:\/\/www.portablebar.com\/"},{"@type":"ListItem","position":2,"name":"Products","item":"https:\/\/www.portablebar.com\/shop\/"},{"@type":"ListItem","position":3,"name":"Protective Cover for 48&#8243; Portable Bar"}]},{"@type":"WebSite","@id":"https:\/\/www.portablebar.com\/fr_fr\/#website","url":"https:\/\/www.portablebar.com\/fr_fr\/","name":"Bars portables par Customized Designs","description":"","potentialAction":[{"@type":"SearchAction","target":{"@type":"EntryPoint","urlTemplate":"https:\/\/www.portablebar.com\/fr_fr\/?s={search_term_string}"},"query-input":{"@type":"PropertyValueSpecification","valueRequired":true,"valueName":"search_term_string"}}],"inLanguage":"fr-FR"}]}},"_links":{"self":[{"href":"https:\/\/www.portablebar.com\/fr_fr\/wp-json\/wp\/v2\/product\/2145","targetHints":{"allow":["GET"]}}],"collection":[{"href":"https:\/\/www.portablebar.com\/fr_fr\/wp-json\/wp\/v2\/product"}],"about":[{"href":"https:\/\/www.portablebar.com\/fr_fr\/wp-json\/wp\/v2\/types\/product"}],"replies":[{"embeddable":true,"href":"https:\/\/www.portablebar.com\/fr_fr\/wp-json\/wp\/v2\/comments?post=2145"}],"version-history":[{"count":0,"href":"https:\/\/www.portablebar.com\/fr_fr\/wp-json\/wp\/v2\/product\/2145\/revisions"}],"wp:featuredmedia":[{"embeddable":true,"href":"https:\/\/www.portablebar.com\/fr_fr\/wp-json\/wp\/v2\/media\/2154"}],"wp:attachment":[{"href":"https:\/\/www.portablebar.com\/fr_fr\/wp-json\/wp\/v2\/media?parent=2145"}],"wp:term":[{"taxonomy":"product_brand","embeddable":true,"href":"https:\/\/www.portablebar.com\/fr_fr\/wp-json\/wp\/v2\/product_brand?post=2145"},{"taxonomy":"product_cat","embeddable":true,"href":"https:\/\/www.portablebar.com\/fr_fr\/wp-json\/wp\/v2\/product_cat?post=2145"},{"taxonomy":"product_tag","embeddable":true,"href":"https:\/\/www.portablebar.com\/fr_fr\/wp-json\/wp\/v2\/product_tag?post=2145"}],"curies":[{"name":"wp","href":"https:\/\/api.w.org\/{rel}","templated":true}]}}