{"id":2141,"date":"2018-02-05T14:27:33","date_gmt":"2018-02-05T21:27:33","guid":{"rendered":"https:\/\/www.portablebar.com\/woo\/?post_type=product&#038;p=2141"},"modified":"2023-03-15T16:24:22","modified_gmt":"2023-03-15T20:24:22","slug":"plateau-de-bar-carre-de-48","status":"publish","type":"product","link":"https:\/\/www.portablebar.com\/fr_fr\/p\/plateau-de-bar-carre-de-48\/","title":{"rendered":"Dessus de bar carr\u00e9 pour bar portable de 48"},"content":{"rendered":"<p>Ce plateau de bar s'adapte aux\u00a0<a href=\"\/fr_fr\/p\/48-bar-portable\/\">Bar portable de 48<\/a>. Utilisez cette page pour commander des plateaux de remplacement ou pour ajouter d'autres styles de plateaux \u00e0 votre commande initiale.<\/p>\n<p>Dimensions du plateau carr\u00e9 : 48\u2033 x 15.5\u2033<\/p>\n<p>Mat\u00e9riau : Acrylique 1\/2\u2033.<\/p>\n<p>Les frais d'exp\u00e9dition typiques pour ce plan de travail seul sont d'environ $40-$50.<\/p>","protected":false},"excerpt":{"rendered":"<p>Ce dessus de bar convient au bar portable de 48\u2033. Utilisez cette page pour commander des plateaux de remplacement ou pour ajouter d'autres styles de plateaux \u00e0 votre commande initiale. Dimensions du plateau carr\u00e9 : 48\u2033 x 15.5\u2033 Mat\u00e9riau : 1\/2\u2033 Acrylique Le co\u00fbt d'exp\u00e9dition typique pour ce plateau de bar est d'environ $40-$50.<\/p>","protected":false},"featured_media":2151,"comment_status":"closed","ping_status":"closed","template":"","meta":{"_acf_changed":false,"footnotes":""},"product_brand":[],"product_cat":[240],"product_tag":[],"class_list":{"0":"post-2141","1":"product","2":"type-product","3":"status-publish","4":"has-post-thumbnail","6":"product_cat-48-portable-bar-accessories","7":"product_shipping_class-per_lb","8":"tm-no-options-pxq","10":"first","11":"instock","12":"taxable","13":"shipping-taxable","14":"purchasable","15":"product-type-simple"},"acf":[],"gallery_images":[12939],"yoast_head":"<!-- This site is optimized with the Yoast SEO plugin v27.6 - https:\/\/yoast.com\/product\/yoast-seo-wordpress\/ -->\n<title>Square Bar Top for 48&quot; Portable Bar - Portable Bars by Customized Designs<\/title>\n<meta name=\"description\" content=\"Square Bar Top for 48&quot; Portable Bar - This bar top fits the\u00a048\u2033 Portable Bar. Use this page to order replacement tops or to add alternate bar top styles to your initial bar order. Square Top Portable Bars by Customized Designs\" \/>\n<meta name=\"robots\" content=\"index, follow, max-snippet:-1, max-image-preview:large, max-video-preview:-1\" \/>\n<link rel=\"canonical\" href=\"https:\/\/www.portablebar.com\/fr_fr\/p\/plateau-de-bar-carre-de-48\/\" \/>\n<meta property=\"og:locale\" content=\"fr_FR\" \/>\n<meta property=\"og:type\" content=\"article\" \/>\n<meta property=\"og:title\" content=\"Square Bar Top for 48&quot; Portable Bar - Portable Bars by Customized Designs\" \/>\n<meta property=\"og:description\" content=\"Square Bar Top for 48&quot; Portable Bar - This bar top fits the\u00a048\u2033 Portable Bar. Use this page to order replacement tops or to add alternate bar top styles to your initial bar order. Square Top Portable Bars by Customized Designs\" \/>\n<meta property=\"og:url\" content=\"https:\/\/www.portablebar.com\/fr_fr\/p\/plateau-de-bar-carre-de-48\/\" \/>\n<meta property=\"og:site_name\" content=\"Portable Bars by Customized Designs\" \/>\n<meta property=\"article:modified_time\" content=\"2023-03-15T20:24:22+00:00\" \/>\n<meta property=\"og:image\" content=\"https:\/\/www.portablebar.com\/wp-content\/uploads\/2018\/02\/snow_fox_portable_bar_sm_3.jpg\" \/>\n\t<meta property=\"og:image:width\" content=\"980\" \/>\n\t<meta property=\"og:image:height\" content=\"1000\" \/>\n\t<meta property=\"og:image:type\" content=\"image\/jpeg\" \/>\n<meta name=\"twitter:card\" content=\"summary_large_image\" \/>\n<meta name=\"twitter:label1\" content=\"Dur\u00e9e de lecture estim\u00e9e\" \/>\n\t<meta name=\"twitter:data1\" content=\"1 minute\" \/>\n<script type=\"application\/ld+json\" class=\"yoast-schema-graph\">{\"@context\":\"https:\\\/\\\/schema.org\",\"@graph\":[{\"@type\":\"WebPage\",\"@id\":\"https:\\\/\\\/www.portablebar.com\\\/fr_fr\\\/p\\\/plateau-de-bar-carre-de-48\\\/\",\"url\":\"https:\\\/\\\/www.portablebar.com\\\/fr_fr\\\/p\\\/plateau-de-bar-carre-de-48\\\/\",\"name\":\"Square Bar Top for 48\\\" Portable Bar - Portable Bars by Customized Designs\",\"isPartOf\":{\"@id\":\"https:\\\/\\\/www.portablebar.com\\\/fr_fr\\\/#website\"},\"primaryImageOfPage\":{\"@id\":\"https:\\\/\\\/www.portablebar.com\\\/fr_fr\\\/p\\\/plateau-de-bar-carre-de-48\\\/#primaryimage\"},\"image\":{\"@id\":\"https:\\\/\\\/www.portablebar.com\\\/fr_fr\\\/p\\\/plateau-de-bar-carre-de-48\\\/#primaryimage\"},\"thumbnailUrl\":\"https:\\\/\\\/www.portablebar.com\\\/wp-content\\\/uploads\\\/2018\\\/02\\\/snow_fox_portable_bar_sm_3.jpg\",\"datePublished\":\"2018-02-05T21:27:33+00:00\",\"dateModified\":\"2023-03-15T20:24:22+00:00\",\"description\":\"Square Bar Top for 48\\\" Portable Bar - This bar top fits the\u00a048\u2033 Portable Bar. Use this page to order replacement tops or to add alternate bar top styles to your initial bar order. Square Top Portable Bars by Customized Designs\",\"breadcrumb\":{\"@id\":\"https:\\\/\\\/www.portablebar.com\\\/fr_fr\\\/p\\\/plateau-de-bar-carre-de-48\\\/#breadcrumb\"},\"inLanguage\":\"fr-FR\",\"potentialAction\":[{\"@type\":\"ReadAction\",\"target\":[\"https:\\\/\\\/www.portablebar.com\\\/fr_fr\\\/p\\\/plateau-de-bar-carre-de-48\\\/\"]}]},{\"@type\":\"ImageObject\",\"inLanguage\":\"fr-FR\",\"@id\":\"https:\\\/\\\/www.portablebar.com\\\/fr_fr\\\/p\\\/plateau-de-bar-carre-de-48\\\/#primaryimage\",\"url\":\"https:\\\/\\\/www.portablebar.com\\\/wp-content\\\/uploads\\\/2018\\\/02\\\/snow_fox_portable_bar_sm_3.jpg\",\"contentUrl\":\"https:\\\/\\\/www.portablebar.com\\\/wp-content\\\/uploads\\\/2018\\\/02\\\/snow_fox_portable_bar_sm_3.jpg\",\"width\":980,\"height\":1000,\"caption\":\"48\\\" Portable Bar Square Top\"},{\"@type\":\"BreadcrumbList\",\"@id\":\"https:\\\/\\\/www.portablebar.com\\\/fr_fr\\\/p\\\/plateau-de-bar-carre-de-48\\\/#breadcrumb\",\"itemListElement\":[{\"@type\":\"ListItem\",\"position\":1,\"name\":\"Home\",\"item\":\"https:\\\/\\\/www.portablebar.com\\\/\"},{\"@type\":\"ListItem\",\"position\":2,\"name\":\"Products\",\"item\":\"https:\\\/\\\/www.portablebar.com\\\/shop\\\/\"},{\"@type\":\"ListItem\",\"position\":3,\"name\":\"Square Bar Top for 48&#8243; Portable Bar\"}]},{\"@type\":\"WebSite\",\"@id\":\"https:\\\/\\\/www.portablebar.com\\\/fr_fr\\\/#website\",\"url\":\"https:\\\/\\\/www.portablebar.com\\\/fr_fr\\\/\",\"name\":\"Portable Bars by Customized Designs\",\"description\":\"\",\"potentialAction\":[{\"@type\":\"SearchAction\",\"target\":{\"@type\":\"EntryPoint\",\"urlTemplate\":\"https:\\\/\\\/www.portablebar.com\\\/fr_fr\\\/?s={search_term_string}\"},\"query-input\":{\"@type\":\"PropertyValueSpecification\",\"valueRequired\":true,\"valueName\":\"search_term_string\"}}],\"inLanguage\":\"fr-FR\"}]}<\/script>\n<!-- \/ Yoast SEO plugin. -->","yoast_head_json":{"title":"Dessus de bar carr\u00e9 pour bar portatif de 48\" - Bars portatifs par Customized Designs","description":"Dessus de bar carr\u00e9 pour bar portable de 48\" - Ce dessus de bar convient au bar portable de 48\u2033. Utilisez cette page pour commander des dessus de remplacement ou pour ajouter d'autres styles de dessus de bar \u00e0 votre commande initiale. Barre portative \u00e0 dessus carr\u00e9 par Customized Designs","robots":{"index":"index","follow":"follow","max-snippet":"max-snippet:-1","max-image-preview":"max-image-preview:large","max-video-preview":"max-video-preview:-1"},"canonical":"https:\/\/www.portablebar.com\/fr_fr\/p\/plateau-de-bar-carre-de-48\/","og_locale":"fr_FR","og_type":"article","og_title":"Square Bar Top for 48\" Portable Bar - Portable Bars by Customized Designs","og_description":"Square Bar Top for 48\" Portable Bar - This bar top fits the\u00a048\u2033 Portable Bar. Use this page to order replacement tops or to add alternate bar top styles to your initial bar order. Square Top Portable Bars by Customized Designs","og_url":"https:\/\/www.portablebar.com\/fr_fr\/p\/plateau-de-bar-carre-de-48\/","og_site_name":"Portable Bars by Customized Designs","article_modified_time":"2023-03-15T20:24:22+00:00","og_image":[{"width":980,"height":1000,"url":"https:\/\/www.portablebar.com\/wp-content\/uploads\/2018\/02\/snow_fox_portable_bar_sm_3.jpg","type":"image\/jpeg"}],"twitter_card":"summary_large_image","twitter_misc":{"Dur\u00e9e de lecture estim\u00e9e":"1 minute"},"schema":{"@context":"https:\/\/schema.org","@graph":[{"@type":"WebPage","@id":"https:\/\/www.portablebar.com\/fr_fr\/p\/plateau-de-bar-carre-de-48\/","url":"https:\/\/www.portablebar.com\/fr_fr\/p\/plateau-de-bar-carre-de-48\/","name":"Dessus de bar carr\u00e9 pour bar portatif de 48\" - Bars portatifs par Customized Designs","isPartOf":{"@id":"https:\/\/www.portablebar.com\/fr_fr\/#website"},"primaryImageOfPage":{"@id":"https:\/\/www.portablebar.com\/fr_fr\/p\/plateau-de-bar-carre-de-48\/#primaryimage"},"image":{"@id":"https:\/\/www.portablebar.com\/fr_fr\/p\/plateau-de-bar-carre-de-48\/#primaryimage"},"thumbnailUrl":"https:\/\/www.portablebar.com\/wp-content\/uploads\/2018\/02\/snow_fox_portable_bar_sm_3.jpg","datePublished":"2018-02-05T21:27:33+00:00","dateModified":"2023-03-15T20:24:22+00:00","description":"Dessus de bar carr\u00e9 pour bar portable de 48\" - Ce dessus de bar convient au bar portable de 48\u2033. Utilisez cette page pour commander des dessus de remplacement ou pour ajouter d'autres styles de dessus de bar \u00e0 votre commande initiale. Barre portative \u00e0 dessus carr\u00e9 par Customized Designs","breadcrumb":{"@id":"https:\/\/www.portablebar.com\/fr_fr\/p\/plateau-de-bar-carre-de-48\/#breadcrumb"},"inLanguage":"fr-FR","potentialAction":[{"@type":"ReadAction","target":["https:\/\/www.portablebar.com\/fr_fr\/p\/plateau-de-bar-carre-de-48\/"]}]},{"@type":"ImageObject","inLanguage":"fr-FR","@id":"https:\/\/www.portablebar.com\/fr_fr\/p\/plateau-de-bar-carre-de-48\/#primaryimage","url":"https:\/\/www.portablebar.com\/wp-content\/uploads\/2018\/02\/snow_fox_portable_bar_sm_3.jpg","contentUrl":"https:\/\/www.portablebar.com\/wp-content\/uploads\/2018\/02\/snow_fox_portable_bar_sm_3.jpg","width":980,"height":1000,"caption":"48\" Portable Bar Square Top"},{"@type":"BreadcrumbList","@id":"https:\/\/www.portablebar.com\/fr_fr\/p\/plateau-de-bar-carre-de-48\/#breadcrumb","itemListElement":[{"@type":"ListItem","position":1,"name":"Home","item":"https:\/\/www.portablebar.com\/"},{"@type":"ListItem","position":2,"name":"Products","item":"https:\/\/www.portablebar.com\/shop\/"},{"@type":"ListItem","position":3,"name":"Square Bar Top for 48&#8243; Portable Bar"}]},{"@type":"WebSite","@id":"https:\/\/www.portablebar.com\/fr_fr\/#website","url":"https:\/\/www.portablebar.com\/fr_fr\/","name":"Bars portables par Customized Designs","description":"","potentialAction":[{"@type":"SearchAction","target":{"@type":"EntryPoint","urlTemplate":"https:\/\/www.portablebar.com\/fr_fr\/?s={search_term_string}"},"query-input":{"@type":"PropertyValueSpecification","valueRequired":true,"valueName":"search_term_string"}}],"inLanguage":"fr-FR"}]}},"_links":{"self":[{"href":"https:\/\/www.portablebar.com\/fr_fr\/wp-json\/wp\/v2\/product\/2141","targetHints":{"allow":["GET"]}}],"collection":[{"href":"https:\/\/www.portablebar.com\/fr_fr\/wp-json\/wp\/v2\/product"}],"about":[{"href":"https:\/\/www.portablebar.com\/fr_fr\/wp-json\/wp\/v2\/types\/product"}],"replies":[{"embeddable":true,"href":"https:\/\/www.portablebar.com\/fr_fr\/wp-json\/wp\/v2\/comments?post=2141"}],"version-history":[{"count":0,"href":"https:\/\/www.portablebar.com\/fr_fr\/wp-json\/wp\/v2\/product\/2141\/revisions"}],"wp:featuredmedia":[{"embeddable":true,"href":"https:\/\/www.portablebar.com\/fr_fr\/wp-json\/wp\/v2\/media\/2151"}],"wp:attachment":[{"href":"https:\/\/www.portablebar.com\/fr_fr\/wp-json\/wp\/v2\/media?parent=2141"}],"wp:term":[{"taxonomy":"product_brand","embeddable":true,"href":"https:\/\/www.portablebar.com\/fr_fr\/wp-json\/wp\/v2\/product_brand?post=2141"},{"taxonomy":"product_cat","embeddable":true,"href":"https:\/\/www.portablebar.com\/fr_fr\/wp-json\/wp\/v2\/product_cat?post=2141"},{"taxonomy":"product_tag","embeddable":true,"href":"https:\/\/www.portablebar.com\/fr_fr\/wp-json\/wp\/v2\/product_tag?post=2141"}],"curies":[{"name":"wp","href":"https:\/\/api.w.org\/{rel}","templated":true}]}}