{"id":2137,"date":"2018-02-05T14:27:24","date_gmt":"2018-02-05T21:27:24","guid":{"rendered":"https:\/\/www.portablebar.com\/woo\/?post_type=product&#038;p=2137"},"modified":"2022-01-12T07:50:51","modified_gmt":"2022-01-12T12:50:51","slug":"mini-tableaux-de-bar-portables","status":"publish","type":"product","link":"https:\/\/www.portablebar.com\/fr_fr\/p\/mini-bar-portable-top-curve\/","title":{"rendered":"Dessus de bar incurv\u00e9 pour mini-bar portable"},"content":{"rendered":"<p>Ce plateau de bar s'adapte aux\u00a0<a href=\"\/fr_fr\/p\/mini-bar-portable\/\">Mini bar portable<\/a>. Utilisez cette page pour commander des plateaux de remplacement ou pour ajouter d'autres styles de plateaux \u00e0 votre commande initiale.<\/p>\n<p>Dimensions du plateau incurv\u00e9 : 47.5\u2033 x 12\u2033 (15.5\u2033 Profondeur totale)<\/p>\n<p>Mat\u00e9riau : Acrylique 1\/2\u2033.<\/p>\n<p>Les frais d'exp\u00e9dition typiques pour ce plan de travail seul sont d'environ $40-$50.<\/p>","protected":false},"excerpt":{"rendered":"<p>Ce plateau convient au Mini Portable Bar. Utilisez cette page pour commander des plateaux de remplacement ou pour ajouter d'autres styles de plateaux \u00e0 votre commande initiale. Dimensions du plateau incurv\u00e9 : 47.5\u2033 x 12\u2033 (15.5\u2033 Profondeur totale) Mat\u00e9riau : 1\/2\u2033 Acrylique Le co\u00fbt d'exp\u00e9dition typique pour ce plateau de bar est d'environ $40-$50.<\/p>","protected":false},"featured_media":7536,"comment_status":"closed","ping_status":"closed","template":"","meta":{"_acf_changed":false,"footnotes":""},"product_brand":[],"product_cat":[243],"product_tag":[],"class_list":{"0":"post-2137","1":"product","2":"type-product","3":"status-publish","4":"has-post-thumbnail","6":"product_cat-portable-bar-accessories-mini","7":"product_shipping_class-liquor-displays","8":"tm-no-options-pxq","10":"first","11":"instock","12":"taxable","13":"shipping-taxable","14":"purchasable","15":"product-type-simple"},"acf":[],"gallery_images":[12944],"yoast_head":"<!-- This site is optimized with the Yoast SEO plugin v26.7 - https:\/\/yoast.com\/wordpress\/plugins\/seo\/ -->\n<title>Curve Bar Top for Mini Portable Bar - Portable Bars by Customized Designs<\/title>\n<meta name=\"description\" content=\"Curve Bar Top for Mini Portable Bar - This bar top fits the\u00a0Mini Portable Bar. Use this page to order replacement tops or to add alternate bar top styles to your initial bar order. Curve Top Portable Bars by Customized Designs\" \/>\n<meta name=\"robots\" content=\"index, follow, max-snippet:-1, max-image-preview:large, max-video-preview:-1\" \/>\n<link rel=\"canonical\" href=\"https:\/\/www.portablebar.com\/fr_fr\/p\/mini-bar-portable-top-curve\/\" \/>\n<meta property=\"og:locale\" content=\"fr_FR\" \/>\n<meta property=\"og:type\" content=\"article\" \/>\n<meta property=\"og:title\" content=\"Curve Bar Top for Mini Portable Bar - Portable Bars by Customized Designs\" \/>\n<meta property=\"og:description\" content=\"Curve Bar Top for Mini Portable Bar - This bar top fits the\u00a0Mini Portable Bar. Use this page to order replacement tops or to add alternate bar top styles to your initial bar order. Curve Top Portable Bars by Customized Designs\" \/>\n<meta property=\"og:url\" content=\"https:\/\/www.portablebar.com\/fr_fr\/p\/mini-bar-portable-top-curve\/\" \/>\n<meta property=\"og:site_name\" content=\"Portable Bars by Customized Designs\" \/>\n<meta property=\"article:modified_time\" content=\"2022-01-12T12:50:51+00:00\" \/>\n<meta property=\"og:image\" content=\"https:\/\/www.portablebar.com\/wp-content\/uploads\/mini-portable-bar-180.jpg\" \/>\n\t<meta property=\"og:image:width\" content=\"863\" \/>\n\t<meta property=\"og:image:height\" content=\"1000\" \/>\n\t<meta property=\"og:image:type\" content=\"image\/jpeg\" \/>\n<meta name=\"twitter:card\" content=\"summary_large_image\" \/>\n<script type=\"application\/ld+json\" class=\"yoast-schema-graph\">{\"@context\":\"https:\/\/schema.org\",\"@graph\":[{\"@type\":\"WebPage\",\"@id\":\"https:\/\/www.portablebar.com\/fr_fr\/p\/mini-bar-portable-top-curve\/\",\"url\":\"https:\/\/www.portablebar.com\/fr_fr\/p\/mini-bar-portable-top-curve\/\",\"name\":\"Curve Bar Top for Mini Portable Bar - Portable Bars by Customized Designs\",\"isPartOf\":{\"@id\":\"https:\/\/www.portablebar.com\/fr_fr\/#website\"},\"primaryImageOfPage\":{\"@id\":\"https:\/\/www.portablebar.com\/fr_fr\/p\/mini-bar-portable-top-curve\/#primaryimage\"},\"image\":{\"@id\":\"https:\/\/www.portablebar.com\/fr_fr\/p\/mini-bar-portable-top-curve\/#primaryimage\"},\"thumbnailUrl\":\"https:\/\/www.portablebar.com\/wp-content\/uploads\/mini-portable-bar-180.jpg\",\"datePublished\":\"2018-02-05T21:27:24+00:00\",\"dateModified\":\"2022-01-12T12:50:51+00:00\",\"description\":\"Curve Bar Top for Mini Portable Bar - This bar top fits the\u00a0Mini Portable Bar. Use this page to order replacement tops or to add alternate bar top styles to your initial bar order. Curve Top Portable Bars by Customized Designs\",\"breadcrumb\":{\"@id\":\"https:\/\/www.portablebar.com\/fr_fr\/p\/mini-bar-portable-top-curve\/#breadcrumb\"},\"inLanguage\":\"fr-FR\",\"potentialAction\":[{\"@type\":\"ReadAction\",\"target\":[\"https:\/\/www.portablebar.com\/fr_fr\/p\/mini-bar-portable-top-curve\/\"]}]},{\"@type\":\"ImageObject\",\"inLanguage\":\"fr-FR\",\"@id\":\"https:\/\/www.portablebar.com\/fr_fr\/p\/mini-bar-portable-top-curve\/#primaryimage\",\"url\":\"https:\/\/www.portablebar.com\/wp-content\/uploads\/mini-portable-bar-180.jpg\",\"contentUrl\":\"https:\/\/www.portablebar.com\/wp-content\/uploads\/mini-portable-bar-180.jpg\",\"width\":863,\"height\":1000,\"caption\":\"A Mobile Mini portable bar featuring a custom Curve Top for added serving space. The full-color graphics make this an excellent station for mobile cocktail service.\"},{\"@type\":\"BreadcrumbList\",\"@id\":\"https:\/\/www.portablebar.com\/fr_fr\/p\/mini-bar-portable-top-curve\/#breadcrumb\",\"itemListElement\":[{\"@type\":\"ListItem\",\"position\":1,\"name\":\"Home\",\"item\":\"https:\/\/www.portablebar.com\/\"},{\"@type\":\"ListItem\",\"position\":2,\"name\":\"Products\",\"item\":\"https:\/\/www.portablebar.com\/shop\/\"},{\"@type\":\"ListItem\",\"position\":3,\"name\":\"Curve Bar Top for Mini Portable Bar\"}]},{\"@type\":\"WebSite\",\"@id\":\"https:\/\/www.portablebar.com\/fr_fr\/#website\",\"url\":\"https:\/\/www.portablebar.com\/fr_fr\/\",\"name\":\"Portable Bars by Customized Designs\",\"description\":\"\",\"potentialAction\":[{\"@type\":\"SearchAction\",\"target\":{\"@type\":\"EntryPoint\",\"urlTemplate\":\"https:\/\/www.portablebar.com\/fr_fr\/?s={search_term_string}\"},\"query-input\":{\"@type\":\"PropertyValueSpecification\",\"valueRequired\":true,\"valueName\":\"search_term_string\"}}],\"inLanguage\":\"fr-FR\"}]}<\/script>\n<!-- \/ Yoast SEO plugin. -->","yoast_head_json":{"title":"Dessus de bar incurv\u00e9 pour mini-bar portatif - Bars portatifs par Customized Designs","description":"Dessus de bar incurv\u00e9 pour Mini Portable Bar - Ce dessus de bar s'adapte au Mini Portable Bar. Utilisez cette page pour commander des dessus de remplacement ou pour ajouter d'autres styles de dessus de bar \u00e0 votre commande initiale. Bar portatif \u00e0 dessus incurv\u00e9 par Customized Designs","robots":{"index":"index","follow":"follow","max-snippet":"max-snippet:-1","max-image-preview":"max-image-preview:large","max-video-preview":"max-video-preview:-1"},"canonical":"https:\/\/www.portablebar.com\/fr_fr\/p\/mini-bar-portable-top-curve\/","og_locale":"fr_FR","og_type":"article","og_title":"Curve Bar Top for Mini Portable Bar - Portable Bars by Customized Designs","og_description":"Curve Bar Top for Mini Portable Bar - This bar top fits the\u00a0Mini Portable Bar. Use this page to order replacement tops or to add alternate bar top styles to your initial bar order. Curve Top Portable Bars by Customized Designs","og_url":"https:\/\/www.portablebar.com\/fr_fr\/p\/mini-bar-portable-top-curve\/","og_site_name":"Portable Bars by Customized Designs","article_modified_time":"2022-01-12T12:50:51+00:00","og_image":[{"width":863,"height":1000,"url":"https:\/\/www.portablebar.com\/wp-content\/uploads\/mini-portable-bar-180.jpg","type":"image\/jpeg"}],"twitter_card":"summary_large_image","schema":{"@context":"https:\/\/schema.org","@graph":[{"@type":"WebPage","@id":"https:\/\/www.portablebar.com\/fr_fr\/p\/mini-bar-portable-top-curve\/","url":"https:\/\/www.portablebar.com\/fr_fr\/p\/mini-bar-portable-top-curve\/","name":"Dessus de bar incurv\u00e9 pour mini-bar portatif - Bars portatifs par Customized Designs","isPartOf":{"@id":"https:\/\/www.portablebar.com\/fr_fr\/#website"},"primaryImageOfPage":{"@id":"https:\/\/www.portablebar.com\/fr_fr\/p\/mini-bar-portable-top-curve\/#primaryimage"},"image":{"@id":"https:\/\/www.portablebar.com\/fr_fr\/p\/mini-bar-portable-top-curve\/#primaryimage"},"thumbnailUrl":"https:\/\/www.portablebar.com\/wp-content\/uploads\/mini-portable-bar-180.jpg","datePublished":"2018-02-05T21:27:24+00:00","dateModified":"2022-01-12T12:50:51+00:00","description":"Dessus de bar incurv\u00e9 pour Mini Portable Bar - Ce dessus de bar s'adapte au Mini Portable Bar. Utilisez cette page pour commander des dessus de remplacement ou pour ajouter d'autres styles de dessus de bar \u00e0 votre commande initiale. Bar portatif \u00e0 dessus incurv\u00e9 par Customized Designs","breadcrumb":{"@id":"https:\/\/www.portablebar.com\/fr_fr\/p\/mini-bar-portable-top-curve\/#breadcrumb"},"inLanguage":"fr-FR","potentialAction":[{"@type":"ReadAction","target":["https:\/\/www.portablebar.com\/fr_fr\/p\/mini-bar-portable-top-curve\/"]}]},{"@type":"ImageObject","inLanguage":"fr-FR","@id":"https:\/\/www.portablebar.com\/fr_fr\/p\/mini-bar-portable-top-curve\/#primaryimage","url":"https:\/\/www.portablebar.com\/wp-content\/uploads\/mini-portable-bar-180.jpg","contentUrl":"https:\/\/www.portablebar.com\/wp-content\/uploads\/mini-portable-bar-180.jpg","width":863,"height":1000,"caption":"A Mobile Mini portable bar featuring a custom Curve Top for added serving space. The full-color graphics make this an excellent station for mobile cocktail service."},{"@type":"BreadcrumbList","@id":"https:\/\/www.portablebar.com\/fr_fr\/p\/mini-bar-portable-top-curve\/#breadcrumb","itemListElement":[{"@type":"ListItem","position":1,"name":"Home","item":"https:\/\/www.portablebar.com\/"},{"@type":"ListItem","position":2,"name":"Products","item":"https:\/\/www.portablebar.com\/shop\/"},{"@type":"ListItem","position":3,"name":"Curve Bar Top for Mini Portable Bar"}]},{"@type":"WebSite","@id":"https:\/\/www.portablebar.com\/fr_fr\/#website","url":"https:\/\/www.portablebar.com\/fr_fr\/","name":"Bars portables par Customized Designs","description":"","potentialAction":[{"@type":"SearchAction","target":{"@type":"EntryPoint","urlTemplate":"https:\/\/www.portablebar.com\/fr_fr\/?s={search_term_string}"},"query-input":{"@type":"PropertyValueSpecification","valueRequired":true,"valueName":"search_term_string"}}],"inLanguage":"fr-FR"}]}},"_links":{"self":[{"href":"https:\/\/www.portablebar.com\/fr_fr\/wp-json\/wp\/v2\/product\/2137","targetHints":{"allow":["GET"]}}],"collection":[{"href":"https:\/\/www.portablebar.com\/fr_fr\/wp-json\/wp\/v2\/product"}],"about":[{"href":"https:\/\/www.portablebar.com\/fr_fr\/wp-json\/wp\/v2\/types\/product"}],"replies":[{"embeddable":true,"href":"https:\/\/www.portablebar.com\/fr_fr\/wp-json\/wp\/v2\/comments?post=2137"}],"version-history":[{"count":0,"href":"https:\/\/www.portablebar.com\/fr_fr\/wp-json\/wp\/v2\/product\/2137\/revisions"}],"wp:featuredmedia":[{"embeddable":true,"href":"https:\/\/www.portablebar.com\/fr_fr\/wp-json\/wp\/v2\/media\/7536"}],"wp:attachment":[{"href":"https:\/\/www.portablebar.com\/fr_fr\/wp-json\/wp\/v2\/media?parent=2137"}],"wp:term":[{"taxonomy":"product_brand","embeddable":true,"href":"https:\/\/www.portablebar.com\/fr_fr\/wp-json\/wp\/v2\/product_brand?post=2137"},{"taxonomy":"product_cat","embeddable":true,"href":"https:\/\/www.portablebar.com\/fr_fr\/wp-json\/wp\/v2\/product_cat?post=2137"},{"taxonomy":"product_tag","embeddable":true,"href":"https:\/\/www.portablebar.com\/fr_fr\/wp-json\/wp\/v2\/product_tag?post=2137"}],"curies":[{"name":"wp","href":"https:\/\/api.w.org\/{rel}","templated":true}]}}