{"id":968,"date":"2018-02-05T13:10:51","date_gmt":"2018-02-05T20:10:51","guid":{"rendered":"https:\/\/www.portablebar.com\/woo\/?page_id=968"},"modified":"2018-02-19T07:31:25","modified_gmt":"2018-02-19T14:31:25","slug":"garantie-a-vie","status":"publish","type":"page","link":"https:\/\/www.portablebar.com\/fr_fr\/garantie-a-vie\/","title":{"rendered":"Garantie \u00e0 vie"},"content":{"rendered":"<style>\r\n.page-title-inner.flex-row.medium-flex-wrap.container {\r\n    display: none;\r\n}\r\n\r\n<\/style>\n\n\t<section class=\"section\" id=\"section_1233870835\">\n\t\t<div class=\"section-bg fill\" >\n\t\t\t\t\t\t\t\t\t\n\t\t\t\n\n\t\t<\/div>\n\n\t\t\n\n\t\t<div class=\"section-content relative\">\n\t\t\t\n<h1><span style=\"font-size: 120%;\">Garantie \u00e0 vie !<\/span><\/h1>\n<hr \/>\n<h3 style=\"font-size: 20.16px;\"><img loading=\"lazy\" decoding=\"async\" class=\"wp-image-970 size-full alignright\" src=\"https:\/\/www.portablebar.com\/wp-content\/uploads\/2018\/02\/lifetime_warranty_seal_lg.jpg\" alt=\"\" width=\"350\" height=\"337\" \/><\/h3>\n<p>Nous sommes tellement convaincus de la qualit\u00e9 de notre savoir-faire et de nos syst\u00e8mes d'\u00e9clairage LED que tous nos produits sont garantis \u00e0 vie !<\/p>\n<h3>Ce que nous couvrons :<\/h3>\n<ul>\n<li>D\u00e9fauts de mat\u00e9riaux et de fabrication \u00e0 vie<\/li>\n<li>Tous les aspects de nos syst\u00e8mes d'\u00e9clairage - \u00e9clairage LED, alimentations, contr\u00f4leurs, etc.<\/li>\n<li>Frais d'exp\u00e9dition des pi\u00e8ces de rechange pendant la premi\u00e8re ann\u00e9e<\/li>\n<\/ul>\n<p>\u00a0<\/p>\n<h3>Ce que nous ne couvrons pas :<\/h3>\n<ul>\n<li>Frais d'exp\u00e9dition au-del\u00e0 d'un an - Tous les frais d'exp\u00e9dition vers\/depuis doivent \u00eatre pay\u00e9s par le client apr\u00e8s la premi\u00e8re ann\u00e9e.<\/li>\n<li>Piles - La dur\u00e9e de vie des piles d\u00e9pendant de l'utilisation et du traitement, nous ne pouvons pas couvrir les piles pour quelque dur\u00e9e que ce soit.<\/li>\n<li>Tout dommage ne r\u00e9sultant pas de l'exp\u00e9dition. IE abus, n\u00e9gligence, mauvaise utilisation ou accident.<\/li>\n<\/ul>\n<p>\u00a0<\/p>\n<p>Pour recevoir des pi\u00e8ces de rechange et des services, le client doit fournir une preuve de l'achat original avec une facture ou un num\u00e9ro de commande en ligne. Si la documentation originale n'est pas disponible, nous essaierons de confirmer l'achat par d'autres moyens.<\/p>\n<p>*En raison des co\u00fbts \u00e9lev\u00e9s d'exp\u00e9dition de nos produits, nous ne rempla\u00e7ons pas les unit\u00e9s enti\u00e8res en cas de d\u00e9fauts des composants d'\u00e9clairage, \u00e0 moins que le client ne paie les frais d'exp\u00e9dition et d'emballage.<\/p>\n<p>**La garantie \u00e0 vie ne s'applique qu'aux commandes pass\u00e9es apr\u00e8s le 1\/1\/12. Toutes les commandes pass\u00e9es avant 2012 b\u00e9n\u00e9ficient d'une garantie standard d'un an.<\/p>\n\t\t<\/div>\n\n\t\t\n<style>\n#section_1233870835 {\n  padding-top: 30px;\n  padding-bottom: 30px;\n}\n<\/style>\n\t<\/section>","protected":false},"excerpt":{"rendered":"","protected":false},"author":1,"featured_media":0,"parent":0,"menu_order":0,"comment_status":"closed","ping_status":"closed","template":"page-cart.php","meta":{"_acf_changed":false,"footnotes":""},"class_list":["post-968","page","type-page","status-publish","hentry"],"acf":[],"yoast_head":"<!-- This site is optimized with the Yoast SEO plugin v26.7 - https:\/\/yoast.com\/wordpress\/plugins\/seo\/ -->\n<title>Lifetime Warranty - Portable Bars by Customized Designs<\/title>\n<meta name=\"robots\" content=\"index, follow, max-snippet:-1, max-image-preview:large, max-video-preview:-1\" \/>\n<link rel=\"canonical\" href=\"https:\/\/www.portablebar.com\/fr_fr\/garantie-a-vie\/\" \/>\n<meta property=\"og:locale\" content=\"fr_FR\" \/>\n<meta property=\"og:type\" content=\"article\" \/>\n<meta property=\"og:title\" content=\"Lifetime Warranty - Portable Bars by Customized Designs\" \/>\n<meta property=\"og:url\" content=\"https:\/\/www.portablebar.com\/fr_fr\/garantie-a-vie\/\" \/>\n<meta property=\"og:site_name\" content=\"Portable Bars by Customized Designs\" \/>\n<meta property=\"article:modified_time\" content=\"2018-02-19T14:31:25+00:00\" \/>\n<meta property=\"og:image\" content=\"https:\/\/www.portablebar.com\/wp-content\/uploads\/2018\/02\/lifetime_warranty_seal_lg.jpg\" \/>\n<meta name=\"twitter:card\" content=\"summary_large_image\" \/>\n<meta name=\"twitter:label1\" content=\"Dur\u00e9e de lecture estim\u00e9e\" \/>\n\t<meta name=\"twitter:data1\" content=\"1 minute\" \/>\n<script type=\"application\/ld+json\" class=\"yoast-schema-graph\">{\"@context\":\"https:\/\/schema.org\",\"@graph\":[{\"@type\":\"WebPage\",\"@id\":\"https:\/\/www.portablebar.com\/fr_fr\/garantie-a-vie\/\",\"url\":\"https:\/\/www.portablebar.com\/fr_fr\/garantie-a-vie\/\",\"name\":\"Lifetime Warranty - Portable Bars by Customized Designs\",\"isPartOf\":{\"@id\":\"https:\/\/www.portablebar.com\/fr_fr\/#website\"},\"primaryImageOfPage\":{\"@id\":\"https:\/\/www.portablebar.com\/fr_fr\/garantie-a-vie\/#primaryimage\"},\"image\":{\"@id\":\"https:\/\/www.portablebar.com\/fr_fr\/garantie-a-vie\/#primaryimage\"},\"thumbnailUrl\":\"https:\/\/www.portablebar.com\/wp-content\/uploads\/2018\/02\/lifetime_warranty_seal_lg.jpg\",\"datePublished\":\"2018-02-05T20:10:51+00:00\",\"dateModified\":\"2018-02-19T14:31:25+00:00\",\"breadcrumb\":{\"@id\":\"https:\/\/www.portablebar.com\/fr_fr\/garantie-a-vie\/#breadcrumb\"},\"inLanguage\":\"fr-FR\",\"potentialAction\":[{\"@type\":\"ReadAction\",\"target\":[\"https:\/\/www.portablebar.com\/fr_fr\/garantie-a-vie\/\"]}]},{\"@type\":\"ImageObject\",\"inLanguage\":\"fr-FR\",\"@id\":\"https:\/\/www.portablebar.com\/fr_fr\/garantie-a-vie\/#primaryimage\",\"url\":\"https:\/\/www.portablebar.com\/wp-content\/uploads\/2018\/02\/lifetime_warranty_seal_lg.jpg\",\"contentUrl\":\"https:\/\/www.portablebar.com\/wp-content\/uploads\/2018\/02\/lifetime_warranty_seal_lg.jpg\"},{\"@type\":\"BreadcrumbList\",\"@id\":\"https:\/\/www.portablebar.com\/fr_fr\/garantie-a-vie\/#breadcrumb\",\"itemListElement\":[{\"@type\":\"ListItem\",\"position\":1,\"name\":\"Home\",\"item\":\"https:\/\/www.portablebar.com\/\"},{\"@type\":\"ListItem\",\"position\":2,\"name\":\"Lifetime Warranty\"}]},{\"@type\":\"WebSite\",\"@id\":\"https:\/\/www.portablebar.com\/fr_fr\/#website\",\"url\":\"https:\/\/www.portablebar.com\/fr_fr\/\",\"name\":\"Portable Bars by Customized Designs\",\"description\":\"\",\"potentialAction\":[{\"@type\":\"SearchAction\",\"target\":{\"@type\":\"EntryPoint\",\"urlTemplate\":\"https:\/\/www.portablebar.com\/fr_fr\/?s={search_term_string}\"},\"query-input\":{\"@type\":\"PropertyValueSpecification\",\"valueRequired\":true,\"valueName\":\"search_term_string\"}}],\"inLanguage\":\"fr-FR\"}]}<\/script>\n<!-- \/ Yoast SEO plugin. -->","yoast_head_json":{"title":"Garantie \u00e0 vie - Barres portables par Customized Designs","robots":{"index":"index","follow":"follow","max-snippet":"max-snippet:-1","max-image-preview":"max-image-preview:large","max-video-preview":"max-video-preview:-1"},"canonical":"https:\/\/www.portablebar.com\/fr_fr\/garantie-a-vie\/","og_locale":"fr_FR","og_type":"article","og_title":"Lifetime Warranty - Portable Bars by Customized Designs","og_url":"https:\/\/www.portablebar.com\/fr_fr\/garantie-a-vie\/","og_site_name":"Portable Bars by Customized Designs","article_modified_time":"2018-02-19T14:31:25+00:00","og_image":[{"url":"https:\/\/www.portablebar.com\/wp-content\/uploads\/2018\/02\/lifetime_warranty_seal_lg.jpg","type":"","width":"","height":""}],"twitter_card":"summary_large_image","twitter_misc":{"Dur\u00e9e de lecture estim\u00e9e":"1 minute"},"schema":{"@context":"https:\/\/schema.org","@graph":[{"@type":"WebPage","@id":"https:\/\/www.portablebar.com\/fr_fr\/garantie-a-vie\/","url":"https:\/\/www.portablebar.com\/fr_fr\/garantie-a-vie\/","name":"Garantie \u00e0 vie - Barres portables par Customized Designs","isPartOf":{"@id":"https:\/\/www.portablebar.com\/fr_fr\/#website"},"primaryImageOfPage":{"@id":"https:\/\/www.portablebar.com\/fr_fr\/garantie-a-vie\/#primaryimage"},"image":{"@id":"https:\/\/www.portablebar.com\/fr_fr\/garantie-a-vie\/#primaryimage"},"thumbnailUrl":"https:\/\/www.portablebar.com\/wp-content\/uploads\/2018\/02\/lifetime_warranty_seal_lg.jpg","datePublished":"2018-02-05T20:10:51+00:00","dateModified":"2018-02-19T14:31:25+00:00","breadcrumb":{"@id":"https:\/\/www.portablebar.com\/fr_fr\/garantie-a-vie\/#breadcrumb"},"inLanguage":"fr-FR","potentialAction":[{"@type":"ReadAction","target":["https:\/\/www.portablebar.com\/fr_fr\/garantie-a-vie\/"]}]},{"@type":"ImageObject","inLanguage":"fr-FR","@id":"https:\/\/www.portablebar.com\/fr_fr\/garantie-a-vie\/#primaryimage","url":"https:\/\/www.portablebar.com\/wp-content\/uploads\/2018\/02\/lifetime_warranty_seal_lg.jpg","contentUrl":"https:\/\/www.portablebar.com\/wp-content\/uploads\/2018\/02\/lifetime_warranty_seal_lg.jpg"},{"@type":"BreadcrumbList","@id":"https:\/\/www.portablebar.com\/fr_fr\/garantie-a-vie\/#breadcrumb","itemListElement":[{"@type":"ListItem","position":1,"name":"Home","item":"https:\/\/www.portablebar.com\/"},{"@type":"ListItem","position":2,"name":"Lifetime Warranty"}]},{"@type":"WebSite","@id":"https:\/\/www.portablebar.com\/fr_fr\/#website","url":"https:\/\/www.portablebar.com\/fr_fr\/","name":"Bars portables par Customized Designs","description":"","potentialAction":[{"@type":"SearchAction","target":{"@type":"EntryPoint","urlTemplate":"https:\/\/www.portablebar.com\/fr_fr\/?s={search_term_string}"},"query-input":{"@type":"PropertyValueSpecification","valueRequired":true,"valueName":"search_term_string"}}],"inLanguage":"fr-FR"}]}},"_links":{"self":[{"href":"https:\/\/www.portablebar.com\/fr_fr\/wp-json\/wp\/v2\/pages\/968","targetHints":{"allow":["GET"]}}],"collection":[{"href":"https:\/\/www.portablebar.com\/fr_fr\/wp-json\/wp\/v2\/pages"}],"about":[{"href":"https:\/\/www.portablebar.com\/fr_fr\/wp-json\/wp\/v2\/types\/page"}],"author":[{"embeddable":true,"href":"https:\/\/www.portablebar.com\/fr_fr\/wp-json\/wp\/v2\/users\/1"}],"replies":[{"embeddable":true,"href":"https:\/\/www.portablebar.com\/fr_fr\/wp-json\/wp\/v2\/comments?post=968"}],"version-history":[{"count":0,"href":"https:\/\/www.portablebar.com\/fr_fr\/wp-json\/wp\/v2\/pages\/968\/revisions"}],"wp:attachment":[{"href":"https:\/\/www.portablebar.com\/fr_fr\/wp-json\/wp\/v2\/media?parent=968"}],"curies":[{"name":"wp","href":"https:\/\/api.w.org\/{rel}","templated":true}]}}