{"id":8865,"date":"2018-07-28T11:35:24","date_gmt":"2018-07-28T17:35:24","guid":{"rendered":"https:\/\/www.portablebar.com\/?page_id=8865"},"modified":"2025-05-22T16:00:46","modified_gmt":"2025-05-22T20:00:46","slug":"expedition-internationale","status":"publish","type":"page","link":"https:\/\/www.portablebar.com\/fr_fr\/expedition-internationale\/","title":{"rendered":"Exp\u00e9dition internationale"},"content":{"rendered":"<style>\r\n.page-title-inner.flex-row.medium-flex-wrap.container {\r\n    display: none;\r\n}\r\n\r\n<\/style>\n\n\t<section class=\"section\" id=\"section_1972215169\">\n\t\t<div class=\"section-bg fill\" >\n\t\t\t\t\t\t\t\t\t\n\t\t\t\n\n\t\t<\/div>\n\n\t\t\n\n\t\t<div class=\"section-content relative\">\n\t\t\t\n<h1 style=\"text-align: center;\"><span style=\"font-size: 120%;\">Exp\u00e9dition internationale<\/span><\/h1>\n<p data-pm-slice=\"1 1 []\"><strong>Livrez-vous en dehors des \u00c9tats-Unis ?<\/strong> <br \/>Oui ! Nous proposons d\u00e9sormais des services d'exp\u00e9dition internationale vers presque tous les pays du monde, y compris des services de transport terrestre vers l'Alaska, le Canada et le Mexique, ainsi que des services de transport maritime pour Hawa\u00ef et d'autres destinations internationales.<\/p>\n<p><strong>Quels sont les modes d'exp\u00e9dition propos\u00e9s pour les commandes internationales ?<\/strong> <br \/>Pour les envois internationaux, nous fournissons :<br \/><strong style=\"font-size: 14.4px;\">- Porte-\u00e0-porte (D2D)<\/strong><span style=\"font-size: 14.4px;\"> service : Livr\u00e9 directement \u00e0 l'endroit indiqu\u00e9.<br \/><\/span><strong style=\"font-size: 14.4px;\">- Porte-\u00e0-porte (D2P)<\/strong><span style=\"font-size: 14.4px;\"> service : Livraison au port le plus proche, o\u00f9 vous pouvez organiser l'enl\u00e8vement.<\/span><\/p>\n<p><strong>Quel est le d\u00e9lai de livraison pour les envois internationaux ?<\/strong> <br \/>Les d\u00e9lais d'acheminement varient consid\u00e9rablement en fonction de la destination et de la distance. En g\u00e9n\u00e9ral, les exp\u00e9ditions par fret maritime prennent environ 15 \u00e0 30 jours. Ce d\u00e9lai n'inclut pas les d\u00e9lais de fabrication.<\/p>\n<p><strong>Les devis d'exp\u00e9dition incluent-ils tous les frais ?<\/strong> <br \/>Nos devis de fret couvrent l'exp\u00e9dition de porte \u00e0 porte (D2D) ou de porte \u00e0 port (D2P), mais ne comprennent pas les frais de destination, les droits de douane, les taxes, les frais d'entreposage ou les frais d'examen. Ces frais suppl\u00e9mentaires sont \u00e0 la charge de l'acheteur.<\/p>\n<p><strong>Puis-je organiser mon propre envoi ?<\/strong> <br \/>Absolument ! Si vous pr\u00e9f\u00e9rez, vous pouvez organiser votre propre exp\u00e9dition de fret. Dans ce cas, nos tarifs standard d'exp\u00e9dition de fret national s'appliqueront pour exp\u00e9dier votre commande au transitaire de votre choix.<\/p>\n<p><strong>Qu'en est-il des droits et taxes ?<\/strong> <br \/>Les droits, taxes et autres frais li\u00e9s \u00e0 l'importation sont \u00e0 la charge exclusive de l'acheteur. Nous ne sommes pas en mesure de fournir une estimation de ces frais, car ils varient consid\u00e9rablement d'un pays \u00e0 l'autre et en fonction des sp\u00e9cificit\u00e9s de l'exp\u00e9dition.<\/p>\n<p><strong>Comment payer les commandes internationales ?<\/strong> <br \/>Toutes les commandes internationales doivent \u00eatre pay\u00e9es par virement bancaire.<\/p>\n<p><strong>La garantie est-elle valable au niveau international ?<\/strong> <br \/>Oui, les produits exp\u00e9di\u00e9s \u00e0 l'\u00e9tranger b\u00e9n\u00e9ficient de la m\u00eame couverture de garantie que les produits exp\u00e9di\u00e9s aux \u00c9tats-Unis. Toutefois, veuillez noter que nous ne couvrons pas les frais d'exp\u00e9dition des pi\u00e8ces de rechange, quelle que soit la raison du remplacement.<\/p>\n\t\t<\/div>\n\n\t\t\n<style>\n#section_1972215169 {\n  padding-top: 30px;\n  padding-bottom: 30px;\n}\n<\/style>\n\t<\/section>","protected":false},"excerpt":{"rendered":"","protected":false},"author":1,"featured_media":0,"parent":0,"menu_order":0,"comment_status":"closed","ping_status":"closed","template":"page-cart.php","meta":{"_acf_changed":false,"footnotes":""},"class_list":["post-8865","page","type-page","status-publish","hentry"],"acf":[],"yoast_head":"<!-- This site is optimized with the Yoast SEO plugin v26.7 - https:\/\/yoast.com\/wordpress\/plugins\/seo\/ -->\n<title>International Shipping - Portable Bars by Customized Designs<\/title>\n<meta name=\"robots\" content=\"index, follow, max-snippet:-1, max-image-preview:large, max-video-preview:-1\" \/>\n<link rel=\"canonical\" href=\"https:\/\/www.portablebar.com\/fr_fr\/expedition-internationale\/\" \/>\n<meta property=\"og:locale\" content=\"fr_FR\" \/>\n<meta property=\"og:type\" content=\"article\" \/>\n<meta property=\"og:title\" content=\"International Shipping - Portable Bars by Customized Designs\" \/>\n<meta property=\"og:url\" content=\"https:\/\/www.portablebar.com\/fr_fr\/expedition-internationale\/\" \/>\n<meta property=\"og:site_name\" content=\"Portable Bars by Customized Designs\" \/>\n<meta property=\"article:modified_time\" content=\"2025-05-22T20:00:46+00:00\" \/>\n<meta name=\"twitter:card\" content=\"summary_large_image\" \/>\n<meta name=\"twitter:label1\" content=\"Dur\u00e9e de lecture estim\u00e9e\" \/>\n\t<meta name=\"twitter:data1\" content=\"1 minute\" \/>\n<script type=\"application\/ld+json\" class=\"yoast-schema-graph\">{\"@context\":\"https:\/\/schema.org\",\"@graph\":[{\"@type\":\"WebPage\",\"@id\":\"https:\/\/www.portablebar.com\/fr_fr\/expedition-internationale\/\",\"url\":\"https:\/\/www.portablebar.com\/fr_fr\/expedition-internationale\/\",\"name\":\"International Shipping - Portable Bars by Customized Designs\",\"isPartOf\":{\"@id\":\"https:\/\/www.portablebar.com\/fr_fr\/#website\"},\"datePublished\":\"2018-07-28T17:35:24+00:00\",\"dateModified\":\"2025-05-22T20:00:46+00:00\",\"breadcrumb\":{\"@id\":\"https:\/\/www.portablebar.com\/fr_fr\/expedition-internationale\/#breadcrumb\"},\"inLanguage\":\"fr-FR\",\"potentialAction\":[{\"@type\":\"ReadAction\",\"target\":[\"https:\/\/www.portablebar.com\/fr_fr\/expedition-internationale\/\"]}]},{\"@type\":\"BreadcrumbList\",\"@id\":\"https:\/\/www.portablebar.com\/fr_fr\/expedition-internationale\/#breadcrumb\",\"itemListElement\":[{\"@type\":\"ListItem\",\"position\":1,\"name\":\"Home\",\"item\":\"https:\/\/www.portablebar.com\/\"},{\"@type\":\"ListItem\",\"position\":2,\"name\":\"International Shipping\"}]},{\"@type\":\"WebSite\",\"@id\":\"https:\/\/www.portablebar.com\/fr_fr\/#website\",\"url\":\"https:\/\/www.portablebar.com\/fr_fr\/\",\"name\":\"Portable Bars by Customized Designs\",\"description\":\"\",\"potentialAction\":[{\"@type\":\"SearchAction\",\"target\":{\"@type\":\"EntryPoint\",\"urlTemplate\":\"https:\/\/www.portablebar.com\/fr_fr\/?s={search_term_string}\"},\"query-input\":{\"@type\":\"PropertyValueSpecification\",\"valueRequired\":true,\"valueName\":\"search_term_string\"}}],\"inLanguage\":\"fr-FR\"}]}<\/script>\n<!-- \/ Yoast SEO plugin. -->","yoast_head_json":{"title":"Exp\u00e9dition internationale - Barres portables par Customized Designs","robots":{"index":"index","follow":"follow","max-snippet":"max-snippet:-1","max-image-preview":"max-image-preview:large","max-video-preview":"max-video-preview:-1"},"canonical":"https:\/\/www.portablebar.com\/fr_fr\/expedition-internationale\/","og_locale":"fr_FR","og_type":"article","og_title":"International Shipping - Portable Bars by Customized Designs","og_url":"https:\/\/www.portablebar.com\/fr_fr\/expedition-internationale\/","og_site_name":"Portable Bars by Customized Designs","article_modified_time":"2025-05-22T20:00:46+00:00","twitter_card":"summary_large_image","twitter_misc":{"Dur\u00e9e de lecture estim\u00e9e":"1 minute"},"schema":{"@context":"https:\/\/schema.org","@graph":[{"@type":"WebPage","@id":"https:\/\/www.portablebar.com\/fr_fr\/expedition-internationale\/","url":"https:\/\/www.portablebar.com\/fr_fr\/expedition-internationale\/","name":"Exp\u00e9dition internationale - Barres portables par Customized Designs","isPartOf":{"@id":"https:\/\/www.portablebar.com\/fr_fr\/#website"},"datePublished":"2018-07-28T17:35:24+00:00","dateModified":"2025-05-22T20:00:46+00:00","breadcrumb":{"@id":"https:\/\/www.portablebar.com\/fr_fr\/expedition-internationale\/#breadcrumb"},"inLanguage":"fr-FR","potentialAction":[{"@type":"ReadAction","target":["https:\/\/www.portablebar.com\/fr_fr\/expedition-internationale\/"]}]},{"@type":"BreadcrumbList","@id":"https:\/\/www.portablebar.com\/fr_fr\/expedition-internationale\/#breadcrumb","itemListElement":[{"@type":"ListItem","position":1,"name":"Home","item":"https:\/\/www.portablebar.com\/"},{"@type":"ListItem","position":2,"name":"International Shipping"}]},{"@type":"WebSite","@id":"https:\/\/www.portablebar.com\/fr_fr\/#website","url":"https:\/\/www.portablebar.com\/fr_fr\/","name":"Bars portables par Customized Designs","description":"","potentialAction":[{"@type":"SearchAction","target":{"@type":"EntryPoint","urlTemplate":"https:\/\/www.portablebar.com\/fr_fr\/?s={search_term_string}"},"query-input":{"@type":"PropertyValueSpecification","valueRequired":true,"valueName":"search_term_string"}}],"inLanguage":"fr-FR"}]}},"_links":{"self":[{"href":"https:\/\/www.portablebar.com\/fr_fr\/wp-json\/wp\/v2\/pages\/8865","targetHints":{"allow":["GET"]}}],"collection":[{"href":"https:\/\/www.portablebar.com\/fr_fr\/wp-json\/wp\/v2\/pages"}],"about":[{"href":"https:\/\/www.portablebar.com\/fr_fr\/wp-json\/wp\/v2\/types\/page"}],"author":[{"embeddable":true,"href":"https:\/\/www.portablebar.com\/fr_fr\/wp-json\/wp\/v2\/users\/1"}],"replies":[{"embeddable":true,"href":"https:\/\/www.portablebar.com\/fr_fr\/wp-json\/wp\/v2\/comments?post=8865"}],"version-history":[{"count":0,"href":"https:\/\/www.portablebar.com\/fr_fr\/wp-json\/wp\/v2\/pages\/8865\/revisions"}],"wp:attachment":[{"href":"https:\/\/www.portablebar.com\/fr_fr\/wp-json\/wp\/v2\/media?parent=8865"}],"curies":[{"name":"wp","href":"https:\/\/api.w.org\/{rel}","templated":true}]}}