{"id":3683,"date":"2018-02-10T16:19:25","date_gmt":"2018-02-10T23:19:25","guid":{"rendered":"https:\/\/www.portablebar.com\/woo\/?page_id=3683"},"modified":"2018-02-10T16:19:25","modified_gmt":"2018-02-10T23:19:25","slug":"politique-de-confidentialite","status":"publish","type":"page","link":"https:\/\/www.portablebar.com\/fr_fr\/politique-de-confidentialite\/","title":{"rendered":"Politique de confidentialit\u00e9"},"content":{"rendered":"<div id=\"div_articleid_5\"><strong>Quelles sont les informations que nous recueillons ?<\/strong><\/p>\n<ul>\n<li>Nous recueillons des informations aupr\u00e8s de vous lorsque vous vous inscrivez sur le site, passez une commande, participez \u00e0 un concours ou \u00e0 une loterie, r\u00e9pondez \u00e0 une enqu\u00eate ou \u00e0 une communication telle qu'un courrier \u00e9lectronique, ou participez \u00e0 une autre fonction du site.<\/li>\n<li>Lors de la commande ou de l'enregistrement, nous pouvons vous demander votre nom, votre adresse \u00e9lectronique, votre adresse postale, votre num\u00e9ro de t\u00e9l\u00e9phone, des informations sur votre carte de cr\u00e9dit ou d'autres informations. Vous pouvez toutefois visiter notre site de mani\u00e8re anonyme.<\/li>\n<li>Nous recueillons \u00e9galement des informations sur les destinataires des cadeaux afin de pouvoir honorer l'achat du cadeau. Les informations que nous recueillons sur les destinataires des cadeaux ne sont pas utilis\u00e9es \u00e0 des fins de marketing.<\/li>\n<li>Comme de nombreux sites web, nous utilisons des \"cookies\" pour am\u00e9liorer votre exp\u00e9rience et recueillir des informations sur les visiteurs et les visites de nos sites web. Veuillez vous reporter \u00e0 la section \"Utilisons-nous des 'cookies' ?\" ci-dessous pour obtenir des informations sur les cookies et la mani\u00e8re dont nous les utilisons.<\/li>\n<\/ul>\n<p><strong>Comment utilisons-nous vos informations ?<\/strong><br \/>\nNous pouvons utiliser les informations que nous recueillons aupr\u00e8s de vous lorsque vous vous inscrivez, achetez des produits, participez \u00e0 un concours ou \u00e0 une promotion, r\u00e9pondez \u00e0 une enqu\u00eate ou \u00e0 une communication marketing, naviguez sur le site web ou utilisez certaines autres fonctions du site de la mani\u00e8re suivante :<\/p>\n<ul>\n<li>Pour personnaliser votre exp\u00e9rience sur le site et nous permettre de vous proposer le type de contenu et d'offres de produits qui vous int\u00e9ressent le plus.<\/li>\n<li>Pour nous permettre de mieux vous servir en r\u00e9pondant \u00e0 vos demandes de service \u00e0 la client\u00e8le.<\/li>\n<li>Pour traiter rapidement vos transactions.<\/li>\n<li>Pour administrer un concours, une promotion, une enqu\u00eate ou une autre fonction du site.<\/li>\n<li>Si vous avez choisi de recevoir notre lettre d'information par courrier \u00e9lectronique, nous pouvons vous envoyer des courriers \u00e9lectroniques p\u00e9riodiques. Si vous ne souhaitez plus recevoir d'e-mails promotionnels de notre part, veuillez vous reporter \u00e0 la section \"Comment pouvez-vous refuser, supprimer ou modifier les informations que vous nous avez fournies ? Si vous n'avez pas choisi de recevoir des bulletins d'information par courrier \u00e9lectronique, vous ne recevrez pas ces courriers. Les visiteurs qui s'inscrivent ou participent \u00e0 d'autres fonctions du site, telles que les programmes de marketing et le contenu r\u00e9serv\u00e9 aux membres, auront la possibilit\u00e9 de choisir s'ils souhaitent figurer sur notre liste d'adresses \u00e9lectroniques et recevoir des communications par courrier \u00e9lectronique de notre part.<\/li>\n<\/ul>\n<p><strong>Comment prot\u00e9geons-nous les informations relatives aux visiteurs ?<\/strong><br \/>\nNous mettons en \u0153uvre une s\u00e9rie de mesures de s\u00e9curit\u00e9 pour pr\u00e9server la s\u00e9curit\u00e9 de vos informations personnelles. Vos informations personnelles sont conserv\u00e9es dans des r\u00e9seaux s\u00e9curis\u00e9s et ne sont accessibles qu'\u00e0 un nombre limit\u00e9 de personnes disposant de droits d'acc\u00e8s sp\u00e9ciaux \u00e0 ces syst\u00e8mes et tenues de pr\u00e9server la confidentialit\u00e9 de ces informations. Lorsque vous passez des commandes ou acc\u00e9dez \u00e0 vos informations personnelles, nous vous proposons d'utiliser un serveur s\u00e9curis\u00e9. Toutes les informations sensibles\/de cr\u00e9dit que vous fournissez sont transmises via la technologie Secure Socket Layer (SSL) et ensuite crypt\u00e9es dans nos bases de donn\u00e9es pour n'\u00eatre accessibles que comme indiqu\u00e9 ci-dessus.<\/p>\n<p><strong>Utilisons-nous des \"cookies\" ?<\/strong><br \/>\nOui. Les cookies sont de petits fichiers qu'un site ou son fournisseur de services transf\u00e8re sur le disque dur de votre ordinateur par l'interm\u00e9diaire de votre navigateur Web (si vous l'autorisez) et qui permet aux syst\u00e8mes du site ou du fournisseur de services de reconna\u00eetre votre navigateur et de capturer et m\u00e9moriser certaines informations. Par exemple, nous utilisons des cookies pour nous aider \u00e0 m\u00e9moriser et \u00e0 traiter les articles de votre panier d'achat. Ils sont \u00e9galement utilis\u00e9s pour nous aider \u00e0 comprendre vos pr\u00e9f\u00e9rences en fonction de vos activit\u00e9s ant\u00e9rieures ou actuelles sur le site, ce qui nous permet de vous fournir des services am\u00e9lior\u00e9s. Nous utilisons \u00e9galement des cookies pour nous aider \u00e0 compiler des donn\u00e9es globales sur le trafic et l'interaction sur le site afin de pouvoir offrir de meilleures exp\u00e9riences et de meilleurs outils \u00e0 l'avenir.<\/p>\n<p>Nous pouvons faire appel \u00e0 des prestataires de services tiers pour nous aider \u00e0 mieux comprendre les visiteurs de notre site. Ces prestataires de services ne sont pas autoris\u00e9s \u00e0 utiliser les informations collect\u00e9es en notre nom, sauf pour nous aider \u00e0 mener et \u00e0 am\u00e9liorer nos activit\u00e9s.<\/p>\n<p>Vous pouvez choisir que votre ordinateur vous avertisse chaque fois qu'un cookie est envoy\u00e9, ou vous pouvez choisir de d\u00e9sactiver tous les cookies. Pour ce faire, vous pouvez utiliser les param\u00e8tres de votre navigateur (comme Netscape Navigator ou Internet Explorer). Chaque navigateur \u00e9tant l\u00e9g\u00e8rement diff\u00e9rent, consultez le menu d'aide de votre navigateur pour conna\u00eetre la mani\u00e8re correcte de modifier vos cookies. Si vous d\u00e9sactivez les cookies, vous n'aurez pas acc\u00e8s \u00e0 de nombreuses fonctions qui rendent votre exp\u00e9rience du site plus efficace et certains de nos services ne fonctionneront pas correctement. Toutefois, vous pouvez toujours passer des commandes par t\u00e9l\u00e9phone en contactant le service client\u00e8le.<\/p>\n<p><strong>Les informations que nous recueillons sont-elles divulgu\u00e9es \u00e0 des tiers ?<\/strong><br \/>\nNous ne vendons pas, n'\u00e9changeons pas et ne transf\u00e9rons pas de quelque mani\u00e8re que ce soit \u00e0 des tiers vos informations personnelles identifiables, sauf si nous vous en informons \u00e0 l'avance, \u00e0 l'exception des cas d\u00e9crits ci-dessous. Le terme \"parties ext\u00e9rieures\" n'inclut pas Customized Designs. Il n'inclut pas non plus les partenaires d'h\u00e9bergement du site Web et les autres parties qui nous aident \u00e0 exploiter notre site Web, \u00e0 mener nos activit\u00e9s ou \u00e0 vous servir, pour autant que ces parties acceptent de garder ces informations confidentielles. Nous pouvons \u00e9galement divulguer vos informations lorsque nous pensons qu'il est appropri\u00e9 de le faire pour se conformer \u00e0 la loi, appliquer les politiques de notre site ou prot\u00e9ger nos droits, notre propri\u00e9t\u00e9 ou notre s\u00e9curit\u00e9, ou ceux d'autres personnes.<\/p>\n<p>Pour supprimer de notre base de donn\u00e9es toutes les informations relatives \u00e0 votre compte en ligne, connectez-vous \u00e0 la section \"Mon compte\" de notre site et supprimez vos adresses de livraison, de facturation et de paiement. Veuillez noter que nous pouvons conserver des informations sur une transaction de vente individuelle afin d'assurer le service de cette transaction et de conserver des archives.<\/p><\/div>\n<div><\/div>\n<div><strong>Images<\/strong><\/div>\n<div>Nous nous r\u00e9servons le droit de prendre et de publier des photos des produits que nous fabriquons. Ces photos peuvent inclure des informations d'identification sur vous ou votre entreprise (site web, pages de m\u00e9dias sociaux, etc...) Si vous ne souhaitez pas que ces photos apparaissent sur notre site, veuillez nous contacter.<\/p>\n<p><strong>Liens avec des tiers<\/strong><br \/>\nDans le but de vous offrir une valeur ajout\u00e9e, nous pouvons inclure des liens vers des sites tiers sur notre site. Ces sites ont des politiques de confidentialit\u00e9 distinctes et ind\u00e9pendantes. Nous ne sommes donc pas responsables du contenu et des activit\u00e9s de ces sites. N\u00e9anmoins, nous cherchons \u00e0 prot\u00e9ger l'int\u00e9grit\u00e9 de notre site et nous accueillons volontiers tout commentaire sur ces sites li\u00e9s (y compris si un lien sp\u00e9cifique ne fonctionne pas).<\/p>\n<p><strong>Questions et commentaires<\/strong><br \/>\nVos questions, commentaires et pr\u00e9occupations concernant la protection de la vie priv\u00e9e sont les bienvenus. N'h\u00e9sitez pas \u00e0 nous faire part de vos commentaires sur la protection de la vie priv\u00e9e ou sur tout autre sujet.<\/p>\n<p><strong>Politique en ligne uniquement<\/strong><br \/>\nCette politique de confidentialit\u00e9 en ligne ne s'applique qu'aux informations collect\u00e9es sur notre site web et non aux informations collect\u00e9es hors ligne.<\/p>\n<p><strong>Conditions g\u00e9n\u00e9rales d'utilisation<\/strong><br \/>\nVeuillez \u00e9galement consulter notre\u00a0<a href=\"https:\/\/www.portablebar.com\/fr_fr\/conditions-generales\/\">Conditions g\u00e9n\u00e9rales d'utilisation<\/a>\u00a0section \u00e9tablissant l'utilisation, les clauses de non-responsabilit\u00e9 et les limitations de responsabilit\u00e9 r\u00e9gissant l'utilisation de notre site web.<\/p>\n<p><strong>Votre consentement<\/strong><br \/>\nEn utilisant notre site, vous acceptez notre politique de confidentialit\u00e9.<\/div>","protected":false},"excerpt":{"rendered":"<p>Quelles sont les informations que nous recueillons ? Nous recueillons des informations aupr\u00e8s de vous lorsque vous vous inscrivez sur le site, passez une commande, participez \u00e0 un concours ou \u00e0 une loterie, r\u00e9pondez \u00e0 une enqu\u00eate ou \u00e0 une communication telle qu'un courrier \u00e9lectronique, ou participez \u00e0 une autre fonction du site. Lors d'une commande ou d'une inscription, nous pouvons vous demander votre nom, votre adresse \u00e9lectronique, votre adresse postale, votre num\u00e9ro de t\u00e9l\u00e9phone, votre adresse postale, votre num\u00e9ro de t\u00e9l\u00e9phone et votre adresse \u00e9lectronique.<\/p>","protected":false},"author":1,"featured_media":0,"parent":0,"menu_order":0,"comment_status":"closed","ping_status":"closed","template":"","meta":{"_acf_changed":false,"footnotes":""},"class_list":["post-3683","page","type-page","status-publish","hentry"],"acf":[],"yoast_head":"<!-- This site is optimized with the Yoast SEO plugin v26.7 - https:\/\/yoast.com\/wordpress\/plugins\/seo\/ -->\n<title>Privacy Policy - Portable Bars by Customized Designs<\/title>\n<meta name=\"description\" content=\"What information do we collect? We collect information from you when you register on the site, place an order, enter a contest or sweepstakes, respond to\" \/>\n<meta name=\"robots\" content=\"index, follow, max-snippet:-1, max-image-preview:large, max-video-preview:-1\" \/>\n<link rel=\"canonical\" href=\"https:\/\/www.portablebar.com\/fr_fr\/politique-de-confidentialite\/\" \/>\n<meta property=\"og:locale\" content=\"fr_FR\" \/>\n<meta property=\"og:type\" content=\"article\" \/>\n<meta property=\"og:title\" content=\"Privacy Policy - Portable Bars by Customized Designs\" \/>\n<meta property=\"og:description\" content=\"What information do we collect? We collect information from you when you register on the site, place an order, enter a contest or sweepstakes, respond to\" \/>\n<meta property=\"og:url\" content=\"https:\/\/www.portablebar.com\/fr_fr\/politique-de-confidentialite\/\" \/>\n<meta property=\"og:site_name\" content=\"Portable Bars by Customized Designs\" \/>\n<meta name=\"twitter:card\" content=\"summary_large_image\" \/>\n<meta name=\"twitter:label1\" content=\"Dur\u00e9e de lecture estim\u00e9e\" \/>\n\t<meta name=\"twitter:data1\" content=\"5 minutes\" \/>\n<script type=\"application\/ld+json\" class=\"yoast-schema-graph\">{\"@context\":\"https:\/\/schema.org\",\"@graph\":[{\"@type\":\"WebPage\",\"@id\":\"https:\/\/www.portablebar.com\/fr_fr\/politique-de-confidentialite\/\",\"url\":\"https:\/\/www.portablebar.com\/fr_fr\/politique-de-confidentialite\/\",\"name\":\"Privacy Policy - Portable Bars by Customized Designs\",\"isPartOf\":{\"@id\":\"https:\/\/www.portablebar.com\/fr_fr\/#website\"},\"datePublished\":\"2018-02-10T23:19:25+00:00\",\"description\":\"What information do we collect? We collect information from you when you register on the site, place an order, enter a contest or sweepstakes, respond to\",\"breadcrumb\":{\"@id\":\"https:\/\/www.portablebar.com\/fr_fr\/politique-de-confidentialite\/#breadcrumb\"},\"inLanguage\":\"fr-FR\",\"potentialAction\":[{\"@type\":\"ReadAction\",\"target\":[\"https:\/\/www.portablebar.com\/fr_fr\/politique-de-confidentialite\/\"]}]},{\"@type\":\"BreadcrumbList\",\"@id\":\"https:\/\/www.portablebar.com\/fr_fr\/politique-de-confidentialite\/#breadcrumb\",\"itemListElement\":[{\"@type\":\"ListItem\",\"position\":1,\"name\":\"Home\",\"item\":\"https:\/\/www.portablebar.com\/\"},{\"@type\":\"ListItem\",\"position\":2,\"name\":\"Privacy Policy\"}]},{\"@type\":\"WebSite\",\"@id\":\"https:\/\/www.portablebar.com\/fr_fr\/#website\",\"url\":\"https:\/\/www.portablebar.com\/fr_fr\/\",\"name\":\"Portable Bars by Customized Designs\",\"description\":\"\",\"potentialAction\":[{\"@type\":\"SearchAction\",\"target\":{\"@type\":\"EntryPoint\",\"urlTemplate\":\"https:\/\/www.portablebar.com\/fr_fr\/?s={search_term_string}\"},\"query-input\":{\"@type\":\"PropertyValueSpecification\",\"valueRequired\":true,\"valueName\":\"search_term_string\"}}],\"inLanguage\":\"fr-FR\"}]}<\/script>\n<!-- \/ Yoast SEO plugin. -->","yoast_head_json":{"title":"Politique de confidentialit\u00e9 - Portable Bars by Customized Designs","description":"Quelles sont les informations que nous recueillons ? Nous recueillons des informations aupr\u00e8s de vous lorsque vous vous inscrivez sur le site, passez une commande, participez \u00e0 un concours ou \u00e0 une loterie, r\u00e9pondez \u00e0 une demande d'information, etc.","robots":{"index":"index","follow":"follow","max-snippet":"max-snippet:-1","max-image-preview":"max-image-preview:large","max-video-preview":"max-video-preview:-1"},"canonical":"https:\/\/www.portablebar.com\/fr_fr\/politique-de-confidentialite\/","og_locale":"fr_FR","og_type":"article","og_title":"Privacy Policy - Portable Bars by Customized Designs","og_description":"What information do we collect? We collect information from you when you register on the site, place an order, enter a contest or sweepstakes, respond to","og_url":"https:\/\/www.portablebar.com\/fr_fr\/politique-de-confidentialite\/","og_site_name":"Portable Bars by Customized Designs","twitter_card":"summary_large_image","twitter_misc":{"Dur\u00e9e de lecture estim\u00e9e":"5 minutes"},"schema":{"@context":"https:\/\/schema.org","@graph":[{"@type":"WebPage","@id":"https:\/\/www.portablebar.com\/fr_fr\/politique-de-confidentialite\/","url":"https:\/\/www.portablebar.com\/fr_fr\/politique-de-confidentialite\/","name":"Politique de confidentialit\u00e9 - Portable Bars by Customized Designs","isPartOf":{"@id":"https:\/\/www.portablebar.com\/fr_fr\/#website"},"datePublished":"2018-02-10T23:19:25+00:00","description":"Quelles sont les informations que nous recueillons ? Nous recueillons des informations aupr\u00e8s de vous lorsque vous vous inscrivez sur le site, passez une commande, participez \u00e0 un concours ou \u00e0 une loterie, r\u00e9pondez \u00e0 une demande d'information, etc.","breadcrumb":{"@id":"https:\/\/www.portablebar.com\/fr_fr\/politique-de-confidentialite\/#breadcrumb"},"inLanguage":"fr-FR","potentialAction":[{"@type":"ReadAction","target":["https:\/\/www.portablebar.com\/fr_fr\/politique-de-confidentialite\/"]}]},{"@type":"BreadcrumbList","@id":"https:\/\/www.portablebar.com\/fr_fr\/politique-de-confidentialite\/#breadcrumb","itemListElement":[{"@type":"ListItem","position":1,"name":"Home","item":"https:\/\/www.portablebar.com\/"},{"@type":"ListItem","position":2,"name":"Privacy Policy"}]},{"@type":"WebSite","@id":"https:\/\/www.portablebar.com\/fr_fr\/#website","url":"https:\/\/www.portablebar.com\/fr_fr\/","name":"Bars portables par Customized Designs","description":"","potentialAction":[{"@type":"SearchAction","target":{"@type":"EntryPoint","urlTemplate":"https:\/\/www.portablebar.com\/fr_fr\/?s={search_term_string}"},"query-input":{"@type":"PropertyValueSpecification","valueRequired":true,"valueName":"search_term_string"}}],"inLanguage":"fr-FR"}]}},"_links":{"self":[{"href":"https:\/\/www.portablebar.com\/fr_fr\/wp-json\/wp\/v2\/pages\/3683","targetHints":{"allow":["GET"]}}],"collection":[{"href":"https:\/\/www.portablebar.com\/fr_fr\/wp-json\/wp\/v2\/pages"}],"about":[{"href":"https:\/\/www.portablebar.com\/fr_fr\/wp-json\/wp\/v2\/types\/page"}],"author":[{"embeddable":true,"href":"https:\/\/www.portablebar.com\/fr_fr\/wp-json\/wp\/v2\/users\/1"}],"replies":[{"embeddable":true,"href":"https:\/\/www.portablebar.com\/fr_fr\/wp-json\/wp\/v2\/comments?post=3683"}],"version-history":[{"count":0,"href":"https:\/\/www.portablebar.com\/fr_fr\/wp-json\/wp\/v2\/pages\/3683\/revisions"}],"wp:attachment":[{"href":"https:\/\/www.portablebar.com\/fr_fr\/wp-json\/wp\/v2\/media?parent=3683"}],"curies":[{"name":"wp","href":"https:\/\/api.w.org\/{rel}","templated":true}]}}