{"id":3442,"date":"2018-02-10T09:49:49","date_gmt":"2018-02-10T16:49:49","guid":{"rendered":"https:\/\/www.portablebar.com\/woo\/?page_id=3442"},"modified":"2021-01-30T07:49:24","modified_gmt":"2021-01-30T12:49:24","slug":"telechargement-du-logo","status":"publish","type":"page","link":"https:\/\/www.portablebar.com\/fr_fr\/telechargement-du-logo\/","title":{"rendered":"T\u00e9l\u00e9chargement du logo"},"content":{"rendered":"<style>\r\n.page-title-inner.flex-row.medium-flex-wrap.container {\r\n    display: none;\r\n}\r\n\r\n<\/style>\n\t<div id=\"gap-297240009\" class=\"gap-element clearfix\" style=\"display:block; height:auto;\">\n\t\t\n<style>\n#gap-297240009 {\n  padding-top: 30px;\n}\n<\/style>\n\t<\/div>\n\t\n<h2 class=\"uppercase\" style=\"text-align: center;\"><span style=\"color: #4b4b4b;\"><strong><span style=\"font-size: 120%;\">SOUMISSION DE LOGO<\/span><\/strong><\/span><\/h2>\n<p class=\"thin-font\" style=\"text-align: center;\"><b>Vous n'avez pas encore de graphique ? Pas de probl\u00e8me ! Nous pouvons vous aider \u00e0 en cr\u00e9er un ou vous pouvez choisir parmi des millions de graphiques en stock gratuitement ! Voir les d\u00e9tails sous le formulaire.<\/b><\/p>\n<p style=\"text-align: center;\"><strong>Remarque : <\/strong>Lorsque vous soumettez des logos d'\u00e9quipes sportives ou de marques de boissons alcoolis\u00e9es, veuillez pr\u00e9ciser la version du logo que vous pr\u00e9f\u00e9rez.<\/p>\n<div class=\"text-center\"><div class=\"is-divider divider clearfix\" style=\"max-width:80%;\"><\/div><\/div>\n\n\t<section class=\"section\" id=\"section_929742199\">\n\t\t<div class=\"section-bg fill\" >\n\t\t\t\t\t\t\t\t\t\n\t\t\t\n\n\t\t<\/div>\n\n\t\t\n\n\t\t<div class=\"section-content relative\">\n\t\t\t\n<div class=\"row\"  id=\"row-967403735\">\n\n\t<div id=\"col-1542649075\" class=\"col medium-6 small-12 large-6 col-divided\"  >\n\t\t\t\t<div class=\"col-inner\"  >\n\t\t\t\n\t\t\t\n<div class=\"row\"  id=\"row-1550499852\">\n\n\t<div id=\"col-186976044\" class=\"col small-12 large-12\"  >\n\t\t\t\t<div class=\"col-inner\"  >\n\t\t\t\n\t\t\t\n<h2 style=\"text-align: center;\">T\u00e9l\u00e9charger un logo<\/h2>\n<p>-Exigences relatives au travail artistique : La qualit\u00e9 de la maquette que vous nous fournissez d\u00e9terminera en fin de compte la qualit\u00e9 du produit final.<br \/>\n-Nous vous recommandons vivement de nous fournir des graphiques vectoriels ou des fichiers JPEG \u00e0 haute r\u00e9solution pour obtenir des r\u00e9sultats optimaux.<\/p>\n\t\t<\/div>\n\t\t\t\t\n<style>\n#col-186976044 > .col-inner {\n  padding: 0px 0px 0px 0px;\n}\n<\/style>\n\t<\/div>\n\n\t\n<\/div>\n\t\t<\/div>\n\t\t\t\t\n<style>\n#col-1542649075 > .col-inner {\n  padding: 0px 0px 0px 0px;\n}\n<\/style>\n\t<\/div>\n\n\t\n\n\t<div id=\"col-1124945998\" class=\"col medium-6 small-12 large-6\"  >\n\t\t\t\t<div class=\"col-inner\"  >\n\t\t\t\n\t\t\t\n<h2 style=\"text-align: center;\">Logo texte<\/h2>\n<p>Si vous n'avez pas de logo et que vous souhaitez uniquement une phrase avec une police sp\u00e9cifique, veuillez saisir les d\u00e9tails ci-dessous.<br \/>\n-Si vous n'\u00eates pas s\u00fbr de la police souhait\u00e9e, vous pouvez utiliser un programme de traitement de texte (MS Word) pour pr\u00e9visualiser diff\u00e9rentes polices.<br \/>\n-En outre, vous pouvez consulter des sites web consacr\u00e9s aux polices de caract\u00e8res, tels que\u00a0<a href=\"http:\/\/www.dafont.com\/\" target=\"_blank\" rel=\"noopener\">Dafont.com<\/a>\u00a0pour choisir une police.<\/p>\n\t\t<\/div>\n\t\t\t\t\n<style>\n#col-1124945998 > .col-inner {\n  padding: 0px 0px 0px 0px;\n}\n<\/style>\n\t<\/div>\n\n\t\n<\/div>\n\t\t<\/div>\n\n\t\t\n<style>\n#section_929742199 {\n  padding-top: 0px;\n  padding-bottom: 0px;\n}\n<\/style>\n\t<\/section>\n\t\n<div class=\"fm-form-container fm-theme1\"><div id=\"fm-pages7\" class=\"fm-pages wdform_page_navigation\" show_title=\"\" show_numbers=\"1\" type=\"none\"><\/div><form name=\"form7\" action=\"\/fr_fr\/wp-json\/wp\/v2\/pages\/3442\" method=\"post\" id=\"form7\" class=\"fm-form form7\" enctype=\"multipart\/form-data\" data-trp-original-action=\"\/fr_fr\/wp-json\/wp\/v2\/pages\/3442\"><input type=\"hidden\" id=\"counter7\" value=\"12\" name=\"counter7\" \/><input type=\"hidden\" id=\"Itemid7\" value=\"\" name=\"Itemid7\" \/><input type=\"hidden\" id=\"fm_bot_validation7\" value=\"\" name=\"fm_bot_validation7\" \/><input type=\"hidden\" id=\"fm_empty_field_validation7\" value=\"\" name=\"fm_empty_field_validation7\" data-value=\"2a81fc198fda07d9627bd48231100651\" \/><div class=\"wdform-page-and-images\"><div id=\"7form_view1\" class=\"wdform_page\" page_title=\"Untitled page\" next_title=\"Next\" next_type=\"text\" next_class=\"wdform-page-button\" next_checkable=\"true\" previous_title=\"Previous\" previous_type=\"text\" previous_class=\"wdform-page-button\" previous_checkable=\"false\"><div class=\"wdform_section\"><div class=\"wdform_column\"><div wdid=\"11\" class=\"wdform_row\" style=\"position: relative; left: 0px; top: 0px;\"><div type=\"type_name\" class=\"wdform-field wd-width-100 wd-flex wd-flex-column\"><div class=\"wdform-label-section wd-width-100  wd-flex-row\">    <label  for=\"wdform_11_element_first7\" class=\"wdform-label\">Nom<\/label><span class=\"wdform-required\">*<\/span><\/div><div class=\"wdform-element-section wd-flex  wd-flex-row wd-width-100\" ><div class=\"wd-flex wd-flex-column wd-width-50\"><input type=\"text\" class=\"wd-width-100\" id=\"wdform_11_element_first7\" name=\"wdform_11_element_first7\" value=\"\" title=\"\" placeholder=\"\"  \/><label class=\"mini_label\" for=\"wdform_11_element_first7\">Premi\u00e8re<\/label><\/div><div class=\"wd-flex wd-flex-column wd-name-separator\"><\/div><div class=\"wd-flex wd-flex-column wd-width-50\"><input type=\"text\" class=\"wd-width-100\" id=\"wdform_11_element_last7\" name=\"wdform_11_element_last7\" value=\"\" title=\"\" placeholder=\"\"  \/><label class=\"mini_label\" for=\"wdform_11_element_last7\">Derni\u00e8re<\/label><\/div><\/div><\/div><\/div><div wdid=\"3\" class=\"wdform_row\" style=\"position: relative; left: 0px; top: 0px;\"><div type=\"type_submitter_mail\" class=\"wdform-field wd-width-100 wd-flex wd-flex-row\"><div class=\"wdform-label-section wd-width-30  wd-flex-row wd-hidden\">    <label  for=\"wdform_3_element7\" class=\"wdform-label\">Courriel<\/label><span class=\"wdform-required\">*<\/span><\/div><div class=\"wdform-element-section wd-flex  wd-flex-row wd-width-100\" ><input type=\"text\" class=\"wd-width-100\" id=\"wdform_3_element7\" name=\"wdform_3_element7\" value=\"\" title=\"Courriel\" placeholder=\"Courriel\"   onchange=\"wd_check_email('3', '7', 'Ceci n\\'est pas une adresse e-mail valide')\" \/><\/div><\/div><\/div><div wdid=\"5\" class=\"wdform_row\"><div type=\"type_text\" class=\"wdform-field wd-width-100 wd-flex wd-flex-row\"><div class=\"wdform-label-section wd-width-30  wd-flex-row wd-align-items-center wd-hidden\">    <label  for=\"wdform_5_element7\" class=\"wdform-label\">Commande<\/label><\/div><div class=\"wdform-element-section wd-flex  wd-flex-row wd-align-items-center wd-width-100\" ><input type=\"text\"                           class=\"wd-width-100\"                           id=\"wdform_5_element7\"                           name=\"wdform_5_element7\"                           value=\"\"                           title=\"Num\u00e9ro de commande\/facture (le cas \u00e9ch\u00e9ant)\"                           placeholder=\"Num\u00e9ro de commande\/facture (le cas \u00e9ch\u00e9ant)\"                                                       attribute=\"value\" \/><\/div><\/div><\/div><div wdid=\"10\" class=\"wdform_row\"><div type=\"type_file_upload\" class=\"wdform-field wd-width-100 wd-flex wd-flex-column\"><div class=\"wdform-label-section wd-width-100  wd-flex-column\">    <label  for=\"wdform_10_element7\" class=\"wdform-label\">T\u00e9l\u00e9charger un fichier<\/label><\/div><div class=\"wdform-element-section wd-flex  wd-flex-column wd-width-100\" ><label class=\"file-upload\"><div class=\"file-picker\"><\/div><input type=\"file\" id=\"wdform_10_element7\" name=\"wdform_10_file7[]\"   \/><\/label><\/div><\/div><\/div><div wdid=\"1\" class=\"wdform_row\"><div type=\"type_submit_reset\" class=\"wdform-field wd-width-100 wd-flex wd-flex-column\"><div class=\"wdform-element-section wd-flex  wd-flex-row wd-justify-content-center wd-width-100\" ><button  type=\"button\" class=\"button-submit\" onclick=\"fm_submit_form('7');\" >Soumettre<\/button><button  type=\"button\" class=\"button-reset wd-hidden\" onclick=\"fm_reset_form(7);\" >Remise \u00e0 z\u00e9ro<\/button><\/div><\/div><\/div><\/div><div class=\"wdform_column\"><div wdid=\"6\" class=\"wdform_row\" style=\"position: relative; left: 0px; top: 0px;\"><div type=\"type_text\" class=\"wdform-field wd-width-100 wd-flex wd-flex-column\"><div class=\"wdform-label-section wd-width-100  wd-flex-row wd-align-items-center\">    <label  for=\"wdform_6_element7\" class=\"wdform-label\">Logo texte<\/label><\/div><div class=\"wdform-element-section wd-flex  wd-flex-row wd-align-items-center wd-width-100\" ><input type=\"text\"                           class=\"wd-width-100\"                           id=\"wdform_6_element7\"                           name=\"wdform_6_element7\"                           value=\"\"                           title=\"Phrase du logo (le cas \u00e9ch\u00e9ant)\"                           placeholder=\"Phrase du logo (le cas \u00e9ch\u00e9ant)\"                                                       \/><\/div><\/div><\/div><div wdid=\"7\" class=\"wdform_row\" style=\"position: relative; left: 0px; top: 0px;\"><div type=\"type_text\" class=\"wdform-field wd-width-100 wd-flex wd-flex-column\"><div class=\"wdform-label-section wd-width-100  wd-flex-row wd-align-items-center\">    <label  for=\"wdform_7_element7\" class=\"wdform-label\">Nom de la police<\/label><\/div><div class=\"wdform-element-section wd-flex  wd-flex-row wd-align-items-center wd-width-100\" ><input type=\"text\"                           class=\"wd-width-100\"                           id=\"wdform_7_element7\"                           name=\"wdform_7_element7\"                           value=\"\"                           title=\"\"                           placeholder=\"\"                                                       \/><\/div><\/div><\/div><div wdid=\"8\" class=\"wdform_row\" style=\"position: relative; left: 0px; top: 0px;\"><div type=\"type_text\" class=\"wdform-field wd-width-100 wd-flex wd-flex-column\"><div class=\"wdform-label-section wd-width-100  wd-flex-row wd-align-items-center\">    <label  for=\"wdform_8_element7\" class=\"wdform-label\">Emplacement de la police<\/label><\/div><div class=\"wdform-element-section wd-flex  wd-flex-row wd-align-items-center wd-width-100\" ><input type=\"text\"                           class=\"wd-width-100\"                           id=\"wdform_8_element7\"                           name=\"wdform_8_element7\"                           value=\"\"                           title=\"O\u00f9 peut-on trouver cette police ? \"                           placeholder=\"O\u00f9 peut-on trouver cette police ? \"                                                       \/><\/div><\/div><\/div><div wdid=\"9\" class=\"wdform_row\" style=\"position: relative; left: 0px; top: 0px;\"><div type=\"type_textarea\" class=\"wdform-field wd-width-100 wd-flex wd-flex-column\"><div class=\"wdform-label-section wd-width-100\">    <label  for=\"wdform_9_element7\" class=\"wdform-label\">D\u00e9tails suppl\u00e9mentaires<\/label><\/div><div class=\"wdform-element-section wd-flex  wd-width-100\" ><textarea class=\"wd-width-100\"                      id=\"wdform_9_element7\"                      name=\"wdform_9_element7\"                      placeholder=\"D\u00e9tails du logo, emplacement, alignement, couleur, etc.\"                      style=\"height: 102px;\"                      ><\/textarea><\/div><\/div><\/div><\/div><\/div><div valign=\"top\" class=\"wdform_footer wd-width-100\"><div class=\"wd-width-100\"><div class=\"wd-width-100 wd-table\" style=\"padding-top:10px;\"><div class=\"wd-table-group\"><div id=\"7page_nav1\" class=\"wd-table-row\"><\/div><\/div><\/div><\/div><\/div><\/div><\/div><div class=\"wdform_preload\"><\/div><input type=\"hidden\" name=\"trp-form-language\" value=\"fr_fr\"\/><\/form><\/div>\n<div class=\"text-center\"><div class=\"is-divider divider clearfix\" style=\"max-width:80%;\"><\/div><\/div>\n<span class=\"scroll-to\" data-label=\"Scroll to: #free-graphics\" data-bullet=\"false\" data-link=\"#free-graphics\" data-title=\"free-graphics\"><a name=\"free-graphics\"><\/a><\/span>\n\n\t<section class=\"section\" id=\"section_1872523579\">\n\t\t<div class=\"section-bg fill\" >\n\t\t\t\t\t\t\t\t\t\n\t\t\t\n\n\t\t<\/div>\n\n\t\t\n\n\t\t<div class=\"section-content relative\">\n\t\t\t\n<h2 style=\"text-align: center;\"><span style=\"color: #4b4b4b;\"><strong><span style=\"font-size: 120%;\">GRAPHIQUES DE STOCK GRATUITS<\/span><\/strong><\/span><\/h2>\n<hr \/>\n<p>Vous n'avez pas de graphique ou de logo ? Pas de probl\u00e8me ! Nous offrons des graphiques gratuits \u00e0 l'achat de n'importe lequel de nos produits.<\/p>\n<h2>Comment cela fonctionne-t-il ?<\/h2>\n<ul>\n<li>Vous pouvez choisir n'importe quel graphique ou image parmi\u00a0<a href=\"https:\/\/depositphotos.com\/\" target=\"_blank\" rel=\"noopener\">DepositPhotos.com<\/a>\u00a0\u00e0 utiliser avec votre \u00e9tag\u00e8re de bar, votre bar portable, votre enseigne LED ou tout autre objet.<\/li>\n<li>Fournissez-nous l'identifiant de l'image du ou des graphiques choisis.\u00a0<a class=\"image-lightbox\" href=\"\/wp-content\/uploads\/image-id.jpg\" rel=\"prettyPhoto\">Cliquez ici pour savoir comment trouver l'identifiant de l'image.<\/a><\/li>\n<li>Nous vous fournirons une maquette de vos graphiques ainsi que le graphique original en taille r\u00e9elle pour que vous puissiez l'utiliser ailleurs.<\/li>\n<li><strong>Remarque :<\/strong>\u00a0Nous exigeons que votre commande soit pass\u00e9e et pay\u00e9e avant d'acheter des graphiques pour votre projet. Si vous avez besoin d'une maquette avant de passer votre commande, nous utiliserons d'abord l'aper\u00e7u basse r\u00e9solution.<\/li>\n<\/ul>\n<h3>Photos et vecteurs<\/h3>\n<ul>\n<li>Les photos sont des images qui ne peuvent pas \u00eatre \u00e9dit\u00e9es ou modifi\u00e9es en dehors d'un recadrage ou d'un redimensionnement pour s'adapter \u00e0 votre produit.<\/li>\n<li>Les vecteurs sont des illustrations qui peuvent \u00eatre modifi\u00e9es de pratiquement toutes les mani\u00e8res possibles.\u00a0<a class=\"image-lightbox\" href=\"\/wp-content\/uploads\/2019\/02\/vector-variations-01.jpg\" rel=\"prettyPhoto\">Voir l'exemple<\/a><\/li>\n<\/ul>\n<h3>Fond noir ou fond blanc<\/h3>\n<ul>\n<li>Lorsque vous choisissez des photos (illustrations non vectorielles), veillez \u00e0 choisir des images dont l'arri\u00e8re-plan est compatible avec votre produit.<\/li>\n<li>Par exemple : Si vous achetez un bar portable et que vous recherchez une image d'un verre \u00e0 martini, veillez \u00e0 choisir un verre \u00e0 martini qui corresponde \u00e0 la couleur de fond que vous avez l'intention de mettre sur le bar. Cette image\u00a0<a class=\"image-lightbox\" href=\"\/wp-content\/uploads\/2019\/02\/martini-white.jpg\">verre \u00e0 martini<\/a> ne fonctionnerait pas sur un fond noir et cette <a class=\"image-lightbox\" href=\"https:\/\/www.portablebar.com\/wp-content\/uploads\/2021\/01\/martini-black.jpg\">verre \u00e0 martini<\/a> ne fonctionnerait pas sur un fond blanc.<\/li>\n<\/ul>\n<h3>Polices de caract\u00e8res<\/h3>\n<ul>\n<li>De nombreuses illustrations vectorielles contiennent du texte ou des phrases. Ce texte peut \u00eatre supprim\u00e9 ou modifi\u00e9. Toutefois, il ne peut pas \u00eatre modifi\u00e9 pour correspondre \u00e0 la police originale utilis\u00e9e dans l'illustration.<\/li>\n<li>Par exemple, le texte de\u00a0<a class=\"image-lightbox\" href=\"\/wp-content\/uploads\/2019\/02\/beer-graphics.jpg\">ces graphiques<\/a>\u00a0n'a pas pu \u00eatre modifi\u00e9e en utilisant la m\u00eame police, car elle n'est pas incluse dans le graphique et nous ne savons pas de quelle police il s'agit.<\/li>\n<li>Dans ce cas, vous devez choisir une autre police de caract\u00e8res \u00e0 partir de l'option\u00a0<a href=\"https:\/\/www.dafont.com\/\" target=\"_blank\" rel=\"noopener\">Dafont.com<\/a>.<\/li>\n<\/ul>\n<h3>Besoin d'aide ?<\/h3>\n<p>N'h\u00e9sitez pas \u00e0 nous contacter si vous avez des questions sur la s\u00e9lection des graphiques. Nous sommes l\u00e0 pour vous aider !<\/p>\n\t\t<\/div>\n\n\t\t\n<style>\n#section_1872523579 {\n  padding-top: 30px;\n  padding-bottom: 30px;\n}\n<\/style>\n\t<\/section>","protected":false},"excerpt":{"rendered":"<p>SOUMETTRE UN LOGO Vous n'avez pas encore de graphique ? Pas de probl\u00e8me ! Nous pouvons vous aider \u00e0 en cr\u00e9er un ou vous pouvez choisir parmi des millions de graphiques en stock gratuitement ! Voir ci-dessous le formulaire pour plus de d\u00e9tails. Remarque : lorsque vous soumettez des logos d'\u00e9quipes sportives ou de marques de spiritueux, veuillez pr\u00e9ciser la version du logo que vous pr\u00e9f\u00e9rez.<\/p>","protected":false},"author":1,"featured_media":0,"parent":0,"menu_order":0,"comment_status":"closed","ping_status":"closed","template":"page-cart.php","meta":{"_acf_changed":false,"footnotes":""},"class_list":["post-3442","page","type-page","status-publish","hentry"],"acf":[],"yoast_head":"<!-- This site is optimized with the Yoast SEO plugin v26.7 - https:\/\/yoast.com\/wordpress\/plugins\/seo\/ -->\n<title>Logo Upload - Portable Bars by Customized Designs<\/title>\n<meta name=\"description\" content=\"LOGO SUBMISSION Don&#039;t have a graphic yet? No problem! We can help you make one or you can choose from millions of stock graphics for free! See below the\" \/>\n<meta name=\"robots\" content=\"index, follow, max-snippet:-1, max-image-preview:large, max-video-preview:-1\" \/>\n<link rel=\"canonical\" href=\"https:\/\/www.portablebar.com\/fr_fr\/telechargement-du-logo\/\" \/>\n<meta property=\"og:locale\" content=\"fr_FR\" \/>\n<meta property=\"og:type\" content=\"article\" \/>\n<meta property=\"og:title\" content=\"Logo Upload - Portable Bars by Customized Designs\" \/>\n<meta property=\"og:description\" content=\"LOGO SUBMISSION Don&#039;t have a graphic yet? No problem! We can help you make one or you can choose from millions of stock graphics for free! See below the\" \/>\n<meta property=\"og:url\" content=\"https:\/\/www.portablebar.com\/fr_fr\/telechargement-du-logo\/\" \/>\n<meta property=\"og:site_name\" content=\"Portable Bars by Customized Designs\" \/>\n<meta property=\"article:modified_time\" content=\"2021-01-30T12:49:24+00:00\" \/>\n<meta name=\"twitter:card\" content=\"summary_large_image\" \/>\n<meta name=\"twitter:label1\" content=\"Dur\u00e9e de lecture estim\u00e9e\" \/>\n\t<meta name=\"twitter:data1\" content=\"3 minutes\" \/>\n<script type=\"application\/ld+json\" class=\"yoast-schema-graph\">{\"@context\":\"https:\/\/schema.org\",\"@graph\":[{\"@type\":\"WebPage\",\"@id\":\"https:\/\/www.portablebar.com\/fr_fr\/telechargement-du-logo\/\",\"url\":\"https:\/\/www.portablebar.com\/fr_fr\/telechargement-du-logo\/\",\"name\":\"Logo Upload - Portable Bars by Customized Designs\",\"isPartOf\":{\"@id\":\"https:\/\/www.portablebar.com\/fr_fr\/#website\"},\"datePublished\":\"2018-02-10T16:49:49+00:00\",\"dateModified\":\"2021-01-30T12:49:24+00:00\",\"description\":\"LOGO SUBMISSION Don't have a graphic yet? No problem! We can help you make one or you can choose from millions of stock graphics for free! See below the\",\"breadcrumb\":{\"@id\":\"https:\/\/www.portablebar.com\/fr_fr\/telechargement-du-logo\/#breadcrumb\"},\"inLanguage\":\"fr-FR\",\"potentialAction\":[{\"@type\":\"ReadAction\",\"target\":[\"https:\/\/www.portablebar.com\/fr_fr\/telechargement-du-logo\/\"]}]},{\"@type\":\"BreadcrumbList\",\"@id\":\"https:\/\/www.portablebar.com\/fr_fr\/telechargement-du-logo\/#breadcrumb\",\"itemListElement\":[{\"@type\":\"ListItem\",\"position\":1,\"name\":\"Home\",\"item\":\"https:\/\/www.portablebar.com\/\"},{\"@type\":\"ListItem\",\"position\":2,\"name\":\"Logo Upload\"}]},{\"@type\":\"WebSite\",\"@id\":\"https:\/\/www.portablebar.com\/fr_fr\/#website\",\"url\":\"https:\/\/www.portablebar.com\/fr_fr\/\",\"name\":\"Portable Bars by Customized Designs\",\"description\":\"\",\"potentialAction\":[{\"@type\":\"SearchAction\",\"target\":{\"@type\":\"EntryPoint\",\"urlTemplate\":\"https:\/\/www.portablebar.com\/fr_fr\/?s={search_term_string}\"},\"query-input\":{\"@type\":\"PropertyValueSpecification\",\"valueRequired\":true,\"valueName\":\"search_term_string\"}}],\"inLanguage\":\"fr-FR\"}]}<\/script>\n<!-- \/ Yoast SEO plugin. -->","yoast_head_json":{"title":"T\u00e9l\u00e9chargement de logo - Barres portables par Customized Designs","description":"SOUMETTRE UN LOGO Vous n'avez pas encore de graphique ? Pas de probl\u00e8me ! Nous pouvons vous aider \u00e0 en cr\u00e9er un ou vous pouvez choisir parmi des millions de graphiques en stock gratuitement ! Voir ci-dessous les","robots":{"index":"index","follow":"follow","max-snippet":"max-snippet:-1","max-image-preview":"max-image-preview:large","max-video-preview":"max-video-preview:-1"},"canonical":"https:\/\/www.portablebar.com\/fr_fr\/telechargement-du-logo\/","og_locale":"fr_FR","og_type":"article","og_title":"Logo Upload - Portable Bars by Customized Designs","og_description":"LOGO SUBMISSION Don't have a graphic yet? No problem! We can help you make one or you can choose from millions of stock graphics for free! See below the","og_url":"https:\/\/www.portablebar.com\/fr_fr\/telechargement-du-logo\/","og_site_name":"Portable Bars by Customized Designs","article_modified_time":"2021-01-30T12:49:24+00:00","twitter_card":"summary_large_image","twitter_misc":{"Dur\u00e9e de lecture estim\u00e9e":"3 minutes"},"schema":{"@context":"https:\/\/schema.org","@graph":[{"@type":"WebPage","@id":"https:\/\/www.portablebar.com\/fr_fr\/telechargement-du-logo\/","url":"https:\/\/www.portablebar.com\/fr_fr\/telechargement-du-logo\/","name":"T\u00e9l\u00e9chargement de logo - Barres portables par Customized Designs","isPartOf":{"@id":"https:\/\/www.portablebar.com\/fr_fr\/#website"},"datePublished":"2018-02-10T16:49:49+00:00","dateModified":"2021-01-30T12:49:24+00:00","description":"SOUMETTRE UN LOGO Vous n'avez pas encore de graphique ? Pas de probl\u00e8me ! Nous pouvons vous aider \u00e0 en cr\u00e9er un ou vous pouvez choisir parmi des millions de graphiques en stock gratuitement ! Voir ci-dessous les","breadcrumb":{"@id":"https:\/\/www.portablebar.com\/fr_fr\/telechargement-du-logo\/#breadcrumb"},"inLanguage":"fr-FR","potentialAction":[{"@type":"ReadAction","target":["https:\/\/www.portablebar.com\/fr_fr\/telechargement-du-logo\/"]}]},{"@type":"BreadcrumbList","@id":"https:\/\/www.portablebar.com\/fr_fr\/telechargement-du-logo\/#breadcrumb","itemListElement":[{"@type":"ListItem","position":1,"name":"Home","item":"https:\/\/www.portablebar.com\/"},{"@type":"ListItem","position":2,"name":"Logo Upload"}]},{"@type":"WebSite","@id":"https:\/\/www.portablebar.com\/fr_fr\/#website","url":"https:\/\/www.portablebar.com\/fr_fr\/","name":"Bars portables par Customized Designs","description":"","potentialAction":[{"@type":"SearchAction","target":{"@type":"EntryPoint","urlTemplate":"https:\/\/www.portablebar.com\/fr_fr\/?s={search_term_string}"},"query-input":{"@type":"PropertyValueSpecification","valueRequired":true,"valueName":"search_term_string"}}],"inLanguage":"fr-FR"}]}},"_links":{"self":[{"href":"https:\/\/www.portablebar.com\/fr_fr\/wp-json\/wp\/v2\/pages\/3442","targetHints":{"allow":["GET"]}}],"collection":[{"href":"https:\/\/www.portablebar.com\/fr_fr\/wp-json\/wp\/v2\/pages"}],"about":[{"href":"https:\/\/www.portablebar.com\/fr_fr\/wp-json\/wp\/v2\/types\/page"}],"author":[{"embeddable":true,"href":"https:\/\/www.portablebar.com\/fr_fr\/wp-json\/wp\/v2\/users\/1"}],"replies":[{"embeddable":true,"href":"https:\/\/www.portablebar.com\/fr_fr\/wp-json\/wp\/v2\/comments?post=3442"}],"version-history":[{"count":0,"href":"https:\/\/www.portablebar.com\/fr_fr\/wp-json\/wp\/v2\/pages\/3442\/revisions"}],"wp:attachment":[{"href":"https:\/\/www.portablebar.com\/fr_fr\/wp-json\/wp\/v2\/media?parent=3442"}],"curies":[{"name":"wp","href":"https:\/\/api.w.org\/{rel}","templated":true}]}}