{"id":29333,"date":"2026-01-01T12:36:17","date_gmt":"2026-01-01T17:36:17","guid":{"rendered":"https:\/\/www.portablebar.com\/?page_id=29333"},"modified":"2026-01-09T19:39:27","modified_gmt":"2026-01-10T00:39:27","slug":"comparaison-des-entreprises-de-bars-portables","status":"publish","type":"page","link":"https:\/\/www.portablebar.com\/fr_fr\/comparaison-des-marques-de-bars-portables\/","title":{"rendered":"Comparaison des bars portables : Customized Designs vs. The Portable Bar Company"},"content":{"rendered":"<section class=\"section\" id=\"section_1782040566\">\n\t\t<div class=\"section-bg fill\" >\n\t\t\t\t\t\t\t\t\t\n\t\t\t\n\n\t\t<\/div>\n\n\t\t\n\n\t\t<div class=\"section-content relative\">\n\t\t\t\n<p><!-- PortableBar.com \/ Customized Designs vs The Portable Bar Company Drop-in page HTML (includes minimal CSS for layout + readability) Last updated: January 2026 --><\/p>\n<h1 data-start=\"133\" data-end=\"207\">L'\u00e9preuve de force des bars portables : Customized Designs vs. The Portable Bar Company<\/h1>\n<p data-start=\"209\" data-end=\"622\">Lorsqu'il s'agit d'investir dans un bar portable pour votre entreprise, votre service de barman ou votre salle de spectacle, les choix peuvent \u00eatre impressionnants. Les deux principaux acteurs du march\u00e9 sont <em data-start=\"368\" data-end=\"388\">Mod\u00e8les personnalis\u00e9s<\/em> (fabricant des barres vendues sur PortableBar.com) et <em data-start=\"437\" data-end=\"463\">The Portable Bar Company<\/em>. Bien que les deux proposent des barres portables pliables, compatibles avec les LED et dot\u00e9es d'options de marquage, les diff\u00e9rences de prix, de mat\u00e9riaux et d'utilisation \u00e0 long terme sont significatives.<\/p>\n<p data-start=\"624\" data-end=\"755\">Ce comparatif pr\u00e9sente les principales diff\u00e9rences entre ces deux marques afin que vous puissiez choisir la barre portable qui r\u00e9pond le mieux \u00e0 vos besoins.<\/p>\n<hr data-start=\"757\" data-end=\"760\" \/>\n<h2 data-start=\"762\" data-end=\"788\">1. Prix et avantages<\/h2>\n<p data-start=\"790\" data-end=\"915\"><strong data-start=\"790\" data-end=\"812\">Mod\u00e8les personnalis\u00e9s<\/strong> propose ses barres portables de 48\u2033 et 62\u2033 \u00e0 partir de $1,699 et $1,999 respectivement. Ces prix comprennent :<\/p>\n<ul data-start=\"916\" data-end=\"1025\">\n<li data-start=\"916\" data-end=\"963\">\n<p data-start=\"918\" data-end=\"963\">Syst\u00e8me d'\u00e9clairage LED (multicolore avec t\u00e9l\u00e9commande)<\/p>\n<\/li>\n<li data-start=\"964\" data-end=\"996\">\n<p data-start=\"966\" data-end=\"996\">Un panneau frontal avec impression personnalis\u00e9e<\/p>\n<\/li>\n<li data-start=\"997\" data-end=\"1025\">\n<p data-start=\"999\" data-end=\"1025\">Cadre l\u00e9ger en aluminium<\/p>\n<\/li>\n<\/ul>\n<p data-start=\"1027\" data-end=\"1122\">En revanche, <strong data-start=\"1040\" data-end=\"1070\">La soci\u00e9t\u00e9 Portable Bar Company's<\/strong> les mod\u00e8les \u00e9quivalents sont nettement plus chers :<\/p>\n<ul data-start=\"1123\" data-end=\"1199\">\n<li data-start=\"1123\" data-end=\"1158\">\n<p data-start=\"1125\" data-end=\"1158\">Barre standard (avec LED) : ~$2,838<\/p>\n<\/li>\n<li data-start=\"1159\" data-end=\"1199\">\n<p data-start=\"1161\" data-end=\"1199\">Barre professionnelle (avec LED) : ~$3,751<\/p>\n<\/li>\n<\/ul>\n<p data-start=\"1201\" data-end=\"1404\">Leur mod\u00e8le de tarification s\u00e9pare les fonctions essentielles, telles que l'\u00e9clairage LED et les graphiques personnalis\u00e9s, en les consid\u00e9rant comme des mises \u00e0 niveau suppl\u00e9mentaires. Une fois ces options configur\u00e9es, la diff\u00e9rence de prix entre les marques peut d\u00e9passer $1 500 par unit\u00e9. Si vous achetez plusieurs unit\u00e9s (comme le font de nombreux loueurs ou organisateurs de spectacles), cet \u00e9cart de co\u00fbt se multiplie rapidement.<\/p>\n<hr data-start=\"1514\" data-end=\"1517\" \/>\n<h2 data-start=\"1519\" data-end=\"1549\">2. Frais d'exp\u00e9dition et de fret<\/h2>\n<p data-start=\"1551\" data-end=\"1660\">Les frais d'exp\u00e9dition sont souvent n\u00e9glig\u00e9s, mais ils peuvent constituer un facteur important, en particulier pour les articles volumineux tels que les bars portables. (exemple \u00e0 Austin, TX, \u00e0 mi-chemin entre les deux entreprises)<\/p>\n<ul data-start=\"1662\" data-end=\"1796\">\n<li data-start=\"1662\" data-end=\"1734\">\n<p data-start=\"1664\" data-end=\"1734\"><strong data-start=\"1664\" data-end=\"1687\">Mod\u00e8les personnalis\u00e9s :<\/strong> ~$339 frais de port<\/p>\n<\/li>\n<li data-start=\"1735\" data-end=\"1796\">\n<p data-start=\"1737\" data-end=\"1796\"><strong data-start=\"1737\" data-end=\"1762\">Portable Bar Company :<\/strong> ~$740+<\/p>\n<\/li>\n<\/ul>\n<p data-start=\"1798\" data-end=\"2043\">Cela est principalement d\u00fb au poids : Customized Designs utilise de l'aluminium l\u00e9ger (80-100 livres), tandis que Portable Bar Company utilise de l'acier robuste (170-270 livres), ce qui les place dans des cat\u00e9gories de fret plus \u00e9lev\u00e9es.<\/p>\n<p data-start=\"2045\" data-end=\"2112\">En r\u00e9sum\u00e9 : Vous pouvez \u00e9conomiser plus de $400 par envoi uniquement sur le fret.<\/p>\n<hr data-start=\"2114\" data-end=\"2117\" \/>\n<h2 data-start=\"2119\" data-end=\"2150\">3. Qualit\u00e9 de construction et mat\u00e9riaux<\/h2>\n<p data-start=\"2152\" data-end=\"2175\"><strong data-start=\"2152\" data-end=\"2174\">Mod\u00e8les personnalis\u00e9s<\/strong>:<\/p>\n<ul data-start=\"2176\" data-end=\"2378\">\n<li data-start=\"2176\" data-end=\"2206\">\n<p data-start=\"2178\" data-end=\"2206\">Construit en Caroline du Nord, \u00c9tats-Unis<\/p>\n<\/li>\n<li data-start=\"2207\" data-end=\"2259\">\n<p data-start=\"2209\" data-end=\"2259\">Cadre en aluminium (antirouille et l\u00e9ger)<\/p>\n<\/li>\n<li data-start=\"2260\" data-end=\"2294\">\n<p data-start=\"2262\" data-end=\"2294\">Panneaux acryliques, imprim\u00e9s en interne<\/p>\n<\/li>\n<li data-start=\"2295\" data-end=\"2321\">\n<p data-start=\"2297\" data-end=\"2321\">Modulaire et personnalisable<\/p>\n<\/li>\n<li data-start=\"2322\" data-end=\"2378\">\n<p data-start=\"2324\" data-end=\"2378\">Accessoires en option (rails, bacs suppl\u00e9mentaires, couvercles)<\/p>\n<\/li>\n<\/ul>\n<p data-start=\"2380\" data-end=\"2409\"><strong data-start=\"2380\" data-end=\"2408\">The Portable Bar Company<\/strong>:<\/p>\n<ul data-start=\"2410\" data-end=\"2660\">\n<li data-start=\"2410\" data-end=\"2459\">\n<p data-start=\"2412\" data-end=\"2459\">Cadre en acier (plus lourd et plus r\u00e9sistant aux chocs)<\/p>\n<\/li>\n<li data-start=\"2460\" data-end=\"2517\">\n<p data-start=\"2462\" data-end=\"2517\">Panneaux disponibles en finition vinyle ou stratifi\u00e9e<\/p>\n<\/li>\n<li data-start=\"2518\" data-end=\"2599\">\n<p data-start=\"2520\" data-end=\"2599\">Plus d'outils de barman int\u00e9gr\u00e9s par d\u00e9faut (bacs \u00e0 glace, speed rail, \u00e9tag\u00e8res)<\/p>\n<\/li>\n<li data-start=\"2600\" data-end=\"2660\">\n<p data-start=\"2602\" data-end=\"2660\">Fabriqu\u00e9 \u00e0 l'\u00e9tranger et\/ou assembl\u00e9 aux \u00c9tats-Unis \u00e0 partir de pi\u00e8ces import\u00e9es<\/p>\n<\/li>\n<\/ul>\n<p data-start=\"2662\" data-end=\"2883\">L'acier peut \u00eatre un atout dans les environnements statiques ou \u00e0 usage intensif, mais pour les op\u00e9rations mobiles, le poids devient un s\u00e9rieux inconv\u00e9nient. L'aluminium, bien que plus l\u00e9ger, offre une solide durabilit\u00e9 et est beaucoup plus facile \u00e0 transporter et \u00e0 g\u00e9rer.<\/p>\n<hr data-start=\"2885\" data-end=\"2888\" \/>\n<h2 data-start=\"2890\" data-end=\"2915\">4. Portabilit\u00e9 et installation<\/h2>\n<p data-start=\"2917\" data-end=\"2945\"><strong data-start=\"2917\" data-end=\"2944\">Barres de conception personnalis\u00e9e<\/strong>:<\/p>\n<ul data-start=\"2946\" data-end=\"3087\">\n<li data-start=\"2946\" data-end=\"2969\">\n<p data-start=\"2948\" data-end=\"2969\">Plier pour obtenir une \u00e9paisseur de 8\u2033.<\/p>\n<\/li>\n<li data-start=\"2970\" data-end=\"3024\">\n<p data-start=\"2972\" data-end=\"3024\">Facile \u00e0 soulever par une ou deux personnes dans une camionnette ou un SUV<\/p>\n<\/li>\n<li data-start=\"3025\" data-end=\"3052\">\n<p data-start=\"3027\" data-end=\"3052\">S'installe en moins d'une minute<\/p>\n<\/li>\n<li data-start=\"3053\" data-end=\"3087\">\n<p data-start=\"3055\" data-end=\"3087\">Roues incluses pour faciliter le roulement<\/p>\n<\/li>\n<\/ul>\n<p data-start=\"3089\" data-end=\"3119\"><strong data-start=\"3089\" data-end=\"3118\">Portable Bar Company Bars<\/strong>:<\/p>\n<ul data-start=\"3120\" data-end=\"3361\">\n<li data-start=\"3120\" data-end=\"3182\">\n<p data-start=\"3122\" data-end=\"3182\">Se plie pour atteindre une \u00e9paisseur de 13 \u00e0 16,5\u2033 et mesure environ 1,5 m\u00e8tre de haut lorsqu'elle est repli\u00e9e.<\/p>\n<\/li>\n<li data-start=\"3183\" data-end=\"3240\">\n<p data-start=\"3185\" data-end=\"3240\">Beaucoup plus lourd (Standard : 170 lbs, Professionnel : 270 lbs)<\/p>\n<\/li>\n<li data-start=\"3241\" data-end=\"3264\">\n<p data-start=\"3243\" data-end=\"3264\">Mise en place en 2 \u00e0 5 minutes<\/p>\n<\/li>\n<li data-start=\"3265\" data-end=\"3361\">\n<p data-start=\"3267\" data-end=\"3361\">Roues incluses, mais en raison de leur poids, il faut souvent deux personnes ou un \u00e9quipement sp\u00e9cial pour les d\u00e9placer.<\/p>\n<\/li>\n<\/ul>\n<p data-start=\"3363\" data-end=\"3509\">Si votre activit\u00e9 d\u00e9pend d'une mise en place rapide, d'un espace de stockage restreint ou d'un transport en solo, le design plus l\u00e9ger de Customized Designs est un avantage ind\u00e9niable.<\/p>\n<hr data-start=\"3511\" data-end=\"3514\" \/>\n<h2 data-start=\"3516\" data-end=\"3548\">5. Marquage et \u00e9clairage personnalis\u00e9s<\/h2>\n<p data-start=\"3550\" data-end=\"3582\"><strong data-start=\"3550\" data-end=\"3572\">Mod\u00e8les personnalis\u00e9s<\/strong> comprend :<\/p>\n<ul data-start=\"3583\" data-end=\"3748\">\n<li data-start=\"3583\" data-end=\"3614\">\n<p data-start=\"3585\" data-end=\"3614\">Graphique en couleur gratuit sur le devant de la page<\/p>\n<\/li>\n<li data-start=\"3615\" data-end=\"3672\">\n<p data-start=\"3617\" data-end=\"3672\"><a href=\"https:\/\/www.portablebar.com\/fr_fr\/graphiques-de-marquage-des-bars-portables\/\">Impression directe par UV sur l'acrylique<\/a> (pas d'autocollants en vinyle)<\/p>\n<\/li>\n<li data-start=\"3673\" data-end=\"3748\">\n<p data-start=\"3675\" data-end=\"3748\">\u00c9clairage LED enti\u00e8rement int\u00e9gr\u00e9 et con\u00e7u pour \u00e9clairer uniform\u00e9ment l'ensemble du bar<\/p>\n<\/li>\n<\/ul>\n<p data-start=\"3750\" data-end=\"3779\"><strong data-start=\"3750\" data-end=\"3778\">The Portable Bar Company<\/strong>:<\/p>\n<ul data-start=\"3780\" data-end=\"3990\">\n<li data-start=\"3780\" data-end=\"3841\">\n<p data-start=\"3782\" data-end=\"3841\">Les graphiques sont un suppl\u00e9ment (~$355-$595 en fonction de la couverture).<\/p>\n<\/li>\n<li data-start=\"3842\" data-end=\"3877\">\n<p data-start=\"3844\" data-end=\"3877\">Impressions sur vinyle (peuvent se d\u00e9coller ou former des bulles)<\/p>\n<\/li>\n<li data-start=\"3878\" data-end=\"3990\">\n<p data-start=\"3880\" data-end=\"3990\">L'\u00e9clairage LED ne fonctionne qu'avec certaines couleurs de panneaux (comme le blanc translucide) et constitue une option suppl\u00e9mentaire (~$506).<\/p>\n<\/li>\n<\/ul>\n<p data-start=\"3992\" data-end=\"4133\">En bref : Customized Designs fournit une image de marque et un \u00e9clairage cl\u00e9s en main ; TPBC n\u00e9cessite plusieurs mises \u00e0 niveau pour obtenir le m\u00eame effet.<\/p>\n<hr data-start=\"4135\" data-end=\"4138\" \/>\n<h2 data-start=\"4140\" data-end=\"4171\">6. Personnalisation et d\u00e9lais<\/h2>\n<p data-start=\"4173\" data-end=\"4252\">Parce que <strong data-start=\"4181\" data-end=\"4203\">Mod\u00e8les personnalis\u00e9s<\/strong> fabrique et imprime en interne, ils peuvent s'en charger :<\/p>\n<ul data-start=\"4253\" data-end=\"4347\">\n<li data-start=\"4253\" data-end=\"4270\">\n<p data-start=\"4255\" data-end=\"4270\">Demandes personnalis\u00e9es<\/p>\n<\/li>\n<li data-start=\"4271\" data-end=\"4318\">\n<p data-start=\"4273\" data-end=\"4318\"><a href=\"https:\/\/www.portablebar.com\/fr_fr\/production-urgente\/\">Commandes urgentes<\/a> (option d'exp\u00e9dition en 3 jours disponible)<\/p>\n<\/li>\n<li data-start=\"4319\" data-end=\"4347\">\n<p data-start=\"4321\" data-end=\"4347\">Compl\u00e9ments d'accessoires flexibles<\/p>\n<\/li>\n<\/ul>\n<p data-start=\"4349\" data-end=\"4528\"><strong data-start=\"4349\" data-end=\"4373\">The Portable Bar Company<\/strong> offre une gamme de produits plus fixe, avec des d\u00e9lais de livraison plus longs et moins d'options de personnalisation. Si les d\u00e9lais et la flexibilit\u00e9 sont importants, Customized Designs a une longueur d'avance.<\/p>\n<hr data-start=\"4530\" data-end=\"4533\" \/>\n<h2 data-start=\"4535\" data-end=\"4557\">7. R\u00e9sum\u00e9 des cas d'utilisation<\/h2>\n<div class=\"TyagGW_tableContainer\">\n<div class=\"group TyagGW_tableWrapper flex w-fit flex-col-reverse\" tabindex=\"-1\">\n<table class=\"w-fit min-w-(--thread-content-width)\" data-start=\"4559\" data-end=\"5142\">\n<thead data-start=\"4559\" data-end=\"4617\">\n<tr data-start=\"4559\" data-end=\"4617\">\n<th data-start=\"4559\" data-end=\"4568\" data-col-size=\"sm\">Facteur<\/th>\n<th data-start=\"4568\" data-end=\"4589\" data-col-size=\"sm\">Mod\u00e8les personnalis\u00e9s<br \/>\n(<a href=\"\/fr_fr\/bar-portable-eclaire-62\/\">62 Bar portable<\/a>)<\/th>\n<th data-start=\"4589\" data-end=\"4617\" data-col-size=\"sm\">The Portable Bar Company<br \/>\nBar professionnel<\/th>\n<\/tr>\n<\/thead>\n<tbody data-start=\"4678\" data-end=\"5142\">\n<tr data-start=\"4678\" data-end=\"4757\">\n<td data-start=\"4678\" data-end=\"4699\" data-col-size=\"sm\"><strong data-start=\"4680\" data-end=\"4698\">Prix de d\u00e9part<\/strong><\/td>\n<td data-start=\"4699\" data-end=\"4733\" data-col-size=\"sm\">$1,999 (LED et graphique inclus)<\/td>\n<td data-col-size=\"sm\" data-start=\"4733\" data-end=\"4757\">$4 100+ (avec LED et graphiques avant)<\/td>\n<\/tr>\n<tr data-start=\"4758\" data-end=\"4799\">\n<td data-start=\"4758\" data-end=\"4771\" data-col-size=\"sm\"><strong data-start=\"4760\" data-end=\"4770\">Poids<\/strong><\/td>\n<td data-col-size=\"sm\" data-start=\"4771\" data-end=\"4784\">100 livres<\/td>\n<td data-col-size=\"sm\" data-start=\"4784\" data-end=\"4799\">270 lbs<\/td>\n<\/tr>\n<tr data-start=\"4800\" data-end=\"4847\">\n<td data-start=\"4800\" data-end=\"4829\" data-col-size=\"sm\"><strong data-start=\"4802\" data-end=\"4828\">Exp\u00e9dition \u00e0 Austin, TX<\/strong><\/td>\n<td data-col-size=\"sm\" data-start=\"4829\" data-end=\"4837\">~$339<\/td>\n<td data-col-size=\"sm\" data-start=\"4837\" data-end=\"4847\">~$742+<\/td>\n<\/tr>\n<tr data-start=\"4848\" data-end=\"4917\">\n<td data-start=\"4848\" data-end=\"4867\" data-col-size=\"sm\"><strong data-start=\"4850\" data-end=\"4866\">La construction<\/strong><\/td>\n<td data-start=\"4867\" data-end=\"4891\" data-col-size=\"sm\">Aluminium, fabriqu\u00e9 aux \u00c9tats-Unis<\/td>\n<td data-col-size=\"sm\" data-start=\"4891\" data-end=\"4917\">Acier, probablement import\u00e9<\/td>\n<\/tr>\n<tr data-start=\"4918\" data-end=\"4967\">\n<td data-start=\"4918\" data-end=\"4935\" data-col-size=\"sm\"><strong data-start=\"4920\" data-end=\"4934\">Temps de pr\u00e9paration<\/strong><\/td>\n<td data-start=\"4935\" data-end=\"4952\" data-col-size=\"sm\">~30-60 secondes<\/td>\n<td data-col-size=\"sm\" data-start=\"4952\" data-end=\"4967\">2-5 minutes<\/td>\n<\/tr>\n<tr data-start=\"4968\" data-end=\"5032\">\n<td data-start=\"4968\" data-end=\"4992\" data-col-size=\"sm\"><strong data-start=\"4970\" data-end=\"4991\">Marque incluse<\/strong><\/td>\n<td data-col-size=\"sm\" data-start=\"4992\" data-end=\"5016\">Oui, recto en couleur<\/td>\n<td data-col-size=\"sm\" data-start=\"5016\" data-end=\"5032\">Suppl\u00e9ment<\/td>\n<\/tr>\n<tr data-start=\"5033\" data-end=\"5079\">\n<td data-start=\"5033\" data-end=\"5052\" data-col-size=\"sm\"><strong data-start=\"5035\" data-end=\"5051\">Eclairage LED<\/strong><\/td>\n<td data-start=\"5052\" data-end=\"5063\" data-col-size=\"sm\">Inclus<\/td>\n<td data-start=\"5063\" data-end=\"5079\" data-col-size=\"sm\">Suppl\u00e9ment<\/td>\n<\/tr>\n<tr data-start=\"5080\" data-end=\"5142\">\n<td data-start=\"5080\" data-end=\"5106\" data-col-size=\"sm\"><strong data-start=\"5082\" data-end=\"5105\">Vitesse de personnalisation<\/strong><\/td>\n<td data-start=\"5106\" data-end=\"5123\" data-col-size=\"sm\">Rapide, en interne<\/td>\n<td data-col-size=\"sm\" data-start=\"5123\" data-end=\"5142\">Plus lent, limit\u00e9<\/td>\n<\/tr>\n<\/tbody>\n<\/table>\n<\/div>\n<\/div>\n<hr data-start=\"5144\" data-end=\"5147\" \/>\n<h2 data-start=\"5149\" data-end=\"5166\">R\u00e9flexions finales<\/h2>\n<p data-start=\"5168\" data-end=\"5269\">Les deux soci\u00e9t\u00e9s produisent des barres portables de qualit\u00e9 professionnelle, mais la meilleure solution d\u00e9pend de vos priorit\u00e9s :<\/p>\n<ul data-start=\"5271\" data-end=\"5576\">\n<li data-start=\"5271\" data-end=\"5412\">\n<p data-start=\"5273\" data-end=\"5412\"><strong data-start=\"5273\" data-end=\"5302\">Choisir des mod\u00e8les personnalis\u00e9s<\/strong> si vous souhaitez un bar rentable, facile \u00e0 d\u00e9placer, fabriqu\u00e9 aux \u00c9tats-Unis, avec des caract\u00e9ristiques personnalisables et un d\u00e9lai d'ex\u00e9cution rapide.<\/p>\n<\/li>\n<li data-start=\"5413\" data-end=\"5576\">\n<p data-start=\"5415\" data-end=\"5576\"><strong data-start=\"5415\" data-end=\"5450\">Choisir l'entreprise de bar portable<\/strong> si vous avez besoin d'une barre de r\u00e9servoir robuste, d'une installation plus rigide avec tous les accessoires int\u00e9gr\u00e9s et que vous \u00eates moins pr\u00e9occup\u00e9 par le prix ou la portabilit\u00e9.<\/p>\n<\/li>\n<\/ul>\n<p data-start=\"5578\" data-end=\"5810\">Pour les barmen mobiles, les soci\u00e9t\u00e9s de location d'\u00e9v\u00e9nements ou les organisations qui d\u00e9placent fr\u00e9quemment leur mat\u00e9riel, la construction plus l\u00e9g\u00e8re, les fonctions int\u00e9gr\u00e9es et le prix plus bas du <a href=\"https:\/\/www.portablebar.com\/fr_fr\/\">Barres de conception personnalis\u00e9e<\/a> en font un choix pratique et de grande valeur.<\/p>\n<div class=\"pb-wrap\"><\/div>\n\t\t<\/div>\n\n\t\t\n<style>\n#section_1782040566 {\n  padding-top: 30px;\n  padding-bottom: 30px;\n}\n<\/style>\n\t<\/section>","protected":false},"excerpt":{"rendered":"","protected":false},"author":1,"featured_media":0,"parent":0,"menu_order":0,"comment_status":"closed","ping_status":"closed","template":"page-blank-title-center.php","meta":{"_acf_changed":false,"footnotes":""},"class_list":["post-29333","page","type-page","status-publish","hentry"],"acf":[],"yoast_head":"<!-- This site is optimized with the Yoast SEO plugin v26.7 - https:\/\/yoast.com\/wordpress\/plugins\/seo\/ -->\n<title>Portable Bar Comparison: Customized Designs vs. The Portable Bar Company - Portable Bars by Customized Designs<\/title>\n<meta name=\"description\" content=\"Compare Customized Designs vs. The Portable Bar Company. Discover the differences in price, weight (aluminum vs. steel), and features to find the best mobile bar.\" \/>\n<meta name=\"robots\" content=\"index, follow, max-snippet:-1, max-image-preview:large, max-video-preview:-1\" \/>\n<link rel=\"canonical\" href=\"https:\/\/www.portablebar.com\/fr_fr\/comparaison-des-marques-de-bars-portables\/\" \/>\n<meta property=\"og:locale\" content=\"fr_FR\" \/>\n<meta property=\"og:type\" content=\"article\" \/>\n<meta property=\"og:title\" content=\"Portable Bar Comparison: Customized Designs vs. The Portable Bar Company - Portable Bars by Customized Designs\" \/>\n<meta property=\"og:description\" content=\"Compare Customized Designs vs. The Portable Bar Company. Discover the differences in price, weight (aluminum vs. steel), and features to find the best mobile bar.\" \/>\n<meta property=\"og:url\" content=\"https:\/\/www.portablebar.com\/fr_fr\/comparaison-des-marques-de-bars-portables\/\" \/>\n<meta property=\"og:site_name\" content=\"Portable Bars by Customized Designs\" \/>\n<meta property=\"article:modified_time\" content=\"2026-01-10T00:39:27+00:00\" \/>\n<meta name=\"twitter:card\" content=\"summary_large_image\" \/>\n<meta name=\"twitter:label1\" content=\"Dur\u00e9e de lecture estim\u00e9e\" \/>\n\t<meta name=\"twitter:data1\" content=\"4 minutes\" \/>\n<script type=\"application\/ld+json\" class=\"yoast-schema-graph\">{\"@context\":\"https:\/\/schema.org\",\"@graph\":[{\"@type\":\"WebPage\",\"@id\":\"https:\/\/www.portablebar.com\/fr_fr\/comparaison-des-marques-de-bars-portables\/\",\"url\":\"https:\/\/www.portablebar.com\/fr_fr\/comparaison-des-marques-de-bars-portables\/\",\"name\":\"Portable Bar Comparison: Customized Designs vs. The Portable Bar Company - Portable Bars by Customized Designs\",\"isPartOf\":{\"@id\":\"https:\/\/www.portablebar.com\/fr_fr\/#website\"},\"datePublished\":\"2026-01-01T17:36:17+00:00\",\"dateModified\":\"2026-01-10T00:39:27+00:00\",\"description\":\"Compare Customized Designs vs. The Portable Bar Company. Discover the differences in price, weight (aluminum vs. steel), and features to find the best mobile bar.\",\"breadcrumb\":{\"@id\":\"https:\/\/www.portablebar.com\/fr_fr\/comparaison-des-marques-de-bars-portables\/#breadcrumb\"},\"inLanguage\":\"fr-FR\",\"potentialAction\":[{\"@type\":\"ReadAction\",\"target\":[\"https:\/\/www.portablebar.com\/fr_fr\/comparaison-des-marques-de-bars-portables\/\"]}]},{\"@type\":\"BreadcrumbList\",\"@id\":\"https:\/\/www.portablebar.com\/fr_fr\/comparaison-des-marques-de-bars-portables\/#breadcrumb\",\"itemListElement\":[{\"@type\":\"ListItem\",\"position\":1,\"name\":\"Home\",\"item\":\"https:\/\/www.portablebar.com\/\"},{\"@type\":\"ListItem\",\"position\":2,\"name\":\"Portable Bar Comparison: Customized Designs vs. The Portable Bar Company\"}]},{\"@type\":\"WebSite\",\"@id\":\"https:\/\/www.portablebar.com\/fr_fr\/#website\",\"url\":\"https:\/\/www.portablebar.com\/fr_fr\/\",\"name\":\"Portable Bars by Customized Designs\",\"description\":\"\",\"potentialAction\":[{\"@type\":\"SearchAction\",\"target\":{\"@type\":\"EntryPoint\",\"urlTemplate\":\"https:\/\/www.portablebar.com\/fr_fr\/?s={search_term_string}\"},\"query-input\":{\"@type\":\"PropertyValueSpecification\",\"valueRequired\":true,\"valueName\":\"search_term_string\"}}],\"inLanguage\":\"fr-FR\"}]}<\/script>\n<!-- \/ Yoast SEO plugin. -->","yoast_head_json":{"title":"Comparaison des bars portables : Customized Designs vs. The Portable Bar Company - Bars portables par Customized Designs","description":"Comparez Customized Designs et The Portable Bar Company. D\u00e9couvrez les diff\u00e9rences de prix, de poids (aluminium ou acier) et de caract\u00e9ristiques pour trouver le meilleur bar mobile.","robots":{"index":"index","follow":"follow","max-snippet":"max-snippet:-1","max-image-preview":"max-image-preview:large","max-video-preview":"max-video-preview:-1"},"canonical":"https:\/\/www.portablebar.com\/fr_fr\/comparaison-des-marques-de-bars-portables\/","og_locale":"fr_FR","og_type":"article","og_title":"Portable Bar Comparison: Customized Designs vs. The Portable Bar Company - Portable Bars by Customized Designs","og_description":"Compare Customized Designs vs. The Portable Bar Company. Discover the differences in price, weight (aluminum vs. steel), and features to find the best mobile bar.","og_url":"https:\/\/www.portablebar.com\/fr_fr\/comparaison-des-marques-de-bars-portables\/","og_site_name":"Portable Bars by Customized Designs","article_modified_time":"2026-01-10T00:39:27+00:00","twitter_card":"summary_large_image","twitter_misc":{"Dur\u00e9e de lecture estim\u00e9e":"4 minutes"},"schema":{"@context":"https:\/\/schema.org","@graph":[{"@type":"WebPage","@id":"https:\/\/www.portablebar.com\/fr_fr\/comparaison-des-marques-de-bars-portables\/","url":"https:\/\/www.portablebar.com\/fr_fr\/comparaison-des-marques-de-bars-portables\/","name":"Comparaison des bars portables : Customized Designs vs. The Portable Bar Company - Bars portables par Customized Designs","isPartOf":{"@id":"https:\/\/www.portablebar.com\/fr_fr\/#website"},"datePublished":"2026-01-01T17:36:17+00:00","dateModified":"2026-01-10T00:39:27+00:00","description":"Comparez Customized Designs et The Portable Bar Company. D\u00e9couvrez les diff\u00e9rences de prix, de poids (aluminium ou acier) et de caract\u00e9ristiques pour trouver le meilleur bar mobile.","breadcrumb":{"@id":"https:\/\/www.portablebar.com\/fr_fr\/comparaison-des-marques-de-bars-portables\/#breadcrumb"},"inLanguage":"fr-FR","potentialAction":[{"@type":"ReadAction","target":["https:\/\/www.portablebar.com\/fr_fr\/comparaison-des-marques-de-bars-portables\/"]}]},{"@type":"BreadcrumbList","@id":"https:\/\/www.portablebar.com\/fr_fr\/comparaison-des-marques-de-bars-portables\/#breadcrumb","itemListElement":[{"@type":"ListItem","position":1,"name":"Home","item":"https:\/\/www.portablebar.com\/"},{"@type":"ListItem","position":2,"name":"Portable Bar Comparison: Customized Designs vs. The Portable Bar Company"}]},{"@type":"WebSite","@id":"https:\/\/www.portablebar.com\/fr_fr\/#website","url":"https:\/\/www.portablebar.com\/fr_fr\/","name":"Bars portables par Customized Designs","description":"","potentialAction":[{"@type":"SearchAction","target":{"@type":"EntryPoint","urlTemplate":"https:\/\/www.portablebar.com\/fr_fr\/?s={search_term_string}"},"query-input":{"@type":"PropertyValueSpecification","valueRequired":true,"valueName":"search_term_string"}}],"inLanguage":"fr-FR"}]}},"_links":{"self":[{"href":"https:\/\/www.portablebar.com\/fr_fr\/wp-json\/wp\/v2\/pages\/29333","targetHints":{"allow":["GET"]}}],"collection":[{"href":"https:\/\/www.portablebar.com\/fr_fr\/wp-json\/wp\/v2\/pages"}],"about":[{"href":"https:\/\/www.portablebar.com\/fr_fr\/wp-json\/wp\/v2\/types\/page"}],"author":[{"embeddable":true,"href":"https:\/\/www.portablebar.com\/fr_fr\/wp-json\/wp\/v2\/users\/1"}],"replies":[{"embeddable":true,"href":"https:\/\/www.portablebar.com\/fr_fr\/wp-json\/wp\/v2\/comments?post=29333"}],"version-history":[{"count":0,"href":"https:\/\/www.portablebar.com\/fr_fr\/wp-json\/wp\/v2\/pages\/29333\/revisions"}],"wp:attachment":[{"href":"https:\/\/www.portablebar.com\/fr_fr\/wp-json\/wp\/v2\/media?parent=29333"}],"curies":[{"name":"wp","href":"https:\/\/api.w.org\/{rel}","templated":true}]}}