{"id":16664,"date":"2019-02-07T10:16:59","date_gmt":"2019-02-07T17:16:59","guid":{"rendered":"https:\/\/www.portablebar.com\/?page_id=16664"},"modified":"2026-01-20T16:59:47","modified_gmt":"2026-01-20T21:59:47","slug":"financement","status":"publish","type":"page","link":"https:\/\/www.portablebar.com\/fr_fr\/financement\/","title":{"rendered":"Financement"},"content":{"rendered":"<section class=\"section\" id=\"section_427599160\">\n\t\t<div class=\"section-bg fill\" >\n\t\t\t\t\t\t\t\t\t\n\t\t\t\n\n\t\t<\/div>\n\n\t\t\n\n\t\t<div class=\"section-content relative\">\n\t\t\t\n<div class=\"row\"  id=\"row-1928204693\">\n\n\t<div id=\"col-1552768467\" class=\"col large-12\"  >\n\t\t\t\t<div class=\"col-inner text-center\"  >\n\t\t\t\n\t\t\t\n\t<div class=\"img has-hover x md-x lg-x y md-y lg-y\" id=\"image_814205864\">\n\t\t\t\t\t\t\t\t<div class=\"img-inner dark\" >\n\t\t\t<img loading=\"lazy\" decoding=\"async\" width=\"1920\" height=\"175\" src=\"https:\/\/www.portablebar.com\/wp-content\/uploads\/2026\/01\/cd-qs.png\" class=\"attachment-original size-original\" alt=\"\" srcset=\"https:\/\/www.portablebar.com\/wp-content\/uploads\/2026\/01\/cd-qs.png 1920w, https:\/\/www.portablebar.com\/wp-content\/uploads\/2026\/01\/cd-qs-650x59.png 650w, https:\/\/www.portablebar.com\/wp-content\/uploads\/2026\/01\/cd-qs-1200x109.png 1200w, https:\/\/www.portablebar.com\/wp-content\/uploads\/2026\/01\/cd-qs-400x36.png 400w, https:\/\/www.portablebar.com\/wp-content\/uploads\/2026\/01\/cd-qs-768x70.png 768w, https:\/\/www.portablebar.com\/wp-content\/uploads\/2026\/01\/cd-qs-1536x140.png 1536w, https:\/\/www.portablebar.com\/wp-content\/uploads\/2026\/01\/cd-qs-18x2.png 18w, https:\/\/www.portablebar.com\/wp-content\/uploads\/2026\/01\/cd-qs-247x23.png 247w, https:\/\/www.portablebar.com\/wp-content\/uploads\/2026\/01\/cd-qs-850x77.png 850w\" sizes=\"auto, (max-width: 1920px) 100vw, 1920px\" title=\"\" \/>\t\t\t\t\t\t\n\t\t\t\t\t<\/div>\n\t\t\t\t\t\t\t\t\n<style>\n#image_814205864 {\n  width: 100%;\n}\n@media (min-width:550px) {\n  #image_814205864 {\n    width: 80%;\n  }\n}\n<\/style>\n\t<\/div>\n\t\n\t<div id=\"text-256155760\" class=\"text\">\n\t\t\n<h3><span style=\"font-size: 150%;\">Le bar portable dont vous avez besoin \u00e0 un prix abordable<\/span><\/h3>\n\t\t\n<style>\n#text-256155760 {\n  font-size: 0.75rem;\n  text-align: center;\n  color: rgb(26, 42, 80);\n}\n#text-256155760 > * {\n  color: rgb(26, 42, 80);\n}\n@media (min-width:550px) {\n  #text-256155760 {\n    font-size: 1.25rem;\n  }\n}\n<\/style>\n\t<\/div>\n\t\n\t<div id=\"gap-793993956\" class=\"gap-element clearfix\" style=\"display:block; height:auto;\">\n\t\t\n<style>\n#gap-793993956 {\n  padding-top: 20px;\n}\n<\/style>\n\t<\/div>\n\t\n<a href=\"https:\/\/secure.financ.ing\/app?qs=apply&#038;apptype=b&#038;dealercode=PVDM6&#038;productname=&#038;equip=&#038;eqpamt=&#038;cost=&#038;website=&#038;cid=1486a038-ee96-4798-bd1f-7693fae893bf&#038;step=1\" target=\"_blank\" class=\"button primary is-gloss is-large\" rel=\"noopener\" style=\"border-radius:3px;\">\n\t\t<span>POSEZ VOTRE CANDIDATURE D\u00c8S AUJOURD'HUI<\/span>\n\t<\/a>\n\n\t\t<\/div>\n\t\t\t\t\n<style>\n#col-1552768467 > .col-inner {\n  padding: 0px 0px 25px 0px;\n}\n<\/style>\n\t<\/div>\n\n\t\n<\/div>\n\t\t<\/div>\n\n\t\t\n<style>\n#section_427599160 {\n  padding-top: 0px;\n  padding-bottom: 0px;\n  background-color: rgb(255, 255, 255);\n}\n<\/style>\n\t<\/section>\n\t\n\n\t<section class=\"section\" id=\"section_1927860451\">\n\t\t<div class=\"section-bg fill\" >\n\t\t\t\t\t\t\t\t\t\n\t\t\t\n\n\t\t<\/div>\n\n\t\t\n\n\t\t<div class=\"section-content relative\">\n\t\t\t\n<div class=\"row row-large align-equal align-center\"  id=\"row-1228942436\">\n\n\t<div id=\"col-1481492343\" class=\"col medium-6 small-12 large-6\"  >\n\t\t\t\t<div class=\"col-inner text-center\"  >\n\t\t\t\n\t\t\t\n\t<div class=\"img has-hover x md-x lg-x y md-y lg-y\" id=\"image_2043287999\">\n\t\t\t\t\t\t\t\t<div class=\"img-inner dark\" >\n\t\t\t<img loading=\"lazy\" decoding=\"async\" width=\"1\" height=\"1\" src=\"https:\/\/www.portablebar.com\/wp-content\/uploads\/2026\/01\/money_icon_svg.svg\" class=\"attachment-thumbnail size-thumbnail\" alt=\"\" title=\"\" \/>\t\t\t\t\t\t\n\t\t\t\t\t<\/div>\n\t\t\t\t\t\t\t\t\n<style>\n#image_2043287999 {\n  width: 20%;\n}\n<\/style>\n\t<\/div>\n\t\n\t<div id=\"text-4164403349\" class=\"text\">\n\t\t\n<h3 style=\"font-size: 1.4rem; color: rgb(36, 180, 217); font-weight: 600; margin-bottom: 20px;\">Paiements mensuels r\u00e9duits<\/h3>\n<p style=\"font-size: 1.05rem; line-height: 1.6; color: rgb(55, 65, 81);\">QuickSpark propose des paiements mensuels allant de 12 \u00e0 60 mois et s'assure de la meilleure adaptation \u00e0 votre entreprise.<\/p>\n\t\t\n<style>\n#text-4164403349 {\n  text-align: center;\n}\n<\/style>\n\t<\/div>\n\t\n\t\t<\/div>\n\t\t\t\t\n<style>\n#col-1481492343 > .col-inner {\n  padding: 0px 0px 0px 0px;\n}\n<\/style>\n\t<\/div>\n\n\t\n\n\t<div id=\"col-1899104571\" class=\"col medium-6 small-12 large-6\"  >\n\t\t\t\t<div class=\"col-inner text-center\"  >\n\t\t\t\n\t\t\t\n\t<div class=\"img has-hover x md-x lg-x y md-y lg-y\" id=\"image_1556986414\">\n\t\t\t\t\t\t\t\t<div class=\"img-inner dark\" >\n\t\t\t<img loading=\"lazy\" decoding=\"async\" width=\"1\" height=\"1\" src=\"https:\/\/www.portablebar.com\/wp-content\/uploads\/2026\/01\/revenue_icon_svg.svg\" class=\"attachment-thumbnail size-thumbnail\" alt=\"\" title=\"\" \/>\t\t\t\t\t\t\n\t\t\t\t\t<\/div>\n\t\t\t\t\t\t\t\t\n<style>\n#image_1556986414 {\n  width: 20%;\n}\n<\/style>\n\t<\/div>\n\t\n\t<div id=\"text-2700878419\" class=\"text\">\n\t\t\n<h3 style=\"font-size: 1.4rem; color: rgb(36, 180, 217); font-weight: 600; margin-bottom: 20px;\">G\u00e9n\u00e9rer des revenus<\/h3>\n<p style=\"font-size: 1.05rem; line-height: 1.6; color: rgb(55, 65, 81);\">Obtenez l'\u00e9quipement maintenant et payez-le plus tard par de petits versements faciles \u00e0 g\u00e9rer. Gagnez de l'argent avant de devoir payer.<\/p>\n\t\t\n<style>\n#text-2700878419 {\n  text-align: center;\n}\n<\/style>\n\t<\/div>\n\t\n\t\t<\/div>\n\t\t\t\t\n<style>\n#col-1899104571 > .col-inner {\n  padding: 0px 0px 0px 0px;\n}\n<\/style>\n\t<\/div>\n\n\t\n<\/div>\n<div class=\"row row-large align-equal align-center\"  id=\"row-1293451892\">\n\n\t<div id=\"col-1065609169\" class=\"col medium-6 small-12 large-6\"  >\n\t\t\t\t<div class=\"col-inner text-center\"  >\n\t\t\t\n\t\t\t\n\t<div class=\"img has-hover x md-x lg-x y md-y lg-y\" id=\"image_332793242\">\n\t\t\t\t\t\t\t\t<div class=\"img-inner dark\" >\n\t\t\t<img loading=\"lazy\" decoding=\"async\" width=\"1\" height=\"1\" src=\"https:\/\/www.portablebar.com\/wp-content\/uploads\/2026\/01\/credit_card_icon_svg.svg\" class=\"attachment-thumbnail size-thumbnail\" alt=\"carte_de_cr\u00e9dit_icon_svg\" title=\"carte_de_cr\u00e9dit_icon_svg\" \/>\t\t\t\t\t\t\n\t\t\t\t\t<\/div>\n\t\t\t\t\t\t\t\t\n<style>\n#image_332793242 {\n  width: 20%;\n}\n<\/style>\n\t<\/div>\n\t\n\t<div id=\"text-1375632979\" class=\"text\">\n\t\t\n<h3 style=\"font-size: 1.4rem; color: rgb(36, 180, 217); font-weight: 600; margin-bottom: 20px;\">Maintenir les lignes de cr\u00e9dit ouvertes<\/h3>\n<p style=\"font-size: 1.05rem; line-height: 1.6; color: rgb(55, 65, 81);\">Gardez des lignes de cr\u00e9dit ouvertes pour les urgences et utilisez notre financement pour aider \u00e0 d\u00e9velopper le cr\u00e9dit de l'entreprise.<\/p>\n\t\t\n<style>\n#text-1375632979 {\n  text-align: center;\n}\n<\/style>\n\t<\/div>\n\t\n\t\t<\/div>\n\t\t\t\t\n<style>\n#col-1065609169 > .col-inner {\n  padding: 0px 0px 0px 0px;\n}\n<\/style>\n\t<\/div>\n\n\t\n\n\t<div id=\"col-1272883108\" class=\"col medium-6 small-12 large-6\"  >\n\t\t\t\t<div class=\"col-inner text-center\"  >\n\t\t\t\n\t\t\t\n\t<div class=\"img has-hover x md-x lg-x y md-y lg-y\" id=\"image_924978310\">\n\t\t\t\t\t\t\t\t<div class=\"img-inner dark\" >\n\t\t\t<img loading=\"lazy\" decoding=\"async\" width=\"1\" height=\"1\" src=\"https:\/\/www.portablebar.com\/wp-content\/uploads\/2026\/01\/bank_icon_svg.svg\" class=\"attachment-thumbnail size-thumbnail\" alt=\"bank_icon_svg\" title=\"bank_icon_svg\" \/>\t\t\t\t\t\t\n\t\t\t\t\t<\/div>\n\t\t\t\t\t\t\t\t\n<style>\n#image_924978310 {\n  width: 20%;\n}\n<\/style>\n\t<\/div>\n\t\n\t<div id=\"text-2572602648\" class=\"text\">\n\t\t\n<h3 style=\"font-size: 1.4rem; color: rgb(36, 180, 217); font-weight: 600; margin-bottom: 20px;\">100% Taxe d\u00e9ductible<\/h3>\n<p style=\"font-size: 1.05rem; line-height: 1.6; color: rgb(55, 65, 81);\">La plupart des entreprises peuvent d\u00e9duire 100% du co\u00fbt total de l'\u00e9quipement au titre de l'article 179.<\/p>\n\t\t\n<style>\n#text-2572602648 {\n  text-align: center;\n}\n<\/style>\n\t<\/div>\n\t\n\t\t<\/div>\n\t\t\t\t\n<style>\n#col-1272883108 > .col-inner {\n  padding: 0px 0px 0px 0px;\n}\n<\/style>\n\t<\/div>\n\n\t\n<\/div>\n\t\t<\/div>\n\n\t\t\n<style>\n#section_1927860451 {\n  padding-top: 0px;\n  padding-bottom: 0px;\n  background-color: rgb(255,255,255);\n}\n<\/style>\n\t<\/section>\n\t\n\n\t<section class=\"section\" id=\"section_441023903\">\n\t\t<div class=\"section-bg fill\" >\n\t\t\t\t\t\t\t\t\t\n\t\t\t\n\n\t\t<\/div>\n\n\t\t\n\n\t\t<div class=\"section-content relative\">\n\t\t\t\n<div class=\"row\"  id=\"row-1339414803\">\n\n\t<div id=\"col-1782483324\" class=\"col large-12\"  >\n\t\t\t\t<div class=\"col-inner text-center\"  >\n\t\t\t\n\t\t\t\n\t<div id=\"text-1130992544\" class=\"text\">\n\t\t\n<h2 style=\"font-size: 2.2rem; font-weight: 700; margin-bottom: 20px;\">Entreprises desservies par Quickspark<\/h2>\n\t\t\n<style>\n#text-1130992544 {\n  text-align: center;\n  color: rgb(26, 42, 80);\n}\n#text-1130992544 > * {\n  color: rgb(26, 42, 80);\n}\n<\/style>\n\t<\/div>\n\t\n\t<div id=\"text-1759258674\" class=\"text\">\n\t\t\n<p style=\"font-size: 1.1rem; line-height: 1.7; max-width: 900px; margin: 0 auto 60px;\">Que vous ayez un bon ou un mauvais cr\u00e9dit, QuickSpark peut aider votre entreprise \u00e0 trouver le bon \u00e9quipement avec un plan qui correspond \u00e0 vos besoins financiers. Nous travaillons en partenariat avec plus de 3 000 fournisseurs \u00e0 travers le pays. Nous sommes l\u00e0 pour financer les r\u00eaves de votre petite entreprise !<\/p>\n\t\t\n<style>\n#text-1759258674 {\n  text-align: center;\n  color: rgb(55, 65, 81);\n}\n#text-1759258674 > * {\n  color: rgb(55, 65, 81);\n}\n<\/style>\n\t<\/div>\n\t\n\t\t<\/div>\n\t\t\t\t\t<\/div>\n\n\t\n<\/div>\n<div class=\"row row-large align-equal\"  id=\"row-1430642528\">\n\n\t<div id=\"col-431440529\" class=\"col medium-6 small-12 large-6\"  >\n\t\t\t\t<div class=\"col-inner text-center\"  >\n\t\t\t\n\t\t\t\n\t<div id=\"text-2643194747\" class=\"text\">\n\t\t\n<h3 style=\"font-size: 1.5rem; color: rgb(36, 180, 217); font-weight: 600; margin-bottom: 15px;\">StartUps<\/h3>\n<p style=\"font-size: 1.05rem; line-height: 1.6; color: rgb(55, 65, 81);\">Les institutions financi\u00e8res consid\u00e8rent les start-ups comme un risque \u00e9lev\u00e9, mais nous les consid\u00e9rons comme une opportunit\u00e9 d'aider les nouvelles entreprises \u00e0 se d\u00e9velopper.<\/p>\n\t\t\n<style>\n#text-2643194747 {\n  text-align: center;\n}\n<\/style>\n\t<\/div>\n\t\n\t\t<\/div>\n\t\t\t\t\n<style>\n#col-431440529 > .col-inner {\n  padding: 30px;\n}\n<\/style>\n\t<\/div>\n\n\t\n\n\t<div id=\"col-920000978\" class=\"col medium-6 small-12 large-6\"  >\n\t\t\t\t<div class=\"col-inner text-center\"  >\n\t\t\t\n\t\t\t\n\t<div id=\"text-2984964141\" class=\"text\">\n\t\t\n<h3 style=\"font-size: 1.5rem; color: rgb(36, 180, 217); font-weight: 600; margin-bottom: 15px;\">Scores de cr\u00e9dit faibles<\/h3>\n<p style=\"font-size: 1.05rem; line-height: 1.6; color: rgb(55, 65, 81);\">Nous travaillons avec de multiples sources de financement et pouvons proposer des options et des programmes pour les entreprises dont le score de cr\u00e9dit est faible.<\/p>\n\t\t\n<style>\n#text-2984964141 {\n  text-align: center;\n}\n<\/style>\n\t<\/div>\n\t\n\t\t<\/div>\n\t\t\t\t\n<style>\n#col-920000978 > .col-inner {\n  padding: 30px;\n}\n<\/style>\n\t<\/div>\n\n\t\n<\/div>\n<div class=\"row row-large align-equal\"  id=\"row-1544234644\">\n\n\t<div id=\"col-1335991457\" class=\"col medium-6 small-12 large-6\"  >\n\t\t\t\t<div class=\"col-inner text-center\"  >\n\t\t\t\n\t\t\t\n\t<div id=\"text-404301168\" class=\"text\">\n\t\t\n<h3 style=\"font-size: 1.5rem; color: rgb(36, 180, 217); font-weight: 600; margin-bottom: 15px;\">Entreprises individuelles<\/h3>\n<p style=\"font-size: 1.05rem; line-height: 1.6; color: rgb(55, 65, 81);\">Avec le nombre croissant d'entreprises individuelles, nous avons des pr\u00eateurs qui sont pr\u00eats et capables de financer ces types d'entreprises.<\/p>\n\t\t\n<style>\n#text-404301168 {\n  text-align: center;\n}\n<\/style>\n\t<\/div>\n\t\n\t\t<\/div>\n\t\t\t\t\n<style>\n#col-1335991457 > .col-inner {\n  padding: 30px;\n}\n<\/style>\n\t<\/div>\n\n\t\n\n\t<div id=\"col-1917053590\" class=\"col medium-6 small-12 large-6\"  >\n\t\t\t\t<div class=\"col-inner text-center\"  >\n\t\t\t\n\t\t\t\n\t<div id=\"text-2618525218\" class=\"text\">\n\t\t\n<h3 style=\"font-size: 1.5rem; color: rgb(36, 180, 217); font-weight: 600; margin-bottom: 15px;\">Scores de cr\u00e9dit \u00e9lev\u00e9s<\/h3>\n<p style=\"font-size: 1.05rem; line-height: 1.6; color: rgb(55, 65, 81);\">Nous r\u00e9compensons les clients ayant un cr\u00e9dit sup\u00e9rieur et offrons des conditions et des taux comp\u00e9titifs avec les paiements les plus bas possibles.<\/p>\n\t\t\n<style>\n#text-2618525218 {\n  text-align: center;\n}\n<\/style>\n\t<\/div>\n\t\n\t\t<\/div>\n\t\t\t\t\n<style>\n#col-1917053590 > .col-inner {\n  padding: 30px;\n}\n<\/style>\n\t<\/div>\n\n\t\n<\/div>\n<div class=\"row row-large align-equal\"  id=\"row-1704899518\">\n\n\t<div id=\"col-458240890\" class=\"col medium-6 small-12 large-6\"  >\n\t\t\t\t<div class=\"col-inner text-center\"  >\n\t\t\t\n\t\t\t\n\t<div id=\"text-1997004283\" class=\"text\">\n\t\t\n<h3 style=\"font-size: 1.5rem; color: rgb(36, 180, 217); font-weight: 600; margin-bottom: 15px;\">Entreprises \u00e9tablies<\/h3>\n<p style=\"font-size: 1.05rem; line-height: 1.6; color: rgb(55, 65, 81);\">Nous travaillons avec des entreprises qui existent depuis un certain temps et qui cherchent \u00e0 s'agrandir ou \u00e0 moderniser leur \u00e9quipement.<\/p>\n\t\t\n<style>\n#text-1997004283 {\n  text-align: center;\n}\n<\/style>\n\t<\/div>\n\t\n\t\t<\/div>\n\t\t\t\t\n<style>\n#col-458240890 > .col-inner {\n  padding: 30px;\n}\n<\/style>\n\t<\/div>\n\n\t\n\n\t<div id=\"col-161328993\" class=\"col medium-6 small-12 large-6\"  >\n\t\t\t\t<div class=\"col-inner text-center\"  >\n\t\t\t\n\t\t\t\n\t<div id=\"text-1385966569\" class=\"text\">\n\t\t\n<h3 style=\"font-size: 1.5rem; color: rgb(36, 180, 217); font-weight: 600; margin-bottom: 15px;\">Faillites<\/h3>\n<p style=\"font-size: 1.05rem; line-height: 1.6; color: rgb(55, 65, 81);\">La faillite est mal per\u00e7ue par les banques, mais nos sources de financement proposent des programmes qui permettent aux entreprises d'obtenir l'\u00e9quipement dont elles ont besoin.<\/p>\n\t\t\n<style>\n#text-1385966569 {\n  text-align: center;\n}\n<\/style>\n\t<\/div>\n\t\n\t\t<\/div>\n\t\t\t\t\n<style>\n#col-161328993 > .col-inner {\n  padding: 30px;\n}\n<\/style>\n\t<\/div>\n\n\t\n<\/div>\n\t\t<\/div>\n\n\t\t\n<style>\n#section_441023903 {\n  padding-top: 80px;\n  padding-bottom: 80px;\n  background-color: rgb(245, 245, 245);\n}\n<\/style>\n\t<\/section>\n\t\n<p><!-- CUSTOM CSS - Add this to Flatsome Theme Options > Advanced > Custom CSS --><\/p>\n<style>\n.financing-benefits h3 {\n  transition: color 0.3s ease;\n}<\/p>\n<p>.financing-benefits:hover h3 {\n  color: rgb(20, 160, 197) !important;\n}<\/p>\n<p>@media (max-width: 768px) {\n  .financing-benefits {\n    margin-bottom: 30px;\n  }\n}\n<\/style>","protected":false},"excerpt":{"rendered":"","protected":false},"author":1,"featured_media":0,"parent":0,"menu_order":0,"comment_status":"closed","ping_status":"closed","template":"page-blank-title-center.php","meta":{"_acf_changed":false,"footnotes":""},"class_list":["post-16664","page","type-page","status-publish","hentry"],"acf":[],"yoast_head":"<!-- This site is optimized with the Yoast SEO plugin v26.7 - https:\/\/yoast.com\/wordpress\/plugins\/seo\/ -->\n<title>Finance Your Portable Bar | Low Payments | Quick Approval<\/title>\n<meta name=\"description\" content=\"Get the LED portable bar equipment you need with flexible financing from QuickSpark. Low monthly payments, fast approval, and terms for all credit types. Apply today!\" \/>\n<meta name=\"robots\" content=\"index, follow, max-snippet:-1, max-image-preview:large, max-video-preview:-1\" \/>\n<link rel=\"canonical\" href=\"https:\/\/www.portablebar.com\/fr_fr\/financement\/\" \/>\n<meta property=\"og:locale\" content=\"fr_FR\" \/>\n<meta property=\"og:type\" content=\"article\" \/>\n<meta property=\"og:title\" content=\"Finance Your Portable Bar | Low Payments | Quick Approval\" \/>\n<meta property=\"og:description\" content=\"Get the LED portable bar equipment you need with flexible financing from QuickSpark. Low monthly payments, fast approval, and terms for all credit types. Apply today!\" \/>\n<meta property=\"og:url\" content=\"https:\/\/www.portablebar.com\/fr_fr\/financement\/\" \/>\n<meta property=\"og:site_name\" content=\"Portable Bars by Customized Designs\" \/>\n<meta property=\"article:modified_time\" content=\"2026-01-20T21:59:47+00:00\" \/>\n<meta name=\"twitter:card\" content=\"summary_large_image\" \/>\n<meta name=\"twitter:label1\" content=\"Dur\u00e9e de lecture estim\u00e9e\" \/>\n\t<meta name=\"twitter:data1\" content=\"3 minutes\" \/>\n<script type=\"application\/ld+json\" class=\"yoast-schema-graph\">{\"@context\":\"https:\/\/schema.org\",\"@graph\":[{\"@type\":\"WebPage\",\"@id\":\"https:\/\/www.portablebar.com\/fr_fr\/financement\/\",\"url\":\"https:\/\/www.portablebar.com\/fr_fr\/financement\/\",\"name\":\"Finance Your Portable Bar | Low Payments | Quick Approval\",\"isPartOf\":{\"@id\":\"https:\/\/www.portablebar.com\/fr_fr\/#website\"},\"datePublished\":\"2019-02-07T17:16:59+00:00\",\"dateModified\":\"2026-01-20T21:59:47+00:00\",\"description\":\"Get the LED portable bar equipment you need with flexible financing from QuickSpark. Low monthly payments, fast approval, and terms for all credit types. Apply today!\",\"breadcrumb\":{\"@id\":\"https:\/\/www.portablebar.com\/fr_fr\/financement\/#breadcrumb\"},\"inLanguage\":\"fr-FR\",\"potentialAction\":[{\"@type\":\"ReadAction\",\"target\":[\"https:\/\/www.portablebar.com\/fr_fr\/financement\/\"]}]},{\"@type\":\"BreadcrumbList\",\"@id\":\"https:\/\/www.portablebar.com\/fr_fr\/financement\/#breadcrumb\",\"itemListElement\":[{\"@type\":\"ListItem\",\"position\":1,\"name\":\"Home\",\"item\":\"https:\/\/www.portablebar.com\/\"},{\"@type\":\"ListItem\",\"position\":2,\"name\":\"Financing\"}]},{\"@type\":\"WebSite\",\"@id\":\"https:\/\/www.portablebar.com\/fr_fr\/#website\",\"url\":\"https:\/\/www.portablebar.com\/fr_fr\/\",\"name\":\"Portable Bars by Customized Designs\",\"description\":\"\",\"potentialAction\":[{\"@type\":\"SearchAction\",\"target\":{\"@type\":\"EntryPoint\",\"urlTemplate\":\"https:\/\/www.portablebar.com\/fr_fr\/?s={search_term_string}\"},\"query-input\":{\"@type\":\"PropertyValueSpecification\",\"valueRequired\":true,\"valueName\":\"search_term_string\"}}],\"inLanguage\":\"fr-FR\"}]}<\/script>\n<!-- \/ Yoast SEO plugin. -->","yoast_head_json":{"title":"Financez votre bar portable | Paiements r\u00e9duits | Approbation rapide","description":"Obtenez l'\u00e9quipement de bar portable LED dont vous avez besoin avec le financement flexible de QuickSpark. Des paiements mensuels bas, une approbation rapide et des conditions pour tous les types de cr\u00e9dit. Faites votre demande d\u00e8s aujourd'hui !","robots":{"index":"index","follow":"follow","max-snippet":"max-snippet:-1","max-image-preview":"max-image-preview:large","max-video-preview":"max-video-preview:-1"},"canonical":"https:\/\/www.portablebar.com\/fr_fr\/financement\/","og_locale":"fr_FR","og_type":"article","og_title":"Finance Your Portable Bar | Low Payments | Quick Approval","og_description":"Get the LED portable bar equipment you need with flexible financing from QuickSpark. Low monthly payments, fast approval, and terms for all credit types. Apply today!","og_url":"https:\/\/www.portablebar.com\/fr_fr\/financement\/","og_site_name":"Portable Bars by Customized Designs","article_modified_time":"2026-01-20T21:59:47+00:00","twitter_card":"summary_large_image","twitter_misc":{"Dur\u00e9e de lecture estim\u00e9e":"3 minutes"},"schema":{"@context":"https:\/\/schema.org","@graph":[{"@type":"WebPage","@id":"https:\/\/www.portablebar.com\/fr_fr\/financement\/","url":"https:\/\/www.portablebar.com\/fr_fr\/financement\/","name":"Financez votre bar portable | Paiements r\u00e9duits | Approbation rapide","isPartOf":{"@id":"https:\/\/www.portablebar.com\/fr_fr\/#website"},"datePublished":"2019-02-07T17:16:59+00:00","dateModified":"2026-01-20T21:59:47+00:00","description":"Obtenez l'\u00e9quipement de bar portable LED dont vous avez besoin avec le financement flexible de QuickSpark. Des paiements mensuels bas, une approbation rapide et des conditions pour tous les types de cr\u00e9dit. Faites votre demande d\u00e8s aujourd'hui !","breadcrumb":{"@id":"https:\/\/www.portablebar.com\/fr_fr\/financement\/#breadcrumb"},"inLanguage":"fr-FR","potentialAction":[{"@type":"ReadAction","target":["https:\/\/www.portablebar.com\/fr_fr\/financement\/"]}]},{"@type":"BreadcrumbList","@id":"https:\/\/www.portablebar.com\/fr_fr\/financement\/#breadcrumb","itemListElement":[{"@type":"ListItem","position":1,"name":"Home","item":"https:\/\/www.portablebar.com\/"},{"@type":"ListItem","position":2,"name":"Financing"}]},{"@type":"WebSite","@id":"https:\/\/www.portablebar.com\/fr_fr\/#website","url":"https:\/\/www.portablebar.com\/fr_fr\/","name":"Bars portables par Customized Designs","description":"","potentialAction":[{"@type":"SearchAction","target":{"@type":"EntryPoint","urlTemplate":"https:\/\/www.portablebar.com\/fr_fr\/?s={search_term_string}"},"query-input":{"@type":"PropertyValueSpecification","valueRequired":true,"valueName":"search_term_string"}}],"inLanguage":"fr-FR"}]}},"_links":{"self":[{"href":"https:\/\/www.portablebar.com\/fr_fr\/wp-json\/wp\/v2\/pages\/16664","targetHints":{"allow":["GET"]}}],"collection":[{"href":"https:\/\/www.portablebar.com\/fr_fr\/wp-json\/wp\/v2\/pages"}],"about":[{"href":"https:\/\/www.portablebar.com\/fr_fr\/wp-json\/wp\/v2\/types\/page"}],"author":[{"embeddable":true,"href":"https:\/\/www.portablebar.com\/fr_fr\/wp-json\/wp\/v2\/users\/1"}],"replies":[{"embeddable":true,"href":"https:\/\/www.portablebar.com\/fr_fr\/wp-json\/wp\/v2\/comments?post=16664"}],"version-history":[{"count":28,"href":"https:\/\/www.portablebar.com\/fr_fr\/wp-json\/wp\/v2\/pages\/16664\/revisions"}],"predecessor-version":[{"id":29595,"href":"https:\/\/www.portablebar.com\/fr_fr\/wp-json\/wp\/v2\/pages\/16664\/revisions\/29595"}],"wp:attachment":[{"href":"https:\/\/www.portablebar.com\/fr_fr\/wp-json\/wp\/v2\/media?parent=16664"}],"curies":[{"name":"wp","href":"https:\/\/api.w.org\/{rel}","templated":true}]}}