{"id":652,"date":"2018-02-04T07:07:35","date_gmt":"2018-02-04T14:07:35","guid":{"rendered":"https:\/\/www.portablebar.com\/woo\/?post_type=product&#038;p=652"},"modified":"2026-05-17T03:08:57","modified_gmt":"2026-05-17T07:08:57","slug":"mini-bar-portatil","status":"publish","type":"product","link":"https:\/\/www.portablebar.com\/es\/mini-bar-portatil\/","title":{"rendered":"Minibarra port\u00e1til"},"content":{"rendered":"<div class=\"description\">\n<div class=\"row\"  id=\"row-715760414\">\n\t<div id=\"col-936392875\" class=\"col medium-3 small-12 large-3\"  >\n\t\t\t\t<div class=\"col-inner\"  >\n\t\t\t\n\t\t\t\n<h2 style=\"text-align: left;\">Caracter\u00edsticas de Mobile Mini<\/h2>\n<hr \/>\n<ul>\n<li style=\"text-align: left;\">Montaje en 60 segundos (sin herramientas)<\/li>\n<li style=\"text-align: left;\">Construcci\u00f3n ligera de aluminio<\/li>\n<li style=\"text-align: left;\">Tapas de barra intercambiables<\/li>\n<li style=\"text-align: left;\">Se pliega hasta 8\u2033 para su transporte<\/li>\n<li style=\"text-align: left;\">Tablas de corte modulares para el \u00e1rea de preparaci\u00f3n<\/li>\n<li style=\"text-align: left;\">Sistema de iluminaci\u00f3n LED Nexus<\/li>\n<\/ul>\n\t\t<\/div>\n\t\t\t\t\n<style>\n#col-936392875 > .col-inner {\n  padding: 0 0px 0px 0px;\n}\n<\/style>\n\t<\/div>\n\n\t\n\n\t<div id=\"col-65992459\" class=\"col medium-3 small-12 large-3\"  >\n\t\t\t\t<div class=\"col-inner\"  >\n\t\t\t\n\t\t\t\n<h2 style=\"text-align: left;\">Opciones<\/h2>\n<hr \/>\n<ul>\n<li>Ra\u00edl r\u00e1pido de acero inoxidable (22\u2033)<\/li>\n<li>Hielera de 9.5qt<\/li>\n<li>Funda protectora de viaje<\/li>\n<li><a href=\"\/es\/p\/cargador-de-bateria\/\">Bater\u00eda recargable<\/a><\/li>\n<li>Marca y gr\u00e1ficos personalizados<\/li>\n<\/ul>\n\t\t<\/div>\n\t\t\t\t\n<style>\n#col-65992459 > .col-inner {\n  padding: 0 0px 0px 0px;\n}\n<\/style>\n\t<\/div>\n\n\t\n\n\t<div id=\"col-538834153\" class=\"col medium-3 small-12 large-3\"  >\n\t\t\t\t<div class=\"col-inner\"  >\n\t\t\t\n\t\t\t\n<h2 style=\"text-align: left;\">Dimensiones y transporte del minibar<\/h2>\n<hr \/>\n<ul>\n<li style=\"text-align: left;\"><strong>Montado:<\/strong> 32\u2033 ancho x 21\u2033 fondo x 42\u2033 alto<\/li>\n<li style=\"text-align: left;\"><strong>Doblada:<\/strong> 32\u2033 ancho x 8\u2033 fondo x 42\u2033 alto<\/li>\n<li style=\"text-align: left;\"><strong>Peso:<\/strong> 55 libras<\/li>\n<\/ul>\n<h3 style=\"text-align: left;\">Dimensiones de la barra<\/h3>\n<ul>\n<li style=\"text-align: left;\"><a href=\"https:\/\/www.portablebar.com\/wp-content\/uploads\/mini-bar-square-top.jpg\">Cuadrado<\/a> - 32\u2033 ancho x 12\u2033 fondo<\/li>\n<li style=\"text-align: left;\"><a href=\"https:\/\/www.portablebar.com\/wp-content\/uploads\/curve-mini-bar-top.jpg\">Curva<\/a> - 48\u2033 ancho x 12\u2033 fondo<\/li>\n<li style=\"text-align: left;\"><a href=\"https:\/\/www.portablebar.com\/wp-content\/uploads\/mini-bar-wrap-top.jpg\">Envolver<\/a> - 42\u2033 ancho x 15,5\u2033 fondo<\/li>\n<li>Configuraciones multibarra<br \/>\n<a href=\"https:\/\/www.portablebar.com\/wp-content\/uploads\/2020\/12\/mini-portable-bar-configs-scaled.jpg\">JPG<\/a> | <a href=\"https:\/\/www.portablebar.com\/wp-content\/uploads\/2020\/12\/mini-portable-bars-configs.pdf\">PDF<\/a><\/li>\n<\/ul>\n\t\t<\/div>\n\t\t\t\t\n<style>\n#col-538834153 > .col-inner {\n  padding: 0 0px 0px 0px;\n}\n<\/style>\n\t<\/div>\n\n\t\n\n\t<div id=\"col-393860001\" class=\"col medium-3 small-12 large-3\"  >\n\t\t\t\t<div class=\"col-inner\"  >\n\t\t\t\n\t\t\t\n<h2 style=\"text-align: left;\">Enlaces \u00fatiles para bares<\/h2>\n<hr \/>\n<ul style=\"text-align: left;\">\n<li><a href=\"\/es\/preguntas-frecuentes-sobre-bares-portatiles\/\">Preguntas frecuentes<\/a><\/li>\n<li><a href=\"https:\/\/www.portablebar.com\/es\/p\/cargador-de-bateria\/\">Informaci\u00f3n sobre la duraci\u00f3n de la bater\u00eda<\/a><\/li>\n<li><a href=\"\/es\/iluminacion-portatil-de-marca-para-bares\/\">C\u00f3mo reaccionan los gr\u00e1ficos a la iluminaci\u00f3n LED<\/a><\/li>\n<li>Mini plantilla de marca para m\u00f3vil<br \/>\n<a href=\"https:\/\/www.portablebar.com\/wp-content\/uploads\/2019\/02\/mini-portable-bar-template.pdf\">PDF<\/a> | <a href=\"\/wp-content\/uploads\/2019\/02\/mini-portable-bar-template.jpg\" target=\"_blank\" rel=\"noopener noreferrer\">JPG<\/a><\/li>\n<\/ul>\n\t\t<\/div>\n\t\t\t\t\n<style>\n#col-393860001 > .col-inner {\n  padding: 0 0px 0px 0px;\n}\n<\/style>\n\t<\/div>\n\n\t\n<\/div>\n<div class=\"row\"  id=\"row-1233310996\">\n\n\t<div id=\"col-529672038\" class=\"col small-12 large-12\"  >\n\t\t\t\t<div class=\"col-inner\"  >\n\t\t\t\n\t\t\t<a href=\"https:\/\/www.portablebar.com\/wp-content\/uploads\/2018\/02\/mobile-mini-bar-features.jpg\"><img loading=\"lazy\" decoding=\"async\" class=\"alignright\" src=\"https:\/\/www.portablebar.com\/wp-content\/uploads\/2018\/02\/mobile-mini-bar-features-701x800.jpg\" alt=\"Caracter\u00edsticas del minibar port\u00e1til\" width=\"454\" height=\"519\" \/><\/a><\/p>\n<p>En <b>Mini bar port\u00e1til<\/b> es la estaci\u00f3n de trabajo compacta definitiva para <b>camareros m\u00f3viles<\/b> y profesionales de eventos. A diferencia de las mesas plegables endebles, esta <b>bar port\u00e1til de calidad comercial<\/b> cuenta con una estructura de aluminio resistente y duradera que se monta en 60 segundos, sin necesidad de herramientas.<\/p>\n<p>Dise\u00f1ada para una movilidad real, se pliega hasta s\u00f3lo 20 cm, lo que permite a una sola persona cargarla f\u00e1cilmente en cualquier todoterreno o coche est\u00e1ndar. Es la soluci\u00f3n profesional perfecta para bares pop-up, muestras de productos o como iluminaci\u00f3n LED. <b>azafata<\/b>.<\/p>\n<h2>Configuraci\u00f3n en segundos<\/h2>\n<hr \/>\n<p>En <strong>M\u00f3vil Mini<\/strong> El montaje es extremadamente sencillo y puede realizarse en tan s\u00f3lo un minuto. Gracias al exclusivo dise\u00f1o aut\u00f3nomo de nuestra barra, todo se pliega f\u00e1cilmente dentro del armaz\u00f3n, a excepci\u00f3n de la parte superior de la barra. No hay tornillos, pernos o hardware complejo necesario para configurar el mini bar por lo que, cualquiera puede montarlo sin instrucciones.<\/p>\n<h2 style=\"text-align: left;\">Construcci\u00f3n ligera<\/h2>\n<hr \/>\n<p style=\"text-align: left;\">El Mobile Mini est\u00e1 fabricado en aluminio ligero pero duradero y pesa s\u00f3lo 55 libras, por lo que es extremadamente m\u00f3vil. Proporciona la estabilidad de un accesorio permanente, pero es perfecto para camareros m\u00f3viles, eventos m\u00e1s peque\u00f1os o activaciones de marca.<\/p>\n<h2 style=\"text-align: left;\">Logotipos, gr\u00e1ficos y marcas<\/h2>\n<hr \/>\n<p style=\"text-align: left;\">A\u00f1adir logotipos o marcas es una forma estupenda de personalizar el aspecto de su bar port\u00e1til, ya sea para promocionar una nueva l\u00ednea de productos, su negocio de barman m\u00f3vil o un patrocinador corporativo. Lo mejor de todo es que <strong>los gr\u00e1ficos del panel frontal son GRATUITOS<\/strong> en todos los minibares m\u00f3viles. Visite el <a href=\"https:\/\/www.portablebar.com\/es\/graficos-de-marca-para-bares-portatiles\/\">Gr\u00e1ficos y marcas<\/a> para obtener m\u00e1s informaci\u00f3n sobre nuestras capacidades y requisitos de impresi\u00f3n.<a href=\"https:\/\/www.portablebar.com\/wp-content\/uploads\/2018\/02\/mobile-mini-bar-dimensions.png\"><img loading=\"lazy\" decoding=\"async\" class=\"alignright\" src=\"https:\/\/www.portablebar.com\/wp-content\/uploads\/2018\/02\/mobile-mini-bar-dimensions-291x400.png\" alt=\"Dimensiones del minibar port\u00e1til\" width=\"252\" height=\"350\" \/><\/a><\/p>\n<h2 style=\"text-align: left;\">Opciones de barras<\/h2>\n<hr \/>\n<ul style=\"text-align: left;\">\n<li><strong>Tres estilos de barras:<\/strong> Elija entre los dise\u00f1os Cuadrado, Curvo y Envolvente.<\/li>\n<li><strong>Tapas cuadradas:<\/strong> Se utilizan mejor cuando el espacio es limitado, ya que se extienden s\u00f3lo ligeramente m\u00e1s all\u00e1 del marco de la barra. Se pueden juntar varias barras Mobile Mini con la parte superior cuadrada para crear una estaci\u00f3n de servicio larga y recta.<\/li>\n<li><strong>Curve Tops:<\/strong> Proporcionan una est\u00e9tica \u00fanica y espacio de trabajo adicional. Suelen utilizarse para crear configuraciones de barras circulares o curvas m\u00e1s grandes. Tanto la parte superior de la barra cuadrada como la curva comparten la misma profundidad, lo que les permite formar una conexi\u00f3n sin fisuras.<\/li>\n<li><strong>Wrap Tops:<\/strong> La mejor forma de maximizar su espacio de trabajo \u00fatil. Proporcionan un aspecto de acabado de alta gama al Mobile Mini.<\/li>\n<\/ul>\n\t\t<\/div>\n\t\t\t\t\t<\/div>\n\n\t\n<\/div>\n<\/div>\n<hr \/>\n<p>&nbsp;<\/p>\n<h2>Opciones y accesorios de Mobile Mini<\/h2>\n<p>\u00bfPor qu\u00e9 est\u00e1n separadas estas opciones? Para ahorrarle dinero. No todas las aplicaciones necesitan todos los accesorios, y como nuestros productos se fabrican por encargo, mantenemos el precio base m\u00e1s bajo al permitirle elegir exactamente lo que necesita.<\/p>\n<h3>Tren de alta velocidad<\/h3>\n<ul>\n<li>El ra\u00edl r\u00e1pido de acero inoxidable para el Mobile Mini tiene 22\u2033 de ancho y capacidad para aproximadamente seis botellas est\u00e1ndar.<\/li>\n<li>Se pliega en la barra sin problemas para su transporte y no es necesario desmontarla (aunque se puede separar si es necesario).<\/li>\n<\/ul>\n<h3>Cubitera<\/h3>\n<ul>\n<li>Si elige la opci\u00f3n de cubitera, uno de los paneles del \u00e1rea de preparaci\u00f3n incluir\u00e1 un recorte dise\u00f1ado para sujetar la cubitera de forma segura. Si no va a utilizar la cubitera en todos los eventos, le recomendamos que adquiera un panel de preparaci\u00f3n s\u00f3lido adicional para intercambiarlo.<\/li>\n<li>Las cubiteras del minibar m\u00f3vil son bandejas de hotel est\u00e1ndar de 1\/2 pulgada de profundidad y se pliegan dentro de la barra. Las bandejas de hotel de 8\u2033 de profundidad tambi\u00e9n funcionan, pero no caben dentro de la barra cuando est\u00e1n plegadas.<\/li>\n<li>Si necesita m\u00e1s capacidad, las bandejas de hotel de 2\/3 tambi\u00e9n caben, pero requieren un panel a medida. Ll\u00e1menos para conocer las opciones personalizadas.<\/li>\n<li><strong>Capacidad del dep\u00f3sito de hielo:<\/strong> 9,5 litros<a href=\"https:\/\/www.portablebar.com\/wp-content\/uploads\/2018\/02\/mini-portable-bar-folding.jpg\"><img loading=\"lazy\" decoding=\"async\" class=\"alignright wp-image-692 size-thumbnail\" src=\"https:\/\/www.portablebar.com\/wp-content\/uploads\/2018\/02\/mini-portable-bar-folding-400x270.jpg\" alt=\"Mini bar port\u00e1til \" width=\"400\" height=\"270\" srcset=\"https:\/\/www.portablebar.com\/wp-content\/uploads\/2018\/02\/mini-portable-bar-folding-400x270.jpg 400w, https:\/\/www.portablebar.com\/wp-content\/uploads\/2018\/02\/mini-portable-bar-folding-593x400.jpg 593w, https:\/\/www.portablebar.com\/wp-content\/uploads\/2018\/02\/mini-portable-bar-folding-1185x800.jpg 1185w, https:\/\/www.portablebar.com\/wp-content\/uploads\/2018\/02\/mini-portable-bar-folding-768x518.jpg 768w, https:\/\/www.portablebar.com\/wp-content\/uploads\/2018\/02\/mini-portable-bar-folding-500x338.jpg 500w, https:\/\/www.portablebar.com\/wp-content\/uploads\/2018\/02\/mini-portable-bar-folding-247x167.jpg 247w, https:\/\/www.portablebar.com\/wp-content\/uploads\/2018\/02\/mini-portable-bar-folding-850x574.jpg 850w, https:\/\/www.portablebar.com\/wp-content\/uploads\/2018\/02\/mini-portable-bar-folding.jpg 1200w\" sizes=\"auto, (max-width: 400px) 100vw, 400px\" \/><\/a><\/li>\n<\/ul>\n<h3>Funda protectora<\/h3>\n<ul>\n<li>Todas nuestras fundas protectoras est\u00e1n fabricadas con lona de poli\u00e9ster impermeable e incluyen dos resistentes correas de nailon para sujetar la encimera del bar durante el transporte.<\/li>\n<li>Artesan\u00eda de alta calidad, hecha a mano en EE.UU.<\/li>\n<\/ul>\n<h3>Paneles frontales y laterales desmontables<\/h3>\n<p><strong>Paneles fijos (est\u00e1ndar)<\/strong><br \/>\nEl m\u00e9todo de instalaci\u00f3n est\u00e1ndar. Los paneles se fijan de forma semipermanente al marco con cinta adhesiva resistente. Pueden retirarse, pero es necesario volver a aplicar adhesivo cada vez.<\/p>\n<p><strong>Paneles extra\u00edbles \/ intercambiables (mejora)<\/strong><br \/>\nAdjunto con <strong>3M Dual Lock<\/strong> (cierres reutilizables de alta resistencia). Esto permite retirar e intercambiar los paneles en cuesti\u00f3n de segundos.<\/p>\n<p><em>*Esta opci\u00f3n actualiza \u00fanicamente el m\u00e9todo de fijaci\u00f3n; los paneles gr\u00e1ficos adicionales se venden por separado en la pesta\u00f1a de accesorios.<\/em><\/p>\n<p><strong>\u00bfCu\u00e1ndo elegir paneles intercambiables?<\/strong><br \/>\nSi tiene previsto adquirir paneles adicionales con logotipos diferentes para intercambiarlos con otros clientes o para distintos eventos, sin duda querr\u00e1 la actualizaci\u00f3n intercambiable.<\/p>\n<h3>Bater\u00eda<\/h3>\n<ul>\n<li>Todas nuestras barras incluyen de serie un adaptador de enchufe, independientemente de si selecciona la opci\u00f3n de bater\u00eda.<\/li>\n<li>Las bater\u00edas no est\u00e1n integradas de forma permanente en la barra, lo que significa que pueden extraerse para cargarlas o cambiarse al instante por una bater\u00eda nueva durante eventos prolongados.<\/li>\n<li><strong>\u00bfCu\u00e1nto durar\u00e1 la bater\u00eda?<\/strong> Ver nuestro <a href=\"\/es\/p\/cargador-de-bateria\/\">tabla de duraci\u00f3n de la bater\u00eda aqu\u00ed.<\/a><\/li>\n<\/ul>","protected":false},"excerpt":{"rendered":"<p>&nbsp; Mobile Mini Options &amp; Accessories Why are these options separate? To save you money! Not every application needs every accessory, and since our products are made to order, we keep the base price lower by letting you choose exactly what you need. Speed Rail The stainless steel speed rail for the Mobile Mini is<\/p>","protected":false},"featured_media":3465,"comment_status":"open","ping_status":"closed","template":"","meta":{"_acf_changed":false,"footnotes":""},"product_brand":[],"product_cat":[251],"product_tag":[],"class_list":{"0":"post-652","1":"product","2":"type-product","3":"status-publish","4":"has-post-thumbnail","6":"product_cat-mini-bar","7":"product_shipping_class-ltl_freight","8":"tm-has-options","10":"first","11":"instock","12":"taxable","13":"shipping-taxable","14":"purchasable","15":"product-type-simple"},"acf":[],"gallery_images":[29519,29404,29405,3464,3451,3454,28085,28084,22543,21830,3468,3463,3461,3459,3450,677,3452,18342,17917,30307,7536,3460,3458,3449,3448,3447,3446,4719,3445,3444],"yoast_head":"<!-- This site is optimized with the Yoast SEO plugin v27.6 - https:\/\/yoast.com\/product\/yoast-seo-wordpress\/ -->\n<title>Mobile Mini Portable Bar | LED Illuminated &amp; Folds | Made in USA<\/title>\n<meta name=\"description\" content=\"Meet the Mobile Mini Bar. The heavy-duty, compact workstation designed for mobile bartenders. Folds down to 8&quot;, sets up in seconds, and built to last.\" \/>\n<meta name=\"robots\" content=\"index, follow, max-snippet:-1, max-image-preview:large, max-video-preview:-1\" \/>\n<link rel=\"canonical\" href=\"https:\/\/www.portablebar.com\/es\/mini-bar-portatil\/\" \/>\n<meta property=\"og:locale\" content=\"es_MX\" \/>\n<meta property=\"og:type\" content=\"article\" \/>\n<meta property=\"og:title\" content=\"Mobile Mini Portable Bar | LED Illuminated &amp; Folds | Made in USA\" \/>\n<meta property=\"og:description\" content=\"Meet the Mobile Mini Bar. The heavy-duty, compact workstation designed for mobile bartenders. Folds down to 8&quot;, sets up in seconds, and built to last.\" \/>\n<meta property=\"og:url\" content=\"https:\/\/www.portablebar.com\/es\/mini-bar-portatil\/\" \/>\n<meta property=\"og:site_name\" content=\"Portable Bars by Customized Designs\" \/>\n<meta property=\"article:modified_time\" content=\"2026-05-17T07:08:57+00:00\" \/>\n<meta property=\"og:image\" content=\"https:\/\/www.portablebar.com\/wp-content\/uploads\/2026\/01\/portable-mini-bar-1.webp\" \/>\n\t<meta property=\"og:image:width\" content=\"1847\" \/>\n\t<meta property=\"og:image:height\" content=\"2000\" \/>\n\t<meta property=\"og:image:type\" content=\"image\/webp\" \/>\n<meta name=\"twitter:card\" content=\"summary_large_image\" \/>\n<meta name=\"twitter:label1\" content=\"Tiempo de lectura\" \/>\n\t<meta name=\"twitter:data1\" content=\"5 minutos\" \/>\n<script type=\"application\/ld+json\" class=\"yoast-schema-graph\">{\"@context\":\"https:\\\/\\\/schema.org\",\"@graph\":[{\"@type\":\"WebPage\",\"@id\":\"https:\\\/\\\/www.portablebar.com\\\/es\\\/mini-bar-portatil\\\/\",\"url\":\"https:\\\/\\\/www.portablebar.com\\\/es\\\/mini-bar-portatil\\\/\",\"name\":\"Mobile Mini Portable Bar | LED Illuminated & Folds | Made in USA\",\"isPartOf\":{\"@id\":\"https:\\\/\\\/www.portablebar.com\\\/es\\\/#website\"},\"primaryImageOfPage\":{\"@id\":\"https:\\\/\\\/www.portablebar.com\\\/es\\\/mini-bar-portatil\\\/#primaryimage\"},\"image\":{\"@id\":\"https:\\\/\\\/www.portablebar.com\\\/es\\\/mini-bar-portatil\\\/#primaryimage\"},\"thumbnailUrl\":\"https:\\\/\\\/www.portablebar.com\\\/wp-content\\\/uploads\\\/2026\\\/01\\\/portable-mini-bar-1.webp\",\"datePublished\":\"2018-02-04T14:07:35+00:00\",\"dateModified\":\"2026-05-17T07:08:57+00:00\",\"description\":\"Meet the Mobile Mini Bar. The heavy-duty, compact workstation designed for mobile bartenders. Folds down to 8\\\", sets up in seconds, and built to last.\",\"breadcrumb\":{\"@id\":\"https:\\\/\\\/www.portablebar.com\\\/es\\\/mini-bar-portatil\\\/#breadcrumb\"},\"inLanguage\":\"es\",\"potentialAction\":[{\"@type\":\"ReadAction\",\"target\":[\"https:\\\/\\\/www.portablebar.com\\\/es\\\/mini-bar-portatil\\\/\"]}]},{\"@type\":\"ImageObject\",\"inLanguage\":\"es\",\"@id\":\"https:\\\/\\\/www.portablebar.com\\\/es\\\/mini-bar-portatil\\\/#primaryimage\",\"url\":\"https:\\\/\\\/www.portablebar.com\\\/wp-content\\\/uploads\\\/2026\\\/01\\\/portable-mini-bar-1.webp\",\"contentUrl\":\"https:\\\/\\\/www.portablebar.com\\\/wp-content\\\/uploads\\\/2026\\\/01\\\/portable-mini-bar-1.webp\",\"width\":1847,\"height\":2000,\"caption\":\"This is the business end of our mobile mini portable bar. As you can see, even at just under 3\u2032 wide, you can still do a lot with it. Especially when you get the stainless steel speed rail. The flip up shelf provides additional space for drinks or bartending tools.\"},{\"@type\":\"BreadcrumbList\",\"@id\":\"https:\\\/\\\/www.portablebar.com\\\/es\\\/mini-bar-portatil\\\/#breadcrumb\",\"itemListElement\":[{\"@type\":\"ListItem\",\"position\":1,\"name\":\"Home\",\"item\":\"https:\\\/\\\/www.portablebar.com\\\/\"},{\"@type\":\"ListItem\",\"position\":2,\"name\":\"Products\",\"item\":\"https:\\\/\\\/www.portablebar.com\\\/shop\\\/\"},{\"@type\":\"ListItem\",\"position\":3,\"name\":\"Mobile Mini Porable Bar\"}]},{\"@type\":\"WebSite\",\"@id\":\"https:\\\/\\\/www.portablebar.com\\\/es\\\/#website\",\"url\":\"https:\\\/\\\/www.portablebar.com\\\/es\\\/\",\"name\":\"Portable Bars by Customized Designs\",\"description\":\"\",\"potentialAction\":[{\"@type\":\"SearchAction\",\"target\":{\"@type\":\"EntryPoint\",\"urlTemplate\":\"https:\\\/\\\/www.portablebar.com\\\/es\\\/?s={search_term_string}\"},\"query-input\":{\"@type\":\"PropertyValueSpecification\",\"valueRequired\":true,\"valueName\":\"search_term_string\"}}],\"inLanguage\":\"es\"}]}<\/script>\n<!-- \/ Yoast SEO plugin. -->","yoast_head_json":{"title":"Mini Bar Port\u00e1til M\u00f3vil | LED Iluminado y Plegable | Made in USA","description":"Conozca el minibar m\u00f3vil. La estaci\u00f3n de trabajo compacta y resistente dise\u00f1ada para camareros m\u00f3viles. Se pliega hasta 20 cm, se monta en segundos y est\u00e1 hecha para durar.","robots":{"index":"index","follow":"follow","max-snippet":"max-snippet:-1","max-image-preview":"max-image-preview:large","max-video-preview":"max-video-preview:-1"},"canonical":"https:\/\/www.portablebar.com\/es\/mini-bar-portatil\/","og_locale":"es_MX","og_type":"article","og_title":"Mobile Mini Portable Bar | LED Illuminated & Folds | Made in USA","og_description":"Meet the Mobile Mini Bar. The heavy-duty, compact workstation designed for mobile bartenders. Folds down to 8\", sets up in seconds, and built to last.","og_url":"https:\/\/www.portablebar.com\/es\/mini-bar-portatil\/","og_site_name":"Portable Bars by Customized Designs","article_modified_time":"2026-05-17T07:08:57+00:00","og_image":[{"width":1847,"height":2000,"url":"https:\/\/www.portablebar.com\/wp-content\/uploads\/2026\/01\/portable-mini-bar-1.webp","type":"image\/webp"}],"twitter_card":"summary_large_image","twitter_misc":{"Tiempo de lectura":"5 minutos"},"schema":{"@context":"https:\/\/schema.org","@graph":[{"@type":"WebPage","@id":"https:\/\/www.portablebar.com\/es\/mini-bar-portatil\/","url":"https:\/\/www.portablebar.com\/es\/mini-bar-portatil\/","name":"Mini Bar Port\u00e1til M\u00f3vil | LED Iluminado y Plegable | Made in USA","isPartOf":{"@id":"https:\/\/www.portablebar.com\/es\/#website"},"primaryImageOfPage":{"@id":"https:\/\/www.portablebar.com\/es\/mini-bar-portatil\/#primaryimage"},"image":{"@id":"https:\/\/www.portablebar.com\/es\/mini-bar-portatil\/#primaryimage"},"thumbnailUrl":"https:\/\/www.portablebar.com\/wp-content\/uploads\/2026\/01\/portable-mini-bar-1.webp","datePublished":"2018-02-04T14:07:35+00:00","dateModified":"2026-05-17T07:08:57+00:00","description":"Conozca el minibar m\u00f3vil. La estaci\u00f3n de trabajo compacta y resistente dise\u00f1ada para camareros m\u00f3viles. Se pliega hasta 20 cm, se monta en segundos y est\u00e1 hecha para durar.","breadcrumb":{"@id":"https:\/\/www.portablebar.com\/es\/mini-bar-portatil\/#breadcrumb"},"inLanguage":"es","potentialAction":[{"@type":"ReadAction","target":["https:\/\/www.portablebar.com\/es\/mini-bar-portatil\/"]}]},{"@type":"ImageObject","inLanguage":"es","@id":"https:\/\/www.portablebar.com\/es\/mini-bar-portatil\/#primaryimage","url":"https:\/\/www.portablebar.com\/wp-content\/uploads\/2026\/01\/portable-mini-bar-1.webp","contentUrl":"https:\/\/www.portablebar.com\/wp-content\/uploads\/2026\/01\/portable-mini-bar-1.webp","width":1847,"height":2000,"caption":"This is the business end of our mobile mini portable bar. As you can see, even at just under 3\u2032 wide, you can still do a lot with it. Especially when you get the stainless steel speed rail. The flip up shelf provides additional space for drinks or bartending tools."},{"@type":"BreadcrumbList","@id":"https:\/\/www.portablebar.com\/es\/mini-bar-portatil\/#breadcrumb","itemListElement":[{"@type":"ListItem","position":1,"name":"Home","item":"https:\/\/www.portablebar.com\/"},{"@type":"ListItem","position":2,"name":"Products","item":"https:\/\/www.portablebar.com\/shop\/"},{"@type":"ListItem","position":3,"name":"Mobile Mini Porable Bar"}]},{"@type":"WebSite","@id":"https:\/\/www.portablebar.com\/es\/#website","url":"https:\/\/www.portablebar.com\/es\/","name":"Barras port\u00e1tiles de Customized Designs","description":"","potentialAction":[{"@type":"SearchAction","target":{"@type":"EntryPoint","urlTemplate":"https:\/\/www.portablebar.com\/es\/?s={search_term_string}"},"query-input":{"@type":"PropertyValueSpecification","valueRequired":true,"valueName":"search_term_string"}}],"inLanguage":"es"}]}},"_links":{"self":[{"href":"https:\/\/www.portablebar.com\/es\/wp-json\/wp\/v2\/product\/652","targetHints":{"allow":["GET"]}}],"collection":[{"href":"https:\/\/www.portablebar.com\/es\/wp-json\/wp\/v2\/product"}],"about":[{"href":"https:\/\/www.portablebar.com\/es\/wp-json\/wp\/v2\/types\/product"}],"replies":[{"embeddable":true,"href":"https:\/\/www.portablebar.com\/es\/wp-json\/wp\/v2\/comments?post=652"}],"version-history":[{"count":3,"href":"https:\/\/www.portablebar.com\/es\/wp-json\/wp\/v2\/product\/652\/revisions"}],"predecessor-version":[{"id":30411,"href":"https:\/\/www.portablebar.com\/es\/wp-json\/wp\/v2\/product\/652\/revisions\/30411"}],"wp:featuredmedia":[{"embeddable":true,"href":"https:\/\/www.portablebar.com\/es\/wp-json\/wp\/v2\/media\/3465"}],"wp:attachment":[{"href":"https:\/\/www.portablebar.com\/es\/wp-json\/wp\/v2\/media?parent=652"}],"wp:term":[{"taxonomy":"product_brand","embeddable":true,"href":"https:\/\/www.portablebar.com\/es\/wp-json\/wp\/v2\/product_brand?post=652"},{"taxonomy":"product_cat","embeddable":true,"href":"https:\/\/www.portablebar.com\/es\/wp-json\/wp\/v2\/product_cat?post=652"},{"taxonomy":"product_tag","embeddable":true,"href":"https:\/\/www.portablebar.com\/es\/wp-json\/wp\/v2\/product_tag?post=652"}],"curies":[{"name":"wp","href":"https:\/\/api.w.org\/{rel}","templated":true}]}}