{"id":28939,"date":"2025-04-03T07:26:35","date_gmt":"2025-04-03T11:26:35","guid":{"rendered":"https:\/\/www.portablebar.com\/?post_type=product&#038;p=28939"},"modified":"2025-04-08T12:57:32","modified_gmt":"2025-04-08T16:57:32","slug":"mesa-modular-serie-e12","status":"publish","type":"product","link":"https:\/\/www.portablebar.com\/es\/p\/mesa-modular-serie-e12\/","title":{"rendered":"Mesa modular Serie e12"},"content":{"rendered":"<div style=\"float: right; margin-left: 15px; margin-bottom: 15px;\">\n    <video width=\"320\" controls poster=\"https:\/\/www.portablebar.com\/wp-content\/uploads\/2025\/04\/event-furniture-video.jpg\"><source src=\"https:\/\/www.portablebar.com\/wp-content\/uploads\/2025\/04\/Modular-Event-Furniture.mp4\" type=\"video\/mp4\">Su navegador no soporta la etiqueta de v\u00eddeo.<\/video>\n<\/div>\n<p>Mejores usos:<br \/>\nMesas de sal\u00f3n<\/p>\n<p>Utilice el enclavamiento opcional para combinar con otros elementos y crear piezas m\u00e1s altas\/anchas<\/p>\n<p>Dimensiones: 12\u2033 x 12\u2033<br \/>\nSistema de iluminaci\u00f3n por control remoto Nexus LED<br \/>\nParte superior incluida: parte superior empotrada de 1\/4<br \/>\nTapas opcionales: 3\/8\u2033 Flush Top<br \/>\nTapas opcionales: Tapas salientes de 3\/8<\/p>\n<p>Todos nuestros elementos utilizan 4 bastidores magn\u00e9ticos universales con 6 paneles acr\u00edlicos intercambiables y se desmontan para facilitar su almacenamiento.<\/p>","protected":false},"excerpt":{"rendered":"<p>Su navegador no admite la etiqueta de v\u00eddeo. Mejores usos: Mesas Lounge Utilice enclavamiento opcional para combinar con otros elementos para crear piezas m\u00e1s altas \/ m\u00e1s anchas Dimensiones: 12\u2033 x 12\u2033 Sistema de iluminaci\u00f3n por control remoto Nexus LED Incluido Top: 1\/4\u2033 Recessed Top Opcional Tops: 3\/8\u2033 Flush Top Opcional Tops: 3\/8\u2033 Overhang Tops Todos nuestros elementos utilizan 4<\/p>","protected":false},"featured_media":28895,"comment_status":"closed","ping_status":"closed","template":"","meta":{"_acf_changed":false,"footnotes":""},"product_brand":[],"product_cat":[259],"product_tag":[],"class_list":{"0":"post-28939","1":"product","2":"type-product","3":"status-publish","4":"has-post-thumbnail","6":"product_cat-modular-event-furniture","7":"product_shipping_class-freight","8":"tm-has-options","10":"first","11":"instock","12":"taxable","13":"shipping-taxable","14":"purchasable","15":"product-type-simple"},"acf":[],"gallery_images":[28972,28893,28896,28898,28897],"yoast_head":"<!-- This site is optimized with the Yoast SEO plugin v26.7 - https:\/\/yoast.com\/wordpress\/plugins\/seo\/ -->\n<title>e12 Series Modular Table - Portable Bars by Customized Designs<\/title>\n<meta name=\"description\" content=\"The 12x12 Element Modular Table is great for both small side tables and can act as bases for seating for your events. Add a curved top to turn it into circular seating!\" \/>\n<meta name=\"robots\" content=\"index, follow, max-snippet:-1, max-image-preview:large, max-video-preview:-1\" \/>\n<link rel=\"canonical\" href=\"https:\/\/www.portablebar.com\/es\/p\/mesa-modular-serie-e12\/\" \/>\n<meta property=\"og:locale\" content=\"es_MX\" \/>\n<meta property=\"og:type\" content=\"article\" \/>\n<meta property=\"og:title\" content=\"e12 Series Modular Table - Portable Bars by Customized Designs\" \/>\n<meta property=\"og:description\" content=\"The 12x12 Element Modular Table is great for both small side tables and can act as bases for seating for your events. Add a curved top to turn it into circular seating!\" \/>\n<meta property=\"og:url\" content=\"https:\/\/www.portablebar.com\/es\/p\/mesa-modular-serie-e12\/\" \/>\n<meta property=\"og:site_name\" content=\"Portable Bars by Customized Designs\" \/>\n<meta property=\"article:modified_time\" content=\"2025-04-08T16:57:32+00:00\" \/>\n<meta property=\"og:image\" content=\"https:\/\/www.portablebar.com\/wp-content\/uploads\/2025\/04\/e12_elements_alkaline_sm.jpg\" \/>\n\t<meta property=\"og:image:width\" content=\"664\" \/>\n\t<meta property=\"og:image:height\" content=\"1000\" \/>\n\t<meta property=\"og:image:type\" content=\"image\/jpeg\" \/>\n<meta name=\"twitter:card\" content=\"summary_large_image\" \/>\n<meta name=\"twitter:label1\" content=\"Tiempo de lectura\" \/>\n\t<meta name=\"twitter:data1\" content=\"1 minuto\" \/>\n<script type=\"application\/ld+json\" class=\"yoast-schema-graph\">{\"@context\":\"https:\/\/schema.org\",\"@graph\":[{\"@type\":\"WebPage\",\"@id\":\"https:\/\/www.portablebar.com\/es\/p\/mesa-modular-serie-e12\/\",\"url\":\"https:\/\/www.portablebar.com\/es\/p\/mesa-modular-serie-e12\/\",\"name\":\"e12 Series Modular Table - Portable Bars by Customized Designs\",\"isPartOf\":{\"@id\":\"https:\/\/www.portablebar.com\/es\/#website\"},\"primaryImageOfPage\":{\"@id\":\"https:\/\/www.portablebar.com\/es\/p\/mesa-modular-serie-e12\/#primaryimage\"},\"image\":{\"@id\":\"https:\/\/www.portablebar.com\/es\/p\/mesa-modular-serie-e12\/#primaryimage\"},\"thumbnailUrl\":\"https:\/\/www.portablebar.com\/wp-content\/uploads\/2025\/04\/e12_elements_alkaline_sm.jpg\",\"datePublished\":\"2025-04-03T11:26:35+00:00\",\"dateModified\":\"2025-04-08T16:57:32+00:00\",\"description\":\"The 12x12 Element Modular Table is great for both small side tables and can act as bases for seating for your events. Add a curved top to turn it into circular seating!\",\"breadcrumb\":{\"@id\":\"https:\/\/www.portablebar.com\/es\/p\/mesa-modular-serie-e12\/#breadcrumb\"},\"inLanguage\":\"es\",\"potentialAction\":[{\"@type\":\"ReadAction\",\"target\":[\"https:\/\/www.portablebar.com\/es\/p\/mesa-modular-serie-e12\/\"]}]},{\"@type\":\"ImageObject\",\"inLanguage\":\"es\",\"@id\":\"https:\/\/www.portablebar.com\/es\/p\/mesa-modular-serie-e12\/#primaryimage\",\"url\":\"https:\/\/www.portablebar.com\/wp-content\/uploads\/2025\/04\/e12_elements_alkaline_sm.jpg\",\"contentUrl\":\"https:\/\/www.portablebar.com\/wp-content\/uploads\/2025\/04\/e12_elements_alkaline_sm.jpg\",\"width\":664,\"height\":1000,\"caption\":\"LED Lighted Trade Show Tables\"},{\"@type\":\"BreadcrumbList\",\"@id\":\"https:\/\/www.portablebar.com\/es\/p\/mesa-modular-serie-e12\/#breadcrumb\",\"itemListElement\":[{\"@type\":\"ListItem\",\"position\":1,\"name\":\"Home\",\"item\":\"https:\/\/www.portablebar.com\/\"},{\"@type\":\"ListItem\",\"position\":2,\"name\":\"Products\",\"item\":\"https:\/\/www.portablebar.com\/shop\/\"},{\"@type\":\"ListItem\",\"position\":3,\"name\":\"e12 Series Modular Table\"}]},{\"@type\":\"WebSite\",\"@id\":\"https:\/\/www.portablebar.com\/es\/#website\",\"url\":\"https:\/\/www.portablebar.com\/es\/\",\"name\":\"Portable Bars by Customized Designs\",\"description\":\"\",\"potentialAction\":[{\"@type\":\"SearchAction\",\"target\":{\"@type\":\"EntryPoint\",\"urlTemplate\":\"https:\/\/www.portablebar.com\/es\/?s={search_term_string}\"},\"query-input\":{\"@type\":\"PropertyValueSpecification\",\"valueRequired\":true,\"valueName\":\"search_term_string\"}}],\"inLanguage\":\"es\"}]}<\/script>\n<!-- \/ Yoast SEO plugin. -->","yoast_head_json":{"title":"Mesa Modular Serie e12 - Barras Port\u00e1tiles de Customized Designs","description":"La Mesa Modular Element 12x12 es ideal tanto para peque\u00f1as mesas auxiliares como para servir de base para los asientos de sus eventos. A\u00f1\u00e1dele un tablero curvo para convertirla en un asiento circular.","robots":{"index":"index","follow":"follow","max-snippet":"max-snippet:-1","max-image-preview":"max-image-preview:large","max-video-preview":"max-video-preview:-1"},"canonical":"https:\/\/www.portablebar.com\/es\/p\/mesa-modular-serie-e12\/","og_locale":"es_MX","og_type":"article","og_title":"e12 Series Modular Table - Portable Bars by Customized Designs","og_description":"The 12x12 Element Modular Table is great for both small side tables and can act as bases for seating for your events. Add a curved top to turn it into circular seating!","og_url":"https:\/\/www.portablebar.com\/es\/p\/mesa-modular-serie-e12\/","og_site_name":"Portable Bars by Customized Designs","article_modified_time":"2025-04-08T16:57:32+00:00","og_image":[{"width":664,"height":1000,"url":"https:\/\/www.portablebar.com\/wp-content\/uploads\/2025\/04\/e12_elements_alkaline_sm.jpg","type":"image\/jpeg"}],"twitter_card":"summary_large_image","twitter_misc":{"Tiempo de lectura":"1 minuto"},"schema":{"@context":"https:\/\/schema.org","@graph":[{"@type":"WebPage","@id":"https:\/\/www.portablebar.com\/es\/p\/mesa-modular-serie-e12\/","url":"https:\/\/www.portablebar.com\/es\/p\/mesa-modular-serie-e12\/","name":"Mesa Modular Serie e12 - Barras Port\u00e1tiles de Customized Designs","isPartOf":{"@id":"https:\/\/www.portablebar.com\/es\/#website"},"primaryImageOfPage":{"@id":"https:\/\/www.portablebar.com\/es\/p\/mesa-modular-serie-e12\/#primaryimage"},"image":{"@id":"https:\/\/www.portablebar.com\/es\/p\/mesa-modular-serie-e12\/#primaryimage"},"thumbnailUrl":"https:\/\/www.portablebar.com\/wp-content\/uploads\/2025\/04\/e12_elements_alkaline_sm.jpg","datePublished":"2025-04-03T11:26:35+00:00","dateModified":"2025-04-08T16:57:32+00:00","description":"La Mesa Modular Element 12x12 es ideal tanto para peque\u00f1as mesas auxiliares como para servir de base para los asientos de sus eventos. A\u00f1\u00e1dele un tablero curvo para convertirla en un asiento circular.","breadcrumb":{"@id":"https:\/\/www.portablebar.com\/es\/p\/mesa-modular-serie-e12\/#breadcrumb"},"inLanguage":"es","potentialAction":[{"@type":"ReadAction","target":["https:\/\/www.portablebar.com\/es\/p\/mesa-modular-serie-e12\/"]}]},{"@type":"ImageObject","inLanguage":"es","@id":"https:\/\/www.portablebar.com\/es\/p\/mesa-modular-serie-e12\/#primaryimage","url":"https:\/\/www.portablebar.com\/wp-content\/uploads\/2025\/04\/e12_elements_alkaline_sm.jpg","contentUrl":"https:\/\/www.portablebar.com\/wp-content\/uploads\/2025\/04\/e12_elements_alkaline_sm.jpg","width":664,"height":1000,"caption":"LED Lighted Trade Show Tables"},{"@type":"BreadcrumbList","@id":"https:\/\/www.portablebar.com\/es\/p\/mesa-modular-serie-e12\/#breadcrumb","itemListElement":[{"@type":"ListItem","position":1,"name":"Home","item":"https:\/\/www.portablebar.com\/"},{"@type":"ListItem","position":2,"name":"Products","item":"https:\/\/www.portablebar.com\/shop\/"},{"@type":"ListItem","position":3,"name":"e12 Series Modular Table"}]},{"@type":"WebSite","@id":"https:\/\/www.portablebar.com\/es\/#website","url":"https:\/\/www.portablebar.com\/es\/","name":"Barras port\u00e1tiles de Customized Designs","description":"","potentialAction":[{"@type":"SearchAction","target":{"@type":"EntryPoint","urlTemplate":"https:\/\/www.portablebar.com\/es\/?s={search_term_string}"},"query-input":{"@type":"PropertyValueSpecification","valueRequired":true,"valueName":"search_term_string"}}],"inLanguage":"es"}]}},"_links":{"self":[{"href":"https:\/\/www.portablebar.com\/es\/wp-json\/wp\/v2\/product\/28939","targetHints":{"allow":["GET"]}}],"collection":[{"href":"https:\/\/www.portablebar.com\/es\/wp-json\/wp\/v2\/product"}],"about":[{"href":"https:\/\/www.portablebar.com\/es\/wp-json\/wp\/v2\/types\/product"}],"replies":[{"embeddable":true,"href":"https:\/\/www.portablebar.com\/es\/wp-json\/wp\/v2\/comments?post=28939"}],"version-history":[{"count":0,"href":"https:\/\/www.portablebar.com\/es\/wp-json\/wp\/v2\/product\/28939\/revisions"}],"wp:featuredmedia":[{"embeddable":true,"href":"https:\/\/www.portablebar.com\/es\/wp-json\/wp\/v2\/media\/28895"}],"wp:attachment":[{"href":"https:\/\/www.portablebar.com\/es\/wp-json\/wp\/v2\/media?parent=28939"}],"wp:term":[{"taxonomy":"product_brand","embeddable":true,"href":"https:\/\/www.portablebar.com\/es\/wp-json\/wp\/v2\/product_brand?post=28939"},{"taxonomy":"product_cat","embeddable":true,"href":"https:\/\/www.portablebar.com\/es\/wp-json\/wp\/v2\/product_cat?post=28939"},{"taxonomy":"product_tag","embeddable":true,"href":"https:\/\/www.portablebar.com\/es\/wp-json\/wp\/v2\/product_tag?post=28939"}],"curies":[{"name":"wp","href":"https:\/\/api.w.org\/{rel}","templated":true}]}}