{"id":2161,"date":"2018-02-05T14:39:35","date_gmt":"2018-02-05T21:39:35","guid":{"rendered":"https:\/\/www.portablebar.com\/woo\/?post_type=product&#038;p=2161"},"modified":"2023-03-15T16:24:07","modified_gmt":"2023-03-15T20:24:07","slug":"62-parte-superior-cuadrada","status":"publish","type":"product","link":"https:\/\/www.portablebar.com\/es\/p\/62-parte-superior-cuadrada\/","title":{"rendered":"Tapa de barra cuadrada para barra port\u00e1til de 62\u2033."},"content":{"rendered":"<p>Esta encimera de bar se adapta al <a href=\"\/es\/p\/62-bar-portatil\/\">Barra port\u00e1til de 62<\/a>. Utilice esta p\u00e1gina para pedir encimeras de repuesto o para a\u00f1adir estilos alternativos de encimeras a su pedido inicial de barras.<\/p>\n<p>Dimensiones: 62.5\u2033 x 15.5\u2033<\/p>\n<p>Material: 1\/2\u2033 Acr\u00edlico<\/p>\n<p>El coste de env\u00edo t\u00edpico de esta encimera de bar por s\u00ed sola es de alrededor de $40-$50.<\/p>","protected":false},"excerpt":{"rendered":"<p>Esta tapa de barra se adapta a la barra port\u00e1til de 62\u2033. Utilice esta p\u00e1gina para pedir encimeras de repuesto o para a\u00f1adir estilos alternativos de encimeras de barra a su pedido inicial de barra. Dimensiones: 62.5\u2033 x 15.5\u2033 Material: 1\/2\u2033 Acr\u00edlico El coste de env\u00edo t\u00edpico de esta tapa de barra por s\u00ed sola es de alrededor de $40-$50.<\/p>","protected":false},"featured_media":2170,"comment_status":"closed","ping_status":"closed","template":"","meta":{"_acf_changed":false,"footnotes":""},"product_brand":[],"product_cat":[242],"product_tag":[],"class_list":{"0":"post-2161","1":"product","2":"type-product","3":"status-publish","4":"has-post-thumbnail","6":"product_cat-portable-bar-accessories-62","7":"product_shipping_class-liquor-displays","8":"tm-no-options-pxq","10":"first","11":"instock","12":"taxable","13":"shipping-taxable","14":"purchasable","15":"product-type-simple"},"acf":[],"gallery_images":[12946],"yoast_head":"<!-- This site is optimized with the Yoast SEO plugin v27.6 - https:\/\/yoast.com\/product\/yoast-seo-wordpress\/ -->\n<title>Square Bar Top for 62&quot; Portable Bar - Portable Bars by Customized Designs<\/title>\n<meta name=\"description\" content=\"Square Bar Top for 62&quot; Portable Bar - This bar top fits the 62&quot; Portable Bar. Use this page to order replacement tops or to add alternate bar top styles to your initial bar order. Dimensions: Portable Bars by Customized Designs\" \/>\n<meta name=\"robots\" content=\"index, follow, max-snippet:-1, max-image-preview:large, max-video-preview:-1\" \/>\n<link rel=\"canonical\" href=\"https:\/\/www.portablebar.com\/es\/p\/62-parte-superior-cuadrada\/\" \/>\n<meta property=\"og:locale\" content=\"es_MX\" \/>\n<meta property=\"og:type\" content=\"article\" \/>\n<meta property=\"og:title\" content=\"Square Bar Top for 62&quot; Portable Bar - Portable Bars by Customized Designs\" \/>\n<meta property=\"og:description\" content=\"Square Bar Top for 62&quot; Portable Bar - This bar top fits the 62&quot; Portable Bar. Use this page to order replacement tops or to add alternate bar top styles to your initial bar order. Dimensions: Portable Bars by Customized Designs\" \/>\n<meta property=\"og:url\" content=\"https:\/\/www.portablebar.com\/es\/p\/62-parte-superior-cuadrada\/\" \/>\n<meta property=\"og:site_name\" content=\"Portable Bars by Customized Designs\" \/>\n<meta property=\"article:modified_time\" content=\"2023-03-15T20:24:07+00:00\" \/>\n<meta property=\"og:image\" content=\"https:\/\/www.portablebar.com\/wp-content\/uploads\/2018\/02\/62_portable_bar_1_1.jpg\" \/>\n\t<meta property=\"og:image:width\" content=\"929\" \/>\n\t<meta property=\"og:image:height\" content=\"1000\" \/>\n\t<meta property=\"og:image:type\" content=\"image\/jpeg\" \/>\n<meta name=\"twitter:card\" content=\"summary_large_image\" \/>\n<meta name=\"twitter:label1\" content=\"Tiempo de lectura\" \/>\n\t<meta name=\"twitter:data1\" content=\"1 minuto\" \/>\n<script type=\"application\/ld+json\" class=\"yoast-schema-graph\">{\"@context\":\"https:\\\/\\\/schema.org\",\"@graph\":[{\"@type\":\"WebPage\",\"@id\":\"https:\\\/\\\/www.portablebar.com\\\/es\\\/p\\\/62-parte-superior-cuadrada\\\/\",\"url\":\"https:\\\/\\\/www.portablebar.com\\\/es\\\/p\\\/62-parte-superior-cuadrada\\\/\",\"name\":\"Square Bar Top for 62\\\" Portable Bar - Portable Bars by Customized Designs\",\"isPartOf\":{\"@id\":\"https:\\\/\\\/www.portablebar.com\\\/es\\\/#website\"},\"primaryImageOfPage\":{\"@id\":\"https:\\\/\\\/www.portablebar.com\\\/es\\\/p\\\/62-parte-superior-cuadrada\\\/#primaryimage\"},\"image\":{\"@id\":\"https:\\\/\\\/www.portablebar.com\\\/es\\\/p\\\/62-parte-superior-cuadrada\\\/#primaryimage\"},\"thumbnailUrl\":\"https:\\\/\\\/www.portablebar.com\\\/wp-content\\\/uploads\\\/2018\\\/02\\\/62_portable_bar_1_1.jpg\",\"datePublished\":\"2018-02-05T21:39:35+00:00\",\"dateModified\":\"2023-03-15T20:24:07+00:00\",\"description\":\"Square Bar Top for 62\\\" Portable Bar - This bar top fits the 62\\\" Portable Bar. Use this page to order replacement tops or to add alternate bar top styles to your initial bar order. Dimensions: Portable Bars by Customized Designs\",\"breadcrumb\":{\"@id\":\"https:\\\/\\\/www.portablebar.com\\\/es\\\/p\\\/62-parte-superior-cuadrada\\\/#breadcrumb\"},\"inLanguage\":\"es\",\"potentialAction\":[{\"@type\":\"ReadAction\",\"target\":[\"https:\\\/\\\/www.portablebar.com\\\/es\\\/p\\\/62-parte-superior-cuadrada\\\/\"]}]},{\"@type\":\"ImageObject\",\"inLanguage\":\"es\",\"@id\":\"https:\\\/\\\/www.portablebar.com\\\/es\\\/p\\\/62-parte-superior-cuadrada\\\/#primaryimage\",\"url\":\"https:\\\/\\\/www.portablebar.com\\\/wp-content\\\/uploads\\\/2018\\\/02\\\/62_portable_bar_1_1.jpg\",\"contentUrl\":\"https:\\\/\\\/www.portablebar.com\\\/wp-content\\\/uploads\\\/2018\\\/02\\\/62_portable_bar_1_1.jpg\",\"width\":929,\"height\":1000,\"caption\":\"Square Bar Top for 62\\\" Portable Bar\"},{\"@type\":\"BreadcrumbList\",\"@id\":\"https:\\\/\\\/www.portablebar.com\\\/es\\\/p\\\/62-parte-superior-cuadrada\\\/#breadcrumb\",\"itemListElement\":[{\"@type\":\"ListItem\",\"position\":1,\"name\":\"Home\",\"item\":\"https:\\\/\\\/www.portablebar.com\\\/\"},{\"@type\":\"ListItem\",\"position\":2,\"name\":\"Products\",\"item\":\"https:\\\/\\\/www.portablebar.com\\\/shop\\\/\"},{\"@type\":\"ListItem\",\"position\":3,\"name\":\"Square Bar Top for 62&#8243; Portable Bar\"}]},{\"@type\":\"WebSite\",\"@id\":\"https:\\\/\\\/www.portablebar.com\\\/es\\\/#website\",\"url\":\"https:\\\/\\\/www.portablebar.com\\\/es\\\/\",\"name\":\"Portable Bars by Customized Designs\",\"description\":\"\",\"potentialAction\":[{\"@type\":\"SearchAction\",\"target\":{\"@type\":\"EntryPoint\",\"urlTemplate\":\"https:\\\/\\\/www.portablebar.com\\\/es\\\/?s={search_term_string}\"},\"query-input\":{\"@type\":\"PropertyValueSpecification\",\"valueRequired\":true,\"valueName\":\"search_term_string\"}}],\"inLanguage\":\"es\"}]}<\/script>\n<!-- \/ Yoast SEO plugin. -->","yoast_head_json":{"title":"Tapa cuadrada para barra port\u00e1til de 62\" - Barras port\u00e1tiles de Customized Designs","description":"Tapa cuadrada para barra port\u00e1til de 62\" - Esta tapa se adapta a la barra port\u00e1til de 62\". Utilice esta p\u00e1gina para pedir encimeras de repuesto o para a\u00f1adir estilos alternativos de encimeras a su pedido inicial de barras. Dimensiones: Barras Port\u00e1tiles de Customized Designs","robots":{"index":"index","follow":"follow","max-snippet":"max-snippet:-1","max-image-preview":"max-image-preview:large","max-video-preview":"max-video-preview:-1"},"canonical":"https:\/\/www.portablebar.com\/es\/p\/62-parte-superior-cuadrada\/","og_locale":"es_MX","og_type":"article","og_title":"Square Bar Top for 62\" Portable Bar - Portable Bars by Customized Designs","og_description":"Square Bar Top for 62\" Portable Bar - This bar top fits the 62\" Portable Bar. Use this page to order replacement tops or to add alternate bar top styles to your initial bar order. Dimensions: Portable Bars by Customized Designs","og_url":"https:\/\/www.portablebar.com\/es\/p\/62-parte-superior-cuadrada\/","og_site_name":"Portable Bars by Customized Designs","article_modified_time":"2023-03-15T20:24:07+00:00","og_image":[{"width":929,"height":1000,"url":"https:\/\/www.portablebar.com\/wp-content\/uploads\/2018\/02\/62_portable_bar_1_1.jpg","type":"image\/jpeg"}],"twitter_card":"summary_large_image","twitter_misc":{"Tiempo de lectura":"1 minuto"},"schema":{"@context":"https:\/\/schema.org","@graph":[{"@type":"WebPage","@id":"https:\/\/www.portablebar.com\/es\/p\/62-parte-superior-cuadrada\/","url":"https:\/\/www.portablebar.com\/es\/p\/62-parte-superior-cuadrada\/","name":"Tapa cuadrada para barra port\u00e1til de 62\" - Barras port\u00e1tiles de Customized Designs","isPartOf":{"@id":"https:\/\/www.portablebar.com\/es\/#website"},"primaryImageOfPage":{"@id":"https:\/\/www.portablebar.com\/es\/p\/62-parte-superior-cuadrada\/#primaryimage"},"image":{"@id":"https:\/\/www.portablebar.com\/es\/p\/62-parte-superior-cuadrada\/#primaryimage"},"thumbnailUrl":"https:\/\/www.portablebar.com\/wp-content\/uploads\/2018\/02\/62_portable_bar_1_1.jpg","datePublished":"2018-02-05T21:39:35+00:00","dateModified":"2023-03-15T20:24:07+00:00","description":"Tapa cuadrada para barra port\u00e1til de 62\" - Esta tapa se adapta a la barra port\u00e1til de 62\". Utilice esta p\u00e1gina para pedir encimeras de repuesto o para a\u00f1adir estilos alternativos de encimeras a su pedido inicial de barras. Dimensiones: Barras Port\u00e1tiles de Customized Designs","breadcrumb":{"@id":"https:\/\/www.portablebar.com\/es\/p\/62-parte-superior-cuadrada\/#breadcrumb"},"inLanguage":"es","potentialAction":[{"@type":"ReadAction","target":["https:\/\/www.portablebar.com\/es\/p\/62-parte-superior-cuadrada\/"]}]},{"@type":"ImageObject","inLanguage":"es","@id":"https:\/\/www.portablebar.com\/es\/p\/62-parte-superior-cuadrada\/#primaryimage","url":"https:\/\/www.portablebar.com\/wp-content\/uploads\/2018\/02\/62_portable_bar_1_1.jpg","contentUrl":"https:\/\/www.portablebar.com\/wp-content\/uploads\/2018\/02\/62_portable_bar_1_1.jpg","width":929,"height":1000,"caption":"Square Bar Top for 62\" Portable Bar"},{"@type":"BreadcrumbList","@id":"https:\/\/www.portablebar.com\/es\/p\/62-parte-superior-cuadrada\/#breadcrumb","itemListElement":[{"@type":"ListItem","position":1,"name":"Home","item":"https:\/\/www.portablebar.com\/"},{"@type":"ListItem","position":2,"name":"Products","item":"https:\/\/www.portablebar.com\/shop\/"},{"@type":"ListItem","position":3,"name":"Square Bar Top for 62&#8243; Portable Bar"}]},{"@type":"WebSite","@id":"https:\/\/www.portablebar.com\/es\/#website","url":"https:\/\/www.portablebar.com\/es\/","name":"Barras port\u00e1tiles de Customized Designs","description":"","potentialAction":[{"@type":"SearchAction","target":{"@type":"EntryPoint","urlTemplate":"https:\/\/www.portablebar.com\/es\/?s={search_term_string}"},"query-input":{"@type":"PropertyValueSpecification","valueRequired":true,"valueName":"search_term_string"}}],"inLanguage":"es"}]}},"_links":{"self":[{"href":"https:\/\/www.portablebar.com\/es\/wp-json\/wp\/v2\/product\/2161","targetHints":{"allow":["GET"]}}],"collection":[{"href":"https:\/\/www.portablebar.com\/es\/wp-json\/wp\/v2\/product"}],"about":[{"href":"https:\/\/www.portablebar.com\/es\/wp-json\/wp\/v2\/types\/product"}],"replies":[{"embeddable":true,"href":"https:\/\/www.portablebar.com\/es\/wp-json\/wp\/v2\/comments?post=2161"}],"version-history":[{"count":0,"href":"https:\/\/www.portablebar.com\/es\/wp-json\/wp\/v2\/product\/2161\/revisions"}],"wp:featuredmedia":[{"embeddable":true,"href":"https:\/\/www.portablebar.com\/es\/wp-json\/wp\/v2\/media\/2170"}],"wp:attachment":[{"href":"https:\/\/www.portablebar.com\/es\/wp-json\/wp\/v2\/media?parent=2161"}],"wp:term":[{"taxonomy":"product_brand","embeddable":true,"href":"https:\/\/www.portablebar.com\/es\/wp-json\/wp\/v2\/product_brand?post=2161"},{"taxonomy":"product_cat","embeddable":true,"href":"https:\/\/www.portablebar.com\/es\/wp-json\/wp\/v2\/product_cat?post=2161"},{"taxonomy":"product_tag","embeddable":true,"href":"https:\/\/www.portablebar.com\/es\/wp-json\/wp\/v2\/product_tag?post=2161"}],"curies":[{"name":"wp","href":"https:\/\/api.w.org\/{rel}","templated":true}]}}