{"id":2142,"date":"2018-02-05T14:27:35","date_gmt":"2018-02-05T21:27:35","guid":{"rendered":"https:\/\/www.portablebar.com\/woo\/?post_type=product&#038;p=2142"},"modified":"2024-08-12T11:11:38","modified_gmt":"2024-08-12T15:11:38","slug":"barra-curva-48","status":"publish","type":"product","link":"https:\/\/www.portablebar.com\/es\/p\/barra-curva-48\/","title":{"rendered":"Curve Top para barra port\u00e1til de 48\u2033."},"content":{"rendered":"<p>Esta encimera de bar se adapta al\u00a0<a href=\"\/es\/p\/48-bar-portatil\/\">Barra port\u00e1til de 48<\/a>. Utilice esta p\u00e1gina para pedir encimeras de repuesto o para a\u00f1adir estilos alternativos de encimeras a su pedido inicial de barras.<\/p>\n<p>Dimensiones Curve Top: 72\u2033 x 15.5\u2033 (23\u2033 Profundidad Total)<\/p>\n<p>Material: 1\/2\u2033 Acr\u00edlico<\/p>\n<p>&nbsp;<\/p>","protected":false},"excerpt":{"rendered":"<p>Esta tapa de barra se adapta a la barra port\u00e1til de 48\u2033. Utilice esta p\u00e1gina para pedir encimeras de repuesto o para a\u00f1adir estilos alternativos de encimeras de barra a su pedido inicial de barra. Curva Top Dimensiones: 72\u2033 x 15.5\u2033 (23\u2033 Profundidad Total) Material: 1\/2\u2033 Acr\u00edlico &nbsp;<\/p>","protected":false},"featured_media":2155,"comment_status":"closed","ping_status":"closed","template":"","meta":{"_acf_changed":false,"footnotes":""},"product_brand":[],"product_cat":[240],"product_tag":[],"class_list":{"0":"post-2142","1":"product","2":"type-product","3":"status-publish","4":"has-post-thumbnail","6":"product_cat-48-portable-bar-accessories","7":"product_shipping_class-liquor-displays","8":"tm-no-options-pxq","10":"first","11":"instock","12":"taxable","13":"shipping-taxable","14":"purchasable","15":"product-type-simple"},"acf":[],"gallery_images":[12938],"yoast_head":"<!-- This site is optimized with the Yoast SEO plugin v27.6 - https:\/\/yoast.com\/product\/yoast-seo-wordpress\/ -->\n<title>Curve Top for 48&quot; Portable Bar - Portable Bars by Customized Designs<\/title>\n<meta name=\"description\" content=\"Curve Top for 48&quot; Portable Bar - This bar top fits the\u00a048\u2033 Portable Bar. Use this page to order replacement tops or to add alternate bar top styles to your initial bar order. Curve Top Portable Bars by Customized Designs\" \/>\n<meta name=\"robots\" content=\"index, follow, max-snippet:-1, max-image-preview:large, max-video-preview:-1\" \/>\n<link rel=\"canonical\" href=\"https:\/\/www.portablebar.com\/es\/p\/barra-curva-48\/\" \/>\n<meta property=\"og:locale\" content=\"es_MX\" \/>\n<meta property=\"og:type\" content=\"article\" \/>\n<meta property=\"og:title\" content=\"Curve Top for 48&quot; Portable Bar - Portable Bars by Customized Designs\" \/>\n<meta property=\"og:description\" content=\"Curve Top for 48&quot; Portable Bar - This bar top fits the\u00a048\u2033 Portable Bar. Use this page to order replacement tops or to add alternate bar top styles to your initial bar order. Curve Top Portable Bars by Customized Designs\" \/>\n<meta property=\"og:url\" content=\"https:\/\/www.portablebar.com\/es\/p\/barra-curva-48\/\" \/>\n<meta property=\"og:site_name\" content=\"Portable Bars by Customized Designs\" \/>\n<meta property=\"article:modified_time\" content=\"2024-08-12T15:11:38+00:00\" \/>\n<meta property=\"og:image\" content=\"https:\/\/www.portablebar.com\/wp-content\/uploads\/2018\/02\/48-portable-bar-panels.jpg\" \/>\n\t<meta property=\"og:image:width\" content=\"1000\" \/>\n\t<meta property=\"og:image:height\" content=\"471\" \/>\n\t<meta property=\"og:image:type\" content=\"image\/jpeg\" \/>\n<meta name=\"twitter:card\" content=\"summary_large_image\" \/>\n<meta name=\"twitter:label1\" content=\"Tiempo de lectura\" \/>\n\t<meta name=\"twitter:data1\" content=\"1 minuto\" \/>\n<script type=\"application\/ld+json\" class=\"yoast-schema-graph\">{\"@context\":\"https:\\\/\\\/schema.org\",\"@graph\":[{\"@type\":\"WebPage\",\"@id\":\"https:\\\/\\\/www.portablebar.com\\\/es\\\/p\\\/barra-curva-48\\\/\",\"url\":\"https:\\\/\\\/www.portablebar.com\\\/es\\\/p\\\/barra-curva-48\\\/\",\"name\":\"Curve Top for 48\\\" Portable Bar - Portable Bars by Customized Designs\",\"isPartOf\":{\"@id\":\"https:\\\/\\\/www.portablebar.com\\\/es\\\/#website\"},\"primaryImageOfPage\":{\"@id\":\"https:\\\/\\\/www.portablebar.com\\\/es\\\/p\\\/barra-curva-48\\\/#primaryimage\"},\"image\":{\"@id\":\"https:\\\/\\\/www.portablebar.com\\\/es\\\/p\\\/barra-curva-48\\\/#primaryimage\"},\"thumbnailUrl\":\"https:\\\/\\\/www.portablebar.com\\\/wp-content\\\/uploads\\\/2018\\\/02\\\/48-portable-bar-panels.jpg\",\"datePublished\":\"2018-02-05T21:27:35+00:00\",\"dateModified\":\"2024-08-12T15:11:38+00:00\",\"description\":\"Curve Top for 48\\\" Portable Bar - This bar top fits the\u00a048\u2033 Portable Bar. Use this page to order replacement tops or to add alternate bar top styles to your initial bar order. Curve Top Portable Bars by Customized Designs\",\"breadcrumb\":{\"@id\":\"https:\\\/\\\/www.portablebar.com\\\/es\\\/p\\\/barra-curva-48\\\/#breadcrumb\"},\"inLanguage\":\"es\",\"potentialAction\":[{\"@type\":\"ReadAction\",\"target\":[\"https:\\\/\\\/www.portablebar.com\\\/es\\\/p\\\/barra-curva-48\\\/\"]}]},{\"@type\":\"ImageObject\",\"inLanguage\":\"es\",\"@id\":\"https:\\\/\\\/www.portablebar.com\\\/es\\\/p\\\/barra-curva-48\\\/#primaryimage\",\"url\":\"https:\\\/\\\/www.portablebar.com\\\/wp-content\\\/uploads\\\/2018\\\/02\\\/48-portable-bar-panels.jpg\",\"contentUrl\":\"https:\\\/\\\/www.portablebar.com\\\/wp-content\\\/uploads\\\/2018\\\/02\\\/48-portable-bar-panels.jpg\",\"width\":1000,\"height\":471,\"caption\":\"48\\\" Portable Bar Side Panels\"},{\"@type\":\"BreadcrumbList\",\"@id\":\"https:\\\/\\\/www.portablebar.com\\\/es\\\/p\\\/barra-curva-48\\\/#breadcrumb\",\"itemListElement\":[{\"@type\":\"ListItem\",\"position\":1,\"name\":\"Home\",\"item\":\"https:\\\/\\\/www.portablebar.com\\\/\"},{\"@type\":\"ListItem\",\"position\":2,\"name\":\"Products\",\"item\":\"https:\\\/\\\/www.portablebar.com\\\/shop\\\/\"},{\"@type\":\"ListItem\",\"position\":3,\"name\":\"Curve Top for 48&#8243; Portable Bar\"}]},{\"@type\":\"WebSite\",\"@id\":\"https:\\\/\\\/www.portablebar.com\\\/es\\\/#website\",\"url\":\"https:\\\/\\\/www.portablebar.com\\\/es\\\/\",\"name\":\"Portable Bars by Customized Designs\",\"description\":\"\",\"potentialAction\":[{\"@type\":\"SearchAction\",\"target\":{\"@type\":\"EntryPoint\",\"urlTemplate\":\"https:\\\/\\\/www.portablebar.com\\\/es\\\/?s={search_term_string}\"},\"query-input\":{\"@type\":\"PropertyValueSpecification\",\"valueRequired\":true,\"valueName\":\"search_term_string\"}}],\"inLanguage\":\"es\"}]}<\/script>\n<!-- \/ Yoast SEO plugin. -->","yoast_head_json":{"title":"Curve Top for 48\" Portable Bar - Barras Port\u00e1tiles por Dise\u00f1os Personalizados","description":"Tapa curva para barra port\u00e1til de 48\" - Esta tapa de barra se adapta a la barra port\u00e1til de 48\u2033. Utilice esta p\u00e1gina para pedir tapas de repuesto o para a\u00f1adir estilos alternativos a su pedido inicial. Curve Top Bares Port\u00e1tiles por Customized Designs","robots":{"index":"index","follow":"follow","max-snippet":"max-snippet:-1","max-image-preview":"max-image-preview:large","max-video-preview":"max-video-preview:-1"},"canonical":"https:\/\/www.portablebar.com\/es\/p\/barra-curva-48\/","og_locale":"es_MX","og_type":"article","og_title":"Curve Top for 48\" Portable Bar - Portable Bars by Customized Designs","og_description":"Curve Top for 48\" Portable Bar - This bar top fits the\u00a048\u2033 Portable Bar. Use this page to order replacement tops or to add alternate bar top styles to your initial bar order. Curve Top Portable Bars by Customized Designs","og_url":"https:\/\/www.portablebar.com\/es\/p\/barra-curva-48\/","og_site_name":"Portable Bars by Customized Designs","article_modified_time":"2024-08-12T15:11:38+00:00","og_image":[{"width":1000,"height":471,"url":"https:\/\/www.portablebar.com\/wp-content\/uploads\/2018\/02\/48-portable-bar-panels.jpg","type":"image\/jpeg"}],"twitter_card":"summary_large_image","twitter_misc":{"Tiempo de lectura":"1 minuto"},"schema":{"@context":"https:\/\/schema.org","@graph":[{"@type":"WebPage","@id":"https:\/\/www.portablebar.com\/es\/p\/barra-curva-48\/","url":"https:\/\/www.portablebar.com\/es\/p\/barra-curva-48\/","name":"Curve Top for 48\" Portable Bar - Barras Port\u00e1tiles por Dise\u00f1os Personalizados","isPartOf":{"@id":"https:\/\/www.portablebar.com\/es\/#website"},"primaryImageOfPage":{"@id":"https:\/\/www.portablebar.com\/es\/p\/barra-curva-48\/#primaryimage"},"image":{"@id":"https:\/\/www.portablebar.com\/es\/p\/barra-curva-48\/#primaryimage"},"thumbnailUrl":"https:\/\/www.portablebar.com\/wp-content\/uploads\/2018\/02\/48-portable-bar-panels.jpg","datePublished":"2018-02-05T21:27:35+00:00","dateModified":"2024-08-12T15:11:38+00:00","description":"Tapa curva para barra port\u00e1til de 48\" - Esta tapa de barra se adapta a la barra port\u00e1til de 48\u2033. Utilice esta p\u00e1gina para pedir tapas de repuesto o para a\u00f1adir estilos alternativos a su pedido inicial. Curve Top Bares Port\u00e1tiles por Customized Designs","breadcrumb":{"@id":"https:\/\/www.portablebar.com\/es\/p\/barra-curva-48\/#breadcrumb"},"inLanguage":"es","potentialAction":[{"@type":"ReadAction","target":["https:\/\/www.portablebar.com\/es\/p\/barra-curva-48\/"]}]},{"@type":"ImageObject","inLanguage":"es","@id":"https:\/\/www.portablebar.com\/es\/p\/barra-curva-48\/#primaryimage","url":"https:\/\/www.portablebar.com\/wp-content\/uploads\/2018\/02\/48-portable-bar-panels.jpg","contentUrl":"https:\/\/www.portablebar.com\/wp-content\/uploads\/2018\/02\/48-portable-bar-panels.jpg","width":1000,"height":471,"caption":"48\" Portable Bar Side Panels"},{"@type":"BreadcrumbList","@id":"https:\/\/www.portablebar.com\/es\/p\/barra-curva-48\/#breadcrumb","itemListElement":[{"@type":"ListItem","position":1,"name":"Home","item":"https:\/\/www.portablebar.com\/"},{"@type":"ListItem","position":2,"name":"Products","item":"https:\/\/www.portablebar.com\/shop\/"},{"@type":"ListItem","position":3,"name":"Curve Top for 48&#8243; Portable Bar"}]},{"@type":"WebSite","@id":"https:\/\/www.portablebar.com\/es\/#website","url":"https:\/\/www.portablebar.com\/es\/","name":"Barras port\u00e1tiles de Customized Designs","description":"","potentialAction":[{"@type":"SearchAction","target":{"@type":"EntryPoint","urlTemplate":"https:\/\/www.portablebar.com\/es\/?s={search_term_string}"},"query-input":{"@type":"PropertyValueSpecification","valueRequired":true,"valueName":"search_term_string"}}],"inLanguage":"es"}]}},"_links":{"self":[{"href":"https:\/\/www.portablebar.com\/es\/wp-json\/wp\/v2\/product\/2142","targetHints":{"allow":["GET"]}}],"collection":[{"href":"https:\/\/www.portablebar.com\/es\/wp-json\/wp\/v2\/product"}],"about":[{"href":"https:\/\/www.portablebar.com\/es\/wp-json\/wp\/v2\/types\/product"}],"replies":[{"embeddable":true,"href":"https:\/\/www.portablebar.com\/es\/wp-json\/wp\/v2\/comments?post=2142"}],"version-history":[{"count":0,"href":"https:\/\/www.portablebar.com\/es\/wp-json\/wp\/v2\/product\/2142\/revisions"}],"wp:featuredmedia":[{"embeddable":true,"href":"https:\/\/www.portablebar.com\/es\/wp-json\/wp\/v2\/media\/2155"}],"wp:attachment":[{"href":"https:\/\/www.portablebar.com\/es\/wp-json\/wp\/v2\/media?parent=2142"}],"wp:term":[{"taxonomy":"product_brand","embeddable":true,"href":"https:\/\/www.portablebar.com\/es\/wp-json\/wp\/v2\/product_brand?post=2142"},{"taxonomy":"product_cat","embeddable":true,"href":"https:\/\/www.portablebar.com\/es\/wp-json\/wp\/v2\/product_cat?post=2142"},{"taxonomy":"product_tag","embeddable":true,"href":"https:\/\/www.portablebar.com\/es\/wp-json\/wp\/v2\/product_tag?post=2142"}],"curies":[{"name":"wp","href":"https:\/\/api.w.org\/{rel}","templated":true}]}}