{"id":19898,"date":"2021-02-01T12:52:19","date_gmt":"2021-02-01T17:52:19","guid":{"rendered":"https:\/\/www.portablebar.com\/?post_type=product&#038;p=19898"},"modified":"2023-05-17T11:01:35","modified_gmt":"2023-05-17T15:01:35","slug":"portaobjetos-extraibles","status":"publish","type":"product","link":"https:\/\/www.portablebar.com\/es\/p\/paneles-de-almacenamiento\/","title":{"rendered":"Paneles de almacenamiento deslizantes"},"content":{"rendered":"<p>Estos paneles son una alternativa a la cubitera incluida para el almacenamiento debajo de la barra.<\/p>\n<p>Material del panel: Tabla de corte blanca de HDPE<br \/>\nDimensiones: 18\u2033 x 12\u2033<\/p>\n<p><span style=\"font-size: 150%;\">Panel de inserci\u00f3n plano<\/span><\/p>\n<ul>\n<li><span style=\"color: #333333; font-size: 14.4px;\">Este panel se puede utilizar para convertir el almacenamiento deslizante en un estante utilizable. Cuando se utiliza en lugar de la bandeja de hielo, el panel se sentar\u00e1 dentro del marco del estante y tendr\u00e1 aproximadamente 1.5\u2033 de altura libre. Todav\u00eda se puede abrir y cerrar con art\u00edculos cortos en el interior, tales como llaves del coche, tel\u00e9fono, tarjetas de visita, herramientas de bar, etc.<\/span><\/li>\n<li><span style=\"color: #333333; font-size: 14.4px;\">Para alfombrillas de 18 x 12<\/span><\/li>\n<li>Tambi\u00e9n puede colocar este panel encima del cubo de hielo a modo de tapa. El peque\u00f1o orificio de la parte superior facilita su apertura para coger las cosas del interior. Adem\u00e1s, mantendr\u00e1 el contenido de la cubitera m\u00e1s fr\u00edo durante m\u00e1s tiempo.<\/li>\n<\/ul>\n<p><span style=\"font-size: 150%;\"><br \/>\nCubo de basura<\/span><\/p>\n<ul>\n<li><span style=\"color: #333333; font-size: 14.4px;\">Este panel hace que una papelera quepa en el estante deslizante. Se puede utilizar como basura, o almacenamiento m\u00e1s profundo.<br \/>\n<\/span><\/li>\n<li><span style=\"color: #333333; font-size: 14.4px;\">Tama\u00f1o del agujero: 14,5\u2033 x 10,25\u2033.<br \/>\n<\/span><\/li>\n<li><span style=\"color: #333333; font-size: 14.4px;\">Cubo de basura mostrado: Rubbermaid FG295700<\/span><\/li>\n<\/ul>\n<p><span style=\"font-size: 150%;\"><br \/>\nInserci\u00f3n personalizada<\/span><\/p>\n<p>Si tiene un contenedor\/bandeja\/bandeja espec\u00edfico para el que desea un recorte, p\u00f3ngase en contacto con nosotros para indicarnos las dimensiones y los requisitos de disposici\u00f3n.<\/p>","protected":false},"excerpt":{"rendered":"<p>Estos paneles son una alternativa a la cubitera incluida para el almacenamiento debajo de la barra. Material del panel: HDPE Blanco Tabla de cortar Dimensiones: 18\u2033 x 12\u2033 Flat Insert Panel Este panel se puede utilizar para convertir el almacenamiento deslizante en un estante utilizable. Cuando se utiliza en lugar del contenedor de hielo, el panel<\/p>","protected":false},"featured_media":19681,"comment_status":"closed","ping_status":"closed","template":"","meta":{"_acf_changed":false,"footnotes":""},"product_brand":[],"product_cat":[240,242,241,243],"product_tag":[],"class_list":{"0":"post-19898","1":"product","2":"type-product","3":"status-publish","4":"has-post-thumbnail","6":"product_cat-48-portable-bar-accessories","7":"product_cat-portable-bar-accessories-62","8":"product_cat-portable-bar-accessories-77","9":"product_cat-portable-bar-accessories-mini","10":"product_shipping_class-liquor-displays","11":"tm-has-options","13":"first","14":"instock","15":"taxable","16":"shipping-taxable","17":"purchasable","18":"product-type-simple"},"acf":[],"gallery_images":[19671,19666],"yoast_head":"<!-- This site is optimized with the Yoast SEO plugin v27.6 - https:\/\/yoast.com\/product\/yoast-seo-wordpress\/ -->\n<title>Slide Out Storage Panels - Portable Bars by Customized Designs<\/title>\n<meta name=\"description\" content=\"Slide Out Storage Panels - These panels are to use an alternative to the included ice bin for your under bar storage. Panel Material: HDPE White Cutting Board Dimensions: 18&quot; x 12&quot; Portable Bars by Customized Designs\" \/>\n<meta name=\"robots\" content=\"index, follow, max-snippet:-1, max-image-preview:large, max-video-preview:-1\" \/>\n<link rel=\"canonical\" href=\"https:\/\/www.portablebar.com\/es\/p\/paneles-de-almacenamiento\/\" \/>\n<meta property=\"og:locale\" content=\"es_MX\" \/>\n<meta property=\"og:type\" content=\"article\" \/>\n<meta property=\"og:title\" content=\"Slide Out Storage Panels - Portable Bars by Customized Designs\" \/>\n<meta property=\"og:description\" content=\"Slide Out Storage Panels - These panels are to use an alternative to the included ice bin for your under bar storage. Panel Material: HDPE White Cutting Board Dimensions: 18&quot; x 12&quot; Portable Bars by Customized Designs\" \/>\n<meta property=\"og:url\" content=\"https:\/\/www.portablebar.com\/es\/p\/paneles-de-almacenamiento\/\" \/>\n<meta property=\"og:site_name\" content=\"Portable Bars by Customized Designs\" \/>\n<meta property=\"article:modified_time\" content=\"2023-05-17T15:01:35+00:00\" \/>\n<meta property=\"og:image\" content=\"https:\/\/www.portablebar.com\/wp-content\/uploads\/2021\/01\/slide-out-shelf-cutting-board.jpg\" \/>\n\t<meta property=\"og:image:width\" content=\"874\" \/>\n\t<meta property=\"og:image:height\" content=\"800\" \/>\n\t<meta property=\"og:image:type\" content=\"image\/jpeg\" \/>\n<meta name=\"twitter:card\" content=\"summary_large_image\" \/>\n<meta name=\"twitter:label1\" content=\"Tiempo de lectura\" \/>\n\t<meta name=\"twitter:data1\" content=\"1 minuto\" \/>\n<script type=\"application\/ld+json\" class=\"yoast-schema-graph\">{\"@context\":\"https:\\\/\\\/schema.org\",\"@graph\":[{\"@type\":\"WebPage\",\"@id\":\"https:\\\/\\\/www.portablebar.com\\\/es\\\/p\\\/paneles-de-almacenamiento\\\/\",\"url\":\"https:\\\/\\\/www.portablebar.com\\\/es\\\/p\\\/paneles-de-almacenamiento\\\/\",\"name\":\"Slide Out Storage Panels - Portable Bars by Customized Designs\",\"isPartOf\":{\"@id\":\"https:\\\/\\\/www.portablebar.com\\\/es\\\/#website\"},\"primaryImageOfPage\":{\"@id\":\"https:\\\/\\\/www.portablebar.com\\\/es\\\/p\\\/paneles-de-almacenamiento\\\/#primaryimage\"},\"image\":{\"@id\":\"https:\\\/\\\/www.portablebar.com\\\/es\\\/p\\\/paneles-de-almacenamiento\\\/#primaryimage\"},\"thumbnailUrl\":\"https:\\\/\\\/www.portablebar.com\\\/wp-content\\\/uploads\\\/2021\\\/01\\\/slide-out-shelf-cutting-board.jpg\",\"datePublished\":\"2021-02-01T17:52:19+00:00\",\"dateModified\":\"2023-05-17T15:01:35+00:00\",\"description\":\"Slide Out Storage Panels - These panels are to use an alternative to the included ice bin for your under bar storage. Panel Material: HDPE White Cutting Board Dimensions: 18\\\" x 12\\\" Portable Bars by Customized Designs\",\"breadcrumb\":{\"@id\":\"https:\\\/\\\/www.portablebar.com\\\/es\\\/p\\\/paneles-de-almacenamiento\\\/#breadcrumb\"},\"inLanguage\":\"es\",\"potentialAction\":[{\"@type\":\"ReadAction\",\"target\":[\"https:\\\/\\\/www.portablebar.com\\\/es\\\/p\\\/paneles-de-almacenamiento\\\/\"]}]},{\"@type\":\"ImageObject\",\"inLanguage\":\"es\",\"@id\":\"https:\\\/\\\/www.portablebar.com\\\/es\\\/p\\\/paneles-de-almacenamiento\\\/#primaryimage\",\"url\":\"https:\\\/\\\/www.portablebar.com\\\/wp-content\\\/uploads\\\/2021\\\/01\\\/slide-out-shelf-cutting-board.jpg\",\"contentUrl\":\"https:\\\/\\\/www.portablebar.com\\\/wp-content\\\/uploads\\\/2021\\\/01\\\/slide-out-shelf-cutting-board.jpg\",\"width\":874,\"height\":800},{\"@type\":\"BreadcrumbList\",\"@id\":\"https:\\\/\\\/www.portablebar.com\\\/es\\\/p\\\/paneles-de-almacenamiento\\\/#breadcrumb\",\"itemListElement\":[{\"@type\":\"ListItem\",\"position\":1,\"name\":\"Home\",\"item\":\"https:\\\/\\\/www.portablebar.com\\\/\"},{\"@type\":\"ListItem\",\"position\":2,\"name\":\"Products\",\"item\":\"https:\\\/\\\/www.portablebar.com\\\/shop\\\/\"},{\"@type\":\"ListItem\",\"position\":3,\"name\":\"Slide Out Storage Panels\"}]},{\"@type\":\"WebSite\",\"@id\":\"https:\\\/\\\/www.portablebar.com\\\/es\\\/#website\",\"url\":\"https:\\\/\\\/www.portablebar.com\\\/es\\\/\",\"name\":\"Portable Bars by Customized Designs\",\"description\":\"\",\"potentialAction\":[{\"@type\":\"SearchAction\",\"target\":{\"@type\":\"EntryPoint\",\"urlTemplate\":\"https:\\\/\\\/www.portablebar.com\\\/es\\\/?s={search_term_string}\"},\"query-input\":{\"@type\":\"PropertyValueSpecification\",\"valueRequired\":true,\"valueName\":\"search_term_string\"}}],\"inLanguage\":\"es\"}]}<\/script>\n<!-- \/ Yoast SEO plugin. -->","yoast_head_json":{"title":"Paneles de Almacenamiento - Barras Port\u00e1tiles por Customized Designs","description":"Paneles de Almacenamiento Deslizables - Estos paneles son una alternativa al contenedor de hielo incluido para el almacenamiento debajo de la barra. Material del panel: HDPE Blanco Tabla de cortar Dimensiones: 18\" x 12\" Barras Port\u00e1tiles por Customized Designs","robots":{"index":"index","follow":"follow","max-snippet":"max-snippet:-1","max-image-preview":"max-image-preview:large","max-video-preview":"max-video-preview:-1"},"canonical":"https:\/\/www.portablebar.com\/es\/p\/paneles-de-almacenamiento\/","og_locale":"es_MX","og_type":"article","og_title":"Slide Out Storage Panels - Portable Bars by Customized Designs","og_description":"Slide Out Storage Panels - These panels are to use an alternative to the included ice bin for your under bar storage. Panel Material: HDPE White Cutting Board Dimensions: 18\" x 12\" Portable Bars by Customized Designs","og_url":"https:\/\/www.portablebar.com\/es\/p\/paneles-de-almacenamiento\/","og_site_name":"Portable Bars by Customized Designs","article_modified_time":"2023-05-17T15:01:35+00:00","og_image":[{"width":874,"height":800,"url":"https:\/\/www.portablebar.com\/wp-content\/uploads\/2021\/01\/slide-out-shelf-cutting-board.jpg","type":"image\/jpeg"}],"twitter_card":"summary_large_image","twitter_misc":{"Tiempo de lectura":"1 minuto"},"schema":{"@context":"https:\/\/schema.org","@graph":[{"@type":"WebPage","@id":"https:\/\/www.portablebar.com\/es\/p\/paneles-de-almacenamiento\/","url":"https:\/\/www.portablebar.com\/es\/p\/paneles-de-almacenamiento\/","name":"Paneles de Almacenamiento - Barras Port\u00e1tiles por Customized Designs","isPartOf":{"@id":"https:\/\/www.portablebar.com\/es\/#website"},"primaryImageOfPage":{"@id":"https:\/\/www.portablebar.com\/es\/p\/paneles-de-almacenamiento\/#primaryimage"},"image":{"@id":"https:\/\/www.portablebar.com\/es\/p\/paneles-de-almacenamiento\/#primaryimage"},"thumbnailUrl":"https:\/\/www.portablebar.com\/wp-content\/uploads\/2021\/01\/slide-out-shelf-cutting-board.jpg","datePublished":"2021-02-01T17:52:19+00:00","dateModified":"2023-05-17T15:01:35+00:00","description":"Paneles de Almacenamiento Deslizables - Estos paneles son una alternativa al contenedor de hielo incluido para el almacenamiento debajo de la barra. Material del panel: HDPE Blanco Tabla de cortar Dimensiones: 18\" x 12\" Barras Port\u00e1tiles por Customized Designs","breadcrumb":{"@id":"https:\/\/www.portablebar.com\/es\/p\/paneles-de-almacenamiento\/#breadcrumb"},"inLanguage":"es","potentialAction":[{"@type":"ReadAction","target":["https:\/\/www.portablebar.com\/es\/p\/paneles-de-almacenamiento\/"]}]},{"@type":"ImageObject","inLanguage":"es","@id":"https:\/\/www.portablebar.com\/es\/p\/paneles-de-almacenamiento\/#primaryimage","url":"https:\/\/www.portablebar.com\/wp-content\/uploads\/2021\/01\/slide-out-shelf-cutting-board.jpg","contentUrl":"https:\/\/www.portablebar.com\/wp-content\/uploads\/2021\/01\/slide-out-shelf-cutting-board.jpg","width":874,"height":800},{"@type":"BreadcrumbList","@id":"https:\/\/www.portablebar.com\/es\/p\/paneles-de-almacenamiento\/#breadcrumb","itemListElement":[{"@type":"ListItem","position":1,"name":"Home","item":"https:\/\/www.portablebar.com\/"},{"@type":"ListItem","position":2,"name":"Products","item":"https:\/\/www.portablebar.com\/shop\/"},{"@type":"ListItem","position":3,"name":"Slide Out Storage Panels"}]},{"@type":"WebSite","@id":"https:\/\/www.portablebar.com\/es\/#website","url":"https:\/\/www.portablebar.com\/es\/","name":"Barras port\u00e1tiles de Customized Designs","description":"","potentialAction":[{"@type":"SearchAction","target":{"@type":"EntryPoint","urlTemplate":"https:\/\/www.portablebar.com\/es\/?s={search_term_string}"},"query-input":{"@type":"PropertyValueSpecification","valueRequired":true,"valueName":"search_term_string"}}],"inLanguage":"es"}]}},"_links":{"self":[{"href":"https:\/\/www.portablebar.com\/es\/wp-json\/wp\/v2\/product\/19898","targetHints":{"allow":["GET"]}}],"collection":[{"href":"https:\/\/www.portablebar.com\/es\/wp-json\/wp\/v2\/product"}],"about":[{"href":"https:\/\/www.portablebar.com\/es\/wp-json\/wp\/v2\/types\/product"}],"replies":[{"embeddable":true,"href":"https:\/\/www.portablebar.com\/es\/wp-json\/wp\/v2\/comments?post=19898"}],"version-history":[{"count":0,"href":"https:\/\/www.portablebar.com\/es\/wp-json\/wp\/v2\/product\/19898\/revisions"}],"wp:featuredmedia":[{"embeddable":true,"href":"https:\/\/www.portablebar.com\/es\/wp-json\/wp\/v2\/media\/19681"}],"wp:attachment":[{"href":"https:\/\/www.portablebar.com\/es\/wp-json\/wp\/v2\/media?parent=19898"}],"wp:term":[{"taxonomy":"product_brand","embeddable":true,"href":"https:\/\/www.portablebar.com\/es\/wp-json\/wp\/v2\/product_brand?post=19898"},{"taxonomy":"product_cat","embeddable":true,"href":"https:\/\/www.portablebar.com\/es\/wp-json\/wp\/v2\/product_cat?post=19898"},{"taxonomy":"product_tag","embeddable":true,"href":"https:\/\/www.portablebar.com\/es\/wp-json\/wp\/v2\/product_tag?post=19898"}],"curies":[{"name":"wp","href":"https:\/\/api.w.org\/{rel}","templated":true}]}}