{"id":12951,"date":"2018-11-25T08:22:39","date_gmt":"2018-11-25T15:22:39","guid":{"rendered":"https:\/\/www.portablebar.com\/?post_type=product&#038;p=12951"},"modified":"2022-01-12T07:50:45","modified_gmt":"2022-01-12T12:50:45","slug":"wrap-style-bar-top-para-mini-bar-portatil","status":"publish","type":"product","link":"https:\/\/www.portablebar.com\/es\/p\/mini-bar-portatil-top-wrap\/","title":{"rendered":"Wrap Style Bar Top para minibar port\u00e1til"},"content":{"rendered":"<p>Esta encimera de bar se adapta al\u00a0<a href=\"\/es\/p\/mini-bar-portatil\/\">Mini bar port\u00e1til<\/a>. Utilice esta p\u00e1gina para pedir encimeras de repuesto o para a\u00f1adir estilos alternativos de encimeras a su pedido inicial de barras.<\/p>\n<p>Dimensiones Wrap Top: 42\u2033 x 15.5\u2033<\/p>\n<p>Material: 1\/2\u2033 Acr\u00edlico<\/p>\n<p>El coste de env\u00edo t\u00edpico de esta encimera de bar por s\u00ed sola es de alrededor de $40-$50.<\/p>","protected":false},"excerpt":{"rendered":"<p>Esta tapa se adapta a la Mini Barra Port\u00e1til. Utilice esta p\u00e1gina para pedir encimeras de repuesto o para a\u00f1adir estilos alternativos de encimeras a su pedido inicial de barras. Wrap Top Dimensiones: 42\u2033 x 15.5\u2033 Material: 1\/2\u2033 Acr\u00edlico El coste de env\u00edo t\u00edpico para esta tapa de barra por s\u00ed misma es de alrededor de $40-$50.<\/p>","protected":false},"featured_media":3445,"comment_status":"closed","ping_status":"closed","template":"","meta":{"_acf_changed":false,"footnotes":""},"product_brand":[],"product_cat":[243],"product_tag":[],"class_list":{"0":"post-12951","1":"product","2":"type-product","3":"status-publish","4":"has-post-thumbnail","6":"product_cat-portable-bar-accessories-mini","7":"product_shipping_class-liquor-displays","8":"tm-no-options-pxq","10":"first","11":"instock","12":"taxable","13":"shipping-taxable","14":"purchasable","15":"product-type-simple"},"acf":[],"gallery_images":[12947],"yoast_head":"<!-- This site is optimized with the Yoast SEO plugin v26.7 - https:\/\/yoast.com\/wordpress\/plugins\/seo\/ -->\n<title>Wrap Style Bar Top for Mini Portable Bar - Portable Bars by Customized Designs<\/title>\n<meta name=\"description\" content=\"Wrap Style Bar Top for Mini Portable Bar - This bar top fits the\u00a0Mini Portable Bar. Use this page to order replacement tops or to add alternate bar top styles to your initial bar order. Wrap Top Portable Bars by Customized Designs\" \/>\n<meta name=\"robots\" content=\"index, follow, max-snippet:-1, max-image-preview:large, max-video-preview:-1\" \/>\n<link rel=\"canonical\" href=\"https:\/\/www.portablebar.com\/es\/p\/mini-bar-portatil-top-wrap\/\" \/>\n<meta property=\"og:locale\" content=\"es_MX\" \/>\n<meta property=\"og:type\" content=\"article\" \/>\n<meta property=\"og:title\" content=\"Wrap Style Bar Top for Mini Portable Bar - Portable Bars by Customized Designs\" \/>\n<meta property=\"og:description\" content=\"Wrap Style Bar Top for Mini Portable Bar - This bar top fits the\u00a0Mini Portable Bar. Use this page to order replacement tops or to add alternate bar top styles to your initial bar order. Wrap Top Portable Bars by Customized Designs\" \/>\n<meta property=\"og:url\" content=\"https:\/\/www.portablebar.com\/es\/p\/mini-bar-portatil-top-wrap\/\" \/>\n<meta property=\"og:site_name\" content=\"Portable Bars by Customized Designs\" \/>\n<meta property=\"article:modified_time\" content=\"2022-01-12T12:50:45+00:00\" \/>\n<meta property=\"og:image\" content=\"https:\/\/www.portablebar.com\/wp-content\/uploads\/mini-portable-bar-wrap-black-frame.jpg\" \/>\n\t<meta property=\"og:image:width\" content=\"755\" \/>\n\t<meta property=\"og:image:height\" content=\"800\" \/>\n\t<meta property=\"og:image:type\" content=\"image\/jpeg\" \/>\n<meta name=\"twitter:card\" content=\"summary_large_image\" \/>\n<script type=\"application\/ld+json\" class=\"yoast-schema-graph\">{\"@context\":\"https:\/\/schema.org\",\"@graph\":[{\"@type\":\"WebPage\",\"@id\":\"https:\/\/www.portablebar.com\/es\/p\/mini-bar-portatil-top-wrap\/\",\"url\":\"https:\/\/www.portablebar.com\/es\/p\/mini-bar-portatil-top-wrap\/\",\"name\":\"Wrap Style Bar Top for Mini Portable Bar - Portable Bars by Customized Designs\",\"isPartOf\":{\"@id\":\"https:\/\/www.portablebar.com\/es\/#website\"},\"primaryImageOfPage\":{\"@id\":\"https:\/\/www.portablebar.com\/es\/p\/mini-bar-portatil-top-wrap\/#primaryimage\"},\"image\":{\"@id\":\"https:\/\/www.portablebar.com\/es\/p\/mini-bar-portatil-top-wrap\/#primaryimage\"},\"thumbnailUrl\":\"https:\/\/www.portablebar.com\/wp-content\/uploads\/mini-portable-bar-wrap-black-frame.jpg\",\"datePublished\":\"2018-11-25T15:22:39+00:00\",\"dateModified\":\"2022-01-12T12:50:45+00:00\",\"description\":\"Wrap Style Bar Top for Mini Portable Bar - This bar top fits the\u00a0Mini Portable Bar. Use this page to order replacement tops or to add alternate bar top styles to your initial bar order. Wrap Top Portable Bars by Customized Designs\",\"breadcrumb\":{\"@id\":\"https:\/\/www.portablebar.com\/es\/p\/mini-bar-portatil-top-wrap\/#breadcrumb\"},\"inLanguage\":\"es\",\"potentialAction\":[{\"@type\":\"ReadAction\",\"target\":[\"https:\/\/www.portablebar.com\/es\/p\/mini-bar-portatil-top-wrap\/\"]}]},{\"@type\":\"ImageObject\",\"inLanguage\":\"es\",\"@id\":\"https:\/\/www.portablebar.com\/es\/p\/mini-bar-portatil-top-wrap\/#primaryimage\",\"url\":\"https:\/\/www.portablebar.com\/wp-content\/uploads\/mini-portable-bar-wrap-black-frame.jpg\",\"contentUrl\":\"https:\/\/www.portablebar.com\/wp-content\/uploads\/mini-portable-bar-wrap-black-frame.jpg\",\"width\":755,\"height\":800,\"caption\":\"A sleek black framed Mobile Mini portable bar customized for Bar Vibes Entertainment. The black frame contrasts beautifully with the vibrant purple LED graphics.\"},{\"@type\":\"BreadcrumbList\",\"@id\":\"https:\/\/www.portablebar.com\/es\/p\/mini-bar-portatil-top-wrap\/#breadcrumb\",\"itemListElement\":[{\"@type\":\"ListItem\",\"position\":1,\"name\":\"Home\",\"item\":\"https:\/\/www.portablebar.com\/\"},{\"@type\":\"ListItem\",\"position\":2,\"name\":\"Products\",\"item\":\"https:\/\/www.portablebar.com\/shop\/\"},{\"@type\":\"ListItem\",\"position\":3,\"name\":\"Wrap Style Bar Top for Mini Portable Bar\"}]},{\"@type\":\"WebSite\",\"@id\":\"https:\/\/www.portablebar.com\/es\/#website\",\"url\":\"https:\/\/www.portablebar.com\/es\/\",\"name\":\"Portable Bars by Customized Designs\",\"description\":\"\",\"potentialAction\":[{\"@type\":\"SearchAction\",\"target\":{\"@type\":\"EntryPoint\",\"urlTemplate\":\"https:\/\/www.portablebar.com\/es\/?s={search_term_string}\"},\"query-input\":{\"@type\":\"PropertyValueSpecification\",\"valueRequired\":true,\"valueName\":\"search_term_string\"}}],\"inLanguage\":\"es\"}]}<\/script>\n<!-- \/ Yoast SEO plugin. -->","yoast_head_json":{"title":"Wrap Style Bar Top para Mini Bar Port\u00e1til - Barras Port\u00e1tiles por Dise\u00f1os Personalizados","description":"Wrap Style Bar Top for Mini Portable Bar - Esta barra superior se ajusta a la Mini Portable Bar. Utilice esta p\u00e1gina para pedir tapas de repuesto o para a\u00f1adir estilos alternativos a su pedido inicial. Wrap Top Bares Port\u00e1tiles por Dise\u00f1os Personalizados","robots":{"index":"index","follow":"follow","max-snippet":"max-snippet:-1","max-image-preview":"max-image-preview:large","max-video-preview":"max-video-preview:-1"},"canonical":"https:\/\/www.portablebar.com\/es\/p\/mini-bar-portatil-top-wrap\/","og_locale":"es_MX","og_type":"article","og_title":"Wrap Style Bar Top for Mini Portable Bar - Portable Bars by Customized Designs","og_description":"Wrap Style Bar Top for Mini Portable Bar - This bar top fits the\u00a0Mini Portable Bar. Use this page to order replacement tops or to add alternate bar top styles to your initial bar order. Wrap Top Portable Bars by Customized Designs","og_url":"https:\/\/www.portablebar.com\/es\/p\/mini-bar-portatil-top-wrap\/","og_site_name":"Portable Bars by Customized Designs","article_modified_time":"2022-01-12T12:50:45+00:00","og_image":[{"width":755,"height":800,"url":"https:\/\/www.portablebar.com\/wp-content\/uploads\/mini-portable-bar-wrap-black-frame.jpg","type":"image\/jpeg"}],"twitter_card":"summary_large_image","schema":{"@context":"https:\/\/schema.org","@graph":[{"@type":"WebPage","@id":"https:\/\/www.portablebar.com\/es\/p\/mini-bar-portatil-top-wrap\/","url":"https:\/\/www.portablebar.com\/es\/p\/mini-bar-portatil-top-wrap\/","name":"Wrap Style Bar Top para Mini Bar Port\u00e1til - Barras Port\u00e1tiles por Dise\u00f1os Personalizados","isPartOf":{"@id":"https:\/\/www.portablebar.com\/es\/#website"},"primaryImageOfPage":{"@id":"https:\/\/www.portablebar.com\/es\/p\/mini-bar-portatil-top-wrap\/#primaryimage"},"image":{"@id":"https:\/\/www.portablebar.com\/es\/p\/mini-bar-portatil-top-wrap\/#primaryimage"},"thumbnailUrl":"https:\/\/www.portablebar.com\/wp-content\/uploads\/mini-portable-bar-wrap-black-frame.jpg","datePublished":"2018-11-25T15:22:39+00:00","dateModified":"2022-01-12T12:50:45+00:00","description":"Wrap Style Bar Top for Mini Portable Bar - Esta barra superior se ajusta a la Mini Portable Bar. Utilice esta p\u00e1gina para pedir tapas de repuesto o para a\u00f1adir estilos alternativos a su pedido inicial. Wrap Top Bares Port\u00e1tiles por Dise\u00f1os Personalizados","breadcrumb":{"@id":"https:\/\/www.portablebar.com\/es\/p\/mini-bar-portatil-top-wrap\/#breadcrumb"},"inLanguage":"es","potentialAction":[{"@type":"ReadAction","target":["https:\/\/www.portablebar.com\/es\/p\/mini-bar-portatil-top-wrap\/"]}]},{"@type":"ImageObject","inLanguage":"es","@id":"https:\/\/www.portablebar.com\/es\/p\/mini-bar-portatil-top-wrap\/#primaryimage","url":"https:\/\/www.portablebar.com\/wp-content\/uploads\/mini-portable-bar-wrap-black-frame.jpg","contentUrl":"https:\/\/www.portablebar.com\/wp-content\/uploads\/mini-portable-bar-wrap-black-frame.jpg","width":755,"height":800,"caption":"A sleek black framed Mobile Mini portable bar customized for Bar Vibes Entertainment. The black frame contrasts beautifully with the vibrant purple LED graphics."},{"@type":"BreadcrumbList","@id":"https:\/\/www.portablebar.com\/es\/p\/mini-bar-portatil-top-wrap\/#breadcrumb","itemListElement":[{"@type":"ListItem","position":1,"name":"Home","item":"https:\/\/www.portablebar.com\/"},{"@type":"ListItem","position":2,"name":"Products","item":"https:\/\/www.portablebar.com\/shop\/"},{"@type":"ListItem","position":3,"name":"Wrap Style Bar Top for Mini Portable Bar"}]},{"@type":"WebSite","@id":"https:\/\/www.portablebar.com\/es\/#website","url":"https:\/\/www.portablebar.com\/es\/","name":"Barras port\u00e1tiles de Customized Designs","description":"","potentialAction":[{"@type":"SearchAction","target":{"@type":"EntryPoint","urlTemplate":"https:\/\/www.portablebar.com\/es\/?s={search_term_string}"},"query-input":{"@type":"PropertyValueSpecification","valueRequired":true,"valueName":"search_term_string"}}],"inLanguage":"es"}]}},"_links":{"self":[{"href":"https:\/\/www.portablebar.com\/es\/wp-json\/wp\/v2\/product\/12951","targetHints":{"allow":["GET"]}}],"collection":[{"href":"https:\/\/www.portablebar.com\/es\/wp-json\/wp\/v2\/product"}],"about":[{"href":"https:\/\/www.portablebar.com\/es\/wp-json\/wp\/v2\/types\/product"}],"replies":[{"embeddable":true,"href":"https:\/\/www.portablebar.com\/es\/wp-json\/wp\/v2\/comments?post=12951"}],"version-history":[{"count":0,"href":"https:\/\/www.portablebar.com\/es\/wp-json\/wp\/v2\/product\/12951\/revisions"}],"wp:featuredmedia":[{"embeddable":true,"href":"https:\/\/www.portablebar.com\/es\/wp-json\/wp\/v2\/media\/3445"}],"wp:attachment":[{"href":"https:\/\/www.portablebar.com\/es\/wp-json\/wp\/v2\/media?parent=12951"}],"wp:term":[{"taxonomy":"product_brand","embeddable":true,"href":"https:\/\/www.portablebar.com\/es\/wp-json\/wp\/v2\/product_brand?post=12951"},{"taxonomy":"product_cat","embeddable":true,"href":"https:\/\/www.portablebar.com\/es\/wp-json\/wp\/v2\/product_cat?post=12951"},{"taxonomy":"product_tag","embeddable":true,"href":"https:\/\/www.portablebar.com\/es\/wp-json\/wp\/v2\/product_tag?post=12951"}],"curies":[{"name":"wp","href":"https:\/\/api.w.org\/{rel}","templated":true}]}}