{"id":8865,"date":"2018-07-28T11:35:24","date_gmt":"2018-07-28T17:35:24","guid":{"rendered":"https:\/\/www.portablebar.com\/?page_id=8865"},"modified":"2025-05-22T16:00:46","modified_gmt":"2025-05-22T20:00:46","slug":"envios-internacionales","status":"publish","type":"page","link":"https:\/\/www.portablebar.com\/es\/envios-internacionales\/","title":{"rendered":"Env\u00edos internacionales"},"content":{"rendered":"<style>\r\n.page-title-inner.flex-row.medium-flex-wrap.container {\r\n    display: none;\r\n}\r\n\r\n<\/style>\n\n\t<section class=\"section\" id=\"section_1194658628\">\n\t\t<div class=\"section-bg fill\" >\n\t\t\t\t\t\t\t\t\t\n\t\t\t\n\n\t\t<\/div>\n\n\t\t\n\n\t\t<div class=\"section-content relative\">\n\t\t\t\n<h1 style=\"text-align: center;\"><span style=\"font-size: 120%;\">Env\u00edos internacionales<\/span><\/h1>\n<p data-pm-slice=\"1 1 []\"><strong>\u00bfHacen env\u00edos fuera de EE.UU.?<\/strong> <br \/>S\u00ed. Ahora ofrecemos env\u00edos internacionales a casi todos los lugares del mundo, incluyendo carga terrestre a Alaska, Canad\u00e1 y M\u00e9xico, as\u00ed como opciones de carga mar\u00edtima para Hawai y otros destinos internacionales.<\/p>\n<p><strong>\u00bfQu\u00e9 m\u00e9todos de env\u00edo ofrecen para pedidos internacionales?<\/strong> <br \/>Para env\u00edos internacionales, proporcionamos:<br \/><strong style=\"font-size: 14.4px;\">- Puerta a puerta (D2D)<\/strong><span style=\"font-size: 14.4px;\"> servicio: Entregado directamente en el lugar especificado.<br \/><\/span><strong style=\"font-size: 14.4px;\">- Puerta a puerto (D2P)<\/strong><span style=\"font-size: 14.4px;\"> servicio: Entrega en el puerto m\u00e1s cercano, donde usted concierta la recogida.<\/span><\/p>\n<p><strong>\u00bfCu\u00e1nto tarda un env\u00edo internacional?<\/strong> <br \/>Los tiempos de tr\u00e1nsito var\u00edan significativamente en funci\u00f3n del destino y la distancia. Por lo general, los env\u00edos mar\u00edtimos tardan aproximadamente entre 15 y 30 d\u00edas en transitar. Este plazo no incluye los plazos de fabricaci\u00f3n.<\/p>\n<p><strong>\u00bfLos presupuestos de env\u00edo incluyen todos los gastos?<\/strong> <br \/>Nuestros presupuestos de flete cubren el env\u00edo de puerta a puerta (D2D) o de puerta a puerto (D2P), pero no incluyen las tasas de destino, derechos de aduana, impuestos, tasas de almacenamiento o gastos de examen. Estos costes adicionales son responsabilidad del comprador.<\/p>\n<p><strong>\u00bfPuedo organizar mi propio env\u00edo?<\/strong> <br \/>Por supuesto. Si lo prefiere, puede encargarse usted mismo del transporte. En tal caso, se aplicar\u00e1n nuestras tarifas est\u00e1ndar de transporte nacional para enviar su pedido a la empresa de transporte que elija.<\/p>\n<p><strong>\u00bfY los aranceles e impuestos?<\/strong> <br \/>Los aranceles, impuestos y cualquier otra tasa relacionada con la importaci\u00f3n son responsabilidad exclusiva del comprador. No podemos proporcionar estimaciones de estas tasas, ya que var\u00edan mucho seg\u00fan el pa\u00eds y los detalles del env\u00edo.<\/p>\n<p><strong>\u00bfC\u00f3mo puedo pagar los pedidos internacionales?<\/strong> <br \/>Todos los pedidos internacionales deben pagarse mediante transferencia bancaria.<\/p>\n<p><strong>\u00bfLa garant\u00eda tiene validez internacional?<\/strong> <br \/>S\u00ed, los productos enviados internacionalmente tienen la misma cobertura de garant\u00eda que los enviados dentro de Estados Unidos. Sin embargo, tenga en cuenta que no cubrimos los gastos de env\u00edo de las piezas de repuesto, independientemente del motivo de la sustituci\u00f3n.<\/p>\n\t\t<\/div>\n\n\t\t\n<style>\n#section_1194658628 {\n  padding-top: 30px;\n  padding-bottom: 30px;\n}\n<\/style>\n\t<\/section>","protected":false},"excerpt":{"rendered":"","protected":false},"author":1,"featured_media":0,"parent":0,"menu_order":0,"comment_status":"closed","ping_status":"closed","template":"page-cart.php","meta":{"_acf_changed":false,"footnotes":""},"class_list":["post-8865","page","type-page","status-publish","hentry"],"acf":[],"yoast_head":"<!-- This site is optimized with the Yoast SEO plugin v27.6 - https:\/\/yoast.com\/product\/yoast-seo-wordpress\/ -->\n<title>International Shipping - Portable Bars by Customized Designs<\/title>\n<meta name=\"robots\" content=\"index, follow, max-snippet:-1, max-image-preview:large, max-video-preview:-1\" \/>\n<link rel=\"canonical\" href=\"https:\/\/www.portablebar.com\/es\/envios-internacionales\/\" \/>\n<meta property=\"og:locale\" content=\"es_MX\" \/>\n<meta property=\"og:type\" content=\"article\" \/>\n<meta property=\"og:title\" content=\"International Shipping - Portable Bars by Customized Designs\" \/>\n<meta property=\"og:url\" content=\"https:\/\/www.portablebar.com\/es\/envios-internacionales\/\" \/>\n<meta property=\"og:site_name\" content=\"Portable Bars by Customized Designs\" \/>\n<meta property=\"article:modified_time\" content=\"2025-05-22T20:00:46+00:00\" \/>\n<meta name=\"twitter:card\" content=\"summary_large_image\" \/>\n<meta name=\"twitter:label1\" content=\"Tiempo de lectura\" \/>\n\t<meta name=\"twitter:data1\" content=\"1 minuto\" \/>\n<script type=\"application\/ld+json\" class=\"yoast-schema-graph\">{\"@context\":\"https:\\\/\\\/schema.org\",\"@graph\":[{\"@type\":\"WebPage\",\"@id\":\"https:\\\/\\\/www.portablebar.com\\\/es\\\/envios-internacionales\\\/\",\"url\":\"https:\\\/\\\/www.portablebar.com\\\/es\\\/envios-internacionales\\\/\",\"name\":\"International Shipping - Portable Bars by Customized Designs\",\"isPartOf\":{\"@id\":\"https:\\\/\\\/www.portablebar.com\\\/es\\\/#website\"},\"datePublished\":\"2018-07-28T17:35:24+00:00\",\"dateModified\":\"2025-05-22T20:00:46+00:00\",\"breadcrumb\":{\"@id\":\"https:\\\/\\\/www.portablebar.com\\\/es\\\/envios-internacionales\\\/#breadcrumb\"},\"inLanguage\":\"es\",\"potentialAction\":[{\"@type\":\"ReadAction\",\"target\":[\"https:\\\/\\\/www.portablebar.com\\\/es\\\/envios-internacionales\\\/\"]}]},{\"@type\":\"BreadcrumbList\",\"@id\":\"https:\\\/\\\/www.portablebar.com\\\/es\\\/envios-internacionales\\\/#breadcrumb\",\"itemListElement\":[{\"@type\":\"ListItem\",\"position\":1,\"name\":\"Home\",\"item\":\"https:\\\/\\\/www.portablebar.com\\\/\"},{\"@type\":\"ListItem\",\"position\":2,\"name\":\"International Shipping\"}]},{\"@type\":\"WebSite\",\"@id\":\"https:\\\/\\\/www.portablebar.com\\\/es\\\/#website\",\"url\":\"https:\\\/\\\/www.portablebar.com\\\/es\\\/\",\"name\":\"Portable Bars by Customized Designs\",\"description\":\"\",\"potentialAction\":[{\"@type\":\"SearchAction\",\"target\":{\"@type\":\"EntryPoint\",\"urlTemplate\":\"https:\\\/\\\/www.portablebar.com\\\/es\\\/?s={search_term_string}\"},\"query-input\":{\"@type\":\"PropertyValueSpecification\",\"valueRequired\":true,\"valueName\":\"search_term_string\"}}],\"inLanguage\":\"es\"}]}<\/script>\n<!-- \/ Yoast SEO plugin. -->","yoast_head_json":{"title":"Env\u00edos Internacionales - Portable Bars by Customized Designs","robots":{"index":"index","follow":"follow","max-snippet":"max-snippet:-1","max-image-preview":"max-image-preview:large","max-video-preview":"max-video-preview:-1"},"canonical":"https:\/\/www.portablebar.com\/es\/envios-internacionales\/","og_locale":"es_MX","og_type":"article","og_title":"International Shipping - Portable Bars by Customized Designs","og_url":"https:\/\/www.portablebar.com\/es\/envios-internacionales\/","og_site_name":"Portable Bars by Customized Designs","article_modified_time":"2025-05-22T20:00:46+00:00","twitter_card":"summary_large_image","twitter_misc":{"Tiempo de lectura":"1 minuto"},"schema":{"@context":"https:\/\/schema.org","@graph":[{"@type":"WebPage","@id":"https:\/\/www.portablebar.com\/es\/envios-internacionales\/","url":"https:\/\/www.portablebar.com\/es\/envios-internacionales\/","name":"Env\u00edos Internacionales - Portable Bars by Customized Designs","isPartOf":{"@id":"https:\/\/www.portablebar.com\/es\/#website"},"datePublished":"2018-07-28T17:35:24+00:00","dateModified":"2025-05-22T20:00:46+00:00","breadcrumb":{"@id":"https:\/\/www.portablebar.com\/es\/envios-internacionales\/#breadcrumb"},"inLanguage":"es","potentialAction":[{"@type":"ReadAction","target":["https:\/\/www.portablebar.com\/es\/envios-internacionales\/"]}]},{"@type":"BreadcrumbList","@id":"https:\/\/www.portablebar.com\/es\/envios-internacionales\/#breadcrumb","itemListElement":[{"@type":"ListItem","position":1,"name":"Home","item":"https:\/\/www.portablebar.com\/"},{"@type":"ListItem","position":2,"name":"International Shipping"}]},{"@type":"WebSite","@id":"https:\/\/www.portablebar.com\/es\/#website","url":"https:\/\/www.portablebar.com\/es\/","name":"Barras port\u00e1tiles de Customized Designs","description":"","potentialAction":[{"@type":"SearchAction","target":{"@type":"EntryPoint","urlTemplate":"https:\/\/www.portablebar.com\/es\/?s={search_term_string}"},"query-input":{"@type":"PropertyValueSpecification","valueRequired":true,"valueName":"search_term_string"}}],"inLanguage":"es"}]}},"_links":{"self":[{"href":"https:\/\/www.portablebar.com\/es\/wp-json\/wp\/v2\/pages\/8865","targetHints":{"allow":["GET"]}}],"collection":[{"href":"https:\/\/www.portablebar.com\/es\/wp-json\/wp\/v2\/pages"}],"about":[{"href":"https:\/\/www.portablebar.com\/es\/wp-json\/wp\/v2\/types\/page"}],"author":[{"embeddable":true,"href":"https:\/\/www.portablebar.com\/es\/wp-json\/wp\/v2\/users\/1"}],"replies":[{"embeddable":true,"href":"https:\/\/www.portablebar.com\/es\/wp-json\/wp\/v2\/comments?post=8865"}],"version-history":[{"count":0,"href":"https:\/\/www.portablebar.com\/es\/wp-json\/wp\/v2\/pages\/8865\/revisions"}],"wp:attachment":[{"href":"https:\/\/www.portablebar.com\/es\/wp-json\/wp\/v2\/media?parent=8865"}],"curies":[{"name":"wp","href":"https:\/\/api.w.org\/{rel}","templated":true}]}}