{"id":3681,"date":"2018-02-10T16:17:38","date_gmt":"2018-02-10T23:17:38","guid":{"rendered":"https:\/\/www.portablebar.com\/woo\/?page_id=3681"},"modified":"2018-02-10T16:17:38","modified_gmt":"2018-02-10T23:17:38","slug":"condiciones","status":"publish","type":"page","link":"https:\/\/www.portablebar.com\/es\/condiciones\/","title":{"rendered":"Condiciones generales"},"content":{"rendered":"<p>LEA ATENTAMENTE LAS SIGUIENTES CONDICIONES DE USO ANTES DE UTILIZAR ESTE SITIO WEB. Todos los usuarios de este sitio aceptan que el acceso y el uso del mismo est\u00e1n sujetos a los siguientes t\u00e9rminos y condiciones y a la legislaci\u00f3n aplicable. Si no est\u00e1 de acuerdo con estos t\u00e9rminos y condiciones, no utilice este sitio.<\/p>\n<p><strong>Copyright<\/strong><br \/>\nTodo el contenido incluido en este sitio, incluyendo pero no limitado a texto, gr\u00e1ficos o c\u00f3digo est\u00e1 protegido por derechos de autor como un trabajo colectivo bajo las leyes de Estados Unidos y otras leyes de derechos de autor, y es propiedad de Customized Designs. El trabajo colectivo incluye trabajos que son licenciados a Customized Designs. Copyright 2003, Customized Designs TODOS LOS DERECHOS RESERVADOS. Se concede permiso para copiar electr\u00f3nicamente e imprimir partes de este sitio con el \u00fanico prop\u00f3sito de hacer un pedido a Customized Designs o comprar productos de Customized Designs. Usted puede visualizar y, con sujeci\u00f3n a las restricciones o limitaciones expresamente establecidas en relaci\u00f3n con el material espec\u00edfico, descargar o imprimir partes del material de las diferentes \u00e1reas del sitio \u00fanicamente para su propio uso no comercial, o para realizar un pedido con Customized Designs o para comprar productos de Customized Designs. Cualquier otro uso, incluyendo pero no limitado a la reproducci\u00f3n, distribuci\u00f3n, exhibici\u00f3n o transmisi\u00f3n del contenido de este sitio est\u00e1 estrictamente prohibido, salvo autorizaci\u00f3n de Customized Designs. Adem\u00e1s, usted se compromete a no cambiar o eliminar cualquier aviso de propiedad de los materiales descargados del sitio.<\/p>\n<p><strong>Marcas<\/strong><br \/>\nTodas las marcas comerciales, marcas de servicio y nombres comerciales de Customized Designs utilizados en el sitio son marcas comerciales o marcas registradas de Customized Designs.<\/p>\n<p><strong>Renuncia de garant\u00eda<\/strong><br \/>\nEste sitio y los materiales y productos en este sitio se proporcionan \"tal cual\" y sin garant\u00edas de ning\u00fan tipo, ya sea expresa o impl\u00edcita. En la m\u00e1xima medida permitida por la ley aplicable, Customized Designs renuncia a todas las garant\u00edas, expresas o impl\u00edcitas, incluyendo, pero no limitado a, las garant\u00edas impl\u00edcitas de comerciabilidad e idoneidad para un prop\u00f3sito particular y no infracci\u00f3n. Customized Designs no representa ni garantiza que las funciones contenidas en el sitio ser\u00e1n ininterrumpidas o libres de errores, que los defectos ser\u00e1n corregidos, o que este sitio o el servidor que pone a disposici\u00f3n el sitio est\u00e1n libres de virus u otros componentes da\u00f1inos. Customized Designs no hace ninguna garant\u00eda o representaci\u00f3n con respecto al uso de los materiales en este sitio en t\u00e9rminos de su correcci\u00f3n, exactitud, adecuaci\u00f3n, utilidad, puntualidad, fiabilidad o de otro tipo. Algunos estados no permiten limitaciones o exclusiones de garant\u00edas, por lo que las limitaciones anteriores pueden no aplicarse en su caso.<\/p>\n<p><strong>Limitaci\u00f3n de responsabilidad<\/strong><br \/>\nCustomized Designs no ser\u00e1 responsable de ning\u00fan da\u00f1o especial o consecuente que resulte del uso o la imposibilidad de uso de los materiales de este sitio o el rendimiento de los productos, incluso si Customized Designs ha sido advertido de la posibilidad de tales da\u00f1os. La legislaci\u00f3n aplicable puede no permitir la limitaci\u00f3n de la exclusi\u00f3n de responsabilidad o da\u00f1os incidentales o consecuentes, por lo que la limitaci\u00f3n o exclusi\u00f3n anterior puede no aplicarse a usted.<\/p>\n<p><strong>Errores tipogr\u00e1ficos<\/strong><br \/>\nEn el caso de que un producto de Customized Designs sea err\u00f3neamente listado con un precio incorrecto, Customized Designs se reserva el derecho de rechazar o cancelar cualquier pedido realizado de productos listados con el precio incorrecto. Customized Designs se reserva el derecho de rechazar o cancelar dichos pedidos, tanto si el pedido ha sido confirmado y cargado en su tarjeta de cr\u00e9dito como si no. Si su tarjeta de cr\u00e9dito ya ha sido cargada por la compra y su pedido es cancelado, Customized Designs emitir\u00e1 un cr\u00e9dito a su cuenta de tarjeta de cr\u00e9dito por el importe del precio incorrecto.<\/p>\n<p><strong>Plazo; Terminaci\u00f3n<\/strong><br \/>\nEstos t\u00e9rminos y condiciones son aplicables a usted al acceder al sitio y \/ o completar el proceso de registro o de compra. Estos t\u00e9rminos y condiciones, o cualquier parte de ellos, pueden ser terminados por Customized Designs sin previo aviso en cualquier momento y por cualquier motivo. Las disposiciones relativas a Derechos de Autor, Marca Registrada, Descargo de Responsabilidad, Limitaci\u00f3n de Responsabilidad, Indemnizaci\u00f3n y Varios, sobrevivir\u00e1n a cualquier terminaci\u00f3n.<\/p>\n<p><strong>Aviso<\/strong><br \/>\nCustomized Designs puede enviarle notificaciones por medio de correo electr\u00f3nico, un aviso general en el sitio, o por otro m\u00e9todo confiable a la direcci\u00f3n que Usted haya proporcionado a Customized Designs.<\/p>\n<p><strong>Varios<\/strong><br \/>\nEl uso de este sitio se regir\u00e1 en todos los aspectos por las leyes del estado de California, EE.UU., sin tener en cuenta la elecci\u00f3n de las disposiciones legales, y no por la Convenci\u00f3n de las Naciones Unidas de 1980 sobre los contratos de compraventa internacional de mercader\u00edas. Usted acepta que la jurisdicci\u00f3n y competencia en cualquier procedimiento legal que surja directa o indirectamente de o en relaci\u00f3n con este sitio (incluyendo pero no limitado a la compra de productos de Customized Designs) ser\u00e1 en los tribunales estatales o federales ubicados en el Condado de Los \u00c1ngeles, California. Cualquier causa de acci\u00f3n o reclamaci\u00f3n que usted pueda tener con respecto al sitio (incluyendo pero no limitado a la compra de productos de Customized Designs) debe iniciarse dentro de un (1) a\u00f1o despu\u00e9s de que surja la reclamaci\u00f3n o causa de acci\u00f3n. El hecho de que Customized Designs no insista en el estricto cumplimiento de cualquier disposici\u00f3n de estos t\u00e9rminos y condiciones no se interpretar\u00e1 como una renuncia a cualquier disposici\u00f3n o derecho. Ni el curso de la conducta entre las partes ni la pr\u00e1ctica comercial actuar\u00e1n para modificar cualquiera de estos t\u00e9rminos y condiciones. Customized Designs podr\u00e1 ceder sus derechos y obligaciones en virtud del presente Acuerdo a cualquier parte en cualquier momento sin previo aviso.<\/p>\n<p><strong>Uso del sitio<\/strong><br \/>\nEl acoso de cualquier manera o forma en el sitio, incluyendo a trav\u00e9s de correo electr\u00f3nico, chat, o mediante el uso de lenguaje obsceno o abusivo, est\u00e1 estrictamente prohibido. La suplantaci\u00f3n de la personalidad de otros, incluyendo a Customized Designs o cualquier otro empleado, anfitri\u00f3n o representante autorizado, as\u00ed como de otros miembros o visitantes del sitio, est\u00e1 prohibida. Usted no puede cargar, distribuir o publicar a trav\u00e9s del sitio cualquier contenido que sea calumnioso, difamatorio, obsceno, amenazante, invasivo de la privacidad o derechos de publicidad, abusivo, ilegal, o de otra manera objetable que pueda constituir o alentar un delito, violar los derechos de cualquier parte o que pueda dar lugar a responsabilidad o violar cualquier ley. No podr\u00e1 cargar contenidos comerciales en el sitio ni utilizarlo para solicitar a otras personas que se unan o se hagan miembros de cualquier otro servicio comercial en l\u00ednea u otra organizaci\u00f3n.<\/p>\n<p><strong>Descargo de responsabilidad<\/strong><br \/>\nCustomized Designs no revisa y no puede revisar todas las comunicaciones y materiales enviados o creados por los usuarios que acceden al sitio, y no es en modo alguno responsable por el contenido de estas comunicaciones y materiales. El usuario acepta que, al proporcionarle la posibilidad de ver y distribuir contenido generado por los usuarios en el sitio, Customized Designs act\u00faa simplemente como un conducto pasivo para dicha distribuci\u00f3n y no asume ninguna obligaci\u00f3n o responsabilidad en relaci\u00f3n con cualquier contenido o actividad del sitio. Sin embargo, Customized Designs se reserva el derecho de bloquear o eliminar las comunicaciones o materiales que considere (a) abusivos, difamatorios u obscenos, (b) fraudulentos, enga\u00f1osos o falsos, (c) una violaci\u00f3n de los derechos de autor, marca registrada u otros derechos de propiedad intelectual de terceros u (d) ofensivos o de otra manera inaceptables para Customized Designs a su \u00fanica discreci\u00f3n.<\/p>\n<p><strong>Indemnizaci\u00f3n<\/strong><br \/>\nUsted se compromete a indemnizar, defender y mantener indemne a Customized Designs, sus funcionarios, directores, empleados, agentes, licenciantes y proveedores (colectivamente los \"Proveedores de Servicios\") de y contra todas las p\u00e9rdidas, gastos, da\u00f1os y costos, incluyendo honorarios razonables de abogados, resultantes de cualquier violaci\u00f3n de estos t\u00e9rminos y condiciones o cualquier actividad relacionada con su cuenta (incluyendo conducta negligente o il\u00edcita) por usted o cualquier otra persona que acceda al sitio utilizando su cuenta de Internet.<\/p>\n<p><strong>Enlaces de terceros<\/strong><br \/>\nEn un intento de proporcionar un mayor valor a nuestros visitantes, Customized Designs puede enlazar a sitios operados por terceros. Sin embargo, incluso si el tercero est\u00e1 afiliado a Customized Designs, Customized Designs no tiene control sobre estos sitios enlazados, todos los cuales tienen pr\u00e1cticas separadas de privacidad y recopilaci\u00f3n de datos, independientes de Customized Designs. Estos sitios enlazados son s\u00f3lo para su conveniencia y por lo tanto usted accede a ellos bajo su propio riesgo. Sin embargo, Customized Designs busca proteger la integridad de su sitio web y los enlaces colocados en \u00e9l y por lo tanto solicita cualquier comentario no s\u00f3lo en su propio sitio, sino tambi\u00e9n para los sitios que enlaza (incluyendo si un enlace espec\u00edfico no funciona).<\/p>","protected":false},"excerpt":{"rendered":"<p>LEA ATENTAMENTE LAS SIGUIENTES CONDICIONES DE USO ANTES DE UTILIZAR ESTE SITIO WEB. Todos los usuarios de este sitio aceptan que el acceso y el uso del mismo est\u00e1n sujetos a los siguientes t\u00e9rminos y condiciones y a la legislaci\u00f3n aplicable. Si no est\u00e1 de acuerdo con estas condiciones, le rogamos que no utilice este sitio web.<\/p>","protected":false},"author":1,"featured_media":0,"parent":0,"menu_order":0,"comment_status":"closed","ping_status":"closed","template":"","meta":{"_acf_changed":false,"footnotes":""},"class_list":["post-3681","page","type-page","status-publish","hentry"],"acf":[],"yoast_head":"<!-- This site is optimized with the Yoast SEO plugin v27.6 - https:\/\/yoast.com\/product\/yoast-seo-wordpress\/ -->\n<title>Terms &amp; Conditions - Portable Bars by Customized Designs<\/title>\n<meta name=\"description\" content=\"PLEASE READ THE FOLLOWING TERMS AND CONDITIONS OF USE CAREFULLY BEFORE USING THIS WEBSITE. All users of this site agree that access to and use of this\" \/>\n<meta name=\"robots\" content=\"index, follow, max-snippet:-1, max-image-preview:large, max-video-preview:-1\" \/>\n<link rel=\"canonical\" href=\"https:\/\/www.portablebar.com\/es\/condiciones\/\" \/>\n<meta property=\"og:locale\" content=\"es_MX\" \/>\n<meta property=\"og:type\" content=\"article\" \/>\n<meta property=\"og:title\" content=\"Terms &amp; Conditions - Portable Bars by Customized Designs\" \/>\n<meta property=\"og:description\" content=\"PLEASE READ THE FOLLOWING TERMS AND CONDITIONS OF USE CAREFULLY BEFORE USING THIS WEBSITE. All users of this site agree that access to and use of this\" \/>\n<meta property=\"og:url\" content=\"https:\/\/www.portablebar.com\/es\/condiciones\/\" \/>\n<meta property=\"og:site_name\" content=\"Portable Bars by Customized Designs\" \/>\n<meta name=\"twitter:card\" content=\"summary_large_image\" \/>\n<meta name=\"twitter:label1\" content=\"Tiempo de lectura\" \/>\n\t<meta name=\"twitter:data1\" content=\"7 minutos\" \/>\n<script type=\"application\/ld+json\" class=\"yoast-schema-graph\">{\"@context\":\"https:\\\/\\\/schema.org\",\"@graph\":[{\"@type\":\"WebPage\",\"@id\":\"https:\\\/\\\/www.portablebar.com\\\/es\\\/condiciones\\\/\",\"url\":\"https:\\\/\\\/www.portablebar.com\\\/es\\\/condiciones\\\/\",\"name\":\"Terms & Conditions - Portable Bars by Customized Designs\",\"isPartOf\":{\"@id\":\"https:\\\/\\\/www.portablebar.com\\\/es\\\/#website\"},\"datePublished\":\"2018-02-10T23:17:38+00:00\",\"description\":\"PLEASE READ THE FOLLOWING TERMS AND CONDITIONS OF USE CAREFULLY BEFORE USING THIS WEBSITE. All users of this site agree that access to and use of this\",\"breadcrumb\":{\"@id\":\"https:\\\/\\\/www.portablebar.com\\\/es\\\/condiciones\\\/#breadcrumb\"},\"inLanguage\":\"es\",\"potentialAction\":[{\"@type\":\"ReadAction\",\"target\":[\"https:\\\/\\\/www.portablebar.com\\\/es\\\/condiciones\\\/\"]}]},{\"@type\":\"BreadcrumbList\",\"@id\":\"https:\\\/\\\/www.portablebar.com\\\/es\\\/condiciones\\\/#breadcrumb\",\"itemListElement\":[{\"@type\":\"ListItem\",\"position\":1,\"name\":\"Home\",\"item\":\"https:\\\/\\\/www.portablebar.com\\\/\"},{\"@type\":\"ListItem\",\"position\":2,\"name\":\"Terms &#038; Conditions\"}]},{\"@type\":\"WebSite\",\"@id\":\"https:\\\/\\\/www.portablebar.com\\\/es\\\/#website\",\"url\":\"https:\\\/\\\/www.portablebar.com\\\/es\\\/\",\"name\":\"Portable Bars by Customized Designs\",\"description\":\"\",\"potentialAction\":[{\"@type\":\"SearchAction\",\"target\":{\"@type\":\"EntryPoint\",\"urlTemplate\":\"https:\\\/\\\/www.portablebar.com\\\/es\\\/?s={search_term_string}\"},\"query-input\":{\"@type\":\"PropertyValueSpecification\",\"valueRequired\":true,\"valueName\":\"search_term_string\"}}],\"inLanguage\":\"es\"}]}<\/script>\n<!-- \/ Yoast SEO plugin. -->","yoast_head_json":{"title":"T\u00e9rminos y Condiciones - Portable Bars by Customized Designs","description":"LEA ATENTAMENTE LAS SIGUIENTES CONDICIONES DE USO ANTES DE UTILIZAR ESTE SITIO WEB. Todos los usuarios de este sitio aceptan que el acceso y uso de este","robots":{"index":"index","follow":"follow","max-snippet":"max-snippet:-1","max-image-preview":"max-image-preview:large","max-video-preview":"max-video-preview:-1"},"canonical":"https:\/\/www.portablebar.com\/es\/condiciones\/","og_locale":"es_MX","og_type":"article","og_title":"Terms & Conditions - Portable Bars by Customized Designs","og_description":"PLEASE READ THE FOLLOWING TERMS AND CONDITIONS OF USE CAREFULLY BEFORE USING THIS WEBSITE. All users of this site agree that access to and use of this","og_url":"https:\/\/www.portablebar.com\/es\/condiciones\/","og_site_name":"Portable Bars by Customized Designs","twitter_card":"summary_large_image","twitter_misc":{"Tiempo de lectura":"7 minutos"},"schema":{"@context":"https:\/\/schema.org","@graph":[{"@type":"WebPage","@id":"https:\/\/www.portablebar.com\/es\/condiciones\/","url":"https:\/\/www.portablebar.com\/es\/condiciones\/","name":"T\u00e9rminos y Condiciones - Portable Bars by Customized Designs","isPartOf":{"@id":"https:\/\/www.portablebar.com\/es\/#website"},"datePublished":"2018-02-10T23:17:38+00:00","description":"LEA ATENTAMENTE LAS SIGUIENTES CONDICIONES DE USO ANTES DE UTILIZAR ESTE SITIO WEB. Todos los usuarios de este sitio aceptan que el acceso y uso de este","breadcrumb":{"@id":"https:\/\/www.portablebar.com\/es\/condiciones\/#breadcrumb"},"inLanguage":"es","potentialAction":[{"@type":"ReadAction","target":["https:\/\/www.portablebar.com\/es\/condiciones\/"]}]},{"@type":"BreadcrumbList","@id":"https:\/\/www.portablebar.com\/es\/condiciones\/#breadcrumb","itemListElement":[{"@type":"ListItem","position":1,"name":"Home","item":"https:\/\/www.portablebar.com\/"},{"@type":"ListItem","position":2,"name":"Terms &#038; Conditions"}]},{"@type":"WebSite","@id":"https:\/\/www.portablebar.com\/es\/#website","url":"https:\/\/www.portablebar.com\/es\/","name":"Barras port\u00e1tiles de Customized Designs","description":"","potentialAction":[{"@type":"SearchAction","target":{"@type":"EntryPoint","urlTemplate":"https:\/\/www.portablebar.com\/es\/?s={search_term_string}"},"query-input":{"@type":"PropertyValueSpecification","valueRequired":true,"valueName":"search_term_string"}}],"inLanguage":"es"}]}},"_links":{"self":[{"href":"https:\/\/www.portablebar.com\/es\/wp-json\/wp\/v2\/pages\/3681","targetHints":{"allow":["GET"]}}],"collection":[{"href":"https:\/\/www.portablebar.com\/es\/wp-json\/wp\/v2\/pages"}],"about":[{"href":"https:\/\/www.portablebar.com\/es\/wp-json\/wp\/v2\/types\/page"}],"author":[{"embeddable":true,"href":"https:\/\/www.portablebar.com\/es\/wp-json\/wp\/v2\/users\/1"}],"replies":[{"embeddable":true,"href":"https:\/\/www.portablebar.com\/es\/wp-json\/wp\/v2\/comments?post=3681"}],"version-history":[{"count":0,"href":"https:\/\/www.portablebar.com\/es\/wp-json\/wp\/v2\/pages\/3681\/revisions"}],"wp:attachment":[{"href":"https:\/\/www.portablebar.com\/es\/wp-json\/wp\/v2\/media?parent=3681"}],"curies":[{"name":"wp","href":"https:\/\/api.w.org\/{rel}","templated":true}]}}