{"id":29333,"date":"2026-01-01T12:36:17","date_gmt":"2026-01-01T17:36:17","guid":{"rendered":"https:\/\/www.portablebar.com\/?page_id=29333"},"modified":"2026-01-09T19:39:27","modified_gmt":"2026-01-10T00:39:27","slug":"comparacion-de-empresas-de-bares-portatiles","status":"publish","type":"page","link":"https:\/\/www.portablebar.com\/es\/comparacion-de-marcas-de-bares-portatiles\/","title":{"rendered":"Comparaci\u00f3n de Bares Port\u00e1tiles: Dise\u00f1os a Medida vs. The Portable Bar Company"},"content":{"rendered":"<section class=\"section\" id=\"section_1379447611\">\n\t\t<div class=\"section-bg fill\" >\n\t\t\t\t\t\t\t\t\t\n\t\t\t\n\n\t\t<\/div>\n\n\t\t\n\n\t\t<div class=\"section-content relative\">\n\t\t\t\n<p><!-- PortableBar.com \/ Customized Designs vs The Portable Bar Company Drop-in page HTML (includes minimal CSS for layout + readability) Last updated: January 2026 --><\/p>\n<h1 data-start=\"133\" data-end=\"207\">Enfrentamiento de Bares Port\u00e1tiles: Customized Designs vs. The Portable Bar Company<\/h1>\n<p data-start=\"209\" data-end=\"622\">A la hora de invertir en un bar port\u00e1til para su negocio de eventos, barman o local, las opciones pueden ser abrumadoras. Dos de las principales empresas del mercado son <em data-start=\"368\" data-end=\"388\">Dise\u00f1os personalizados<\/em> (fabricante de las barras que se venden en PortableBar.com) y <em data-start=\"437\" data-end=\"463\">The Portable Bar Company<\/em>. Aunque ambas ofrecen barras port\u00e1tiles plegables compatibles con LED con opciones de marca, las diferencias de precio, materiales y utilidad a largo plazo son significativas.<\/p>\n<p data-start=\"624\" data-end=\"755\">Esta comparativa desglosa las principales diferencias entre estas dos marcas para que pueda decidir qu\u00e9 bar port\u00e1til se adapta mejor a sus necesidades.<\/p>\n<hr data-start=\"757\" data-end=\"760\" \/>\n<h2 data-start=\"762\" data-end=\"788\">1. Precio y prestaciones<\/h2>\n<p data-start=\"790\" data-end=\"915\"><strong data-start=\"790\" data-end=\"812\">Dise\u00f1os personalizados<\/strong> ofrece sus barras port\u00e1tiles de 48\u2033 y 62\u2033 a partir de $1.699 y $1.999 respectivamente. Estos precios incluyen:<\/p>\n<ul data-start=\"916\" data-end=\"1025\">\n<li data-start=\"916\" data-end=\"963\">\n<p data-start=\"918\" data-end=\"963\">Sistema de iluminaci\u00f3n LED (multicolor con mando a distancia)<\/p>\n<\/li>\n<li data-start=\"964\" data-end=\"996\">\n<p data-start=\"966\" data-end=\"996\">Un panel frontal con impresi\u00f3n personalizada<\/p>\n<\/li>\n<li data-start=\"997\" data-end=\"1025\">\n<p data-start=\"999\" data-end=\"1025\">Bastidor de aluminio ligero<\/p>\n<\/li>\n<\/ul>\n<p data-start=\"1027\" data-end=\"1122\">Por el contrario, <strong data-start=\"1040\" data-end=\"1070\">The Portable Bar Company's<\/strong> Los modelos equivalentes son bastante m\u00e1s caros:<\/p>\n<ul data-start=\"1123\" data-end=\"1199\">\n<li data-start=\"1123\" data-end=\"1158\">\n<p data-start=\"1125\" data-end=\"1158\">Barra est\u00e1ndar (con LED): ~$2,838<\/p>\n<\/li>\n<li data-start=\"1159\" data-end=\"1199\">\n<p data-start=\"1161\" data-end=\"1199\">Barra profesional (con LED): ~$3,751<\/p>\n<\/li>\n<\/ul>\n<p data-start=\"1201\" data-end=\"1404\">Su modelo de precios separa las funciones b\u00e1sicas, como la iluminaci\u00f3n LED y los gr\u00e1ficos personalizados, como mejoras con coste adicional. Una vez configurados estos complementos, la diferencia de precio entre marcas puede superar los 1.500 \u00a4 por unidad. Si se compran varias unidades (como hacen muchas empresas de alquiler o locales), la diferencia de coste se multiplica r\u00e1pidamente.<\/p>\n<hr data-start=\"1514\" data-end=\"1517\" \/>\n<h2 data-start=\"1519\" data-end=\"1549\">2. Gastos de env\u00edo y flete<\/h2>\n<p data-start=\"1551\" data-end=\"1660\">Los gastos de env\u00edo suelen pasarse por alto, pero pueden ser un factor importante, especialmente en el caso de art\u00edculos de gran tama\u00f1o, como las barras port\u00e1tiles. (ejemplo a Austin, TX. A medio camino entre las dos empresas)<\/p>\n<ul data-start=\"1662\" data-end=\"1796\">\n<li data-start=\"1662\" data-end=\"1734\">\n<p data-start=\"1664\" data-end=\"1734\"><strong data-start=\"1664\" data-end=\"1687\">Dise\u00f1os personalizados:<\/strong> ~$339 transporte de mercanc\u00edas<\/p>\n<\/li>\n<li data-start=\"1735\" data-end=\"1796\">\n<p data-start=\"1737\" data-end=\"1796\"><strong data-start=\"1737\" data-end=\"1762\">Portable Bar Company:<\/strong> ~$740+<\/p>\n<\/li>\n<\/ul>\n<p data-start=\"1798\" data-end=\"2043\">Esto se debe principalmente al peso: Customized Designs utiliza aluminio ligero (80-100 lbs), mientras que las barras de Portable Bar Company son de acero resistente (170-270 lbs), lo que las sit\u00faa en clases de carga superiores.<\/p>\n<p data-start=\"2045\" data-end=\"2112\">Conclusi\u00f3n: Podr\u00eda ahorrar m\u00e1s de $400 por env\u00edo s\u00f3lo en fletes.<\/p>\n<hr data-start=\"2114\" data-end=\"2117\" \/>\n<h2 data-start=\"2119\" data-end=\"2150\">3. Calidad de construcci\u00f3n y materiales<\/h2>\n<p data-start=\"2152\" data-end=\"2175\"><strong data-start=\"2152\" data-end=\"2174\">Dise\u00f1os personalizados<\/strong>:<\/p>\n<ul data-start=\"2176\" data-end=\"2378\">\n<li data-start=\"2176\" data-end=\"2206\">\n<p data-start=\"2178\" data-end=\"2206\">Construido en Carolina del Norte, EE.UU.<\/p>\n<\/li>\n<li data-start=\"2207\" data-end=\"2259\">\n<p data-start=\"2209\" data-end=\"2259\">Marco de aluminio (antioxidante y ligero)<\/p>\n<\/li>\n<li data-start=\"2260\" data-end=\"2294\">\n<p data-start=\"2262\" data-end=\"2294\">Paneles acr\u00edlicos, impresi\u00f3n propia<\/p>\n<\/li>\n<li data-start=\"2295\" data-end=\"2321\">\n<p data-start=\"2297\" data-end=\"2321\">Modular y personalizable<\/p>\n<\/li>\n<li data-start=\"2322\" data-end=\"2378\">\n<p data-start=\"2324\" data-end=\"2378\">Accesorios opcionales (ra\u00edles de velocidad, contenedores adicionales, cubiertas)<\/p>\n<\/li>\n<\/ul>\n<p data-start=\"2380\" data-end=\"2409\"><strong data-start=\"2380\" data-end=\"2408\">The Portable Bar Company<\/strong>:<\/p>\n<ul data-start=\"2410\" data-end=\"2660\">\n<li data-start=\"2410\" data-end=\"2459\">\n<p data-start=\"2412\" data-end=\"2459\">Bastidor de acero (m\u00e1s pesado y resistente a los impactos)<\/p>\n<\/li>\n<li data-start=\"2460\" data-end=\"2517\">\n<p data-start=\"2462\" data-end=\"2517\">Paneles disponibles en acabado vin\u00edlico o laminado<\/p>\n<\/li>\n<li data-start=\"2518\" data-end=\"2599\">\n<p data-start=\"2520\" data-end=\"2599\">Incluye m\u00e1s herramientas de barman integradas por defecto (cubiteras, carril r\u00e1pido, estante)<\/p>\n<\/li>\n<li data-start=\"2600\" data-end=\"2660\">\n<p data-start=\"2602\" data-end=\"2660\">Fabricado en el extranjero y\/o ensamblado en EE.UU. a partir de piezas importadas<\/p>\n<\/li>\n<\/ul>\n<p data-start=\"2662\" data-end=\"2883\">El acero puede ser una ventaja en entornos est\u00e1ticos o de uso intensivo, pero para operaciones m\u00f3viles, el peso se convierte en un serio inconveniente. El aluminio, aunque m\u00e1s ligero, sigue ofreciendo una s\u00f3lida durabilidad y es mucho m\u00e1s f\u00e1cil de transportar y manejar.<\/p>\n<hr data-start=\"2885\" data-end=\"2888\" \/>\n<h2 data-start=\"2890\" data-end=\"2915\">4. Portabilidad y configuraci\u00f3n<\/h2>\n<p data-start=\"2917\" data-end=\"2945\"><strong data-start=\"2917\" data-end=\"2944\">Barras de dise\u00f1o personalizadas<\/strong>:<\/p>\n<ul data-start=\"2946\" data-end=\"3087\">\n<li data-start=\"2946\" data-end=\"2969\">\n<p data-start=\"2948\" data-end=\"2969\">Pliegue de 8\u2033 de grosor<\/p>\n<\/li>\n<li data-start=\"2970\" data-end=\"3024\">\n<p data-start=\"2972\" data-end=\"3024\">F\u00e1cil de subir a una furgoneta o un todoterreno por una o dos personas<\/p>\n<\/li>\n<li data-start=\"3025\" data-end=\"3052\">\n<p data-start=\"3027\" data-end=\"3052\">Se instala en menos de 1 minuto<\/p>\n<\/li>\n<li data-start=\"3053\" data-end=\"3087\">\n<p data-start=\"3055\" data-end=\"3087\">Ruedas incluidas para facilitar el desplazamiento<\/p>\n<\/li>\n<\/ul>\n<p data-start=\"3089\" data-end=\"3119\"><strong data-start=\"3089\" data-end=\"3118\">Portable Bar Company Bares<\/strong>:<\/p>\n<ul data-start=\"3120\" data-end=\"3361\">\n<li data-start=\"3120\" data-end=\"3182\">\n<p data-start=\"3122\" data-end=\"3182\">Se pliega hasta alcanzar un grosor de 13-16,5\u2033 y una altura de ~5 pies cuando est\u00e1 plegada.<\/p>\n<\/li>\n<li data-start=\"3183\" data-end=\"3240\">\n<p data-start=\"3185\" data-end=\"3240\">Mucho m\u00e1s pesado (Est\u00e1ndar: 170 lbs, Profesional: 270 lbs)<\/p>\n<\/li>\n<li data-start=\"3241\" data-end=\"3264\">\n<p data-start=\"3243\" data-end=\"3264\">Se instala en 2-5 minutos<\/p>\n<\/li>\n<li data-start=\"3265\" data-end=\"3361\">\n<p data-start=\"3267\" data-end=\"3361\">Ruedas incluidas, pero debido a su peso, para moverlas a menudo se necesitan dos personas o equipos especiales.<\/p>\n<\/li>\n<\/ul>\n<p data-start=\"3363\" data-end=\"3509\">Si su negocio depende de montajes r\u00e1pidos, espacios de almacenamiento reducidos o transporte en solitario, el dise\u00f1o m\u00e1s ligero de Customized Designs es una clara ventaja.<\/p>\n<hr data-start=\"3511\" data-end=\"3514\" \/>\n<h2 data-start=\"3516\" data-end=\"3548\">5. Marca e iluminaci\u00f3n personalizadas<\/h2>\n<p data-start=\"3550\" data-end=\"3582\"><strong data-start=\"3550\" data-end=\"3572\">Dise\u00f1os personalizados<\/strong> incluye:<\/p>\n<ul data-start=\"3583\" data-end=\"3748\">\n<li data-start=\"3583\" data-end=\"3614\">\n<p data-start=\"3585\" data-end=\"3614\">Gr\u00e1fico frontal a todo color gratuito<\/p>\n<\/li>\n<li data-start=\"3615\" data-end=\"3672\">\n<p data-start=\"3617\" data-end=\"3672\"><a href=\"https:\/\/www.portablebar.com\/es\/graficos-de-marca-para-bares-portatiles\/\">Impresi\u00f3n UV directa sobre el acr\u00edlico<\/a> (no pegatinas de vinilo)<\/p>\n<\/li>\n<li data-start=\"3673\" data-end=\"3748\">\n<p data-start=\"3675\" data-end=\"3748\">Iluminaci\u00f3n LED totalmente integrada y dise\u00f1ada para iluminar uniformemente toda la barra<\/p>\n<\/li>\n<\/ul>\n<p data-start=\"3750\" data-end=\"3779\"><strong data-start=\"3750\" data-end=\"3778\">The Portable Bar Company<\/strong>:<\/p>\n<ul data-start=\"3780\" data-end=\"3990\">\n<li data-start=\"3780\" data-end=\"3841\">\n<p data-start=\"3782\" data-end=\"3841\">Los gr\u00e1ficos suponen un recargo (~$355-$595 en funci\u00f3n de la cobertura)<\/p>\n<\/li>\n<li data-start=\"3842\" data-end=\"3877\">\n<p data-start=\"3844\" data-end=\"3877\">Impresiones en vinilo (pueden despegarse o hacer burbujas)<\/p>\n<\/li>\n<li data-start=\"3878\" data-end=\"3990\">\n<p data-start=\"3880\" data-end=\"3990\">La iluminaci\u00f3n LED s\u00f3lo funciona con determinados colores de panel (como el blanco transl\u00facido) y es una opci\u00f3n de coste adicional (~$506)<\/p>\n<\/li>\n<\/ul>\n<p data-start=\"3992\" data-end=\"4133\">En resumen: Customized Designs ofrece una iluminaci\u00f3n y un branding listos para usar; TPBC requiere varias actualizaciones para conseguir el mismo efecto.<\/p>\n<hr data-start=\"4135\" data-end=\"4138\" \/>\n<h2 data-start=\"4140\" data-end=\"4171\">6. Personalizaci\u00f3n y plazos de entrega<\/h2>\n<p data-start=\"4173\" data-end=\"4252\">Porque <strong data-start=\"4181\" data-end=\"4203\">Dise\u00f1os personalizados<\/strong> fabrica e imprime internamente, pueden encargarse:<\/p>\n<ul data-start=\"4253\" data-end=\"4347\">\n<li data-start=\"4253\" data-end=\"4270\">\n<p data-start=\"4255\" data-end=\"4270\">Peticiones personalizadas<\/p>\n<\/li>\n<li data-start=\"4271\" data-end=\"4318\">\n<p data-start=\"4273\" data-end=\"4318\"><a href=\"https:\/\/www.portablebar.com\/es\/produccion-urgente\/\">Pedidos urgentes<\/a> (opci\u00f3n de env\u00edo en 3 d\u00edas disponible)<\/p>\n<\/li>\n<li data-start=\"4319\" data-end=\"4347\">\n<p data-start=\"4321\" data-end=\"4347\">Accesorios adicionales flexibles<\/p>\n<\/li>\n<\/ul>\n<p data-start=\"4349\" data-end=\"4528\"><strong data-start=\"4349\" data-end=\"4373\">The Portable Bar Company<\/strong> ofrece una l\u00ednea de productos m\u00e1s fija, con plazos de entrega m\u00e1s largos y menos opciones de personalizaci\u00f3n. Si el tiempo y la flexibilidad son importantes, Customized Designs tiene ventaja.<\/p>\n<hr data-start=\"4530\" data-end=\"4533\" \/>\n<h2 data-start=\"4535\" data-end=\"4557\">7. Resumen del caso de uso<\/h2>\n<div class=\"TyagGW_tableContainer\">\n<div class=\"group TyagGW_tableWrapper flex w-fit flex-col-reverse\" tabindex=\"-1\">\n<table class=\"w-fit min-w-(--thread-content-width)\" data-start=\"4559\" data-end=\"5142\">\n<thead data-start=\"4559\" data-end=\"4617\">\n<tr data-start=\"4559\" data-end=\"4617\">\n<th data-start=\"4559\" data-end=\"4568\" data-col-size=\"sm\">Factor<\/th>\n<th data-start=\"4568\" data-end=\"4589\" data-col-size=\"sm\">Dise\u00f1os personalizados<br \/>\n(<a href=\"\/es\/barra-iluminada-portatil-62\/\">62 Bar port\u00e1til<\/a>)<\/th>\n<th data-start=\"4589\" data-end=\"4617\" data-col-size=\"sm\">The Portable Bar Company<br \/>\nBar profesional<\/th>\n<\/tr>\n<\/thead>\n<tbody data-start=\"4678\" data-end=\"5142\">\n<tr data-start=\"4678\" data-end=\"4757\">\n<td data-start=\"4678\" data-end=\"4699\" data-col-size=\"sm\"><strong data-start=\"4680\" data-end=\"4698\">Precio inicial<\/strong><\/td>\n<td data-start=\"4699\" data-end=\"4733\" data-col-size=\"sm\">$1.999 (LED y gr\u00e1fico incluidos)<\/td>\n<td data-col-size=\"sm\" data-start=\"4733\" data-end=\"4757\">$4,100+ (con LED y gr\u00e1ficos frontales)<\/td>\n<\/tr>\n<tr data-start=\"4758\" data-end=\"4799\">\n<td data-start=\"4758\" data-end=\"4771\" data-col-size=\"sm\"><strong data-start=\"4760\" data-end=\"4770\">Peso<\/strong><\/td>\n<td data-col-size=\"sm\" data-start=\"4771\" data-end=\"4784\">100 libras<\/td>\n<td data-col-size=\"sm\" data-start=\"4784\" data-end=\"4799\">270 libras<\/td>\n<\/tr>\n<tr data-start=\"4800\" data-end=\"4847\">\n<td data-start=\"4800\" data-end=\"4829\" data-col-size=\"sm\"><strong data-start=\"4802\" data-end=\"4828\">Env\u00edos a Austin, TX<\/strong><\/td>\n<td data-col-size=\"sm\" data-start=\"4829\" data-end=\"4837\">~$339<\/td>\n<td data-col-size=\"sm\" data-start=\"4837\" data-end=\"4847\">~$742+<\/td>\n<\/tr>\n<tr data-start=\"4848\" data-end=\"4917\">\n<td data-start=\"4848\" data-end=\"4867\" data-col-size=\"sm\"><strong data-start=\"4850\" data-end=\"4866\">Construcci\u00f3n<\/strong><\/td>\n<td data-start=\"4867\" data-end=\"4891\" data-col-size=\"sm\">Aluminio, Made in USA<\/td>\n<td data-col-size=\"sm\" data-start=\"4891\" data-end=\"4917\">Acero, probablemente importado<\/td>\n<\/tr>\n<tr data-start=\"4918\" data-end=\"4967\">\n<td data-start=\"4918\" data-end=\"4935\" data-col-size=\"sm\"><strong data-start=\"4920\" data-end=\"4934\">Tiempo de preparaci\u00f3n<\/strong><\/td>\n<td data-start=\"4935\" data-end=\"4952\" data-col-size=\"sm\">~30-60 segundos<\/td>\n<td data-col-size=\"sm\" data-start=\"4952\" data-end=\"4967\">2-5 minutos<\/td>\n<\/tr>\n<tr data-start=\"4968\" data-end=\"5032\">\n<td data-start=\"4968\" data-end=\"4992\" data-col-size=\"sm\"><strong data-start=\"4970\" data-end=\"4991\">Marca incluida<\/strong><\/td>\n<td data-col-size=\"sm\" data-start=\"4992\" data-end=\"5016\">S\u00ed, frontal a todo color<\/td>\n<td data-col-size=\"sm\" data-start=\"5016\" data-end=\"5032\">Suplemento<\/td>\n<\/tr>\n<tr data-start=\"5033\" data-end=\"5079\">\n<td data-start=\"5033\" data-end=\"5052\" data-col-size=\"sm\"><strong data-start=\"5035\" data-end=\"5051\">Iluminaci\u00f3n LED<\/strong><\/td>\n<td data-start=\"5052\" data-end=\"5063\" data-col-size=\"sm\">Incluye<\/td>\n<td data-start=\"5063\" data-end=\"5079\" data-col-size=\"sm\">Suplemento<\/td>\n<\/tr>\n<tr data-start=\"5080\" data-end=\"5142\">\n<td data-start=\"5080\" data-end=\"5106\" data-col-size=\"sm\"><strong data-start=\"5082\" data-end=\"5105\">Velocidad de personalizaci\u00f3n<\/strong><\/td>\n<td data-start=\"5106\" data-end=\"5123\" data-col-size=\"sm\">R\u00e1pido, interno<\/td>\n<td data-col-size=\"sm\" data-start=\"5123\" data-end=\"5142\">M\u00e1s lento, limitado<\/td>\n<\/tr>\n<\/tbody>\n<\/table>\n<\/div>\n<\/div>\n<hr data-start=\"5144\" data-end=\"5147\" \/>\n<h2 data-start=\"5149\" data-end=\"5166\">Reflexiones finales<\/h2>\n<p data-start=\"5168\" data-end=\"5269\">Ambas empresas fabrican bares port\u00e1tiles de calidad profesional, pero la mejor opci\u00f3n depende de tus prioridades:<\/p>\n<ul data-start=\"5271\" data-end=\"5576\">\n<li data-start=\"5271\" data-end=\"5412\">\n<p data-start=\"5273\" data-end=\"5412\"><strong data-start=\"5273\" data-end=\"5302\">Elija dise\u00f1os personalizados<\/strong> si desea una barra econ\u00f3mica, f\u00e1cil de mover, fabricada en EE.UU., con caracter\u00edsticas personalizables y entrega r\u00e1pida.<\/p>\n<\/li>\n<li data-start=\"5413\" data-end=\"5576\">\n<p data-start=\"5415\" data-end=\"5576\"><strong data-start=\"5415\" data-end=\"5450\">Elija la empresa de bares port\u00e1tiles<\/strong> si necesita una barra de dep\u00f3sito resistente, una configuraci\u00f3n m\u00e1s r\u00edgida con todos los accesorios incorporados y le preocupa menos el precio o la portabilidad.<\/p>\n<\/li>\n<\/ul>\n<p data-start=\"5578\" data-end=\"5810\">Para camareros m\u00f3viles, empresas de alquiler de eventos u organizaciones que trasladan sus equipos con frecuencia, la construcci\u00f3n m\u00e1s ligera, las funciones integradas y el precio m\u00e1s bajo del <a href=\"https:\/\/www.portablebar.com\/es\/\">Barras de dise\u00f1o personalizadas<\/a> lo convierten en una opci\u00f3n pr\u00e1ctica y de gran valor.<\/p>\n<div class=\"pb-wrap\"><\/div>\n\t\t<\/div>\n\n\t\t\n<style>\n#section_1379447611 {\n  padding-top: 30px;\n  padding-bottom: 30px;\n}\n<\/style>\n\t<\/section>","protected":false},"excerpt":{"rendered":"","protected":false},"author":1,"featured_media":0,"parent":0,"menu_order":0,"comment_status":"closed","ping_status":"closed","template":"page-blank-title-center.php","meta":{"_acf_changed":false,"footnotes":""},"class_list":["post-29333","page","type-page","status-publish","hentry"],"acf":[],"yoast_head":"<!-- This site is optimized with the Yoast SEO plugin v26.7 - https:\/\/yoast.com\/wordpress\/plugins\/seo\/ -->\n<title>Portable Bar Comparison: Customized Designs vs. The Portable Bar Company - Portable Bars by Customized Designs<\/title>\n<meta name=\"description\" content=\"Compare Customized Designs vs. The Portable Bar Company. Discover the differences in price, weight (aluminum vs. steel), and features to find the best mobile bar.\" \/>\n<meta name=\"robots\" content=\"index, follow, max-snippet:-1, max-image-preview:large, max-video-preview:-1\" \/>\n<link rel=\"canonical\" href=\"https:\/\/www.portablebar.com\/es\/comparacion-de-marcas-de-bares-portatiles\/\" \/>\n<meta property=\"og:locale\" content=\"es_MX\" \/>\n<meta property=\"og:type\" content=\"article\" \/>\n<meta property=\"og:title\" content=\"Portable Bar Comparison: Customized Designs vs. The Portable Bar Company - Portable Bars by Customized Designs\" \/>\n<meta property=\"og:description\" content=\"Compare Customized Designs vs. The Portable Bar Company. Discover the differences in price, weight (aluminum vs. steel), and features to find the best mobile bar.\" \/>\n<meta property=\"og:url\" content=\"https:\/\/www.portablebar.com\/es\/comparacion-de-marcas-de-bares-portatiles\/\" \/>\n<meta property=\"og:site_name\" content=\"Portable Bars by Customized Designs\" \/>\n<meta property=\"article:modified_time\" content=\"2026-01-10T00:39:27+00:00\" \/>\n<meta name=\"twitter:card\" content=\"summary_large_image\" \/>\n<meta name=\"twitter:label1\" content=\"Tiempo de lectura\" \/>\n\t<meta name=\"twitter:data1\" content=\"4 minutos\" \/>\n<script type=\"application\/ld+json\" class=\"yoast-schema-graph\">{\"@context\":\"https:\/\/schema.org\",\"@graph\":[{\"@type\":\"WebPage\",\"@id\":\"https:\/\/www.portablebar.com\/es\/comparacion-de-marcas-de-bares-portatiles\/\",\"url\":\"https:\/\/www.portablebar.com\/es\/comparacion-de-marcas-de-bares-portatiles\/\",\"name\":\"Portable Bar Comparison: Customized Designs vs. The Portable Bar Company - Portable Bars by Customized Designs\",\"isPartOf\":{\"@id\":\"https:\/\/www.portablebar.com\/es\/#website\"},\"datePublished\":\"2026-01-01T17:36:17+00:00\",\"dateModified\":\"2026-01-10T00:39:27+00:00\",\"description\":\"Compare Customized Designs vs. The Portable Bar Company. Discover the differences in price, weight (aluminum vs. steel), and features to find the best mobile bar.\",\"breadcrumb\":{\"@id\":\"https:\/\/www.portablebar.com\/es\/comparacion-de-marcas-de-bares-portatiles\/#breadcrumb\"},\"inLanguage\":\"es\",\"potentialAction\":[{\"@type\":\"ReadAction\",\"target\":[\"https:\/\/www.portablebar.com\/es\/comparacion-de-marcas-de-bares-portatiles\/\"]}]},{\"@type\":\"BreadcrumbList\",\"@id\":\"https:\/\/www.portablebar.com\/es\/comparacion-de-marcas-de-bares-portatiles\/#breadcrumb\",\"itemListElement\":[{\"@type\":\"ListItem\",\"position\":1,\"name\":\"Home\",\"item\":\"https:\/\/www.portablebar.com\/\"},{\"@type\":\"ListItem\",\"position\":2,\"name\":\"Portable Bar Comparison: Customized Designs vs. The Portable Bar Company\"}]},{\"@type\":\"WebSite\",\"@id\":\"https:\/\/www.portablebar.com\/es\/#website\",\"url\":\"https:\/\/www.portablebar.com\/es\/\",\"name\":\"Portable Bars by Customized Designs\",\"description\":\"\",\"potentialAction\":[{\"@type\":\"SearchAction\",\"target\":{\"@type\":\"EntryPoint\",\"urlTemplate\":\"https:\/\/www.portablebar.com\/es\/?s={search_term_string}\"},\"query-input\":{\"@type\":\"PropertyValueSpecification\",\"valueRequired\":true,\"valueName\":\"search_term_string\"}}],\"inLanguage\":\"es\"}]}<\/script>\n<!-- \/ Yoast SEO plugin. -->","yoast_head_json":{"title":"Comparaci\u00f3n de Bares Port\u00e1tiles: Customized Designs vs. The Portable Bar Company - Barras Port\u00e1tiles de Customized Designs","description":"Compare Customized Designs vs. The Portable Bar Company. Descubra las diferencias de precio, peso (aluminio frente a acero) y caracter\u00edsticas para encontrar el mejor bar m\u00f3vil.","robots":{"index":"index","follow":"follow","max-snippet":"max-snippet:-1","max-image-preview":"max-image-preview:large","max-video-preview":"max-video-preview:-1"},"canonical":"https:\/\/www.portablebar.com\/es\/comparacion-de-marcas-de-bares-portatiles\/","og_locale":"es_MX","og_type":"article","og_title":"Portable Bar Comparison: Customized Designs vs. The Portable Bar Company - Portable Bars by Customized Designs","og_description":"Compare Customized Designs vs. The Portable Bar Company. Discover the differences in price, weight (aluminum vs. steel), and features to find the best mobile bar.","og_url":"https:\/\/www.portablebar.com\/es\/comparacion-de-marcas-de-bares-portatiles\/","og_site_name":"Portable Bars by Customized Designs","article_modified_time":"2026-01-10T00:39:27+00:00","twitter_card":"summary_large_image","twitter_misc":{"Tiempo de lectura":"4 minutos"},"schema":{"@context":"https:\/\/schema.org","@graph":[{"@type":"WebPage","@id":"https:\/\/www.portablebar.com\/es\/comparacion-de-marcas-de-bares-portatiles\/","url":"https:\/\/www.portablebar.com\/es\/comparacion-de-marcas-de-bares-portatiles\/","name":"Comparaci\u00f3n de Bares Port\u00e1tiles: Customized Designs vs. The Portable Bar Company - Barras Port\u00e1tiles de Customized Designs","isPartOf":{"@id":"https:\/\/www.portablebar.com\/es\/#website"},"datePublished":"2026-01-01T17:36:17+00:00","dateModified":"2026-01-10T00:39:27+00:00","description":"Compare Customized Designs vs. The Portable Bar Company. Descubra las diferencias de precio, peso (aluminio frente a acero) y caracter\u00edsticas para encontrar el mejor bar m\u00f3vil.","breadcrumb":{"@id":"https:\/\/www.portablebar.com\/es\/comparacion-de-marcas-de-bares-portatiles\/#breadcrumb"},"inLanguage":"es","potentialAction":[{"@type":"ReadAction","target":["https:\/\/www.portablebar.com\/es\/comparacion-de-marcas-de-bares-portatiles\/"]}]},{"@type":"BreadcrumbList","@id":"https:\/\/www.portablebar.com\/es\/comparacion-de-marcas-de-bares-portatiles\/#breadcrumb","itemListElement":[{"@type":"ListItem","position":1,"name":"Home","item":"https:\/\/www.portablebar.com\/"},{"@type":"ListItem","position":2,"name":"Portable Bar Comparison: Customized Designs vs. The Portable Bar Company"}]},{"@type":"WebSite","@id":"https:\/\/www.portablebar.com\/es\/#website","url":"https:\/\/www.portablebar.com\/es\/","name":"Barras port\u00e1tiles de Customized Designs","description":"","potentialAction":[{"@type":"SearchAction","target":{"@type":"EntryPoint","urlTemplate":"https:\/\/www.portablebar.com\/es\/?s={search_term_string}"},"query-input":{"@type":"PropertyValueSpecification","valueRequired":true,"valueName":"search_term_string"}}],"inLanguage":"es"}]}},"_links":{"self":[{"href":"https:\/\/www.portablebar.com\/es\/wp-json\/wp\/v2\/pages\/29333","targetHints":{"allow":["GET"]}}],"collection":[{"href":"https:\/\/www.portablebar.com\/es\/wp-json\/wp\/v2\/pages"}],"about":[{"href":"https:\/\/www.portablebar.com\/es\/wp-json\/wp\/v2\/types\/page"}],"author":[{"embeddable":true,"href":"https:\/\/www.portablebar.com\/es\/wp-json\/wp\/v2\/users\/1"}],"replies":[{"embeddable":true,"href":"https:\/\/www.portablebar.com\/es\/wp-json\/wp\/v2\/comments?post=29333"}],"version-history":[{"count":0,"href":"https:\/\/www.portablebar.com\/es\/wp-json\/wp\/v2\/pages\/29333\/revisions"}],"wp:attachment":[{"href":"https:\/\/www.portablebar.com\/es\/wp-json\/wp\/v2\/media?parent=29333"}],"curies":[{"name":"wp","href":"https:\/\/api.w.org\/{rel}","templated":true}]}}