{"id":16664,"date":"2019-02-07T10:16:59","date_gmt":"2019-02-07T17:16:59","guid":{"rendered":"https:\/\/www.portablebar.com\/?page_id=16664"},"modified":"2026-01-20T16:59:47","modified_gmt":"2026-01-20T21:59:47","slug":"financiacion","status":"publish","type":"page","link":"https:\/\/www.portablebar.com\/es\/financiacion\/","title":{"rendered":"Financiaci\u00f3n"},"content":{"rendered":"<section class=\"section\" id=\"section_805147063\">\n\t\t<div class=\"section-bg fill\" >\n\t\t\t\t\t\t\t\t\t\n\t\t\t\n\n\t\t<\/div>\n\n\t\t\n\n\t\t<div class=\"section-content relative\">\n\t\t\t\n<div class=\"row\"  id=\"row-1516668839\">\n\n\t<div id=\"col-1054856905\" class=\"col large-12\"  >\n\t\t\t\t<div class=\"col-inner text-center\"  >\n\t\t\t\n\t\t\t\n\t<div class=\"img has-hover x md-x lg-x y md-y lg-y\" id=\"image_366369969\">\n\t\t\t\t\t\t\t\t<div class=\"img-inner dark\" >\n\t\t\t<img loading=\"lazy\" decoding=\"async\" width=\"1920\" height=\"175\" src=\"https:\/\/www.portablebar.com\/wp-content\/uploads\/2026\/01\/cd-qs.png\" class=\"attachment-original size-original\" alt=\"\" srcset=\"https:\/\/www.portablebar.com\/wp-content\/uploads\/2026\/01\/cd-qs.png 1920w, https:\/\/www.portablebar.com\/wp-content\/uploads\/2026\/01\/cd-qs-650x59.png 650w, https:\/\/www.portablebar.com\/wp-content\/uploads\/2026\/01\/cd-qs-1200x109.png 1200w, https:\/\/www.portablebar.com\/wp-content\/uploads\/2026\/01\/cd-qs-400x36.png 400w, https:\/\/www.portablebar.com\/wp-content\/uploads\/2026\/01\/cd-qs-768x70.png 768w, https:\/\/www.portablebar.com\/wp-content\/uploads\/2026\/01\/cd-qs-1536x140.png 1536w, https:\/\/www.portablebar.com\/wp-content\/uploads\/2026\/01\/cd-qs-18x2.png 18w, https:\/\/www.portablebar.com\/wp-content\/uploads\/2026\/01\/cd-qs-247x23.png 247w, https:\/\/www.portablebar.com\/wp-content\/uploads\/2026\/01\/cd-qs-850x77.png 850w\" sizes=\"auto, (max-width: 1920px) 100vw, 1920px\" title=\"\" \/>\t\t\t\t\t\t\n\t\t\t\t\t<\/div>\n\t\t\t\t\t\t\t\t\n<style>\n#image_366369969 {\n  width: 100%;\n}\n@media (min-width:550px) {\n  #image_366369969 {\n    width: 80%;\n  }\n}\n<\/style>\n\t<\/div>\n\t\n\t<div id=\"text-2924465293\" class=\"text\">\n\t\t\n<h3><span style=\"font-size: 150%;\">El bar port\u00e1til que necesitas a un precio asequible<\/span><\/h3>\n\t\t\n<style>\n#text-2924465293 {\n  font-size: 0.75rem;\n  text-align: center;\n  color: rgb(26, 42, 80);\n}\n#text-2924465293 > * {\n  color: rgb(26, 42, 80);\n}\n@media (min-width:550px) {\n  #text-2924465293 {\n    font-size: 1.25rem;\n  }\n}\n<\/style>\n\t<\/div>\n\t\n\t<div id=\"gap-1872423661\" class=\"gap-element clearfix\" style=\"display:block; height:auto;\">\n\t\t\n<style>\n#gap-1872423661 {\n  padding-top: 20px;\n}\n<\/style>\n\t<\/div>\n\t\n<a href=\"https:\/\/secure.financ.ing\/app?qs=apply&#038;apptype=b&#038;dealercode=PVDM6&#038;productname=&#038;equip=&#038;eqpamt=&#038;cost=&#038;website=&#038;cid=1486a038-ee96-4798-bd1f-7693fae893bf&#038;step=1\" target=\"_blank\" class=\"button primary is-gloss is-large\" rel=\"noopener\" style=\"border-radius:3px;\">\n\t\t<span>SOLICITE HOY MISMO<\/span>\n\t<\/a>\n\n\t\t<\/div>\n\t\t\t\t\n<style>\n#col-1054856905 > .col-inner {\n  padding: 0px 0px 25px 0px;\n}\n<\/style>\n\t<\/div>\n\n\t\n<\/div>\n\t\t<\/div>\n\n\t\t\n<style>\n#section_805147063 {\n  padding-top: 0px;\n  padding-bottom: 0px;\n  background-color: rgb(255, 255, 255);\n}\n<\/style>\n\t<\/section>\n\t\n\n\t<section class=\"section\" id=\"section_1604876594\">\n\t\t<div class=\"section-bg fill\" >\n\t\t\t\t\t\t\t\t\t\n\t\t\t\n\n\t\t<\/div>\n\n\t\t\n\n\t\t<div class=\"section-content relative\">\n\t\t\t\n<div class=\"row row-large align-equal align-center\"  id=\"row-510256196\">\n\n\t<div id=\"col-1864658119\" class=\"col medium-6 small-12 large-6\"  >\n\t\t\t\t<div class=\"col-inner text-center\"  >\n\t\t\t\n\t\t\t\n\t<div class=\"img has-hover x md-x lg-x y md-y lg-y\" id=\"image_209634642\">\n\t\t\t\t\t\t\t\t<div class=\"img-inner dark\" >\n\t\t\t<img loading=\"lazy\" decoding=\"async\" width=\"1\" height=\"1\" src=\"https:\/\/www.portablebar.com\/wp-content\/uploads\/2026\/01\/money_icon_svg.svg\" class=\"attachment-thumbnail size-thumbnail\" alt=\"\" title=\"\" \/>\t\t\t\t\t\t\n\t\t\t\t\t<\/div>\n\t\t\t\t\t\t\t\t\n<style>\n#image_209634642 {\n  width: 20%;\n}\n<\/style>\n\t<\/div>\n\t\n\t<div id=\"text-1200368522\" class=\"text\">\n\t\t\n<h3 style=\"font-size: 1.4rem; color: rgb(36, 180, 217); font-weight: 600; margin-bottom: 20px;\">Pagos mensuales bajos<\/h3>\n<p style=\"font-size: 1.05rem; line-height: 1.6; color: rgb(55, 65, 81);\">QuickSpark ofrece pagos mensuales que van de 12 a 60 meses y garantiza la mejor opci\u00f3n para su negocio.<\/p>\n\t\t\n<style>\n#text-1200368522 {\n  text-align: center;\n}\n<\/style>\n\t<\/div>\n\t\n\t\t<\/div>\n\t\t\t\t\n<style>\n#col-1864658119 > .col-inner {\n  padding: 0px 0px 0px 0px;\n}\n<\/style>\n\t<\/div>\n\n\t\n\n\t<div id=\"col-1550902660\" class=\"col medium-6 small-12 large-6\"  >\n\t\t\t\t<div class=\"col-inner text-center\"  >\n\t\t\t\n\t\t\t\n\t<div class=\"img has-hover x md-x lg-x y md-y lg-y\" id=\"image_1378675755\">\n\t\t\t\t\t\t\t\t<div class=\"img-inner dark\" >\n\t\t\t<img loading=\"lazy\" decoding=\"async\" width=\"1\" height=\"1\" src=\"https:\/\/www.portablebar.com\/wp-content\/uploads\/2026\/01\/revenue_icon_svg.svg\" class=\"attachment-thumbnail size-thumbnail\" alt=\"\" title=\"\" \/>\t\t\t\t\t\t\n\t\t\t\t\t<\/div>\n\t\t\t\t\t\t\t\t\n<style>\n#image_1378675755 {\n  width: 20%;\n}\n<\/style>\n\t<\/div>\n\t\n\t<div id=\"text-2514327892\" class=\"text\">\n\t\t\n<h3 style=\"font-size: 1.4rem; color: rgb(36, 180, 217); font-weight: 600; margin-bottom: 20px;\">Generar ingresos<\/h3>\n<p style=\"font-size: 1.05rem; line-height: 1.6; color: rgb(55, 65, 81);\">Adquiera el equipo ahora y pague m\u00e1s adelante en peque\u00f1os pagos manejables. Gane dinero antes de que venza el pago.<\/p>\n\t\t\n<style>\n#text-2514327892 {\n  text-align: center;\n}\n<\/style>\n\t<\/div>\n\t\n\t\t<\/div>\n\t\t\t\t\n<style>\n#col-1550902660 > .col-inner {\n  padding: 0px 0px 0px 0px;\n}\n<\/style>\n\t<\/div>\n\n\t\n<\/div>\n<div class=\"row row-large align-equal align-center\"  id=\"row-682606094\">\n\n\t<div id=\"col-185030712\" class=\"col medium-6 small-12 large-6\"  >\n\t\t\t\t<div class=\"col-inner text-center\"  >\n\t\t\t\n\t\t\t\n\t<div class=\"img has-hover x md-x lg-x y md-y lg-y\" id=\"image_1246910139\">\n\t\t\t\t\t\t\t\t<div class=\"img-inner dark\" >\n\t\t\t<img loading=\"lazy\" decoding=\"async\" width=\"1\" height=\"1\" src=\"https:\/\/www.portablebar.com\/wp-content\/uploads\/2026\/01\/credit_card_icon_svg.svg\" class=\"attachment-thumbnail size-thumbnail\" alt=\"icono_de_tarjeta_de_cr\u00e9dito_svg\" title=\"icono_de_tarjeta_de_cr\u00e9dito_svg\" \/>\t\t\t\t\t\t\n\t\t\t\t\t<\/div>\n\t\t\t\t\t\t\t\t\n<style>\n#image_1246910139 {\n  width: 20%;\n}\n<\/style>\n\t<\/div>\n\t\n\t<div id=\"text-2436440893\" class=\"text\">\n\t\t\n<h3 style=\"font-size: 1.4rem; color: rgb(36, 180, 217); font-weight: 600; margin-bottom: 20px;\">Mantenga abiertas las l\u00edneas de cr\u00e9dito<\/h3>\n<p style=\"font-size: 1.05rem; line-height: 1.6; color: rgb(55, 65, 81);\">Mantenga l\u00edneas de cr\u00e9dito abiertas para emergencias y utilice nuestro financiamiento para ayudar a construir cr\u00e9dito empresarial.<\/p>\n\t\t\n<style>\n#text-2436440893 {\n  text-align: center;\n}\n<\/style>\n\t<\/div>\n\t\n\t\t<\/div>\n\t\t\t\t\n<style>\n#col-185030712 > .col-inner {\n  padding: 0px 0px 0px 0px;\n}\n<\/style>\n\t<\/div>\n\n\t\n\n\t<div id=\"col-60081410\" class=\"col medium-6 small-12 large-6\"  >\n\t\t\t\t<div class=\"col-inner text-center\"  >\n\t\t\t\n\t\t\t\n\t<div class=\"img has-hover x md-x lg-x y md-y lg-y\" id=\"image_212265030\">\n\t\t\t\t\t\t\t\t<div class=\"img-inner dark\" >\n\t\t\t<img loading=\"lazy\" decoding=\"async\" width=\"1\" height=\"1\" src=\"https:\/\/www.portablebar.com\/wp-content\/uploads\/2026\/01\/bank_icon_svg.svg\" class=\"attachment-thumbnail size-thumbnail\" alt=\"\u00edcono_de_banco_svg\" title=\"\u00edcono_de_banco_svg\" \/>\t\t\t\t\t\t\n\t\t\t\t\t<\/div>\n\t\t\t\t\t\t\t\t\n<style>\n#image_212265030 {\n  width: 20%;\n}\n<\/style>\n\t<\/div>\n\t\n\t<div id=\"text-2893832087\" class=\"text\">\n\t\t\n<h3 style=\"font-size: 1.4rem; color: rgb(36, 180, 217); font-weight: 600; margin-bottom: 20px;\">100% Deducible de impuestos<\/h3>\n<p style=\"font-size: 1.05rem; line-height: 1.6; color: rgb(55, 65, 81);\">La mayor\u00eda de las empresas pueden deducir potencialmente el 100% del costo total del equipo a trav\u00e9s de la Secci\u00f3n 179.<\/p>\n\t\t\n<style>\n#text-2893832087 {\n  text-align: center;\n}\n<\/style>\n\t<\/div>\n\t\n\t\t<\/div>\n\t\t\t\t\n<style>\n#col-60081410 > .col-inner {\n  padding: 0px 0px 0px 0px;\n}\n<\/style>\n\t<\/div>\n\n\t\n<\/div>\n\t\t<\/div>\n\n\t\t\n<style>\n#section_1604876594 {\n  padding-top: 0px;\n  padding-bottom: 0px;\n  background-color: rgb(255,255,255);\n}\n<\/style>\n\t<\/section>\n\t\n\n\t<section class=\"section\" id=\"section_986765788\">\n\t\t<div class=\"section-bg fill\" >\n\t\t\t\t\t\t\t\t\t\n\t\t\t\n\n\t\t<\/div>\n\n\t\t\n\n\t\t<div class=\"section-content relative\">\n\t\t\t\n<div class=\"row\"  id=\"row-345010146\">\n\n\t<div id=\"col-1288900274\" class=\"col large-12\"  >\n\t\t\t\t<div class=\"col-inner text-center\"  >\n\t\t\t\n\t\t\t\n\t<div id=\"text-3854956244\" class=\"text\">\n\t\t\n<h2 style=\"font-size: 2.2rem; font-weight: 700; margin-bottom: 20px;\">Empresas a las que presta servicios Quickspark<\/h2>\n\t\t\n<style>\n#text-3854956244 {\n  text-align: center;\n  color: rgb(26, 42, 80);\n}\n#text-3854956244 > * {\n  color: rgb(26, 42, 80);\n}\n<\/style>\n\t<\/div>\n\t\n\t<div id=\"text-36489452\" class=\"text\">\n\t\t\n<p style=\"font-size: 1.1rem; line-height: 1.7; max-width: 900px; margin: 0 auto 60px;\">No importa si tienes un buen o mal historial crediticio, QuickSpark puede ayudar a tu empresa a encontrar el equipo adecuado con un plan que se adapte a tus necesidades financieras. Colaboramos con m\u00e1s de 3000 proveedores en todo el pa\u00eds. \u00a1Nos dedicamos a financiar los sue\u00f1os de tu peque\u00f1a empresa!<\/p>\n\t\t\n<style>\n#text-36489452 {\n  text-align: center;\n  color: rgb(55, 65, 81);\n}\n#text-36489452 > * {\n  color: rgb(55, 65, 81);\n}\n<\/style>\n\t<\/div>\n\t\n\t\t<\/div>\n\t\t\t\t\t<\/div>\n\n\t\n<\/div>\n<div class=\"row row-large align-equal\"  id=\"row-502908125\">\n\n\t<div id=\"col-1664413153\" class=\"col medium-6 small-12 large-6\"  >\n\t\t\t\t<div class=\"col-inner text-center\"  >\n\t\t\t\n\t\t\t\n\t<div id=\"text-451676807\" class=\"text\">\n\t\t\n<h3 style=\"font-size: 1.5rem; color: rgb(36, 180, 217); font-weight: 600; margin-bottom: 15px;\">Startups<\/h3>\n<p style=\"font-size: 1.05rem; line-height: 1.6; color: rgb(55, 65, 81);\">Las entidades financieras consideran que las startups entra\u00f1an un alto riesgo, pero nosotros lo vemos como una oportunidad para ayudar a las nuevas empresas a crecer.<\/p>\n\t\t\n<style>\n#text-451676807 {\n  text-align: center;\n}\n<\/style>\n\t<\/div>\n\t\n\t\t<\/div>\n\t\t\t\t\n<style>\n#col-1664413153 > .col-inner {\n  padding: 30px;\n}\n<\/style>\n\t<\/div>\n\n\t\n\n\t<div id=\"col-1750021255\" class=\"col medium-6 small-12 large-6\"  >\n\t\t\t\t<div class=\"col-inner text-center\"  >\n\t\t\t\n\t\t\t\n\t<div id=\"text-3464712079\" class=\"text\">\n\t\t\n<h3 style=\"font-size: 1.5rem; color: rgb(36, 180, 217); font-weight: 600; margin-bottom: 15px;\">Puntuaci\u00f3n crediticia baja<\/h3>\n<p style=\"font-size: 1.05rem; line-height: 1.6; color: rgb(55, 65, 81);\">Trabajamos con m\u00faltiples fuentes de financiaci\u00f3n y podemos ofrecer opciones y programas para las empresas que tienen una baja puntuaci\u00f3n de cr\u00e9dito.<\/p>\n\t\t\n<style>\n#text-3464712079 {\n  text-align: center;\n}\n<\/style>\n\t<\/div>\n\t\n\t\t<\/div>\n\t\t\t\t\n<style>\n#col-1750021255 > .col-inner {\n  padding: 30px;\n}\n<\/style>\n\t<\/div>\n\n\t\n<\/div>\n<div class=\"row row-large align-equal\"  id=\"row-1304345522\">\n\n\t<div id=\"col-1814257359\" class=\"col medium-6 small-12 large-6\"  >\n\t\t\t\t<div class=\"col-inner text-center\"  >\n\t\t\t\n\t\t\t\n\t<div id=\"text-3352446713\" class=\"text\">\n\t\t\n<h3 style=\"font-size: 1.5rem; color: rgb(36, 180, 217); font-weight: 600; margin-bottom: 15px;\">Empresas unipersonales<\/h3>\n<p style=\"font-size: 1.05rem; line-height: 1.6; color: rgb(55, 65, 81);\">Con el creciente n\u00famero de puntales \u00fanicos, tenemos prestamistas dispuestos y capaces de financiar este tipo de empresas.<\/p>\n\t\t\n<style>\n#text-3352446713 {\n  text-align: center;\n}\n<\/style>\n\t<\/div>\n\t\n\t\t<\/div>\n\t\t\t\t\n<style>\n#col-1814257359 > .col-inner {\n  padding: 30px;\n}\n<\/style>\n\t<\/div>\n\n\t\n\n\t<div id=\"col-1752257\" class=\"col medium-6 small-12 large-6\"  >\n\t\t\t\t<div class=\"col-inner text-center\"  >\n\t\t\t\n\t\t\t\n\t<div id=\"text-1484587065\" class=\"text\">\n\t\t\n<h3 style=\"font-size: 1.5rem; color: rgb(36, 180, 217); font-weight: 600; margin-bottom: 15px;\">Puntuaciones de cr\u00e9dito altas<\/h3>\n<p style=\"font-size: 1.05rem; line-height: 1.6; color: rgb(55, 65, 81);\">Recompensamos a los clientes con un cr\u00e9dito superior y ofrecemos condiciones y tasas competitivas con los pagos m\u00e1s bajos posibles.<\/p>\n\t\t\n<style>\n#text-1484587065 {\n  text-align: center;\n}\n<\/style>\n\t<\/div>\n\t\n\t\t<\/div>\n\t\t\t\t\n<style>\n#col-1752257 > .col-inner {\n  padding: 30px;\n}\n<\/style>\n\t<\/div>\n\n\t\n<\/div>\n<div class=\"row row-large align-equal\"  id=\"row-852452420\">\n\n\t<div id=\"col-1467600876\" class=\"col medium-6 small-12 large-6\"  >\n\t\t\t\t<div class=\"col-inner text-center\"  >\n\t\t\t\n\t\t\t\n\t<div id=\"text-3251514599\" class=\"text\">\n\t\t\n<h3 style=\"font-size: 1.5rem; color: rgb(36, 180, 217); font-weight: 600; margin-bottom: 15px;\">Negocios consolidados<\/h3>\n<p style=\"font-size: 1.05rem; line-height: 1.6; color: rgb(55, 65, 81);\">Trabajamos con empresas que llevan tiempo en el mercado y buscan crecer o actualizar su equipo.<\/p>\n\t\t\n<style>\n#text-3251514599 {\n  text-align: center;\n}\n<\/style>\n\t<\/div>\n\t\n\t\t<\/div>\n\t\t\t\t\n<style>\n#col-1467600876 > .col-inner {\n  padding: 30px;\n}\n<\/style>\n\t<\/div>\n\n\t\n\n\t<div id=\"col-1845048504\" class=\"col medium-6 small-12 large-6\"  >\n\t\t\t\t<div class=\"col-inner text-center\"  >\n\t\t\t\n\t\t\t\n\t<div id=\"text-990460602\" class=\"text\">\n\t\t\n<h3 style=\"font-size: 1.5rem; color: rgb(36, 180, 217); font-weight: 600; margin-bottom: 15px;\">Quiebras<\/h3>\n<p style=\"font-size: 1.05rem; line-height: 1.6; color: rgb(55, 65, 81);\">La quiebra parece algo negativo para los bancos, pero nuestras fuentes de financiamiento cuentan con programas que permiten a las empresas obtener el equipo que necesitan.<\/p>\n\t\t\n<style>\n#text-990460602 {\n  text-align: center;\n}\n<\/style>\n\t<\/div>\n\t\n\t\t<\/div>\n\t\t\t\t\n<style>\n#col-1845048504 > .col-inner {\n  padding: 30px;\n}\n<\/style>\n\t<\/div>\n\n\t\n<\/div>\n\t\t<\/div>\n\n\t\t\n<style>\n#section_986765788 {\n  padding-top: 80px;\n  padding-bottom: 80px;\n  background-color: rgb(245, 245, 245);\n}\n<\/style>\n\t<\/section>\n\t\n<p><!-- CUSTOM CSS - Add this to Flatsome Theme Options > Advanced > Custom CSS --><\/p>\n<style>\n.financing-benefits h3 {\n  transition: color 0.3s ease;\n}<\/p>\n<p>.financing-benefits:hover h3 {\n  color: rgb(20, 160, 197) !important;\n}<\/p>\n<p>@media (max-width: 768px) {\n  .financing-benefits {\n    margin-bottom: 30px;\n  }\n}\n<\/style>","protected":false},"excerpt":{"rendered":"","protected":false},"author":1,"featured_media":0,"parent":0,"menu_order":0,"comment_status":"closed","ping_status":"closed","template":"page-blank-title-center.php","meta":{"_acf_changed":false,"footnotes":""},"class_list":["post-16664","page","type-page","status-publish","hentry"],"acf":[],"yoast_head":"<!-- This site is optimized with the Yoast SEO plugin v26.7 - https:\/\/yoast.com\/wordpress\/plugins\/seo\/ -->\n<title>Finance Your Portable Bar | Low Payments | Quick Approval<\/title>\n<meta name=\"description\" content=\"Get the LED portable bar equipment you need with flexible financing from QuickSpark. Low monthly payments, fast approval, and terms for all credit types. Apply today!\" \/>\n<meta name=\"robots\" content=\"index, follow, max-snippet:-1, max-image-preview:large, max-video-preview:-1\" \/>\n<link rel=\"canonical\" href=\"https:\/\/www.portablebar.com\/es\/financiacion\/\" \/>\n<meta property=\"og:locale\" content=\"es_MX\" \/>\n<meta property=\"og:type\" content=\"article\" \/>\n<meta property=\"og:title\" content=\"Finance Your Portable Bar | Low Payments | Quick Approval\" \/>\n<meta property=\"og:description\" content=\"Get the LED portable bar equipment you need with flexible financing from QuickSpark. Low monthly payments, fast approval, and terms for all credit types. Apply today!\" \/>\n<meta property=\"og:url\" content=\"https:\/\/www.portablebar.com\/es\/financiacion\/\" \/>\n<meta property=\"og:site_name\" content=\"Portable Bars by Customized Designs\" \/>\n<meta property=\"article:modified_time\" content=\"2026-01-20T21:59:47+00:00\" \/>\n<meta name=\"twitter:card\" content=\"summary_large_image\" \/>\n<meta name=\"twitter:label1\" content=\"Tiempo de lectura\" \/>\n\t<meta name=\"twitter:data1\" content=\"3 minutos\" \/>\n<script type=\"application\/ld+json\" class=\"yoast-schema-graph\">{\"@context\":\"https:\/\/schema.org\",\"@graph\":[{\"@type\":\"WebPage\",\"@id\":\"https:\/\/www.portablebar.com\/es\/financiacion\/\",\"url\":\"https:\/\/www.portablebar.com\/es\/financiacion\/\",\"name\":\"Finance Your Portable Bar | Low Payments | Quick Approval\",\"isPartOf\":{\"@id\":\"https:\/\/www.portablebar.com\/es\/#website\"},\"datePublished\":\"2019-02-07T17:16:59+00:00\",\"dateModified\":\"2026-01-20T21:59:47+00:00\",\"description\":\"Get the LED portable bar equipment you need with flexible financing from QuickSpark. Low monthly payments, fast approval, and terms for all credit types. Apply today!\",\"breadcrumb\":{\"@id\":\"https:\/\/www.portablebar.com\/es\/financiacion\/#breadcrumb\"},\"inLanguage\":\"es\",\"potentialAction\":[{\"@type\":\"ReadAction\",\"target\":[\"https:\/\/www.portablebar.com\/es\/financiacion\/\"]}]},{\"@type\":\"BreadcrumbList\",\"@id\":\"https:\/\/www.portablebar.com\/es\/financiacion\/#breadcrumb\",\"itemListElement\":[{\"@type\":\"ListItem\",\"position\":1,\"name\":\"Home\",\"item\":\"https:\/\/www.portablebar.com\/\"},{\"@type\":\"ListItem\",\"position\":2,\"name\":\"Financing\"}]},{\"@type\":\"WebSite\",\"@id\":\"https:\/\/www.portablebar.com\/es\/#website\",\"url\":\"https:\/\/www.portablebar.com\/es\/\",\"name\":\"Portable Bars by Customized Designs\",\"description\":\"\",\"potentialAction\":[{\"@type\":\"SearchAction\",\"target\":{\"@type\":\"EntryPoint\",\"urlTemplate\":\"https:\/\/www.portablebar.com\/es\/?s={search_term_string}\"},\"query-input\":{\"@type\":\"PropertyValueSpecification\",\"valueRequired\":true,\"valueName\":\"search_term_string\"}}],\"inLanguage\":\"es\"}]}<\/script>\n<!-- \/ Yoast SEO plugin. -->","yoast_head_json":{"title":"Financie su bar port\u00e1til | Pagos bajos | Aprobaci\u00f3n r\u00e1pida","description":"Consigue el equipo de barra port\u00e1til LED que necesitas con la financiaci\u00f3n flexible de QuickSpark. Cuotas mensuales bajas, aprobaci\u00f3n r\u00e1pida y condiciones para todo tipo de cr\u00e9ditos. \u00a1Solic\u00edtalo hoy mismo!","robots":{"index":"index","follow":"follow","max-snippet":"max-snippet:-1","max-image-preview":"max-image-preview:large","max-video-preview":"max-video-preview:-1"},"canonical":"https:\/\/www.portablebar.com\/es\/financiacion\/","og_locale":"es_MX","og_type":"article","og_title":"Finance Your Portable Bar | Low Payments | Quick Approval","og_description":"Get the LED portable bar equipment you need with flexible financing from QuickSpark. Low monthly payments, fast approval, and terms for all credit types. Apply today!","og_url":"https:\/\/www.portablebar.com\/es\/financiacion\/","og_site_name":"Portable Bars by Customized Designs","article_modified_time":"2026-01-20T21:59:47+00:00","twitter_card":"summary_large_image","twitter_misc":{"Tiempo de lectura":"3 minutos"},"schema":{"@context":"https:\/\/schema.org","@graph":[{"@type":"WebPage","@id":"https:\/\/www.portablebar.com\/es\/financiacion\/","url":"https:\/\/www.portablebar.com\/es\/financiacion\/","name":"Financie su bar port\u00e1til | Pagos bajos | Aprobaci\u00f3n r\u00e1pida","isPartOf":{"@id":"https:\/\/www.portablebar.com\/es\/#website"},"datePublished":"2019-02-07T17:16:59+00:00","dateModified":"2026-01-20T21:59:47+00:00","description":"Consigue el equipo de barra port\u00e1til LED que necesitas con la financiaci\u00f3n flexible de QuickSpark. Cuotas mensuales bajas, aprobaci\u00f3n r\u00e1pida y condiciones para todo tipo de cr\u00e9ditos. \u00a1Solic\u00edtalo hoy mismo!","breadcrumb":{"@id":"https:\/\/www.portablebar.com\/es\/financiacion\/#breadcrumb"},"inLanguage":"es","potentialAction":[{"@type":"ReadAction","target":["https:\/\/www.portablebar.com\/es\/financiacion\/"]}]},{"@type":"BreadcrumbList","@id":"https:\/\/www.portablebar.com\/es\/financiacion\/#breadcrumb","itemListElement":[{"@type":"ListItem","position":1,"name":"Home","item":"https:\/\/www.portablebar.com\/"},{"@type":"ListItem","position":2,"name":"Financing"}]},{"@type":"WebSite","@id":"https:\/\/www.portablebar.com\/es\/#website","url":"https:\/\/www.portablebar.com\/es\/","name":"Barras port\u00e1tiles de Customized Designs","description":"","potentialAction":[{"@type":"SearchAction","target":{"@type":"EntryPoint","urlTemplate":"https:\/\/www.portablebar.com\/es\/?s={search_term_string}"},"query-input":{"@type":"PropertyValueSpecification","valueRequired":true,"valueName":"search_term_string"}}],"inLanguage":"es"}]}},"_links":{"self":[{"href":"https:\/\/www.portablebar.com\/es\/wp-json\/wp\/v2\/pages\/16664","targetHints":{"allow":["GET"]}}],"collection":[{"href":"https:\/\/www.portablebar.com\/es\/wp-json\/wp\/v2\/pages"}],"about":[{"href":"https:\/\/www.portablebar.com\/es\/wp-json\/wp\/v2\/types\/page"}],"author":[{"embeddable":true,"href":"https:\/\/www.portablebar.com\/es\/wp-json\/wp\/v2\/users\/1"}],"replies":[{"embeddable":true,"href":"https:\/\/www.portablebar.com\/es\/wp-json\/wp\/v2\/comments?post=16664"}],"version-history":[{"count":28,"href":"https:\/\/www.portablebar.com\/es\/wp-json\/wp\/v2\/pages\/16664\/revisions"}],"predecessor-version":[{"id":29595,"href":"https:\/\/www.portablebar.com\/es\/wp-json\/wp\/v2\/pages\/16664\/revisions\/29595"}],"wp:attachment":[{"href":"https:\/\/www.portablebar.com\/es\/wp-json\/wp\/v2\/media?parent=16664"}],"curies":[{"name":"wp","href":"https:\/\/api.w.org\/{rel}","templated":true}]}}