{"id":15654,"date":"2019-02-02T16:03:51","date_gmt":"2019-02-02T23:03:51","guid":{"rendered":"https:\/\/www.portablebar.com\/?page_id=15654"},"modified":"2019-02-08T20:15:48","modified_gmt":"2019-02-09T03:15:48","slug":"graficos-de-marca-para-bares-portatiles","status":"publish","type":"page","link":"https:\/\/www.portablebar.com\/es\/graficos-de-marca-para-bares-portatiles\/","title":{"rendered":"Marca y gr\u00e1ficos"},"content":{"rendered":"<section class=\"section\" id=\"section_493198941\">\n\t\t<div class=\"section-bg fill\" >\n\t\t\t\t\t\t\t\t\t\n\t\t\t\n\n\t\t<\/div>\n\n\t\t\n\n\t\t<div class=\"section-content relative\">\n\t\t\t\n\n<div class=\"row\"  id=\"row-1857284380\">\n\n\n\t<div id=\"col-1907491713\" class=\"col small-12 large-12\"  >\n\t\t\t\t<div class=\"col-inner\"  >\n\t\t\t\n\t\t\t\n\n<h1><span style=\"font-size: 120%;\">MARCA Y GR\u00c1FICOS EN SU BAR PORT\u00c1TIL<\/span><\/h1>\n<hr \/>\n<p><a href=\"https:\/\/www.portablebar.com\/wp-content\/uploads\/branded-portable-bars.jpg\"><img loading=\"lazy\" decoding=\"async\" class=\"alignright wp-image-3536 size-thumbnail\" src=\"https:\/\/www.portablebar.com\/wp-content\/uploads\/branded-portable-bars-400x242.jpg\" alt=\"Barras traseras port\u00e1tiles iluminadas\" width=\"400\" height=\"242\" srcset=\"https:\/\/www.portablebar.com\/wp-content\/uploads\/branded-portable-bars-400x242.jpg 400w, https:\/\/www.portablebar.com\/wp-content\/uploads\/branded-portable-bars-650x394.jpg 650w, https:\/\/www.portablebar.com\/wp-content\/uploads\/branded-portable-bars-768x465.jpg 768w, https:\/\/www.portablebar.com\/wp-content\/uploads\/branded-portable-bars-500x303.jpg 500w, https:\/\/www.portablebar.com\/wp-content\/uploads\/branded-portable-bars-247x150.jpg 247w, https:\/\/www.portablebar.com\/wp-content\/uploads\/branded-portable-bars-850x515.jpg 850w, https:\/\/www.portablebar.com\/wp-content\/uploads\/branded-portable-bars.jpg 1000w\" sizes=\"auto, (max-width: 400px) 100vw, 400px\" \/><\/a><br \/>Tanto si va a utilizar su bar port\u00e1til en convenciones para promocionar su producto, en eventos y bodas, como barra sat\u00e9lite en restaurantes o incluso como bar en casa, no hay mejor manera de personalizarlo que a\u00f1adiendo su toque personal con gr\u00e1ficos y logotipos. Por suerte, en Customized Design's hemos invertido en la \u00faltima y m\u00e1s avanzada tecnolog\u00eda de impresi\u00f3n disponible, lo que significa que podemos realizar toda la impresi\u00f3n en nuestras propias instalaciones. Esto reduce dr\u00e1sticamente los costes y los plazos de entrega. Tanto es as\u00ed que ofrecemos gr\u00e1ficos gratuitos en los paneles frontales de cada una de nuestras barras port\u00e1tiles.<\/p>\n<h3 class=\"cat-heading-light\"><span style=\"font-size: 120%;\">Por qu\u00e9 nuestros gr\u00e1ficos son diferentes<\/span><\/h3>\n<hr \/>\n<ul>\n<li>Nuestros gr\u00e1ficos no son pegatinas. Nuestros gr\u00e1ficos se imprimen de forma permanente directamente sobre los paneles acr\u00edlicos extra\u00edbles, lo que significa que son m\u00e1s duraderos y nunca se despegar\u00e1n con el tiempo. Este proceso de impresi\u00f3n nos da mucha m\u00e1s flexibilidad con sus gr\u00e1ficos, ya que no necesitamos aplicar calcoman\u00edas de vinilo a toda la superficie de los paneles de la barra, incluso para los logotipos que no cubren toda el \u00e1rea.<\/li>\n<li>La impresi\u00f3n directa sobre la superficie tambi\u00e9n produce un efecto mucho m\u00e1s deseable cuando est\u00e1 retroiluminada y, dado que todas nuestras barras port\u00e1tiles incluyen iluminaci\u00f3n LED, creemos que esto es realmente importante. Las barras con mucho color pueden producir efectos muy chulos cuando la iluminaci\u00f3n LED cambia de color.<a href=\"https:\/\/www.youtube.com\/watch?v=Qg2t6y1YT_E\" target=\"_blank\" rel=\"noopener\"> Vea un ejemplo aqu\u00ed.<\/a> Los gr\u00e1ficos en escala de grises (blanco y negro) tambi\u00e9n quedan muy bien cuando se retroiluminan con distintos colores.<\/li>\n<li>Otra gran ventaja de nuestra tecnolog\u00eda de impresi\u00f3n directa es que podemos bloquear completamente la iluminaci\u00f3n LED con el gr\u00e1fico y dejar s\u00f3lo ciertas partes de sus gr\u00e1ficos iluminados, lo que har\u00e1 que destaquen a\u00fan m\u00e1s. Esto es algo que no es posible con los gr\u00e1ficos de vinilo tradicionales.<\/li>\n<\/ul>\n<h3 class=\"cat-heading-light\"><span style=\"font-size: 130%;\">Env\u00edenos sus gr\u00e1ficos y requisitos<\/span><\/h3>\n<hr \/>\n<ul>\n<li>Nuestras impresoras son capaces de imprimir en muy alta resoluci\u00f3n y cuanto mayor sea la calidad de sus gr\u00e1ficos, mayor ser\u00e1 la calidad del producto final. Para logotipos sencillos preferimos que los gr\u00e1ficos est\u00e9n en formato vectorial siempre que sea posible. Esto se debe a que los gr\u00e1ficos vectoriales se pueden estirar infinitamente sin p\u00e9rdida de calidad. Estos formatos suelen ser .AI, .EPS o .PDF. Los gr\u00e1ficos de imagen completa deben tener la m\u00e1xima resoluci\u00f3n posible.<\/li>\n<li>Por favor, no nos env\u00ede im\u00e1genes de muy baja calidad para los gr\u00e1ficos de su bar port\u00e1til. Estos dos ejemplos de nuestro logotipo <a class=\"image-lightbox lightbox-gallery\" href=\"\/wp-content\/uploads\/cd-logo-low.jpg\">(bajo)<\/a> <a class=\"image-lightbox lightbox-gallery\" href=\"\/wp-content\/uploads\/cd-logo-high.jpg\">(alto)<\/a> ilustran la diferencia entre gr\u00e1ficos de baja calidad y gr\u00e1ficos de alta calidad. Si no tiene a mano la versi\u00f3n de alta resoluci\u00f3n de sus gr\u00e1ficos, intente encontrarla antes de envi\u00e1rnosla.<\/li>\n<\/ul>\n<h3 class=\"cat-heading-light\"><span style=\"font-size: 130%;\">Qu\u00e9 hacer si no tienes gr\u00e1ficos de alta resoluci\u00f3n<\/span><\/h3>\n<hr \/>\n<p>No todo est\u00e1 perdido. Si has hecho todo lo posible por encontrar la versi\u00f3n de mayor resoluci\u00f3n o la ilustraci\u00f3n original, pero no puedes, env\u00edanoslas de todos modos y haremos lo que podamos para que funcionen. Muchas empresas cobran por no enviar material gr\u00e1fico listo para imprimir. Nosotros no somos una de esas empresas.<\/p>\n<h3 class=\"cat-heading-light\" align=\"left\"><span style=\"font-size: 130%;\">Creaci\u00f3n de gr\u00e1ficos espec\u00edficos para nuestras barras m\u00f3viles<\/span><\/h3>\n<hr \/>\n<ul>\n<li>Estos son algunos consejos si usted o su dise\u00f1ador gr\u00e1fico est\u00e1n creando gr\u00e1ficos espec\u00edficamente para nuestros bares port\u00e1tiles.<\/li>\n<li>Las ilustraciones deben estar en modo de color RGB. No CMYK<\/li>\n<li>Todos los negros y fondos negros deben ser RGB 0,0,0. Cualquier valor inferior permitir\u00e1 que la iluminaci\u00f3n traspase la imagen.<\/li>\n<li>Todas las im\u00e1genes que queden fuera del contorno del panel acr\u00edlico deben recortarse al tama\u00f1o correcto u ocultarse con una m\u00e1scara de recorte.<\/li>\n<li>Si sus gr\u00e1ficos son demasiado grandes para enviarlos por correo electr\u00f3nico, p\u00f3ngase en contacto con nosotros para obtener informaci\u00f3n sobre nuestro buz\u00f3n.<\/li>\n<\/ul>\n<h3 class=\"cat-heading-light\"><span style=\"font-size: 130%;\">Qu\u00e9 hacer si no tienes ning\u00fan gr\u00e1fico<\/span><\/h3>\n<hr \/>\n<ul>\n<li>No se preocupe. P\u00f3ngase en contacto con nosotros y le ayudaremos a montar algo. (dentro de lo razonable)<\/li>\n<li>Tambi\u00e9n ofrecemos gr\u00e1ficos de stock gratuitos y de alta resoluci\u00f3n con cada compra de barras. Consulte la parte inferior de la <a href=\"\/es\/subir-logotipo\/\">Presentaci\u00f3n de logotipos<\/a> para m\u00e1s informaci\u00f3n.<\/li>\n<li>Tenga en cuenta que las im\u00e1genes sin fondo blanco tienen que estar cerca de las proporciones Longitud x Altura de nuestros paneles de barras. Por ejemplo, esta imagen funcionar\u00e1 en la barra 77, pero no en las barras 48 o 62.<\/li>\n<\/ul>\n<div class=\"row\"  id=\"row-2035810638\">\n\n\n\t<div id=\"col-1990917879\" class=\"col medium-4 small-12 large-4\"  >\n\t\t\t\t<div class=\"col-inner\"  >\n\t\t\t\n\t\t\t\n\n\t<div class=\"img has-hover x md-x lg-x y md-y lg-y\" id=\"image_1565374351\">\n\t\t<a class=\"image-lightbox lightbox-gallery\" title=\"\" href=\"https:\/\/www.portablebar.com\/wp-content\/uploads\/77-1200x390.jpg\">\t\t\t\t\t\t<div class=\"img-inner image-cover box-shadow-3-hover dark\" style=\"padding-top:50%;\">\n\t\t\t<img loading=\"lazy\" decoding=\"async\" width=\"400\" height=\"130\" src=\"https:\/\/www.portablebar.com\/wp-content\/uploads\/77-400x130.jpg\" class=\"attachment-thumbnail size-thumbnail\" alt=\"77\" srcset=\"https:\/\/www.portablebar.com\/wp-content\/uploads\/77-400x130.jpg 400w, https:\/\/www.portablebar.com\/wp-content\/uploads\/77-650x211.jpg 650w, https:\/\/www.portablebar.com\/wp-content\/uploads\/77-1200x390.jpg 1200w, https:\/\/www.portablebar.com\/wp-content\/uploads\/77-768x250.jpg 768w, https:\/\/www.portablebar.com\/wp-content\/uploads\/77-1536x500.jpg 1536w, https:\/\/www.portablebar.com\/wp-content\/uploads\/77-500x163.jpg 500w, https:\/\/www.portablebar.com\/wp-content\/uploads\/77-247x80.jpg 247w, https:\/\/www.portablebar.com\/wp-content\/uploads\/77-850x277.jpg 850w, https:\/\/www.portablebar.com\/wp-content\/uploads\/77.jpg 1703w\" sizes=\"auto, (max-width: 400px) 100vw, 400px\" title=\"77\" \/>\t\t\t\t\t\t\n\t\t\t\t\t<\/div>\n\t\t\t\t\t\t<\/a>\t\t\n<style>\n#image_1565374351 {\n  width: 100%;\n}\n<\/style>\n\t<\/div>\n\t\n\n\n\t\t<\/div>\n\t\t\t\t\t<\/div>\n\n\t\n\n\t<div id=\"col-1282788648\" class=\"col medium-4 small-12 large-4\"  >\n\t\t\t\t<div class=\"col-inner\"  >\n\t\t\t\n\t\t\t\n\n\t<div class=\"img has-hover x md-x lg-x y md-y lg-y\" id=\"image_362698307\">\n\t\t<a class=\"image-lightbox lightbox-gallery\" title=\"\" href=\"https:\/\/www.portablebar.com\/wp-content\/uploads\/62-1200x446.jpg\">\t\t\t\t\t\t<div class=\"img-inner image-cover box-shadow-3-hover dark\" style=\"padding-top:50%;\">\n\t\t\t<img loading=\"lazy\" decoding=\"async\" width=\"400\" height=\"149\" src=\"https:\/\/www.portablebar.com\/wp-content\/uploads\/62-400x149.jpg\" class=\"attachment-thumbnail size-thumbnail\" alt=\"62\" srcset=\"https:\/\/www.portablebar.com\/wp-content\/uploads\/62-400x149.jpg 400w, https:\/\/www.portablebar.com\/wp-content\/uploads\/62-650x241.jpg 650w, https:\/\/www.portablebar.com\/wp-content\/uploads\/62-1200x446.jpg 1200w, https:\/\/www.portablebar.com\/wp-content\/uploads\/62-768x285.jpg 768w, https:\/\/www.portablebar.com\/wp-content\/uploads\/62-500x186.jpg 500w, https:\/\/www.portablebar.com\/wp-content\/uploads\/62-247x92.jpg 247w, https:\/\/www.portablebar.com\/wp-content\/uploads\/62-850x316.jpg 850w, https:\/\/www.portablebar.com\/wp-content\/uploads\/62.jpg 1492w\" sizes=\"auto, (max-width: 400px) 100vw, 400px\" title=\"62\" \/>\t\t\t\t\t\t\n\t\t\t\t\t<\/div>\n\t\t\t\t\t\t<\/a>\t\t\n<style>\n#image_362698307 {\n  width: 100%;\n}\n<\/style>\n\t<\/div>\n\t\n\n\n\t\t<\/div>\n\t\t\t\t\t<\/div>\n\n\t\n\n\t<div id=\"col-440574543\" class=\"col medium-4 small-12 large-4\"  >\n\t\t\t\t<div class=\"col-inner\"  >\n\t\t\t\n\t\t\t\n\n\t<div class=\"img has-hover x md-x lg-x y md-y lg-y\" id=\"image_533891084\">\n\t\t<a class=\"image-lightbox lightbox-gallery\" title=\"\" href=\"https:\/\/www.portablebar.com\/wp-content\/uploads\/48-1200x521.jpg\">\t\t\t\t\t\t<div class=\"img-inner image-cover box-shadow-3-hover dark\" style=\"padding-top:50%;\">\n\t\t\t<img loading=\"lazy\" decoding=\"async\" width=\"400\" height=\"174\" src=\"https:\/\/www.portablebar.com\/wp-content\/uploads\/48-400x174.jpg\" class=\"attachment-thumbnail size-thumbnail\" alt=\"48\" srcset=\"https:\/\/www.portablebar.com\/wp-content\/uploads\/48-400x174.jpg 400w, https:\/\/www.portablebar.com\/wp-content\/uploads\/48-650x282.jpg 650w, https:\/\/www.portablebar.com\/wp-content\/uploads\/48-1200x521.jpg 1200w, https:\/\/www.portablebar.com\/wp-content\/uploads\/48-768x333.jpg 768w, https:\/\/www.portablebar.com\/wp-content\/uploads\/48-500x217.jpg 500w, https:\/\/www.portablebar.com\/wp-content\/uploads\/48-247x107.jpg 247w, https:\/\/www.portablebar.com\/wp-content\/uploads\/48-850x369.jpg 850w, https:\/\/www.portablebar.com\/wp-content\/uploads\/48.jpg 1277w\" sizes=\"auto, (max-width: 400px) 100vw, 400px\" title=\"48\" \/>\t\t\t\t\t\t\n\t\t\t\t\t<\/div>\n\t\t\t\t\t\t<\/a>\t\t\n<style>\n#image_533891084 {\n  width: 100%;\n}\n<\/style>\n\t<\/div>\n\t\n\n\n\t\t<\/div>\n\t\t\t\t\t<\/div>\n\n\t\n\n<\/div>\n\n\t\t<\/div>\n\t\t\t\t\t<\/div>\n\n\t\n\n<\/div>\n\n\t\t<\/div>\n\n\t\t\n<style>\n#section_493198941 {\n  padding-top: 0px;\n  padding-bottom: 0px;\n}\n<\/style>\n\t<\/section>","protected":false},"excerpt":{"rendered":"","protected":false},"author":1,"featured_media":0,"parent":0,"menu_order":0,"comment_status":"closed","ping_status":"closed","template":"page-blank-title-center.php","meta":{"_acf_changed":false,"footnotes":""},"class_list":["post-15654","page","type-page","status-publish","hentry"],"acf":[],"yoast_head":"<!-- This site is optimized with the Yoast SEO plugin v26.7 - https:\/\/yoast.com\/wordpress\/plugins\/seo\/ -->\n<title>Branding &amp; Graphics - Portable Bars by Customized Designs<\/title>\n<meta name=\"description\" content=\"Whether you&#039;re using your portable bar at conventions to promote your product, events and weddings, as satellite bars in restaurants or even as a home bar\" \/>\n<meta name=\"robots\" content=\"index, follow, max-snippet:-1, max-image-preview:large, max-video-preview:-1\" \/>\n<link rel=\"canonical\" href=\"https:\/\/www.portablebar.com\/es\/graficos-de-marca-para-bares-portatiles\/\" \/>\n<meta property=\"og:locale\" content=\"es_MX\" \/>\n<meta property=\"og:type\" content=\"article\" \/>\n<meta property=\"og:title\" content=\"Branding &amp; Graphics - Portable Bars by Customized Designs\" \/>\n<meta property=\"og:description\" content=\"Whether you&#039;re using your portable bar at conventions to promote your product, events and weddings, as satellite bars in restaurants or even as a home bar\" \/>\n<meta property=\"og:url\" content=\"https:\/\/www.portablebar.com\/es\/graficos-de-marca-para-bares-portatiles\/\" \/>\n<meta property=\"og:site_name\" content=\"Portable Bars by Customized Designs\" \/>\n<meta property=\"article:modified_time\" content=\"2019-02-09T03:15:48+00:00\" \/>\n<meta name=\"twitter:card\" content=\"summary_large_image\" \/>\n<script type=\"application\/ld+json\" class=\"yoast-schema-graph\">{\"@context\":\"https:\/\/schema.org\",\"@graph\":[{\"@type\":\"WebPage\",\"@id\":\"https:\/\/www.portablebar.com\/es\/graficos-de-marca-para-bares-portatiles\/\",\"url\":\"https:\/\/www.portablebar.com\/es\/graficos-de-marca-para-bares-portatiles\/\",\"name\":\"Branding & Graphics - Portable Bars by Customized Designs\",\"isPartOf\":{\"@id\":\"https:\/\/www.portablebar.com\/es\/#website\"},\"datePublished\":\"2019-02-02T23:03:51+00:00\",\"dateModified\":\"2019-02-09T03:15:48+00:00\",\"description\":\"Whether you're using your portable bar at conventions to promote your product, events and weddings, as satellite bars in restaurants or even as a home bar\",\"breadcrumb\":{\"@id\":\"https:\/\/www.portablebar.com\/es\/graficos-de-marca-para-bares-portatiles\/#breadcrumb\"},\"inLanguage\":\"es\",\"potentialAction\":[{\"@type\":\"ReadAction\",\"target\":[\"https:\/\/www.portablebar.com\/es\/graficos-de-marca-para-bares-portatiles\/\"]}]},{\"@type\":\"BreadcrumbList\",\"@id\":\"https:\/\/www.portablebar.com\/es\/graficos-de-marca-para-bares-portatiles\/#breadcrumb\",\"itemListElement\":[{\"@type\":\"ListItem\",\"position\":1,\"name\":\"Home\",\"item\":\"https:\/\/www.portablebar.com\/\"},{\"@type\":\"ListItem\",\"position\":2,\"name\":\"Branding &#038; Graphics\"}]},{\"@type\":\"WebSite\",\"@id\":\"https:\/\/www.portablebar.com\/es\/#website\",\"url\":\"https:\/\/www.portablebar.com\/es\/\",\"name\":\"Portable Bars by Customized Designs\",\"description\":\"\",\"potentialAction\":[{\"@type\":\"SearchAction\",\"target\":{\"@type\":\"EntryPoint\",\"urlTemplate\":\"https:\/\/www.portablebar.com\/es\/?s={search_term_string}\"},\"query-input\":{\"@type\":\"PropertyValueSpecification\",\"valueRequired\":true,\"valueName\":\"search_term_string\"}}],\"inLanguage\":\"es\"}]}<\/script>\n<!-- \/ Yoast SEO plugin. -->","yoast_head_json":{"title":"Branding &amp; Graphics - Bares port\u00e1tiles de Customized Designs","description":"Tanto si utiliza su bar port\u00e1til en convenciones para promocionar su producto, como en eventos y bodas, como barra sat\u00e9lite en restaurantes o incluso como bar dom\u00e9stico.","robots":{"index":"index","follow":"follow","max-snippet":"max-snippet:-1","max-image-preview":"max-image-preview:large","max-video-preview":"max-video-preview:-1"},"canonical":"https:\/\/www.portablebar.com\/es\/graficos-de-marca-para-bares-portatiles\/","og_locale":"es_MX","og_type":"article","og_title":"Branding & Graphics - Portable Bars by Customized Designs","og_description":"Whether you're using your portable bar at conventions to promote your product, events and weddings, as satellite bars in restaurants or even as a home bar","og_url":"https:\/\/www.portablebar.com\/es\/graficos-de-marca-para-bares-portatiles\/","og_site_name":"Portable Bars by Customized Designs","article_modified_time":"2019-02-09T03:15:48+00:00","twitter_card":"summary_large_image","schema":{"@context":"https:\/\/schema.org","@graph":[{"@type":"WebPage","@id":"https:\/\/www.portablebar.com\/es\/graficos-de-marca-para-bares-portatiles\/","url":"https:\/\/www.portablebar.com\/es\/graficos-de-marca-para-bares-portatiles\/","name":"Branding &amp; Graphics - Bares port\u00e1tiles de Customized Designs","isPartOf":{"@id":"https:\/\/www.portablebar.com\/es\/#website"},"datePublished":"2019-02-02T23:03:51+00:00","dateModified":"2019-02-09T03:15:48+00:00","description":"Tanto si utiliza su bar port\u00e1til en convenciones para promocionar su producto, como en eventos y bodas, como barra sat\u00e9lite en restaurantes o incluso como bar dom\u00e9stico.","breadcrumb":{"@id":"https:\/\/www.portablebar.com\/es\/graficos-de-marca-para-bares-portatiles\/#breadcrumb"},"inLanguage":"es","potentialAction":[{"@type":"ReadAction","target":["https:\/\/www.portablebar.com\/es\/graficos-de-marca-para-bares-portatiles\/"]}]},{"@type":"BreadcrumbList","@id":"https:\/\/www.portablebar.com\/es\/graficos-de-marca-para-bares-portatiles\/#breadcrumb","itemListElement":[{"@type":"ListItem","position":1,"name":"Home","item":"https:\/\/www.portablebar.com\/"},{"@type":"ListItem","position":2,"name":"Branding &#038; Graphics"}]},{"@type":"WebSite","@id":"https:\/\/www.portablebar.com\/es\/#website","url":"https:\/\/www.portablebar.com\/es\/","name":"Barras port\u00e1tiles de Customized Designs","description":"","potentialAction":[{"@type":"SearchAction","target":{"@type":"EntryPoint","urlTemplate":"https:\/\/www.portablebar.com\/es\/?s={search_term_string}"},"query-input":{"@type":"PropertyValueSpecification","valueRequired":true,"valueName":"search_term_string"}}],"inLanguage":"es"}]}},"_links":{"self":[{"href":"https:\/\/www.portablebar.com\/es\/wp-json\/wp\/v2\/pages\/15654","targetHints":{"allow":["GET"]}}],"collection":[{"href":"https:\/\/www.portablebar.com\/es\/wp-json\/wp\/v2\/pages"}],"about":[{"href":"https:\/\/www.portablebar.com\/es\/wp-json\/wp\/v2\/types\/page"}],"author":[{"embeddable":true,"href":"https:\/\/www.portablebar.com\/es\/wp-json\/wp\/v2\/users\/1"}],"replies":[{"embeddable":true,"href":"https:\/\/www.portablebar.com\/es\/wp-json\/wp\/v2\/comments?post=15654"}],"version-history":[{"count":0,"href":"https:\/\/www.portablebar.com\/es\/wp-json\/wp\/v2\/pages\/15654\/revisions"}],"wp:attachment":[{"href":"https:\/\/www.portablebar.com\/es\/wp-json\/wp\/v2\/media?parent=15654"}],"curies":[{"name":"wp","href":"https:\/\/api.w.org\/{rel}","templated":true}]}}