{"id":662,"date":"2018-02-04T07:09:23","date_gmt":"2018-02-04T14:09:23","guid":{"rendered":"https:\/\/www.portablebar.com\/woo\/?post_type=product&#038;p=662"},"modified":"2026-04-09T07:34:07","modified_gmt":"2026-04-09T11:34:07","slug":"faltbare-tragbare-ruckenstange","status":"publish","type":"product","link":"https:\/\/www.portablebar.com\/de\/faltbare-tragbare-ruckenstange\/","title":{"rendered":"Zusammenklappbare tragbare R\u00fcckenlehne 54"},"content":{"rendered":"<h2>Der ultimative High-Speed-Service-Begleiter<\/h2>\n<p class=\"lead-text\">Die\u00a0<strong>R\u00fcckseite Bar 54<\/strong> ist f\u00fcr schnelles Einladen, enge Grundrisse und echte Mobilit\u00e4t ausgelegt. Sie ist eine gro\u00dfartige Erg\u00e4nzung zu Ihrer tragbaren Hauptbar oder kann als eigenst\u00e4ndige \"Satelliten\"-Station f\u00fcr Wasser, Bier, Garnierung oder Produktpr\u00e4sentation bei Veranstaltungen, Hochzeiten, Kongressen und Messen eingesetzt werden.<\/p>\n<div class=\"product-description-container\">\n<p>Eine vordere Bar gibt Ihnen Pr\u00e4senz, aber eine hintere Bar gibt Ihnen Geschwindigkeit. Die 54\u2033 Portable Back Bar steigert Ihre Effizienz, indem sie Inventar, Gl\u00e4ser und Werkzeuge organisiert und vor den Blicken der G\u00e4ste verborgen h\u00e4lt. Unser technisch ausgereiftes dreifach faltbares System erm\u00f6glicht es, den gesamten Rahmen auf ein <strong>schlankes 5-Zoll-Profil<\/strong> In Sekundenschnelle l\u00e4sst er sich flach an der Wand verstauen oder in einen Standard-SUV einschieben.<\/p>\n<hr \/>\n<h2>Arbeitsablauf und Effizienz<\/h2>\n<h3>Vielseitige modulare Platte<\/h3>\n<p>Die Arbeitsfl\u00e4che ist in drei austauschbare Abschnitte unterteilt, so dass Sie flache Platten gegen Eis- und Getr\u00e4nkef\u00e4cher austauschen k\u00f6nnen, um sie an Ihr Men\u00fc anzupassen.<\/p>\n<ul>\n<li><strong>Pro-Grade Oberfl\u00e4che:<\/strong> Die flachen Platten sind aus NSF-zertifiziertem Polyethylen-Schneidebrettmaterial hergestellt. Sie sind schmutzabweisend, chemikalienbest\u00e4ndig und sicher f\u00fcr die direkte Zubereitung von Lebensmitteln.<\/li>\n<li><strong>Beh\u00e4lter mit hohem Fassungsverm\u00f6gen:<\/strong> Tauschen Sie in einen Beh\u00e4lter f\u00fcr grobe <strong>25-30 Pfund Eis<\/strong> oder <strong>36-48 abgef\u00fcllte Getr\u00e4nke<\/strong>So bleibt Ihr Inventar kalt und in Reichweite.<\/li>\n<\/ul>\n<h3>Intelligente Speicherung<\/h3>\n<p>Zwei Schiebet\u00fcren an der R\u00fcckseite verbergen Ihr Lager und sorgen daf\u00fcr, dass Ihre Einrichtung w\u00e4hrend der gesamten Veranstaltung sauber und professionell aussieht.<\/p>\n<hr \/>\n<h2>Technische Daten<\/h2>\n<table style=\"width: 100%; border-collapse: collapse; margin-bottom: 20px;\">\n<tbody>\n<tr style=\"border-bottom: 1px solid #ddd;\">\n<td style=\"padding: 10px; font-weight: bold;\">Montierte Abmessungen<\/td>\n<td style=\"padding: 10px;\">54\u2033 B x 26\u2033 T x 37\u2033 H<\/td>\n<\/tr>\n<tr style=\"border-bottom: 1px solid #ddd;\">\n<td style=\"padding: 10px; font-weight: bold;\">Zusammengeklappt Abmessungen<\/td>\n<td style=\"padding: 10px;\">54\u2033 B x 5\u2033 T x 37\u2033 H<\/td>\n<\/tr>\n<tr style=\"border-bottom: 1px solid #ddd;\">\n<td style=\"padding: 10px; font-weight: bold;\">Gewicht<\/td>\n<td style=\"padding: 10px;\">50 lbs (gefaltet)<\/td>\n<\/tr>\n<tr style=\"border-bottom: 1px solid #ddd;\">\n<td style=\"padding: 10px; font-weight: bold;\">Material des Rahmens<\/td>\n<td style=\"padding: 10px;\">Aluminium (eloxiert oder pulverbeschichtet)<\/td>\n<\/tr>\n<tr>\n<td style=\"padding: 10px; font-weight: bold;\">Beleuchtung<\/td>\n<td style=\"padding: 10px;\">Nexus LED System (inklusive Fernbedienung)<\/td>\n<\/tr>\n<\/tbody>\n<\/table>\n<h2>Anpassungsoptionen<\/h2>\n<h3>Logos &amp; Branding (inbegriffen)<\/h3>\n<p>Professionelles Branding ist bei Ihrem Kauf inbegriffen. Wir bieten kundenspezifische Frontplatten-Grafiken <strong>umsonst<\/strong> mit jeder mobilen Bar. Dies ist der effektivste Weg, um f\u00fcr Ihr mobiles Barkeeper-Gesch\u00e4ft zu werben, einen Sponsor zu pr\u00e4sentieren oder eine Markeneinf\u00fchrung hervorzuheben.<a href=\"\/de\/tragbare-bar-branding-grafiken\/\">Die Anforderungen finden Sie in unserem Grafikleitfaden.<\/a><\/p>\n<h3>Panel-Typ: Feststehend vs. austauschbar<\/h3>\n<p>Sie k\u00f6nnen je nach Ihrem Gesch\u00e4ftsmodell w\u00e4hlen, wie Ihre Tafeln angebracht werden:<\/p>\n<ul>\n<li><strong>Feststehende Paneele (Standard):<\/strong> Am besten, wenn Sie ein dauerhaftes Design behalten wollen. Die Paneele werden mit hochfestem Klebstoff befestigt.<\/li>\n<li><strong>Austauschbare Paneele (Upgrade):<\/strong> Am besten, wenn Sie mehrere Sponsoren haben oder h\u00e4ufig das Thema wechseln. Panels befestigen \u00fcber 3M Dual Lock (Industrie-Klettverschluss) f\u00fcr schnelle Austausch.<\/li>\n<\/ul>\n<div style=\"background-color: #f9f9f9; padding: 20px; border-left: 5px solid #333; margin-top: 30px;\">\n<h3 style=\"margin-top: 0;\">Ressourcen und Downloads<\/h3>\n<ul style=\"list-style: none; padding-left: 0;\">\n<li style=\"margin-bottom: 10px;\">\ud83d\udcc4 <a href=\"https:\/\/www.portablebar.com\/wp-content\/uploads\/2019\/02\/portable-back-bar-template.pdf\" target=\"_blank\" rel=\"noopener\">Grafikvorlage herunterladen (PDF)<\/a><\/li>\n<li style=\"margin-bottom: 10px;\">\u26a1 <a href=\"https:\/\/www.portablebar.com\/de\/p\/batterieladegerat\/\">Informationen zu Batterielebensdauer und Stromverbrauch<\/a><\/li>\n<li>\ud83d\udca1 <a href=\"\/de\/tragbare-bar-branding-beleuchtung\/\">Leitfaden: Wie Grafiken auf LED-Beleuchtung reagieren<\/a><\/li>\n<\/ul>\n<\/div>\n<\/div>","protected":false},"excerpt":{"rendered":"<style>\r\n.price-wrapper {\r\n    display: none;\r\n}\r\n<\/style>","protected":false},"featured_media":657,"comment_status":"open","ping_status":"closed","template":"","meta":{"_acf_changed":false,"footnotes":""},"product_brand":[],"product_cat":[252],"product_tag":[],"class_list":{"0":"post-662","1":"product","2":"type-product","3":"status-publish","4":"has-post-thumbnail","6":"product_cat-portable-back-bar","7":"product_shipping_class-ltl_freight","8":"tm-has-options","10":"first","11":"instock","12":"taxable","13":"shipping-taxable","14":"purchasable","15":"product-type-simple"},"acf":[],"gallery_images":[28084,28823,4025,11891,3594,28675,28676,28673,28099,3494,3573,5775,3565,3590,3591,26001,3593,28100,3595,3589],"yoast_head":"<!-- This site is optimized with the Yoast SEO plugin v26.7 - https:\/\/yoast.com\/wordpress\/plugins\/seo\/ -->\n<title>Folding Portable Back Bar: Compact &amp; Versatile Solution for Events | PortableBar.com<\/title>\n<meta name=\"description\" content=\"Explore our Folding Portable Back Bar at PortableBar.com. Ideal for events, parties, and gatherings, our compact and easy-to-set-up back bar enhances your hosting experience. Perfect for both indoor and outdoor use, it\u2019s a must-have for entertainers.\" \/>\n<meta name=\"robots\" content=\"index, follow, max-snippet:-1, max-image-preview:large, max-video-preview:-1\" \/>\n<link rel=\"canonical\" href=\"https:\/\/www.portablebar.com\/de\/faltbare-tragbare-ruckenstange\/\" \/>\n<meta property=\"og:locale\" content=\"de_DE\" \/>\n<meta property=\"og:type\" content=\"article\" \/>\n<meta property=\"og:title\" content=\"Folding Portable Back Bar: Compact &amp; Versatile Solution for Events | PortableBar.com\" \/>\n<meta property=\"og:description\" content=\"Explore our Folding Portable Back Bar at PortableBar.com. Ideal for events, parties, and gatherings, our compact and easy-to-set-up back bar enhances your hosting experience. Perfect for both indoor and outdoor use, it\u2019s a must-have for entertainers.\" \/>\n<meta property=\"og:url\" content=\"https:\/\/www.portablebar.com\/de\/faltbare-tragbare-ruckenstange\/\" \/>\n<meta property=\"og:site_name\" content=\"Portable Bars by Customized Designs\" \/>\n<meta property=\"article:modified_time\" content=\"2026-04-09T11:34:07+00:00\" \/>\n<meta property=\"og:image\" content=\"https:\/\/www.portablebar.com\/wp-content\/uploads\/2018\/02\/portable-back-bar_2.jpg\" \/>\n\t<meta property=\"og:image:width\" content=\"1000\" \/>\n\t<meta property=\"og:image:height\" content=\"604\" \/>\n\t<meta property=\"og:image:type\" content=\"image\/jpeg\" \/>\n<meta name=\"twitter:card\" content=\"summary_large_image\" \/>\n<meta name=\"twitter:label1\" content=\"Gesch\u00e4tzte Lesezeit\" \/>\n\t<meta name=\"twitter:data1\" content=\"2\u00a0Minuten\" \/>\n<script type=\"application\/ld+json\" class=\"yoast-schema-graph\">{\"@context\":\"https:\/\/schema.org\",\"@graph\":[{\"@type\":\"WebPage\",\"@id\":\"https:\/\/www.portablebar.com\/de\/faltbare-tragbare-ruckenstange\/\",\"url\":\"https:\/\/www.portablebar.com\/de\/faltbare-tragbare-ruckenstange\/\",\"name\":\"Folding Portable Back Bar: Compact & Versatile Solution for Events | PortableBar.com\",\"isPartOf\":{\"@id\":\"https:\/\/www.portablebar.com\/de\/#website\"},\"primaryImageOfPage\":{\"@id\":\"https:\/\/www.portablebar.com\/de\/faltbare-tragbare-ruckenstange\/#primaryimage\"},\"image\":{\"@id\":\"https:\/\/www.portablebar.com\/de\/faltbare-tragbare-ruckenstange\/#primaryimage\"},\"thumbnailUrl\":\"https:\/\/www.portablebar.com\/wp-content\/uploads\/2018\/02\/portable-back-bar_2.jpg\",\"datePublished\":\"2018-02-04T14:09:23+00:00\",\"dateModified\":\"2026-04-09T11:34:07+00:00\",\"description\":\"Explore our Folding Portable Back Bar at PortableBar.com. Ideal for events, parties, and gatherings, our compact and easy-to-set-up back bar enhances your hosting experience. Perfect for both indoor and outdoor use, it\u2019s a must-have for entertainers.\",\"breadcrumb\":{\"@id\":\"https:\/\/www.portablebar.com\/de\/faltbare-tragbare-ruckenstange\/#breadcrumb\"},\"inLanguage\":\"de\",\"potentialAction\":[{\"@type\":\"ReadAction\",\"target\":[\"https:\/\/www.portablebar.com\/de\/faltbare-tragbare-ruckenstange\/\"]}]},{\"@type\":\"ImageObject\",\"inLanguage\":\"de\",\"@id\":\"https:\/\/www.portablebar.com\/de\/faltbare-tragbare-ruckenstange\/#primaryimage\",\"url\":\"https:\/\/www.portablebar.com\/wp-content\/uploads\/2018\/02\/portable-back-bar_2.jpg\",\"contentUrl\":\"https:\/\/www.portablebar.com\/wp-content\/uploads\/2018\/02\/portable-back-bar_2.jpg\",\"width\":1000,\"height\":604,\"caption\":\"Portable LED Lighted Back Bar\"},{\"@type\":\"BreadcrumbList\",\"@id\":\"https:\/\/www.portablebar.com\/de\/faltbare-tragbare-ruckenstange\/#breadcrumb\",\"itemListElement\":[{\"@type\":\"ListItem\",\"position\":1,\"name\":\"Home\",\"item\":\"https:\/\/www.portablebar.com\/\"},{\"@type\":\"ListItem\",\"position\":2,\"name\":\"Products\",\"item\":\"https:\/\/www.portablebar.com\/shop\/\"},{\"@type\":\"ListItem\",\"position\":3,\"name\":\"Folding Portable Back Bar 54\"}]},{\"@type\":\"WebSite\",\"@id\":\"https:\/\/www.portablebar.com\/de\/#website\",\"url\":\"https:\/\/www.portablebar.com\/de\/\",\"name\":\"Portable Bars by Customized Designs\",\"description\":\"\",\"potentialAction\":[{\"@type\":\"SearchAction\",\"target\":{\"@type\":\"EntryPoint\",\"urlTemplate\":\"https:\/\/www.portablebar.com\/de\/?s={search_term_string}\"},\"query-input\":{\"@type\":\"PropertyValueSpecification\",\"valueRequired\":true,\"valueName\":\"search_term_string\"}}],\"inLanguage\":\"de\"}]}<\/script>\n<!-- \/ Yoast SEO plugin. -->","yoast_head_json":{"title":"Faltbare tragbare Back Bar: Kompakte und vielseitige L\u00f6sung f\u00fcr Veranstaltungen | PortableBar.com","description":"Entdecken Sie unsere faltbare, tragbare Back Bar bei PortableBar.com. Unsere kompakte und leicht aufzubauende Back Bar ist ideal f\u00fcr Veranstaltungen, Partys und Versammlungen und bereichert Ihr Gastgebererlebnis. Sie ist sowohl f\u00fcr den Innen- als auch f\u00fcr den Au\u00dfenbereich geeignet und ein Muss f\u00fcr jeden Gastgeber.","robots":{"index":"index","follow":"follow","max-snippet":"max-snippet:-1","max-image-preview":"max-image-preview:large","max-video-preview":"max-video-preview:-1"},"canonical":"https:\/\/www.portablebar.com\/de\/faltbare-tragbare-ruckenstange\/","og_locale":"de_DE","og_type":"article","og_title":"Folding Portable Back Bar: Compact & Versatile Solution for Events | PortableBar.com","og_description":"Explore our Folding Portable Back Bar at PortableBar.com. Ideal for events, parties, and gatherings, our compact and easy-to-set-up back bar enhances your hosting experience. Perfect for both indoor and outdoor use, it\u2019s a must-have for entertainers.","og_url":"https:\/\/www.portablebar.com\/de\/faltbare-tragbare-ruckenstange\/","og_site_name":"Portable Bars by Customized Designs","article_modified_time":"2026-04-09T11:34:07+00:00","og_image":[{"width":1000,"height":604,"url":"https:\/\/www.portablebar.com\/wp-content\/uploads\/2018\/02\/portable-back-bar_2.jpg","type":"image\/jpeg"}],"twitter_card":"summary_large_image","twitter_misc":{"Gesch\u00e4tzte Lesezeit":"2\u00a0Minuten"},"schema":{"@context":"https:\/\/schema.org","@graph":[{"@type":"WebPage","@id":"https:\/\/www.portablebar.com\/de\/faltbare-tragbare-ruckenstange\/","url":"https:\/\/www.portablebar.com\/de\/faltbare-tragbare-ruckenstange\/","name":"Faltbare tragbare Back Bar: Kompakte und vielseitige L\u00f6sung f\u00fcr Veranstaltungen | PortableBar.com","isPartOf":{"@id":"https:\/\/www.portablebar.com\/de\/#website"},"primaryImageOfPage":{"@id":"https:\/\/www.portablebar.com\/de\/faltbare-tragbare-ruckenstange\/#primaryimage"},"image":{"@id":"https:\/\/www.portablebar.com\/de\/faltbare-tragbare-ruckenstange\/#primaryimage"},"thumbnailUrl":"https:\/\/www.portablebar.com\/wp-content\/uploads\/2018\/02\/portable-back-bar_2.jpg","datePublished":"2018-02-04T14:09:23+00:00","dateModified":"2026-04-09T11:34:07+00:00","description":"Entdecken Sie unsere faltbare, tragbare Back Bar bei PortableBar.com. Unsere kompakte und leicht aufzubauende Back Bar ist ideal f\u00fcr Veranstaltungen, Partys und Versammlungen und bereichert Ihr Gastgebererlebnis. Sie ist sowohl f\u00fcr den Innen- als auch f\u00fcr den Au\u00dfenbereich geeignet und ein Muss f\u00fcr jeden Gastgeber.","breadcrumb":{"@id":"https:\/\/www.portablebar.com\/de\/faltbare-tragbare-ruckenstange\/#breadcrumb"},"inLanguage":"de","potentialAction":[{"@type":"ReadAction","target":["https:\/\/www.portablebar.com\/de\/faltbare-tragbare-ruckenstange\/"]}]},{"@type":"ImageObject","inLanguage":"de","@id":"https:\/\/www.portablebar.com\/de\/faltbare-tragbare-ruckenstange\/#primaryimage","url":"https:\/\/www.portablebar.com\/wp-content\/uploads\/2018\/02\/portable-back-bar_2.jpg","contentUrl":"https:\/\/www.portablebar.com\/wp-content\/uploads\/2018\/02\/portable-back-bar_2.jpg","width":1000,"height":604,"caption":"Portable LED Lighted Back Bar"},{"@type":"BreadcrumbList","@id":"https:\/\/www.portablebar.com\/de\/faltbare-tragbare-ruckenstange\/#breadcrumb","itemListElement":[{"@type":"ListItem","position":1,"name":"Home","item":"https:\/\/www.portablebar.com\/"},{"@type":"ListItem","position":2,"name":"Products","item":"https:\/\/www.portablebar.com\/shop\/"},{"@type":"ListItem","position":3,"name":"Folding Portable Back Bar 54"}]},{"@type":"WebSite","@id":"https:\/\/www.portablebar.com\/de\/#website","url":"https:\/\/www.portablebar.com\/de\/","name":"Tragbare Bars von Customized Designs","description":"","potentialAction":[{"@type":"SearchAction","target":{"@type":"EntryPoint","urlTemplate":"https:\/\/www.portablebar.com\/de\/?s={search_term_string}"},"query-input":{"@type":"PropertyValueSpecification","valueRequired":true,"valueName":"search_term_string"}}],"inLanguage":"de"}]}},"_links":{"self":[{"href":"https:\/\/www.portablebar.com\/de\/wp-json\/wp\/v2\/product\/662","targetHints":{"allow":["GET"]}}],"collection":[{"href":"https:\/\/www.portablebar.com\/de\/wp-json\/wp\/v2\/product"}],"about":[{"href":"https:\/\/www.portablebar.com\/de\/wp-json\/wp\/v2\/types\/product"}],"replies":[{"embeddable":true,"href":"https:\/\/www.portablebar.com\/de\/wp-json\/wp\/v2\/comments?post=662"}],"version-history":[{"count":2,"href":"https:\/\/www.portablebar.com\/de\/wp-json\/wp\/v2\/product\/662\/revisions"}],"predecessor-version":[{"id":30384,"href":"https:\/\/www.portablebar.com\/de\/wp-json\/wp\/v2\/product\/662\/revisions\/30384"}],"wp:featuredmedia":[{"embeddable":true,"href":"https:\/\/www.portablebar.com\/de\/wp-json\/wp\/v2\/media\/657"}],"wp:attachment":[{"href":"https:\/\/www.portablebar.com\/de\/wp-json\/wp\/v2\/media?parent=662"}],"wp:term":[{"taxonomy":"product_brand","embeddable":true,"href":"https:\/\/www.portablebar.com\/de\/wp-json\/wp\/v2\/product_brand?post=662"},{"taxonomy":"product_cat","embeddable":true,"href":"https:\/\/www.portablebar.com\/de\/wp-json\/wp\/v2\/product_cat?post=662"},{"taxonomy":"product_tag","embeddable":true,"href":"https:\/\/www.portablebar.com\/de\/wp-json\/wp\/v2\/product_tag?post=662"}],"curies":[{"name":"wp","href":"https:\/\/api.w.org\/{rel}","templated":true}]}}