{"id":4954,"date":"2018-02-16T17:30:29","date_gmt":"2018-02-17T00:30:29","guid":{"rendered":"https:\/\/www.portablebar.com\/wee\/?post_type=product&#038;p=4954"},"modified":"2025-02-11T10:05:21","modified_gmt":"2025-02-11T15:05:21","slug":"minibar-abdeckung","status":"publish","type":"product","link":"https:\/\/www.portablebar.com\/de\/p\/minibar-abdeckung\/","title":{"rendered":"Schutzh\u00fclle f\u00fcr tragbare Minibar"},"content":{"rendered":"<p>Diese Abdeckung passt auf die <a href=\"\/de\/p\/tragbare-minibar\/\">Tragbare Mini-Bar<\/a><\/p>\n<p>Die tragbaren Barabdeckungen sind aus strapazierf\u00e4higem, wasserfestem Nylongewebe gefertigt.<\/p>\n<p>Zu jeder Barabdeckung geh\u00f6ren zwei Nylongurte zum Aufh\u00e4ngen der Barabdeckung w\u00e4hrend der Lagerung.<\/p>","protected":false},"excerpt":{"rendered":"<p>Diese Abdeckung passt f\u00fcr die Mini Portable Bar Tragbare Barabdeckungen sind aus strapazierf\u00e4higem, wasserfestem Nylongewebe gefertigt. Jede Barabdeckung enth\u00e4lt zwei Nylongurte, um die Bar w\u00e4hrend der Lagerung aufzuh\u00e4ngen.<\/p>","protected":false},"featured_media":2154,"comment_status":"closed","ping_status":"closed","template":"","meta":{"_acf_changed":false,"footnotes":""},"product_brand":[],"product_cat":[243],"product_tag":[],"class_list":{"0":"post-4954","1":"product","2":"type-product","3":"status-publish","4":"has-post-thumbnail","6":"product_cat-portable-bar-accessories-mini","7":"product_shipping_class-liquor-displays","8":"tm-no-options-pxq","10":"first","11":"instock","12":"taxable","13":"shipping-taxable","14":"purchasable","15":"product-type-simple"},"acf":[],"gallery_images":[],"yoast_head":"<!-- This site is optimized with the Yoast SEO plugin v26.7 - https:\/\/yoast.com\/wordpress\/plugins\/seo\/ -->\n<title>Protective Cover for Portable Mini Bar - Portable Bars by Customized Designs<\/title>\n<meta name=\"description\" content=\"Protective Cover for Portable Mini Bar - This cover fits the Mini Portable Bar Portable bar covers are made with heavy duty water resistant nylon canvas. Each bar cover includes two nylon straps Portable Bars by Customized Designs\" \/>\n<meta name=\"robots\" content=\"index, follow, max-snippet:-1, max-image-preview:large, max-video-preview:-1\" \/>\n<link rel=\"canonical\" href=\"https:\/\/www.portablebar.com\/de\/p\/minibar-abdeckung\/\" \/>\n<meta property=\"og:locale\" content=\"de_DE\" \/>\n<meta property=\"og:type\" content=\"article\" \/>\n<meta property=\"og:title\" content=\"Protective Cover for Portable Mini Bar - Portable Bars by Customized Designs\" \/>\n<meta property=\"og:description\" content=\"Protective Cover for Portable Mini Bar - This cover fits the Mini Portable Bar Portable bar covers are made with heavy duty water resistant nylon canvas. Each bar cover includes two nylon straps Portable Bars by Customized Designs\" \/>\n<meta property=\"og:url\" content=\"https:\/\/www.portablebar.com\/de\/p\/minibar-abdeckung\/\" \/>\n<meta property=\"og:site_name\" content=\"Portable Bars by Customized Designs\" \/>\n<meta property=\"article:modified_time\" content=\"2025-02-11T15:05:21+00:00\" \/>\n<meta property=\"og:image\" content=\"https:\/\/www.portablebar.com\/wp-content\/uploads\/2018\/02\/portable_bar_cover_sm_1_3.jpg\" \/>\n\t<meta property=\"og:image:width\" content=\"1000\" \/>\n\t<meta property=\"og:image:height\" content=\"1000\" \/>\n\t<meta property=\"og:image:type\" content=\"image\/jpeg\" \/>\n<meta name=\"twitter:card\" content=\"summary_large_image\" \/>\n<script type=\"application\/ld+json\" class=\"yoast-schema-graph\">{\"@context\":\"https:\/\/schema.org\",\"@graph\":[{\"@type\":\"WebPage\",\"@id\":\"https:\/\/www.portablebar.com\/de\/p\/minibar-abdeckung\/\",\"url\":\"https:\/\/www.portablebar.com\/de\/p\/minibar-abdeckung\/\",\"name\":\"Protective Cover for Portable Mini Bar - Portable Bars by Customized Designs\",\"isPartOf\":{\"@id\":\"https:\/\/www.portablebar.com\/de\/#website\"},\"primaryImageOfPage\":{\"@id\":\"https:\/\/www.portablebar.com\/de\/p\/minibar-abdeckung\/#primaryimage\"},\"image\":{\"@id\":\"https:\/\/www.portablebar.com\/de\/p\/minibar-abdeckung\/#primaryimage\"},\"thumbnailUrl\":\"https:\/\/www.portablebar.com\/wp-content\/uploads\/2018\/02\/portable_bar_cover_sm_1_3.jpg\",\"datePublished\":\"2018-02-17T00:30:29+00:00\",\"dateModified\":\"2025-02-11T15:05:21+00:00\",\"description\":\"Protective Cover for Portable Mini Bar - This cover fits the Mini Portable Bar Portable bar covers are made with heavy duty water resistant nylon canvas. Each bar cover includes two nylon straps Portable Bars by Customized Designs\",\"breadcrumb\":{\"@id\":\"https:\/\/www.portablebar.com\/de\/p\/minibar-abdeckung\/#breadcrumb\"},\"inLanguage\":\"de\",\"potentialAction\":[{\"@type\":\"ReadAction\",\"target\":[\"https:\/\/www.portablebar.com\/de\/p\/minibar-abdeckung\/\"]}]},{\"@type\":\"ImageObject\",\"inLanguage\":\"de\",\"@id\":\"https:\/\/www.portablebar.com\/de\/p\/minibar-abdeckung\/#primaryimage\",\"url\":\"https:\/\/www.portablebar.com\/wp-content\/uploads\/2018\/02\/portable_bar_cover_sm_1_3.jpg\",\"contentUrl\":\"https:\/\/www.portablebar.com\/wp-content\/uploads\/2018\/02\/portable_bar_cover_sm_1_3.jpg\",\"width\":1000,\"height\":1000,\"caption\":\"Portable Bar Cover\"},{\"@type\":\"BreadcrumbList\",\"@id\":\"https:\/\/www.portablebar.com\/de\/p\/minibar-abdeckung\/#breadcrumb\",\"itemListElement\":[{\"@type\":\"ListItem\",\"position\":1,\"name\":\"Home\",\"item\":\"https:\/\/www.portablebar.com\/\"},{\"@type\":\"ListItem\",\"position\":2,\"name\":\"Products\",\"item\":\"https:\/\/www.portablebar.com\/shop\/\"},{\"@type\":\"ListItem\",\"position\":3,\"name\":\"Protective Cover for Portable Mini Bar\"}]},{\"@type\":\"WebSite\",\"@id\":\"https:\/\/www.portablebar.com\/de\/#website\",\"url\":\"https:\/\/www.portablebar.com\/de\/\",\"name\":\"Portable Bars by Customized Designs\",\"description\":\"\",\"potentialAction\":[{\"@type\":\"SearchAction\",\"target\":{\"@type\":\"EntryPoint\",\"urlTemplate\":\"https:\/\/www.portablebar.com\/de\/?s={search_term_string}\"},\"query-input\":{\"@type\":\"PropertyValueSpecification\",\"valueRequired\":true,\"valueName\":\"search_term_string\"}}],\"inLanguage\":\"de\"}]}<\/script>\n<!-- \/ Yoast SEO plugin. -->","yoast_head_json":{"title":"Schutzh\u00fclle f\u00fcr tragbare Minibar - Tragbare Bars von Customized Designs","description":"Schutzh\u00fclle f\u00fcr tragbare Mini Bar - Diese H\u00fclle passt f\u00fcr die Mini Portable Bar Tragbare Barh\u00fcllen sind aus strapazierf\u00e4higem, wasserfestem Nylongewebe gefertigt. Jede Bar Abdeckung umfasst zwei Nylon-Riemen Portable Bars von Customized Designs","robots":{"index":"index","follow":"follow","max-snippet":"max-snippet:-1","max-image-preview":"max-image-preview:large","max-video-preview":"max-video-preview:-1"},"canonical":"https:\/\/www.portablebar.com\/de\/p\/minibar-abdeckung\/","og_locale":"de_DE","og_type":"article","og_title":"Protective Cover for Portable Mini Bar - Portable Bars by Customized Designs","og_description":"Protective Cover for Portable Mini Bar - This cover fits the Mini Portable Bar Portable bar covers are made with heavy duty water resistant nylon canvas. Each bar cover includes two nylon straps Portable Bars by Customized Designs","og_url":"https:\/\/www.portablebar.com\/de\/p\/minibar-abdeckung\/","og_site_name":"Portable Bars by Customized Designs","article_modified_time":"2025-02-11T15:05:21+00:00","og_image":[{"width":1000,"height":1000,"url":"https:\/\/www.portablebar.com\/wp-content\/uploads\/2018\/02\/portable_bar_cover_sm_1_3.jpg","type":"image\/jpeg"}],"twitter_card":"summary_large_image","schema":{"@context":"https:\/\/schema.org","@graph":[{"@type":"WebPage","@id":"https:\/\/www.portablebar.com\/de\/p\/minibar-abdeckung\/","url":"https:\/\/www.portablebar.com\/de\/p\/minibar-abdeckung\/","name":"Schutzh\u00fclle f\u00fcr tragbare Minibar - Tragbare Bars von Customized Designs","isPartOf":{"@id":"https:\/\/www.portablebar.com\/de\/#website"},"primaryImageOfPage":{"@id":"https:\/\/www.portablebar.com\/de\/p\/minibar-abdeckung\/#primaryimage"},"image":{"@id":"https:\/\/www.portablebar.com\/de\/p\/minibar-abdeckung\/#primaryimage"},"thumbnailUrl":"https:\/\/www.portablebar.com\/wp-content\/uploads\/2018\/02\/portable_bar_cover_sm_1_3.jpg","datePublished":"2018-02-17T00:30:29+00:00","dateModified":"2025-02-11T15:05:21+00:00","description":"Schutzh\u00fclle f\u00fcr tragbare Mini Bar - Diese H\u00fclle passt f\u00fcr die Mini Portable Bar Tragbare Barh\u00fcllen sind aus strapazierf\u00e4higem, wasserfestem Nylongewebe gefertigt. Jede Bar Abdeckung umfasst zwei Nylon-Riemen Portable Bars von Customized Designs","breadcrumb":{"@id":"https:\/\/www.portablebar.com\/de\/p\/minibar-abdeckung\/#breadcrumb"},"inLanguage":"de","potentialAction":[{"@type":"ReadAction","target":["https:\/\/www.portablebar.com\/de\/p\/minibar-abdeckung\/"]}]},{"@type":"ImageObject","inLanguage":"de","@id":"https:\/\/www.portablebar.com\/de\/p\/minibar-abdeckung\/#primaryimage","url":"https:\/\/www.portablebar.com\/wp-content\/uploads\/2018\/02\/portable_bar_cover_sm_1_3.jpg","contentUrl":"https:\/\/www.portablebar.com\/wp-content\/uploads\/2018\/02\/portable_bar_cover_sm_1_3.jpg","width":1000,"height":1000,"caption":"Portable Bar Cover"},{"@type":"BreadcrumbList","@id":"https:\/\/www.portablebar.com\/de\/p\/minibar-abdeckung\/#breadcrumb","itemListElement":[{"@type":"ListItem","position":1,"name":"Home","item":"https:\/\/www.portablebar.com\/"},{"@type":"ListItem","position":2,"name":"Products","item":"https:\/\/www.portablebar.com\/shop\/"},{"@type":"ListItem","position":3,"name":"Protective Cover for Portable Mini Bar"}]},{"@type":"WebSite","@id":"https:\/\/www.portablebar.com\/de\/#website","url":"https:\/\/www.portablebar.com\/de\/","name":"Tragbare Bars von Customized Designs","description":"","potentialAction":[{"@type":"SearchAction","target":{"@type":"EntryPoint","urlTemplate":"https:\/\/www.portablebar.com\/de\/?s={search_term_string}"},"query-input":{"@type":"PropertyValueSpecification","valueRequired":true,"valueName":"search_term_string"}}],"inLanguage":"de"}]}},"_links":{"self":[{"href":"https:\/\/www.portablebar.com\/de\/wp-json\/wp\/v2\/product\/4954","targetHints":{"allow":["GET"]}}],"collection":[{"href":"https:\/\/www.portablebar.com\/de\/wp-json\/wp\/v2\/product"}],"about":[{"href":"https:\/\/www.portablebar.com\/de\/wp-json\/wp\/v2\/types\/product"}],"replies":[{"embeddable":true,"href":"https:\/\/www.portablebar.com\/de\/wp-json\/wp\/v2\/comments?post=4954"}],"version-history":[{"count":0,"href":"https:\/\/www.portablebar.com\/de\/wp-json\/wp\/v2\/product\/4954\/revisions"}],"wp:featuredmedia":[{"embeddable":true,"href":"https:\/\/www.portablebar.com\/de\/wp-json\/wp\/v2\/media\/2154"}],"wp:attachment":[{"href":"https:\/\/www.portablebar.com\/de\/wp-json\/wp\/v2\/media?parent=4954"}],"wp:term":[{"taxonomy":"product_brand","embeddable":true,"href":"https:\/\/www.portablebar.com\/de\/wp-json\/wp\/v2\/product_brand?post=4954"},{"taxonomy":"product_cat","embeddable":true,"href":"https:\/\/www.portablebar.com\/de\/wp-json\/wp\/v2\/product_cat?post=4954"},{"taxonomy":"product_tag","embeddable":true,"href":"https:\/\/www.portablebar.com\/de\/wp-json\/wp\/v2\/product_tag?post=4954"}],"curies":[{"name":"wp","href":"https:\/\/api.w.org\/{rel}","templated":true}]}}