{"id":28716,"date":"2025-02-04T14:27:46","date_gmt":"2025-02-04T19:27:46","guid":{"rendered":"https:\/\/www.portablebar.com\/?post_type=product&#038;p=28716"},"modified":"2026-04-09T07:34:46","modified_gmt":"2026-04-09T11:34:46","slug":"tragbare-ruckenlehne-72","status":"publish","type":"product","link":"https:\/\/www.portablebar.com\/de\/p\/ruckenlehne-72\/","title":{"rendered":"Portable Back Bar 72"},"content":{"rendered":"<h2>Gebaut f\u00fcr den Einsatz in gro\u00dfen Mengen<\/h2>\n<p class=\"lead-text\">Die <strong>R\u00fcckseite Bar 72<\/strong> ist unsere gr\u00f6\u00dfte Servicestation, die f\u00fcr Veranstaltungen mit hohem Aufkommen und Teams mit mehreren Barkeepern konzipiert ist.<\/p>\n<p>Wenn Sie Hunderte von G\u00e4sten bedienen, ist Organisation alles. Die Back Bar 72 bietet eine massive 6-Fu\u00df-Fu\u00df-Fl\u00e4che, die unsere gr\u00f6\u00dferen Frontbars erg\u00e4nzt (wie die <a href=\"https:\/\/www.portablebar.com\/de\/tragbare-bar-77\/\">Gipfel 77<\/a>). Sie bietet\u00a0<strong>vier Schiebet\u00fcren an der R\u00fcckwand<\/strong>Dadurch haben Sie doppelt so viel Stauraum wie bei unseren kleineren Modellen, um F\u00e4sser, Kisten und Zubeh\u00f6r zu verstecken. Er eignet sich auch als eigenst\u00e4ndiger Stehtisch f\u00fcr Au\u00dfenstellen bei Hochzeiten, Kongressen und Firmenveranstaltungen.<\/p>\n<div class=\"product-description-container\">\n<hr \/>\n<h2>Arbeitsablauf und Effizienz<\/h2>\n<h3>Vielseitige modulare Platte<\/h3>\n<p>Die Arbeitsfl\u00e4che ist in drei modulare Abschnitte unterteilt, so dass Sie die Bar je nach Geschwindigkeit konfigurieren k\u00f6nnen. Sie k\u00f6nnen die Standard-Schneidebrettauflagen in Sekundenschnelle gegen Eisbeh\u00e4lter austauschen.<\/p>\n<ul>\n<li><strong>Pro-Grade Oberfl\u00e4che:<\/strong> Unsere flachen Platten sind aus NSF-zertifiziertem Polyethylen-Schneidebrettmaterial hergestellt. Sie sind hygienisch, schmutzabweisend und f\u00fcr die gewerbliche Nutzung ausgelegt.<\/li>\n<li><strong>Beh\u00e4lter mit hohem Fassungsverm\u00f6gen:<\/strong> Jeder optionale Beh\u00e4lter fasst etwa <strong>25-30 Pfund Eis<\/strong> oder <strong>36-48 abgef\u00fcllte Getr\u00e4nke<\/strong>. Konfigurieren Sie den Aufsatz mit mehreren Beh\u00e4ltern, um eine spezielle Bierstation oder einen Hochgeschwindigkeits-Cocktailbrunnen zu schaffen.<\/li>\n<\/ul>\n<h3>Schnelle Einrichtung<\/h3>\n<p>Trotz ihrer kommerziellen Gr\u00f6\u00dfe ist diese 72-Backbar absolut tragbar. Das in sich geschlossene Faltdesign l\u00e4sst den 72\u2033-Rahmen auf eine Tiefe von nur 5 Zoll zusammenklappen, so dass eine einzelne Person ihn am Ende des Abends ausladen kann.<\/p>\n<hr \/>\n<h2>Technische Daten<\/h2>\n<table style=\"width: 100%; border-collapse: collapse; margin-bottom: 20px;\">\n<tbody>\n<tr style=\"border-bottom: 1px solid #ddd;\">\n<td style=\"padding: 10px; font-weight: bold;\">Montierte Abmessungen<\/td>\n<td style=\"padding: 10px;\">72\u2033 B x 26\u2033 T x 37\u2033 H<\/td>\n<\/tr>\n<tr style=\"border-bottom: 1px solid #ddd;\">\n<td style=\"padding: 10px; font-weight: bold;\">Zusammengeklappt Abmessungen<\/td>\n<td style=\"padding: 10px;\">72\u2033 B x 5\u2033 T x 37\u2033 H<\/td>\n<\/tr>\n<tr style=\"border-bottom: 1px solid #ddd;\">\n<td style=\"padding: 10px; font-weight: bold;\">Gewicht<\/td>\n<td style=\"padding: 10px;\">70 lbs (zusammengeklappt)<\/td>\n<\/tr>\n<tr style=\"border-bottom: 1px solid #ddd;\">\n<td style=\"padding: 10px; font-weight: bold;\">Speicherzugang<\/td>\n<td style=\"padding: 10px;\">4 Schiebet\u00fcren hinten<\/td>\n<\/tr>\n<tr>\n<td style=\"padding: 10px; font-weight: bold;\">Beleuchtung<\/td>\n<td style=\"padding: 10px;\">Nexus LED System (inklusive Fernbedienung)<\/td>\n<\/tr>\n<\/tbody>\n<\/table>\n<h2>Anpassungsoptionen<\/h2>\n<h3>Logos &amp; Branding (inbegriffen)<\/h3>\n<p>Die Frontplatten werden von uns ohne zus\u00e4tzliche Kosten in Farbe bedruckt. Ganz gleich, ob Sie ein Hochzeitsmonogramm, einen Firmensponsor oder das Logo Ihres eigenen Verleihunternehmens hervorheben m\u00f6chten, wir installieren die Grafiken im Werk, damit Ihre Bar sofort einsatzbereit ist.<br \/>\n<a href=\"\/de\/tragbare-bar-branding-grafiken\/\">Die Anforderungen finden Sie in unserem Grafikleitfaden.<\/a><\/p>\n<h3>Panel-Typ: Feststehend vs. austauschbar<\/h3>\n<p>W\u00e4hlen Sie die Art der Befestigung, die zu Ihrem Arbeitsablauf passt:<\/p>\n<ul>\n<li><strong>Feststehende Paneele (Standard):<\/strong> Ideal f\u00fcr permanente Installationen oder Marken, die sich nicht \u00e4ndern. Die Platten werden mit hochfestem Klebstoff semi-permanent befestigt.<\/li>\n<li><strong>Austauschbare Paneele (Upgrade):<\/strong> Unverzichtbar f\u00fcr Verleihfirmen und Agenturen. Die Paneele werden mit 3M Dual Lock (industrieller Klettverschluss) befestigt, so dass Sie die Grafiken in wenigen Minuten austauschen k\u00f6nnen.<\/li>\n<\/ul>\n<div style=\"background-color: #f9f9f9; padding: 20px; border-left: 5px solid #333; margin-top: 30px;\">\n<h3 style=\"margin-top: 0;\">Ressourcen und Downloads<\/h3>\n<ul style=\"list-style: none; padding-left: 0;\">\n<li style=\"margin-bottom: 10px;\">\ud83d\udcc4 <a href=\"https:\/\/www.portablebar.com\/wp-content\/uploads\/2025\/02\/72-Back-Bar-Customer-Template.pdf\" target=\"_blank\" rel=\"noopener\">Grafikvorlage herunterladen (PDF)<\/a><\/li>\n<li style=\"margin-bottom: 10px;\">\u26a1 <a href=\"https:\/\/www.portablebar.com\/de\/p\/batterieladegerat\/\">Informationen zu Batterielebensdauer und Stromverbrauch<\/a><\/li>\n<li>\ud83d\udca1 <a href=\"\/de\/tragbare-bar-branding-beleuchtung\/\">Leitfaden: Wie Grafiken auf LED-Beleuchtung reagieren<\/a><\/li>\n<\/ul>\n<\/div>\n<\/div>","protected":false},"excerpt":{"rendered":"<style>\r\n.price-wrapper {\r\n    display: none;\r\n}\r\n<\/style>","protected":false},"featured_media":28717,"comment_status":"open","ping_status":"closed","template":"","meta":{"_acf_changed":false,"footnotes":""},"product_brand":[],"product_cat":[252],"product_tag":[],"class_list":{"0":"post-28716","1":"product","2":"type-product","3":"status-publish","4":"has-post-thumbnail","6":"product_cat-portable-back-bar","7":"product_shipping_class-ltl_freight","8":"tm-has-options","10":"first","11":"instock","12":"taxable","13":"shipping-taxable","14":"purchasable","15":"product-type-simple"},"acf":[],"gallery_images":[28721,28823,28718,28817,28720,30172,30171],"yoast_head":"<!-- This site is optimized with the Yoast SEO plugin v26.7 - https:\/\/yoast.com\/wordpress\/plugins\/seo\/ -->\n<title>Portable Back Bar 72 | Folding, Lightweight &amp; Customizable<\/title>\n<meta name=\"description\" content=\"Discover the Portable Back Bar 72 \u2013 a lightweight, foldable, and customizable bar for events, weddings, and conventions. Interchangeable top panels, LED lighting &amp; branding options.\" \/>\n<meta name=\"robots\" content=\"index, follow, max-snippet:-1, max-image-preview:large, max-video-preview:-1\" \/>\n<link rel=\"canonical\" href=\"https:\/\/www.portablebar.com\/de\/p\/ruckenlehne-72\/\" \/>\n<meta property=\"og:locale\" content=\"de_DE\" \/>\n<meta property=\"og:type\" content=\"article\" \/>\n<meta property=\"og:title\" content=\"Portable Back Bar 72 | Folding, Lightweight &amp; Customizable\" \/>\n<meta property=\"og:description\" content=\"Discover the Portable Back Bar 72 \u2013 a lightweight, foldable, and customizable bar for events, weddings, and conventions. Interchangeable top panels, LED lighting &amp; branding options.\" \/>\n<meta property=\"og:url\" content=\"https:\/\/www.portablebar.com\/de\/p\/ruckenlehne-72\/\" \/>\n<meta property=\"og:site_name\" content=\"Portable Bars by Customized Designs\" \/>\n<meta property=\"article:modified_time\" content=\"2026-04-09T11:34:46+00:00\" \/>\n<meta property=\"og:image\" content=\"https:\/\/www.portablebar.com\/wp-content\/uploads\/2025\/02\/portable-back-bar-72.jpg\" \/>\n\t<meta property=\"og:image:width\" content=\"2000\" \/>\n\t<meta property=\"og:image:height\" content=\"1534\" \/>\n\t<meta property=\"og:image:type\" content=\"image\/jpeg\" \/>\n<meta name=\"twitter:card\" content=\"summary_large_image\" \/>\n<meta name=\"twitter:label1\" content=\"Gesch\u00e4tzte Lesezeit\" \/>\n\t<meta name=\"twitter:data1\" content=\"2\u00a0Minuten\" \/>\n<script type=\"application\/ld+json\" class=\"yoast-schema-graph\">{\"@context\":\"https:\/\/schema.org\",\"@graph\":[{\"@type\":\"WebPage\",\"@id\":\"https:\/\/www.portablebar.com\/de\/p\/ruckenlehne-72\/\",\"url\":\"https:\/\/www.portablebar.com\/de\/p\/ruckenlehne-72\/\",\"name\":\"Portable Back Bar 72 | Folding, Lightweight & Customizable\",\"isPartOf\":{\"@id\":\"https:\/\/www.portablebar.com\/de\/#website\"},\"primaryImageOfPage\":{\"@id\":\"https:\/\/www.portablebar.com\/de\/p\/ruckenlehne-72\/#primaryimage\"},\"image\":{\"@id\":\"https:\/\/www.portablebar.com\/de\/p\/ruckenlehne-72\/#primaryimage\"},\"thumbnailUrl\":\"https:\/\/www.portablebar.com\/wp-content\/uploads\/2025\/02\/portable-back-bar-72.jpg\",\"datePublished\":\"2025-02-04T19:27:46+00:00\",\"dateModified\":\"2026-04-09T11:34:46+00:00\",\"description\":\"Discover the Portable Back Bar 72 \u2013 a lightweight, foldable, and customizable bar for events, weddings, and conventions. Interchangeable top panels, LED lighting & branding options.\",\"breadcrumb\":{\"@id\":\"https:\/\/www.portablebar.com\/de\/p\/ruckenlehne-72\/#breadcrumb\"},\"inLanguage\":\"de\",\"potentialAction\":[{\"@type\":\"ReadAction\",\"target\":[\"https:\/\/www.portablebar.com\/de\/p\/ruckenlehne-72\/\"]}]},{\"@type\":\"ImageObject\",\"inLanguage\":\"de\",\"@id\":\"https:\/\/www.portablebar.com\/de\/p\/ruckenlehne-72\/#primaryimage\",\"url\":\"https:\/\/www.portablebar.com\/wp-content\/uploads\/2025\/02\/portable-back-bar-72.jpg\",\"contentUrl\":\"https:\/\/www.portablebar.com\/wp-content\/uploads\/2025\/02\/portable-back-bar-72.jpg\",\"width\":2000,\"height\":1534,\"caption\":\"72 Portable Back Bar\"},{\"@type\":\"BreadcrumbList\",\"@id\":\"https:\/\/www.portablebar.com\/de\/p\/ruckenlehne-72\/#breadcrumb\",\"itemListElement\":[{\"@type\":\"ListItem\",\"position\":1,\"name\":\"Home\",\"item\":\"https:\/\/www.portablebar.com\/\"},{\"@type\":\"ListItem\",\"position\":2,\"name\":\"Products\",\"item\":\"https:\/\/www.portablebar.com\/shop\/\"},{\"@type\":\"ListItem\",\"position\":3,\"name\":\"Portable Back Bar 72\"}]},{\"@type\":\"WebSite\",\"@id\":\"https:\/\/www.portablebar.com\/de\/#website\",\"url\":\"https:\/\/www.portablebar.com\/de\/\",\"name\":\"Portable Bars by Customized Designs\",\"description\":\"\",\"potentialAction\":[{\"@type\":\"SearchAction\",\"target\":{\"@type\":\"EntryPoint\",\"urlTemplate\":\"https:\/\/www.portablebar.com\/de\/?s={search_term_string}\"},\"query-input\":{\"@type\":\"PropertyValueSpecification\",\"valueRequired\":true,\"valueName\":\"search_term_string\"}}],\"inLanguage\":\"de\"}]}<\/script>\n<!-- \/ Yoast SEO plugin. -->","yoast_head_json":{"title":"Tragbare Back Bar 72 | klappbar, leicht &amp; anpassbar","description":"Entdecken Sie die Portable Back Bar 72 - eine leichte, faltbare und anpassbare Bar f\u00fcr Veranstaltungen, Hochzeiten und Kongresse. Austauschbare Abdeckplatten, LED-Beleuchtung und Branding-Optionen.","robots":{"index":"index","follow":"follow","max-snippet":"max-snippet:-1","max-image-preview":"max-image-preview:large","max-video-preview":"max-video-preview:-1"},"canonical":"https:\/\/www.portablebar.com\/de\/p\/ruckenlehne-72\/","og_locale":"de_DE","og_type":"article","og_title":"Portable Back Bar 72 | Folding, Lightweight & Customizable","og_description":"Discover the Portable Back Bar 72 \u2013 a lightweight, foldable, and customizable bar for events, weddings, and conventions. Interchangeable top panels, LED lighting & branding options.","og_url":"https:\/\/www.portablebar.com\/de\/p\/ruckenlehne-72\/","og_site_name":"Portable Bars by Customized Designs","article_modified_time":"2026-04-09T11:34:46+00:00","og_image":[{"width":2000,"height":1534,"url":"https:\/\/www.portablebar.com\/wp-content\/uploads\/2025\/02\/portable-back-bar-72.jpg","type":"image\/jpeg"}],"twitter_card":"summary_large_image","twitter_misc":{"Gesch\u00e4tzte Lesezeit":"2\u00a0Minuten"},"schema":{"@context":"https:\/\/schema.org","@graph":[{"@type":"WebPage","@id":"https:\/\/www.portablebar.com\/de\/p\/ruckenlehne-72\/","url":"https:\/\/www.portablebar.com\/de\/p\/ruckenlehne-72\/","name":"Tragbare Back Bar 72 | klappbar, leicht &amp; anpassbar","isPartOf":{"@id":"https:\/\/www.portablebar.com\/de\/#website"},"primaryImageOfPage":{"@id":"https:\/\/www.portablebar.com\/de\/p\/ruckenlehne-72\/#primaryimage"},"image":{"@id":"https:\/\/www.portablebar.com\/de\/p\/ruckenlehne-72\/#primaryimage"},"thumbnailUrl":"https:\/\/www.portablebar.com\/wp-content\/uploads\/2025\/02\/portable-back-bar-72.jpg","datePublished":"2025-02-04T19:27:46+00:00","dateModified":"2026-04-09T11:34:46+00:00","description":"Entdecken Sie die Portable Back Bar 72 - eine leichte, faltbare und anpassbare Bar f\u00fcr Veranstaltungen, Hochzeiten und Kongresse. Austauschbare Abdeckplatten, LED-Beleuchtung und Branding-Optionen.","breadcrumb":{"@id":"https:\/\/www.portablebar.com\/de\/p\/ruckenlehne-72\/#breadcrumb"},"inLanguage":"de","potentialAction":[{"@type":"ReadAction","target":["https:\/\/www.portablebar.com\/de\/p\/ruckenlehne-72\/"]}]},{"@type":"ImageObject","inLanguage":"de","@id":"https:\/\/www.portablebar.com\/de\/p\/ruckenlehne-72\/#primaryimage","url":"https:\/\/www.portablebar.com\/wp-content\/uploads\/2025\/02\/portable-back-bar-72.jpg","contentUrl":"https:\/\/www.portablebar.com\/wp-content\/uploads\/2025\/02\/portable-back-bar-72.jpg","width":2000,"height":1534,"caption":"72 Portable Back Bar"},{"@type":"BreadcrumbList","@id":"https:\/\/www.portablebar.com\/de\/p\/ruckenlehne-72\/#breadcrumb","itemListElement":[{"@type":"ListItem","position":1,"name":"Home","item":"https:\/\/www.portablebar.com\/"},{"@type":"ListItem","position":2,"name":"Products","item":"https:\/\/www.portablebar.com\/shop\/"},{"@type":"ListItem","position":3,"name":"Portable Back Bar 72"}]},{"@type":"WebSite","@id":"https:\/\/www.portablebar.com\/de\/#website","url":"https:\/\/www.portablebar.com\/de\/","name":"Tragbare Bars von Customized Designs","description":"","potentialAction":[{"@type":"SearchAction","target":{"@type":"EntryPoint","urlTemplate":"https:\/\/www.portablebar.com\/de\/?s={search_term_string}"},"query-input":{"@type":"PropertyValueSpecification","valueRequired":true,"valueName":"search_term_string"}}],"inLanguage":"de"}]}},"_links":{"self":[{"href":"https:\/\/www.portablebar.com\/de\/wp-json\/wp\/v2\/product\/28716","targetHints":{"allow":["GET"]}}],"collection":[{"href":"https:\/\/www.portablebar.com\/de\/wp-json\/wp\/v2\/product"}],"about":[{"href":"https:\/\/www.portablebar.com\/de\/wp-json\/wp\/v2\/types\/product"}],"replies":[{"embeddable":true,"href":"https:\/\/www.portablebar.com\/de\/wp-json\/wp\/v2\/comments?post=28716"}],"version-history":[{"count":1,"href":"https:\/\/www.portablebar.com\/de\/wp-json\/wp\/v2\/product\/28716\/revisions"}],"predecessor-version":[{"id":30173,"href":"https:\/\/www.portablebar.com\/de\/wp-json\/wp\/v2\/product\/28716\/revisions\/30173"}],"wp:featuredmedia":[{"embeddable":true,"href":"https:\/\/www.portablebar.com\/de\/wp-json\/wp\/v2\/media\/28717"}],"wp:attachment":[{"href":"https:\/\/www.portablebar.com\/de\/wp-json\/wp\/v2\/media?parent=28716"}],"wp:term":[{"taxonomy":"product_brand","embeddable":true,"href":"https:\/\/www.portablebar.com\/de\/wp-json\/wp\/v2\/product_brand?post=28716"},{"taxonomy":"product_cat","embeddable":true,"href":"https:\/\/www.portablebar.com\/de\/wp-json\/wp\/v2\/product_cat?post=28716"},{"taxonomy":"product_tag","embeddable":true,"href":"https:\/\/www.portablebar.com\/de\/wp-json\/wp\/v2\/product_tag?post=28716"}],"curies":[{"name":"wp","href":"https:\/\/api.w.org\/{rel}","templated":true}]}}