{"id":2168,"date":"2018-02-05T14:39:50","date_gmt":"2018-02-05T21:39:50","guid":{"rendered":"https:\/\/www.portablebar.com\/woo\/?post_type=product&#038;p=2168"},"modified":"2021-08-31T07:22:30","modified_gmt":"2021-08-31T11:22:30","slug":"77-seitenteile","status":"publish","type":"product","link":"https:\/\/www.portablebar.com\/de\/p\/77-seitenteile\/","title":{"rendered":"77\u2033 Portable Bar Ersatzpaneele"},"content":{"rendered":"<p>Auf dieser Seite k\u00f6nnen Sie zus\u00e4tzliche oder Ersatzplatten f\u00fcr das <a href=\"\/de\/p\/77-mobile-bar\/\">77\u2033 Portable Bar<\/a><\/p>\n<p><strong>Ersetzen bestehender Stegplatten<\/strong><br \/>\nBeim Ersetzen vorhandener Stegplatten m\u00fcssen Sie sicherstellen, dass Sie austauschbare Platten haben. Wenn Ihre Paneele nicht mit 3M Velco montiert sind, m\u00fcssen Sie das 3M Tape kaufen, um Ihre Paneele neu zu befestigen, oder 3M Velcro f\u00fcr neue und alte Paneele, um sie austauschbar zu machen.<\/p>\n<p><strong>Versand<\/strong><br \/>\n77 Frontplatten sind zu gro\u00df f\u00fcr den Versand mit Fedex oder UPS und m\u00fcssen per Fracht verschickt werden. F\u00fcr ein Frachtangebot f\u00fcr Frontplatten m\u00fcssen Sie uns kontaktieren.<\/p>","protected":false},"excerpt":{"rendered":"<p>Benutzen Sie diese Seite, um zus\u00e4tzliche oder Ersatzplatten f\u00fcr die 77\u2033 Portable Bar zu bestellen. Ersetzen bestehender Barplatten Wenn Sie bestehende Barplatten ersetzen, m\u00fcssen Sie sicherstellen, dass Sie austauschbare Platten haben. Wenn Ihre Paneele nicht mit 3M Velco befestigt sind, m\u00fcssen Sie das 3M Tape kaufen, um Ihre Paneele wieder zu befestigen, oder 3M Velcro f\u00fcr<\/p>","protected":false},"featured_media":2175,"comment_status":"closed","ping_status":"closed","template":"","meta":{"_acf_changed":false,"footnotes":""},"product_brand":[],"product_cat":[241],"product_tag":[],"class_list":{"0":"post-2168","1":"product","2":"type-product","3":"status-publish","4":"has-post-thumbnail","6":"product_cat-portable-bar-accessories-77","7":"product_shipping_class-freight","8":"tm-has-options","10":"first","11":"instock","12":"taxable","13":"shipping-taxable","14":"purchasable","15":"product-type-simple"},"acf":[],"gallery_images":[],"yoast_head":"<!-- This site is optimized with the Yoast SEO plugin v26.7 - https:\/\/yoast.com\/wordpress\/plugins\/seo\/ -->\n<title>77&quot; Portable Bar Replacement Panels - Portable Bars by Customized Designs<\/title>\n<meta name=\"description\" content=\"77&quot; Portable Bar Replacement Panels - Use this page to order additional or replacement panels for the 77&quot; Portable Bar Replacing existing bar panels When replacing existing bar panels you need Portable Bars by Customized Designs\" \/>\n<meta name=\"robots\" content=\"index, follow, max-snippet:-1, max-image-preview:large, max-video-preview:-1\" \/>\n<link rel=\"canonical\" href=\"https:\/\/www.portablebar.com\/de\/p\/77-seitenteile\/\" \/>\n<meta property=\"og:locale\" content=\"de_DE\" \/>\n<meta property=\"og:type\" content=\"article\" \/>\n<meta property=\"og:title\" content=\"77&quot; Portable Bar Replacement Panels - Portable Bars by Customized Designs\" \/>\n<meta property=\"og:description\" content=\"77&quot; Portable Bar Replacement Panels - Use this page to order additional or replacement panels for the 77&quot; Portable Bar Replacing existing bar panels When replacing existing bar panels you need Portable Bars by Customized Designs\" \/>\n<meta property=\"og:url\" content=\"https:\/\/www.portablebar.com\/de\/p\/77-seitenteile\/\" \/>\n<meta property=\"og:site_name\" content=\"Portable Bars by Customized Designs\" \/>\n<meta property=\"article:modified_time\" content=\"2021-08-31T11:22:30+00:00\" \/>\n<meta property=\"og:image\" content=\"https:\/\/www.portablebar.com\/wp-content\/uploads\/2018\/02\/77-portable-vodka-bar_2.jpg\" \/>\n\t<meta property=\"og:image:width\" content=\"1000\" \/>\n\t<meta property=\"og:image:height\" content=\"773\" \/>\n\t<meta property=\"og:image:type\" content=\"image\/jpeg\" \/>\n<meta name=\"twitter:card\" content=\"summary_large_image\" \/>\n<script type=\"application\/ld+json\" class=\"yoast-schema-graph\">{\"@context\":\"https:\/\/schema.org\",\"@graph\":[{\"@type\":\"WebPage\",\"@id\":\"https:\/\/www.portablebar.com\/de\/p\/77-seitenteile\/\",\"url\":\"https:\/\/www.portablebar.com\/de\/p\/77-seitenteile\/\",\"name\":\"77\\\" Portable Bar Replacement Panels - Portable Bars by Customized Designs\",\"isPartOf\":{\"@id\":\"https:\/\/www.portablebar.com\/de\/#website\"},\"primaryImageOfPage\":{\"@id\":\"https:\/\/www.portablebar.com\/de\/p\/77-seitenteile\/#primaryimage\"},\"image\":{\"@id\":\"https:\/\/www.portablebar.com\/de\/p\/77-seitenteile\/#primaryimage\"},\"thumbnailUrl\":\"https:\/\/www.portablebar.com\/wp-content\/uploads\/2018\/02\/77-portable-vodka-bar_2.jpg\",\"datePublished\":\"2018-02-05T21:39:50+00:00\",\"dateModified\":\"2021-08-31T11:22:30+00:00\",\"description\":\"77\\\" Portable Bar Replacement Panels - Use this page to order additional or replacement panels for the 77\\\" Portable Bar Replacing existing bar panels When replacing existing bar panels you need Portable Bars by Customized Designs\",\"breadcrumb\":{\"@id\":\"https:\/\/www.portablebar.com\/de\/p\/77-seitenteile\/#breadcrumb\"},\"inLanguage\":\"de\",\"potentialAction\":[{\"@type\":\"ReadAction\",\"target\":[\"https:\/\/www.portablebar.com\/de\/p\/77-seitenteile\/\"]}]},{\"@type\":\"ImageObject\",\"inLanguage\":\"de\",\"@id\":\"https:\/\/www.portablebar.com\/de\/p\/77-seitenteile\/#primaryimage\",\"url\":\"https:\/\/www.portablebar.com\/wp-content\/uploads\/2018\/02\/77-portable-vodka-bar_2.jpg\",\"contentUrl\":\"https:\/\/www.portablebar.com\/wp-content\/uploads\/2018\/02\/77-portable-vodka-bar_2.jpg\",\"width\":1000,\"height\":773},{\"@type\":\"BreadcrumbList\",\"@id\":\"https:\/\/www.portablebar.com\/de\/p\/77-seitenteile\/#breadcrumb\",\"itemListElement\":[{\"@type\":\"ListItem\",\"position\":1,\"name\":\"Home\",\"item\":\"https:\/\/www.portablebar.com\/\"},{\"@type\":\"ListItem\",\"position\":2,\"name\":\"Products\",\"item\":\"https:\/\/www.portablebar.com\/shop\/\"},{\"@type\":\"ListItem\",\"position\":3,\"name\":\"77&#8243; Portable Bar Replacement Panels\"}]},{\"@type\":\"WebSite\",\"@id\":\"https:\/\/www.portablebar.com\/de\/#website\",\"url\":\"https:\/\/www.portablebar.com\/de\/\",\"name\":\"Portable Bars by Customized Designs\",\"description\":\"\",\"potentialAction\":[{\"@type\":\"SearchAction\",\"target\":{\"@type\":\"EntryPoint\",\"urlTemplate\":\"https:\/\/www.portablebar.com\/de\/?s={search_term_string}\"},\"query-input\":{\"@type\":\"PropertyValueSpecification\",\"valueRequired\":true,\"valueName\":\"search_term_string\"}}],\"inLanguage\":\"de\"}]}<\/script>\n<!-- \/ Yoast SEO plugin. -->","yoast_head_json":{"title":"77\" Portable Bar Ersatzplatten - Portable Bars von Customized Designs","description":"77\" Portable Bar Ersatzpaneele - Verwenden Sie diese Seite, um zus\u00e4tzliche oder Ersatzpaneele f\u00fcr die 77\" Portable Bar zu bestellen Ersetzen bestehender Barpaneele Wenn Sie bestehende Barpaneele ersetzen m\u00f6chten, ben\u00f6tigen Sie Portable Bars von Customized Designs","robots":{"index":"index","follow":"follow","max-snippet":"max-snippet:-1","max-image-preview":"max-image-preview:large","max-video-preview":"max-video-preview:-1"},"canonical":"https:\/\/www.portablebar.com\/de\/p\/77-seitenteile\/","og_locale":"de_DE","og_type":"article","og_title":"77\" Portable Bar Replacement Panels - Portable Bars by Customized Designs","og_description":"77\" Portable Bar Replacement Panels - Use this page to order additional or replacement panels for the 77\" Portable Bar Replacing existing bar panels When replacing existing bar panels you need Portable Bars by Customized Designs","og_url":"https:\/\/www.portablebar.com\/de\/p\/77-seitenteile\/","og_site_name":"Portable Bars by Customized Designs","article_modified_time":"2021-08-31T11:22:30+00:00","og_image":[{"width":1000,"height":773,"url":"https:\/\/www.portablebar.com\/wp-content\/uploads\/2018\/02\/77-portable-vodka-bar_2.jpg","type":"image\/jpeg"}],"twitter_card":"summary_large_image","schema":{"@context":"https:\/\/schema.org","@graph":[{"@type":"WebPage","@id":"https:\/\/www.portablebar.com\/de\/p\/77-seitenteile\/","url":"https:\/\/www.portablebar.com\/de\/p\/77-seitenteile\/","name":"77\" Portable Bar Ersatzplatten - Portable Bars von Customized Designs","isPartOf":{"@id":"https:\/\/www.portablebar.com\/de\/#website"},"primaryImageOfPage":{"@id":"https:\/\/www.portablebar.com\/de\/p\/77-seitenteile\/#primaryimage"},"image":{"@id":"https:\/\/www.portablebar.com\/de\/p\/77-seitenteile\/#primaryimage"},"thumbnailUrl":"https:\/\/www.portablebar.com\/wp-content\/uploads\/2018\/02\/77-portable-vodka-bar_2.jpg","datePublished":"2018-02-05T21:39:50+00:00","dateModified":"2021-08-31T11:22:30+00:00","description":"77\" Portable Bar Ersatzpaneele - Verwenden Sie diese Seite, um zus\u00e4tzliche oder Ersatzpaneele f\u00fcr die 77\" Portable Bar zu bestellen Ersetzen bestehender Barpaneele Wenn Sie bestehende Barpaneele ersetzen m\u00f6chten, ben\u00f6tigen Sie Portable Bars von Customized Designs","breadcrumb":{"@id":"https:\/\/www.portablebar.com\/de\/p\/77-seitenteile\/#breadcrumb"},"inLanguage":"de","potentialAction":[{"@type":"ReadAction","target":["https:\/\/www.portablebar.com\/de\/p\/77-seitenteile\/"]}]},{"@type":"ImageObject","inLanguage":"de","@id":"https:\/\/www.portablebar.com\/de\/p\/77-seitenteile\/#primaryimage","url":"https:\/\/www.portablebar.com\/wp-content\/uploads\/2018\/02\/77-portable-vodka-bar_2.jpg","contentUrl":"https:\/\/www.portablebar.com\/wp-content\/uploads\/2018\/02\/77-portable-vodka-bar_2.jpg","width":1000,"height":773},{"@type":"BreadcrumbList","@id":"https:\/\/www.portablebar.com\/de\/p\/77-seitenteile\/#breadcrumb","itemListElement":[{"@type":"ListItem","position":1,"name":"Home","item":"https:\/\/www.portablebar.com\/"},{"@type":"ListItem","position":2,"name":"Products","item":"https:\/\/www.portablebar.com\/shop\/"},{"@type":"ListItem","position":3,"name":"77&#8243; Portable Bar Replacement Panels"}]},{"@type":"WebSite","@id":"https:\/\/www.portablebar.com\/de\/#website","url":"https:\/\/www.portablebar.com\/de\/","name":"Tragbare Bars von Customized Designs","description":"","potentialAction":[{"@type":"SearchAction","target":{"@type":"EntryPoint","urlTemplate":"https:\/\/www.portablebar.com\/de\/?s={search_term_string}"},"query-input":{"@type":"PropertyValueSpecification","valueRequired":true,"valueName":"search_term_string"}}],"inLanguage":"de"}]}},"_links":{"self":[{"href":"https:\/\/www.portablebar.com\/de\/wp-json\/wp\/v2\/product\/2168","targetHints":{"allow":["GET"]}}],"collection":[{"href":"https:\/\/www.portablebar.com\/de\/wp-json\/wp\/v2\/product"}],"about":[{"href":"https:\/\/www.portablebar.com\/de\/wp-json\/wp\/v2\/types\/product"}],"replies":[{"embeddable":true,"href":"https:\/\/www.portablebar.com\/de\/wp-json\/wp\/v2\/comments?post=2168"}],"version-history":[{"count":0,"href":"https:\/\/www.portablebar.com\/de\/wp-json\/wp\/v2\/product\/2168\/revisions"}],"wp:featuredmedia":[{"embeddable":true,"href":"https:\/\/www.portablebar.com\/de\/wp-json\/wp\/v2\/media\/2175"}],"wp:attachment":[{"href":"https:\/\/www.portablebar.com\/de\/wp-json\/wp\/v2\/media?parent=2168"}],"wp:term":[{"taxonomy":"product_brand","embeddable":true,"href":"https:\/\/www.portablebar.com\/de\/wp-json\/wp\/v2\/product_brand?post=2168"},{"taxonomy":"product_cat","embeddable":true,"href":"https:\/\/www.portablebar.com\/de\/wp-json\/wp\/v2\/product_cat?post=2168"},{"taxonomy":"product_tag","embeddable":true,"href":"https:\/\/www.portablebar.com\/de\/wp-json\/wp\/v2\/product_tag?post=2168"}],"curies":[{"name":"wp","href":"https:\/\/api.w.org\/{rel}","templated":true}]}}