{"id":2143,"date":"2018-02-05T14:27:37","date_gmt":"2018-02-05T21:27:37","guid":{"rendered":"https:\/\/www.portablebar.com\/woo\/?post_type=product&#038;p=2143"},"modified":"2024-05-15T15:16:23","modified_gmt":"2024-05-15T19:16:23","slug":"48-umschlingungsstange-oben","status":"publish","type":"product","link":"https:\/\/www.portablebar.com\/de\/p\/48-umschlingungsstange-oben\/","title":{"rendered":"Wrap Top f\u00fcr 48\u2033 Portable Bar"},"content":{"rendered":"<p>Dieser Baraufsatz passt auf die\u00a0<a href=\"\/de\/p\/48-tragbare-bar\/\">48\u2033 Portable Bar<\/a>. Benutzen Sie diese Seite, um Ersatzplatten zu bestellen oder um Ihrer Erstbestellung von Barplatten andere Modelle hinzuzuf\u00fcgen.<\/p>\n<p>Wrap Top Abmessungen: 63.5\u2033 x 20\u2033<\/p>\n<p>Material: 1\/2\u2033-Acryl<\/p>","protected":false},"excerpt":{"rendered":"<p>Dieser Baraufsatz passt auf die 48\u2033 Portable Bar. Benutzen Sie diese Seite, um Ersatzaufs\u00e4tze zu bestellen oder um alternative Baraufs\u00e4tze zu Ihrer ersten Bar-Bestellung hinzuzuf\u00fcgen. Wrap Top Abmessungen: 63.5\u2033 x 20\u2033 Material: 1\/2\u2033-Acryl<\/p>","protected":false},"featured_media":2152,"comment_status":"closed","ping_status":"closed","template":"","meta":{"_acf_changed":false,"footnotes":""},"product_brand":[],"product_cat":[240],"product_tag":[],"class_list":{"0":"post-2143","1":"product","2":"type-product","3":"status-publish","4":"has-post-thumbnail","6":"product_cat-48-portable-bar-accessories","7":"product_shipping_class-liquor-displays","8":"tm-no-options-pxq","10":"first","11":"instock","12":"taxable","13":"shipping-taxable","14":"purchasable","15":"product-type-simple"},"acf":[],"gallery_images":[12937],"yoast_head":"<!-- This site is optimized with the Yoast SEO plugin v27.6 - https:\/\/yoast.com\/product\/yoast-seo-wordpress\/ -->\n<title>Wrap Top for 48&quot; Portable Bar - Portable Bars by Customized Designs<\/title>\n<meta name=\"description\" content=\"Wrap Top for 48&quot; Portable Bar - This bar top fits the\u00a048\u2033 Portable Bar. Use this page to order replacement tops or to add alternate bar top styles to your initial bar order. Wrap Top Portable Bars by Customized Designs\" \/>\n<meta name=\"robots\" content=\"index, follow, max-snippet:-1, max-image-preview:large, max-video-preview:-1\" \/>\n<link rel=\"canonical\" href=\"https:\/\/www.portablebar.com\/de\/p\/48-umschlingungsstange-oben\/\" \/>\n<meta property=\"og:locale\" content=\"de_DE\" \/>\n<meta property=\"og:type\" content=\"article\" \/>\n<meta property=\"og:title\" content=\"Wrap Top for 48&quot; Portable Bar - Portable Bars by Customized Designs\" \/>\n<meta property=\"og:description\" content=\"Wrap Top for 48&quot; Portable Bar - This bar top fits the\u00a048\u2033 Portable Bar. Use this page to order replacement tops or to add alternate bar top styles to your initial bar order. Wrap Top Portable Bars by Customized Designs\" \/>\n<meta property=\"og:url\" content=\"https:\/\/www.portablebar.com\/de\/p\/48-umschlingungsstange-oben\/\" \/>\n<meta property=\"og:site_name\" content=\"Portable Bars by Customized Designs\" \/>\n<meta property=\"article:modified_time\" content=\"2024-05-15T19:16:23+00:00\" \/>\n<meta property=\"og:image\" content=\"https:\/\/www.portablebar.com\/wp-content\/uploads\/2018\/02\/48-portable-bar-black-frame.jpg\" \/>\n\t<meta property=\"og:image:width\" content=\"1000\" \/>\n\t<meta property=\"og:image:height\" content=\"873\" \/>\n\t<meta property=\"og:image:type\" content=\"image\/jpeg\" \/>\n<meta name=\"twitter:card\" content=\"summary_large_image\" \/>\n<meta name=\"twitter:label1\" content=\"Gesch\u00e4tzte Lesezeit\" \/>\n\t<meta name=\"twitter:data1\" content=\"1\u00a0Minute\" \/>\n<script type=\"application\/ld+json\" class=\"yoast-schema-graph\">{\"@context\":\"https:\\\/\\\/schema.org\",\"@graph\":[{\"@type\":\"WebPage\",\"@id\":\"https:\\\/\\\/www.portablebar.com\\\/de\\\/p\\\/48-umschlingungsstange-oben\\\/\",\"url\":\"https:\\\/\\\/www.portablebar.com\\\/de\\\/p\\\/48-umschlingungsstange-oben\\\/\",\"name\":\"Wrap Top for 48\\\" Portable Bar - Portable Bars by Customized Designs\",\"isPartOf\":{\"@id\":\"https:\\\/\\\/www.portablebar.com\\\/de\\\/#website\"},\"primaryImageOfPage\":{\"@id\":\"https:\\\/\\\/www.portablebar.com\\\/de\\\/p\\\/48-umschlingungsstange-oben\\\/#primaryimage\"},\"image\":{\"@id\":\"https:\\\/\\\/www.portablebar.com\\\/de\\\/p\\\/48-umschlingungsstange-oben\\\/#primaryimage\"},\"thumbnailUrl\":\"https:\\\/\\\/www.portablebar.com\\\/wp-content\\\/uploads\\\/2018\\\/02\\\/48-portable-bar-black-frame.jpg\",\"datePublished\":\"2018-02-05T21:27:37+00:00\",\"dateModified\":\"2024-05-15T19:16:23+00:00\",\"description\":\"Wrap Top for 48\\\" Portable Bar - This bar top fits the\u00a048\u2033 Portable Bar. Use this page to order replacement tops or to add alternate bar top styles to your initial bar order. Wrap Top Portable Bars by Customized Designs\",\"breadcrumb\":{\"@id\":\"https:\\\/\\\/www.portablebar.com\\\/de\\\/p\\\/48-umschlingungsstange-oben\\\/#breadcrumb\"},\"inLanguage\":\"de\",\"potentialAction\":[{\"@type\":\"ReadAction\",\"target\":[\"https:\\\/\\\/www.portablebar.com\\\/de\\\/p\\\/48-umschlingungsstange-oben\\\/\"]}]},{\"@type\":\"ImageObject\",\"inLanguage\":\"de\",\"@id\":\"https:\\\/\\\/www.portablebar.com\\\/de\\\/p\\\/48-umschlingungsstange-oben\\\/#primaryimage\",\"url\":\"https:\\\/\\\/www.portablebar.com\\\/wp-content\\\/uploads\\\/2018\\\/02\\\/48-portable-bar-black-frame.jpg\",\"contentUrl\":\"https:\\\/\\\/www.portablebar.com\\\/wp-content\\\/uploads\\\/2018\\\/02\\\/48-portable-bar-black-frame.jpg\",\"width\":1000,\"height\":873,\"caption\":\"Portable Bar - LED Lighted - 48\\\"\"},{\"@type\":\"BreadcrumbList\",\"@id\":\"https:\\\/\\\/www.portablebar.com\\\/de\\\/p\\\/48-umschlingungsstange-oben\\\/#breadcrumb\",\"itemListElement\":[{\"@type\":\"ListItem\",\"position\":1,\"name\":\"Home\",\"item\":\"https:\\\/\\\/www.portablebar.com\\\/\"},{\"@type\":\"ListItem\",\"position\":2,\"name\":\"Products\",\"item\":\"https:\\\/\\\/www.portablebar.com\\\/shop\\\/\"},{\"@type\":\"ListItem\",\"position\":3,\"name\":\"Wrap Top for 48&#8243; Portable Bar\"}]},{\"@type\":\"WebSite\",\"@id\":\"https:\\\/\\\/www.portablebar.com\\\/de\\\/#website\",\"url\":\"https:\\\/\\\/www.portablebar.com\\\/de\\\/\",\"name\":\"Portable Bars by Customized Designs\",\"description\":\"\",\"potentialAction\":[{\"@type\":\"SearchAction\",\"target\":{\"@type\":\"EntryPoint\",\"urlTemplate\":\"https:\\\/\\\/www.portablebar.com\\\/de\\\/?s={search_term_string}\"},\"query-input\":{\"@type\":\"PropertyValueSpecification\",\"valueRequired\":true,\"valueName\":\"search_term_string\"}}],\"inLanguage\":\"de\"}]}<\/script>\n<!-- \/ Yoast SEO plugin. -->","yoast_head_json":{"title":"Wrap Top f\u00fcr 48\" Portable Bar - Portable Bars von Customized Designs","description":"Wrap Top f\u00fcr 48\" Portable Bar - Dieser Baraufsatz passt auf die 48\u2033 Portable Bar. Benutzen Sie diese Seite, um Ersatzaufs\u00e4tze zu bestellen oder um alternative Baraufs\u00e4tze zu Ihrer ersten Bar-Bestellung hinzuzuf\u00fcgen. Wrap Top Portable Bars von Customized Designs","robots":{"index":"index","follow":"follow","max-snippet":"max-snippet:-1","max-image-preview":"max-image-preview:large","max-video-preview":"max-video-preview:-1"},"canonical":"https:\/\/www.portablebar.com\/de\/p\/48-umschlingungsstange-oben\/","og_locale":"de_DE","og_type":"article","og_title":"Wrap Top for 48\" Portable Bar - Portable Bars by Customized Designs","og_description":"Wrap Top for 48\" Portable Bar - This bar top fits the\u00a048\u2033 Portable Bar. Use this page to order replacement tops or to add alternate bar top styles to your initial bar order. Wrap Top Portable Bars by Customized Designs","og_url":"https:\/\/www.portablebar.com\/de\/p\/48-umschlingungsstange-oben\/","og_site_name":"Portable Bars by Customized Designs","article_modified_time":"2024-05-15T19:16:23+00:00","og_image":[{"width":1000,"height":873,"url":"https:\/\/www.portablebar.com\/wp-content\/uploads\/2018\/02\/48-portable-bar-black-frame.jpg","type":"image\/jpeg"}],"twitter_card":"summary_large_image","twitter_misc":{"Gesch\u00e4tzte Lesezeit":"1\u00a0Minute"},"schema":{"@context":"https:\/\/schema.org","@graph":[{"@type":"WebPage","@id":"https:\/\/www.portablebar.com\/de\/p\/48-umschlingungsstange-oben\/","url":"https:\/\/www.portablebar.com\/de\/p\/48-umschlingungsstange-oben\/","name":"Wrap Top f\u00fcr 48\" Portable Bar - Portable Bars von Customized Designs","isPartOf":{"@id":"https:\/\/www.portablebar.com\/de\/#website"},"primaryImageOfPage":{"@id":"https:\/\/www.portablebar.com\/de\/p\/48-umschlingungsstange-oben\/#primaryimage"},"image":{"@id":"https:\/\/www.portablebar.com\/de\/p\/48-umschlingungsstange-oben\/#primaryimage"},"thumbnailUrl":"https:\/\/www.portablebar.com\/wp-content\/uploads\/2018\/02\/48-portable-bar-black-frame.jpg","datePublished":"2018-02-05T21:27:37+00:00","dateModified":"2024-05-15T19:16:23+00:00","description":"Wrap Top f\u00fcr 48\" Portable Bar - Dieser Baraufsatz passt auf die 48\u2033 Portable Bar. Benutzen Sie diese Seite, um Ersatzaufs\u00e4tze zu bestellen oder um alternative Baraufs\u00e4tze zu Ihrer ersten Bar-Bestellung hinzuzuf\u00fcgen. Wrap Top Portable Bars von Customized Designs","breadcrumb":{"@id":"https:\/\/www.portablebar.com\/de\/p\/48-umschlingungsstange-oben\/#breadcrumb"},"inLanguage":"de","potentialAction":[{"@type":"ReadAction","target":["https:\/\/www.portablebar.com\/de\/p\/48-umschlingungsstange-oben\/"]}]},{"@type":"ImageObject","inLanguage":"de","@id":"https:\/\/www.portablebar.com\/de\/p\/48-umschlingungsstange-oben\/#primaryimage","url":"https:\/\/www.portablebar.com\/wp-content\/uploads\/2018\/02\/48-portable-bar-black-frame.jpg","contentUrl":"https:\/\/www.portablebar.com\/wp-content\/uploads\/2018\/02\/48-portable-bar-black-frame.jpg","width":1000,"height":873,"caption":"Portable Bar - LED Lighted - 48\""},{"@type":"BreadcrumbList","@id":"https:\/\/www.portablebar.com\/de\/p\/48-umschlingungsstange-oben\/#breadcrumb","itemListElement":[{"@type":"ListItem","position":1,"name":"Home","item":"https:\/\/www.portablebar.com\/"},{"@type":"ListItem","position":2,"name":"Products","item":"https:\/\/www.portablebar.com\/shop\/"},{"@type":"ListItem","position":3,"name":"Wrap Top for 48&#8243; Portable Bar"}]},{"@type":"WebSite","@id":"https:\/\/www.portablebar.com\/de\/#website","url":"https:\/\/www.portablebar.com\/de\/","name":"Tragbare Bars von Customized Designs","description":"","potentialAction":[{"@type":"SearchAction","target":{"@type":"EntryPoint","urlTemplate":"https:\/\/www.portablebar.com\/de\/?s={search_term_string}"},"query-input":{"@type":"PropertyValueSpecification","valueRequired":true,"valueName":"search_term_string"}}],"inLanguage":"de"}]}},"_links":{"self":[{"href":"https:\/\/www.portablebar.com\/de\/wp-json\/wp\/v2\/product\/2143","targetHints":{"allow":["GET"]}}],"collection":[{"href":"https:\/\/www.portablebar.com\/de\/wp-json\/wp\/v2\/product"}],"about":[{"href":"https:\/\/www.portablebar.com\/de\/wp-json\/wp\/v2\/types\/product"}],"replies":[{"embeddable":true,"href":"https:\/\/www.portablebar.com\/de\/wp-json\/wp\/v2\/comments?post=2143"}],"version-history":[{"count":0,"href":"https:\/\/www.portablebar.com\/de\/wp-json\/wp\/v2\/product\/2143\/revisions"}],"wp:featuredmedia":[{"embeddable":true,"href":"https:\/\/www.portablebar.com\/de\/wp-json\/wp\/v2\/media\/2152"}],"wp:attachment":[{"href":"https:\/\/www.portablebar.com\/de\/wp-json\/wp\/v2\/media?parent=2143"}],"wp:term":[{"taxonomy":"product_brand","embeddable":true,"href":"https:\/\/www.portablebar.com\/de\/wp-json\/wp\/v2\/product_brand?post=2143"},{"taxonomy":"product_cat","embeddable":true,"href":"https:\/\/www.portablebar.com\/de\/wp-json\/wp\/v2\/product_cat?post=2143"},{"taxonomy":"product_tag","embeddable":true,"href":"https:\/\/www.portablebar.com\/de\/wp-json\/wp\/v2\/product_tag?post=2143"}],"curies":[{"name":"wp","href":"https:\/\/api.w.org\/{rel}","templated":true}]}}