{"id":3683,"date":"2018-02-10T16:19:25","date_gmt":"2018-02-10T23:19:25","guid":{"rendered":"https:\/\/www.portablebar.com\/woo\/?page_id=3683"},"modified":"2018-02-10T16:19:25","modified_gmt":"2018-02-10T23:19:25","slug":"datenschutzbestimmungen","status":"publish","type":"page","link":"https:\/\/www.portablebar.com\/de\/datenschutzbestimmungen\/","title":{"rendered":"Datenschutzbestimmungen"},"content":{"rendered":"<div id=\"div_articleid_5\"><strong>Welche Informationen sammeln wir?<\/strong><\/p>\n<ul>\n<li>Wir sammeln Informationen von Ihnen, wenn Sie sich auf der Website registrieren, eine Bestellung aufgeben, an einem Wettbewerb oder Gewinnspiel teilnehmen, auf eine Umfrage oder eine Mitteilung wie eine E-Mail antworten oder an einer anderen Funktion der Website teilnehmen.<\/li>\n<li>Wenn Sie eine Bestellung aufgeben oder sich registrieren lassen, fragen wir Sie m\u00f6glicherweise nach Ihrem Namen, Ihrer E-Mail-Adresse, Ihrer Postanschrift, Ihrer Telefonnummer, Ihren Kreditkartendaten oder anderen Informationen. Sie k\u00f6nnen unsere Website jedoch auch anonym besuchen.<\/li>\n<li>Wir sammeln auch Informationen \u00fcber die Geschenkempf\u00e4nger, damit wir den Geschenkkauf erf\u00fcllen k\u00f6nnen. Die Informationen, die wir \u00fcber die Geschenkempf\u00e4nger sammeln, werden nicht f\u00fcr Marketingzwecke verwendet.<\/li>\n<li>Wie viele andere Websites auch, verwenden wir \"Cookies\", um Ihre Erfahrung zu verbessern und Informationen \u00fcber Besucher und Besuche auf unseren Websites zu sammeln. Bitte lesen Sie den Abschnitt \"Verwenden wir 'Cookies'?\" weiter unten f\u00fcr Informationen \u00fcber Cookies und wie wir sie verwenden.<\/li>\n<\/ul>\n<p><strong>Wie verwenden wir Ihre Informationen?<\/strong><br \/>\nWir k\u00f6nnen die Informationen, die wir von Ihnen sammeln, wenn Sie sich registrieren, Produkte kaufen, an einem Wettbewerb oder einer Werbeaktion teilnehmen, auf eine Umfrage oder eine Marketingmitteilung antworten, auf der Website surfen oder bestimmte andere Funktionen der Website nutzen, wie folgt verwenden:<\/p>\n<ul>\n<li>Um Ihr Website-Erlebnis zu personalisieren und um uns zu erm\u00f6glichen, Ihnen die Art von Inhalten und Produktangeboten zu liefern, an denen Sie am meisten interessiert sind.<\/li>\n<li>Damit wir Ihnen bei der Beantwortung Ihrer Kundendienstanfragen besser helfen k\u00f6nnen.<\/li>\n<li>Um Ihre Transaktionen schnell zu bearbeiten.<\/li>\n<li>Um einen Wettbewerb, eine Werbeaktion, eine Umfrage oder eine andere Funktion der Website zu verwalten.<\/li>\n<li>Wenn Sie sich f\u00fcr den Erhalt unseres E-Mail-Newsletters angemeldet haben, k\u00f6nnen wir Ihnen regelm\u00e4\u00dfig E-Mails schicken. Wenn Sie keine Werbe-E-Mails mehr von uns erhalten m\u00f6chten, lesen Sie bitte den Abschnitt \"Wie k\u00f6nnen Sie sich abmelden, Informationen, die Sie uns zur Verf\u00fcgung gestellt haben, entfernen oder \u00e4ndern?\" weiter unten. Wenn Sie sich nicht f\u00fcr den Erhalt von E-Mail-Newslettern angemeldet haben, werden Sie diese E-Mails nicht erhalten. Besucher, die sich registrieren oder an anderen Funktionen der Website teilnehmen, wie z. B. an Marketingprogrammen und Inhalten, die nur f\u00fcr Mitglieder zug\u00e4nglich sind, k\u00f6nnen w\u00e4hlen, ob sie in unsere E-Mail-Liste aufgenommen werden und E-Mail-Mitteilungen von uns erhalten m\u00f6chten.<\/li>\n<\/ul>\n<p><strong>Wie sch\u00fctzen wir die Daten unserer Besucher?<\/strong><br \/>\nWir setzen eine Reihe von Sicherheitsma\u00dfnahmen ein, um die Sicherheit Ihrer pers\u00f6nlichen Daten zu gew\u00e4hrleisten. Ihre pers\u00f6nlichen Daten befinden sich in gesicherten Netzwerken und sind nur f\u00fcr eine begrenzte Anzahl von Personen zug\u00e4nglich, die \u00fcber besondere Zugangsrechte zu diesen Systemen verf\u00fcgen und verpflichtet sind, die Daten vertraulich zu behandeln. Wenn Sie Bestellungen aufgeben oder auf Ihre pers\u00f6nlichen Daten zugreifen, bieten wir Ihnen die Verwendung eines sicheren Servers an. Alle von Ihnen eingegebenen sensiblen Informationen werden \u00fcber die Secure Socket Layer (SSL)-Technologie \u00fcbertragen und anschlie\u00dfend in unseren Datenbanken verschl\u00fcsselt, so dass sie nur wie oben beschrieben zug\u00e4nglich sind.<\/p>\n<p><strong>Verwenden wir \"Cookies\"?<\/strong><br \/>\nJa. Cookies sind kleine Dateien, die eine Website oder ihr Dienstanbieter \u00fcber Ihren Webbrowser auf die Festplatte Ihres Computers \u00fcbertr\u00e4gt (sofern Sie dies zulassen), damit die Systeme der Website oder des Dienstanbieters Ihren Browser erkennen und bestimmte Informationen erfassen und speichern k\u00f6nnen. So verwenden wir beispielsweise Cookies, um uns an die Artikel in Ihrem Einkaufswagen zu erinnern und diese zu verarbeiten. Sie helfen uns auch, Ihre Pr\u00e4ferenzen auf der Grundlage fr\u00fcherer oder aktueller Website-Aktivit\u00e4ten zu verstehen, damit wir Ihnen bessere Dienstleistungen anbieten k\u00f6nnen. Wir verwenden Cookies auch, um aggregierte Daten \u00fcber den Website-Verkehr und die Interaktion auf der Website zu sammeln, damit wir in Zukunft bessere Website-Erfahrungen und -Tools anbieten k\u00f6nnen.<\/p>\n<p>Wir k\u00f6nnen Vertr\u00e4ge mit Drittanbietern abschlie\u00dfen, die uns dabei helfen, die Besucher unserer Website besser zu verstehen. Diesen Dienstleistern ist es nicht gestattet, die in unserem Namen gesammelten Informationen zu verwenden, au\u00dfer um uns bei der Durchf\u00fchrung und Verbesserung unserer Gesch\u00e4fte zu helfen.<\/p>\n<p>Sie k\u00f6nnen w\u00e4hlen, ob Ihr Computer Sie jedes Mal warnen soll, wenn ein Cookie gesendet wird, oder ob Sie alle Cookies deaktivieren wollen. Sie k\u00f6nnen dies \u00fcber die Einstellungen Ihres Browsers (wie Netscape Navigator oder Internet Explorer) tun. Jeder Browser ist ein wenig anders, daher sollten Sie im Hilfemen\u00fc Ihres Browsers nachsehen, wie Sie Ihre Cookies korrekt \u00e4ndern k\u00f6nnen. Wenn Sie Cookies deaktivieren, haben Sie keinen Zugang zu vielen Funktionen, die Ihre Website effizienter machen, und einige unserer Dienste werden nicht richtig funktionieren. Sie k\u00f6nnen jedoch weiterhin telefonisch Bestellungen aufgeben, indem Sie sich an den Kundendienst wenden.<\/p>\n<p><strong>Geben wir die von uns gesammelten Informationen an Dritte weiter?<\/strong><br \/>\nWir verkaufen, tauschen oder \u00fcbertragen Ihre personenbezogenen Daten nicht an Dritte, es sei denn, wir informieren Sie im Voraus, wie unten beschrieben. Der Begriff \"externe Parteien\" schlie\u00dft Customized Designs nicht ein. Er schlie\u00dft auch keine Website-Hosting-Partner und andere Parteien ein, die uns beim Betrieb unserer Website, bei der Durchf\u00fchrung unserer Gesch\u00e4fte oder bei der Erbringung von Dienstleistungen f\u00fcr Sie unterst\u00fctzen, sofern diese Parteien zustimmen, diese Informationen vertraulich zu behandeln. Wir k\u00f6nnen Ihre Daten auch freigeben, wenn wir glauben, dass die Freigabe angemessen ist, um das Gesetz einzuhalten, unsere Website-Richtlinien durchzusetzen oder unsere oder die Rechte, das Eigentum oder die Sicherheit anderer zu sch\u00fctzen.<\/p>\n<p>Um alle Ihre Online-Kontoinformationen aus unserer Datenbank zu l\u00f6schen, melden Sie sich im Bereich \"Mein Konto\" auf unserer Website an und entfernen Sie Ihre Lieferadressen, Rechnungsadressen und Zahlungsinformationen. Bitte beachten Sie, dass wir Informationen \u00fcber eine einzelne Verkaufstransaktion aufbewahren k\u00f6nnen, um diese Transaktion zu bedienen und um Aufzeichnungen zu f\u00fchren.<\/p><\/div>\n<div><\/div>\n<div><strong>Bilder<\/strong><\/div>\n<div>Wir behalten uns das Recht vor, Bilder der von uns hergestellten Produkte zu machen und zu ver\u00f6ffentlichen. Diese Bilder k\u00f6nnen identifizierende Informationen \u00fcber Sie oder Ihr Unternehmen enthalten (Website, Social-Media-Seiten usw.). Wenn Sie nicht w\u00fcnschen, dass diese Bilder auf unserer Website erscheinen, kontaktieren Sie uns bitte.<\/p>\n<p><strong>Links von Dritten<\/strong><br \/>\nIn dem Bestreben, Ihnen einen Mehrwert zu bieten, k\u00f6nnen wir auf unserer Website Links zu Drittanbietern einf\u00fcgen. Diese verlinkten Seiten haben separate und unabh\u00e4ngige Datenschutzrichtlinien. Wir \u00fcbernehmen daher keine Verantwortung oder Haftung f\u00fcr die Inhalte und Aktivit\u00e4ten dieser verlinkten Websites. Wir sind jedoch bestrebt, die Integrit\u00e4t unserer Website zu sch\u00fctzen und freuen uns \u00fcber jedes Feedback zu diesen verlinkten Websites (auch wenn ein bestimmter Link nicht funktioniert).<\/p>\n<p><strong>Fragen und Feedback<\/strong><br \/>\nWir freuen uns \u00fcber Ihre Fragen, Kommentare und Bedenken zum Thema Datenschutz. Bitte senden Sie uns jegliches Feedback in Bezug auf den Datenschutz oder andere Themen.<\/p>\n<p><strong>Nur Online-Politik<\/strong><br \/>\nDiese Online-Datenschutzrichtlinie gilt nur f\u00fcr Informationen, die \u00fcber unsere Website gesammelt werden, und nicht f\u00fcr Informationen, die offline gesammelt werden.<\/p>\n<p><strong>Bedingungen und Konditionen<\/strong><br \/>\nBitte besuchen Sie auch unsere\u00a0<a href=\"https:\/\/www.portablebar.com\/de\/bedingungen\/\">Bedingungen und Konditionen<\/a>\u00a0abschnitt, der die nutzung, die haftungsausschl\u00fcsse und die haftungsbeschr\u00e4nkungen f\u00fcr die nutzung unserer website festlegt.<\/p>\n<p><strong>Ihre Zustimmung<\/strong><br \/>\nDurch die Nutzung unserer Website erkl\u00e4ren Sie sich mit unserer Datenschutzpolitik einverstanden.<\/div>","protected":false},"excerpt":{"rendered":"<p>Welche Informationen sammeln wir? Wir erfassen Daten von Ihnen, wenn Sie sich auf der Website registrieren, eine Bestellung aufgeben, an einem Wettbewerb oder Gewinnspiel teilnehmen, auf eine Umfrage oder eine Mitteilung wie eine E-Mail antworten oder an einer anderen Funktion der Website teilnehmen. Wenn Sie eine Bestellung aufgeben oder sich registrieren, fragen wir Sie nach Ihrem Namen, Ihrer E-Mail-Adresse, Ihrer Postanschrift und Ihrer Telefonnummer.<\/p>","protected":false},"author":1,"featured_media":0,"parent":0,"menu_order":0,"comment_status":"closed","ping_status":"closed","template":"","meta":{"_acf_changed":false,"footnotes":""},"class_list":["post-3683","page","type-page","status-publish","hentry"],"acf":[],"yoast_head":"<!-- This site is optimized with the Yoast SEO plugin v27.6 - https:\/\/yoast.com\/product\/yoast-seo-wordpress\/ -->\n<title>Privacy Policy - Portable Bars by Customized Designs<\/title>\n<meta name=\"description\" content=\"What information do we collect? We collect information from you when you register on the site, place an order, enter a contest or sweepstakes, respond to\" \/>\n<meta name=\"robots\" content=\"index, follow, max-snippet:-1, max-image-preview:large, max-video-preview:-1\" \/>\n<link rel=\"canonical\" href=\"https:\/\/www.portablebar.com\/de\/datenschutzbestimmungen\/\" \/>\n<meta property=\"og:locale\" content=\"de_DE\" \/>\n<meta property=\"og:type\" content=\"article\" \/>\n<meta property=\"og:title\" content=\"Privacy Policy - Portable Bars by Customized Designs\" \/>\n<meta property=\"og:description\" content=\"What information do we collect? We collect information from you when you register on the site, place an order, enter a contest or sweepstakes, respond to\" \/>\n<meta property=\"og:url\" content=\"https:\/\/www.portablebar.com\/de\/datenschutzbestimmungen\/\" \/>\n<meta property=\"og:site_name\" content=\"Portable Bars by Customized Designs\" \/>\n<meta name=\"twitter:card\" content=\"summary_large_image\" \/>\n<meta name=\"twitter:label1\" content=\"Gesch\u00e4tzte Lesezeit\" \/>\n\t<meta name=\"twitter:data1\" content=\"5\u00a0Minuten\" \/>\n<script type=\"application\/ld+json\" class=\"yoast-schema-graph\">{\"@context\":\"https:\\\/\\\/schema.org\",\"@graph\":[{\"@type\":\"WebPage\",\"@id\":\"https:\\\/\\\/www.portablebar.com\\\/de\\\/datenschutzbestimmungen\\\/\",\"url\":\"https:\\\/\\\/www.portablebar.com\\\/de\\\/datenschutzbestimmungen\\\/\",\"name\":\"Privacy Policy - Portable Bars by Customized Designs\",\"isPartOf\":{\"@id\":\"https:\\\/\\\/www.portablebar.com\\\/de\\\/#website\"},\"datePublished\":\"2018-02-10T23:19:25+00:00\",\"description\":\"What information do we collect? We collect information from you when you register on the site, place an order, enter a contest or sweepstakes, respond to\",\"breadcrumb\":{\"@id\":\"https:\\\/\\\/www.portablebar.com\\\/de\\\/datenschutzbestimmungen\\\/#breadcrumb\"},\"inLanguage\":\"de\",\"potentialAction\":[{\"@type\":\"ReadAction\",\"target\":[\"https:\\\/\\\/www.portablebar.com\\\/de\\\/datenschutzbestimmungen\\\/\"]}]},{\"@type\":\"BreadcrumbList\",\"@id\":\"https:\\\/\\\/www.portablebar.com\\\/de\\\/datenschutzbestimmungen\\\/#breadcrumb\",\"itemListElement\":[{\"@type\":\"ListItem\",\"position\":1,\"name\":\"Home\",\"item\":\"https:\\\/\\\/www.portablebar.com\\\/\"},{\"@type\":\"ListItem\",\"position\":2,\"name\":\"Privacy Policy\"}]},{\"@type\":\"WebSite\",\"@id\":\"https:\\\/\\\/www.portablebar.com\\\/de\\\/#website\",\"url\":\"https:\\\/\\\/www.portablebar.com\\\/de\\\/\",\"name\":\"Portable Bars by Customized Designs\",\"description\":\"\",\"potentialAction\":[{\"@type\":\"SearchAction\",\"target\":{\"@type\":\"EntryPoint\",\"urlTemplate\":\"https:\\\/\\\/www.portablebar.com\\\/de\\\/?s={search_term_string}\"},\"query-input\":{\"@type\":\"PropertyValueSpecification\",\"valueRequired\":true,\"valueName\":\"search_term_string\"}}],\"inLanguage\":\"de\"}]}<\/script>\n<!-- \/ Yoast SEO plugin. -->","yoast_head_json":{"title":"Datenschutzerkl\u00e4rung - Portable Bars von Customized Designs","description":"Welche Informationen sammeln wir? Wir sammeln Informationen von Ihnen, wenn Sie sich auf der Website registrieren, eine Bestellung aufgeben, an einem Wettbewerb oder Gewinnspiel teilnehmen, auf eine","robots":{"index":"index","follow":"follow","max-snippet":"max-snippet:-1","max-image-preview":"max-image-preview:large","max-video-preview":"max-video-preview:-1"},"canonical":"https:\/\/www.portablebar.com\/de\/datenschutzbestimmungen\/","og_locale":"de_DE","og_type":"article","og_title":"Privacy Policy - Portable Bars by Customized Designs","og_description":"What information do we collect? We collect information from you when you register on the site, place an order, enter a contest or sweepstakes, respond to","og_url":"https:\/\/www.portablebar.com\/de\/datenschutzbestimmungen\/","og_site_name":"Portable Bars by Customized Designs","twitter_card":"summary_large_image","twitter_misc":{"Gesch\u00e4tzte Lesezeit":"5\u00a0Minuten"},"schema":{"@context":"https:\/\/schema.org","@graph":[{"@type":"WebPage","@id":"https:\/\/www.portablebar.com\/de\/datenschutzbestimmungen\/","url":"https:\/\/www.portablebar.com\/de\/datenschutzbestimmungen\/","name":"Datenschutzerkl\u00e4rung - Portable Bars von Customized Designs","isPartOf":{"@id":"https:\/\/www.portablebar.com\/de\/#website"},"datePublished":"2018-02-10T23:19:25+00:00","description":"Welche Informationen sammeln wir? Wir sammeln Informationen von Ihnen, wenn Sie sich auf der Website registrieren, eine Bestellung aufgeben, an einem Wettbewerb oder Gewinnspiel teilnehmen, auf eine","breadcrumb":{"@id":"https:\/\/www.portablebar.com\/de\/datenschutzbestimmungen\/#breadcrumb"},"inLanguage":"de","potentialAction":[{"@type":"ReadAction","target":["https:\/\/www.portablebar.com\/de\/datenschutzbestimmungen\/"]}]},{"@type":"BreadcrumbList","@id":"https:\/\/www.portablebar.com\/de\/datenschutzbestimmungen\/#breadcrumb","itemListElement":[{"@type":"ListItem","position":1,"name":"Home","item":"https:\/\/www.portablebar.com\/"},{"@type":"ListItem","position":2,"name":"Privacy Policy"}]},{"@type":"WebSite","@id":"https:\/\/www.portablebar.com\/de\/#website","url":"https:\/\/www.portablebar.com\/de\/","name":"Tragbare Bars von Customized Designs","description":"","potentialAction":[{"@type":"SearchAction","target":{"@type":"EntryPoint","urlTemplate":"https:\/\/www.portablebar.com\/de\/?s={search_term_string}"},"query-input":{"@type":"PropertyValueSpecification","valueRequired":true,"valueName":"search_term_string"}}],"inLanguage":"de"}]}},"_links":{"self":[{"href":"https:\/\/www.portablebar.com\/de\/wp-json\/wp\/v2\/pages\/3683","targetHints":{"allow":["GET"]}}],"collection":[{"href":"https:\/\/www.portablebar.com\/de\/wp-json\/wp\/v2\/pages"}],"about":[{"href":"https:\/\/www.portablebar.com\/de\/wp-json\/wp\/v2\/types\/page"}],"author":[{"embeddable":true,"href":"https:\/\/www.portablebar.com\/de\/wp-json\/wp\/v2\/users\/1"}],"replies":[{"embeddable":true,"href":"https:\/\/www.portablebar.com\/de\/wp-json\/wp\/v2\/comments?post=3683"}],"version-history":[{"count":0,"href":"https:\/\/www.portablebar.com\/de\/wp-json\/wp\/v2\/pages\/3683\/revisions"}],"wp:attachment":[{"href":"https:\/\/www.portablebar.com\/de\/wp-json\/wp\/v2\/media?parent=3683"}],"curies":[{"name":"wp","href":"https:\/\/api.w.org\/{rel}","templated":true}]}}