{"id":15654,"date":"2019-02-02T16:03:51","date_gmt":"2019-02-02T23:03:51","guid":{"rendered":"https:\/\/www.portablebar.com\/?page_id=15654"},"modified":"2019-02-08T20:15:48","modified_gmt":"2019-02-09T03:15:48","slug":"tragbare-bar-branding-grafiken","status":"publish","type":"page","link":"https:\/\/www.portablebar.com\/de\/tragbare-bar-branding-grafiken\/","title":{"rendered":"Branding &amp; Grafiken"},"content":{"rendered":"<section class=\"section\" id=\"section_947275678\">\n\t\t<div class=\"section-bg fill\" >\n\t\t\t\t\t\t\t\t\t\n\t\t\t\n\n\t\t<\/div>\n\n\t\t\n\n\t\t<div class=\"section-content relative\">\n\t\t\t\n\n<div class=\"row\"  id=\"row-1397193964\">\n\n\n\t<div id=\"col-943151037\" class=\"col small-12 large-12\"  >\n\t\t\t\t<div class=\"col-inner\"  >\n\t\t\t\n\t\t\t\n\n<h1><span style=\"font-size: 120%;\">BRANDING UND GRAFIKEN AUF IHRER TRAGBAREN BAR<\/span><\/h1>\n<hr \/>\n<p><a href=\"https:\/\/www.portablebar.com\/wp-content\/uploads\/branded-portable-bars.jpg\"><img loading=\"lazy\" decoding=\"async\" class=\"alignright wp-image-3536 size-thumbnail\" src=\"https:\/\/www.portablebar.com\/wp-content\/uploads\/branded-portable-bars-400x242.jpg\" alt=\"Beleuchtete tragbare R\u00fcckenstangen\" width=\"400\" height=\"242\" srcset=\"https:\/\/www.portablebar.com\/wp-content\/uploads\/branded-portable-bars-400x242.jpg 400w, https:\/\/www.portablebar.com\/wp-content\/uploads\/branded-portable-bars-650x394.jpg 650w, https:\/\/www.portablebar.com\/wp-content\/uploads\/branded-portable-bars-768x465.jpg 768w, https:\/\/www.portablebar.com\/wp-content\/uploads\/branded-portable-bars-500x303.jpg 500w, https:\/\/www.portablebar.com\/wp-content\/uploads\/branded-portable-bars-247x150.jpg 247w, https:\/\/www.portablebar.com\/wp-content\/uploads\/branded-portable-bars-850x515.jpg 850w, https:\/\/www.portablebar.com\/wp-content\/uploads\/branded-portable-bars.jpg 1000w\" sizes=\"auto, (max-width: 400px) 100vw, 400px\" \/><\/a><br \/>Ganz gleich, ob Sie Ihre tragbare Bar auf Kongressen zur Werbung f\u00fcr Ihr Produkt, bei Veranstaltungen und Hochzeiten, als Satellitenbar in Restaurants oder sogar als Hausbar verwenden, es gibt keine bessere M\u00f6glichkeit, sie individuell zu gestalten, als ihr mit Grafiken und Logos Ihre eigene pers\u00f6nliche Note zu verleihen. Gl\u00fccklicherweise haben wir hier bei Customized Design's in einige der neuesten und fortschrittlichsten Drucktechnologien investiert, was bedeutet, dass wir in der Lage sind, alle unsere Drucke im Haus zu machen. Dadurch werden die Kosten und die Vorlaufzeiten drastisch reduziert. So sehr, dass wir kostenlose Grafiken auf der Vorderseite jeder unserer tragbaren Bars anbieten!<\/p>\n<h3 class=\"cat-heading-light\"><span style=\"font-size: 120%;\">Warum unsere Grafiken anders sind<\/span><\/h3>\n<hr \/>\n<ul>\n<li>Unsere Grafiken sind keine Aufkleber. Unsere Grafiken werden dauerhaft direkt auf die abnehmbaren Acrylplatten gedruckt, was bedeutet, dass sie haltbarer sind und sich im Laufe der Zeit nicht abl\u00f6sen werden. Dieses Druckverfahren gibt uns viel mehr Flexibilit\u00e4t bei der Gestaltung Ihrer Grafiken, da wir keine Vinyl-Abziehbilder auf der gesamten Oberfl\u00e4che der Bar-Paneele anbringen m\u00fcssen, auch nicht bei Logos, die nicht die gesamte Fl\u00e4che bedecken.<\/li>\n<li>Der Druck direkt auf der Oberfl\u00e4che erzeugt auch einen viel w\u00fcnschenswerteren Effekt, wenn er von hinten beleuchtet wird, und da alle unsere tragbaren St\u00e4be mit LED-Beleuchtung ausgestattet sind, halten wir dies f\u00fcr sehr wichtig. Bars mit viel Farbe k\u00f6nnen sehr coole Effekte erzeugen, wenn die LED-Beleuchtung die Farben \u00e4ndert.<a href=\"https:\/\/www.youtube.com\/watch?v=Qg2t6y1YT_E\" target=\"_blank\" rel=\"noopener\"> Ein Beispiel hierf\u00fcr finden Sie hier.<\/a> Graustufengrafiken (schwarz-wei\u00df) sehen auch gut aus, wenn sie mit verschiedenen Farben hinterleuchtet werden.<\/li>\n<li>Ein weiterer gro\u00dfer Vorteil unserer Direktdrucktechnologie besteht darin, dass wir die LED-Beleuchtung mit der Grafik vollst\u00e4ndig ausblenden k\u00f6nnen und nur bestimmte Teile Ihrer Grafik beleuchtet lassen, wodurch sie noch mehr zur Geltung kommt. Das ist etwas, das bei herk\u00f6mmlichen Vinyl-Grafiken nicht m\u00f6glich ist.<\/li>\n<\/ul>\n<h3 class=\"cat-heading-light\"><span style=\"font-size: 130%;\">Senden Sie uns Ihre Grafiken und Anforderungen<\/span><\/h3>\n<hr \/>\n<ul>\n<li>Unsere Drucker sind in der Lage, mit sehr hoher Aufl\u00f6sung zu drucken, und je h\u00f6her die Qualit\u00e4t Ihrer Grafiken ist, desto hochwertiger wird das Endprodukt sein. Bei einfachen Logos bevorzugen wir nach M\u00f6glichkeit Grafiken im Vektorformat. Das liegt daran, dass Vektorgrafiken ohne Qualit\u00e4tsverlust unendlich gestreckt werden k\u00f6nnen. Diese Formate liegen in der Regel in den Formaten AI, EPS oder PDF vor. Vollbildgrafiken sollten so hoch wie m\u00f6glich aufgel\u00f6st sein.<\/li>\n<li>Bitte senden Sie uns keine Bilder in extrem schlechter Qualit\u00e4t f\u00fcr Ihre tragbaren Bargrafiken. Diese beiden Beispiele f\u00fcr unser Logo <a class=\"image-lightbox lightbox-gallery\" href=\"\/wp-content\/uploads\/cd-logo-low.jpg\">(niedrig)<\/a> <a class=\"image-lightbox lightbox-gallery\" href=\"\/wp-content\/uploads\/cd-logo-high.jpg\">(hoch)<\/a> verdeutlichen den Unterschied zwischen Grafiken von geringer Qualit\u00e4t und hoher Qualit\u00e4t. Wenn Sie die hochaufl\u00f6sende Version Ihrer Grafiken nicht zur Hand haben, versuchen Sie bitte, sie zu finden, bevor Sie sie an uns senden.<\/li>\n<\/ul>\n<h3 class=\"cat-heading-light\"><span style=\"font-size: 130%;\">Was Sie tun k\u00f6nnen, wenn Sie keine hochaufl\u00f6senden Grafiken haben<\/span><\/h3>\n<hr \/>\n<p>Nicht alles ist verloren! Wenn Sie alles getan haben, um die h\u00f6chstaufl\u00f6sende Version oder die Originalvorlage zu finden, es aber nicht schaffen, schicken Sie sie uns trotzdem, und wir tun, was wir k\u00f6nnen, um sie zu bearbeiten. Viele Unternehmen erheben eine Geb\u00fchr, wenn Sie keine druckfertigen Vorlagen einreichen. Wir geh\u00f6ren nicht zu diesen Unternehmen.<\/p>\n<h3 class=\"cat-heading-light\" align=\"left\"><span style=\"font-size: 130%;\">Erstellung von Grafiken speziell f\u00fcr unsere mobilen Bars<\/span><\/h3>\n<hr \/>\n<ul>\n<li>Hier ein paar Tipps, wenn Sie oder Ihr Grafiker Grafiken speziell f\u00fcr unsere tragbaren Bars erstellen.<\/li>\n<li>Die Druckvorlagen sollten im RGB-Farbmodus vorliegen. Nicht CMYK<\/li>\n<li>Alle Schwarzt\u00f6ne und schwarzen Hintergr\u00fcnde sollten RGB 0,0,0 sein. Alles, was darunter liegt, l\u00e4sst die Beleuchtung durch das Bild durchscheinen.<\/li>\n<li>Alle Bilder, die au\u00dferhalb des Umrisses der Acrylglasplatte liegen, sollten auf die richtige Gr\u00f6\u00dfe beschnitten oder mit einer Schnittmaske ausgeblendet werden.<\/li>\n<li>Wenn Ihre Grafiken zu gro\u00df sind, um sie per E-Mail zu versenden, wenden Sie sich bitte an uns, um Informationen zu unserer Dropbox zu erhalten.<\/li>\n<\/ul>\n<h3 class=\"cat-heading-light\"><span style=\"font-size: 130%;\">Was tun, wenn Sie \u00fcberhaupt keine Grafiken haben?<\/span><\/h3>\n<hr \/>\n<ul>\n<li>Kein Problem! Setzen Sie sich mit uns in Verbindung und wir helfen Ihnen, etwas zusammenzustellen. (in angemessenem Rahmen)<\/li>\n<li>Wir bieten auch eine kostenlose, hochaufl\u00f6sende Grafik mit jedem Kauf einer Bar. Siehe den unteren Teil der <a href=\"\/de\/logo-upload\/\">Logo-Einreichung<\/a> Seite f\u00fcr weitere Informationen.<\/li>\n<li>Denken Sie daran, dass Bilder ohne wei\u00dfen Hintergrund dem Verh\u00e4ltnis von L\u00e4nge und H\u00f6he unserer Balkenpaneele entsprechen m\u00fcssen. Zum Beispiel wird dieses Bild auf der 77Bar funktionieren, aber es wird nicht auf der 48 oder 62 funktionieren.<\/li>\n<\/ul>\n<div class=\"row\"  id=\"row-1542084471\">\n\n\n\t<div id=\"col-1569992379\" class=\"col medium-4 small-12 large-4\"  >\n\t\t\t\t<div class=\"col-inner\"  >\n\t\t\t\n\t\t\t\n\n\t<div class=\"img has-hover x md-x lg-x y md-y lg-y\" id=\"image_1926871955\">\n\t\t<a class=\"image-lightbox lightbox-gallery\" title=\"\" href=\"https:\/\/www.portablebar.com\/wp-content\/uploads\/77-1200x390.jpg\">\t\t\t\t\t\t<div class=\"img-inner image-cover box-shadow-3-hover dark\" style=\"padding-top:50%;\">\n\t\t\t<img loading=\"lazy\" decoding=\"async\" width=\"400\" height=\"130\" src=\"https:\/\/www.portablebar.com\/wp-content\/uploads\/77-400x130.jpg\" class=\"attachment-thumbnail size-thumbnail\" alt=\"77\" srcset=\"https:\/\/www.portablebar.com\/wp-content\/uploads\/77-400x130.jpg 400w, https:\/\/www.portablebar.com\/wp-content\/uploads\/77-650x211.jpg 650w, https:\/\/www.portablebar.com\/wp-content\/uploads\/77-1200x390.jpg 1200w, https:\/\/www.portablebar.com\/wp-content\/uploads\/77-768x250.jpg 768w, https:\/\/www.portablebar.com\/wp-content\/uploads\/77-1536x500.jpg 1536w, https:\/\/www.portablebar.com\/wp-content\/uploads\/77-500x163.jpg 500w, https:\/\/www.portablebar.com\/wp-content\/uploads\/77-247x80.jpg 247w, https:\/\/www.portablebar.com\/wp-content\/uploads\/77-850x277.jpg 850w, https:\/\/www.portablebar.com\/wp-content\/uploads\/77.jpg 1703w\" sizes=\"auto, (max-width: 400px) 100vw, 400px\" title=\"77\" \/>\t\t\t\t\t\t\n\t\t\t\t\t<\/div>\n\t\t\t\t\t\t<\/a>\t\t\n<style>\n#image_1926871955 {\n  width: 100%;\n}\n<\/style>\n\t<\/div>\n\t\n\n\n\t\t<\/div>\n\t\t\t\t\t<\/div>\n\n\t\n\n\t<div id=\"col-812871196\" class=\"col medium-4 small-12 large-4\"  >\n\t\t\t\t<div class=\"col-inner\"  >\n\t\t\t\n\t\t\t\n\n\t<div class=\"img has-hover x md-x lg-x y md-y lg-y\" id=\"image_1608828808\">\n\t\t<a class=\"image-lightbox lightbox-gallery\" title=\"\" href=\"https:\/\/www.portablebar.com\/wp-content\/uploads\/62-1200x446.jpg\">\t\t\t\t\t\t<div class=\"img-inner image-cover box-shadow-3-hover dark\" style=\"padding-top:50%;\">\n\t\t\t<img loading=\"lazy\" decoding=\"async\" width=\"400\" height=\"149\" src=\"https:\/\/www.portablebar.com\/wp-content\/uploads\/62-400x149.jpg\" class=\"attachment-thumbnail size-thumbnail\" alt=\"62\" srcset=\"https:\/\/www.portablebar.com\/wp-content\/uploads\/62-400x149.jpg 400w, https:\/\/www.portablebar.com\/wp-content\/uploads\/62-650x241.jpg 650w, https:\/\/www.portablebar.com\/wp-content\/uploads\/62-1200x446.jpg 1200w, https:\/\/www.portablebar.com\/wp-content\/uploads\/62-768x285.jpg 768w, https:\/\/www.portablebar.com\/wp-content\/uploads\/62-500x186.jpg 500w, https:\/\/www.portablebar.com\/wp-content\/uploads\/62-247x92.jpg 247w, https:\/\/www.portablebar.com\/wp-content\/uploads\/62-850x316.jpg 850w, https:\/\/www.portablebar.com\/wp-content\/uploads\/62.jpg 1492w\" sizes=\"auto, (max-width: 400px) 100vw, 400px\" title=\"62\" \/>\t\t\t\t\t\t\n\t\t\t\t\t<\/div>\n\t\t\t\t\t\t<\/a>\t\t\n<style>\n#image_1608828808 {\n  width: 100%;\n}\n<\/style>\n\t<\/div>\n\t\n\n\n\t\t<\/div>\n\t\t\t\t\t<\/div>\n\n\t\n\n\t<div id=\"col-1587285287\" class=\"col medium-4 small-12 large-4\"  >\n\t\t\t\t<div class=\"col-inner\"  >\n\t\t\t\n\t\t\t\n\n\t<div class=\"img has-hover x md-x lg-x y md-y lg-y\" id=\"image_427373058\">\n\t\t<a class=\"image-lightbox lightbox-gallery\" title=\"\" href=\"https:\/\/www.portablebar.com\/wp-content\/uploads\/48-1200x521.jpg\">\t\t\t\t\t\t<div class=\"img-inner image-cover box-shadow-3-hover dark\" style=\"padding-top:50%;\">\n\t\t\t<img loading=\"lazy\" decoding=\"async\" width=\"400\" height=\"174\" src=\"https:\/\/www.portablebar.com\/wp-content\/uploads\/48-400x174.jpg\" class=\"attachment-thumbnail size-thumbnail\" alt=\"48\" srcset=\"https:\/\/www.portablebar.com\/wp-content\/uploads\/48-400x174.jpg 400w, https:\/\/www.portablebar.com\/wp-content\/uploads\/48-650x282.jpg 650w, https:\/\/www.portablebar.com\/wp-content\/uploads\/48-1200x521.jpg 1200w, https:\/\/www.portablebar.com\/wp-content\/uploads\/48-768x333.jpg 768w, https:\/\/www.portablebar.com\/wp-content\/uploads\/48-500x217.jpg 500w, https:\/\/www.portablebar.com\/wp-content\/uploads\/48-247x107.jpg 247w, https:\/\/www.portablebar.com\/wp-content\/uploads\/48-850x369.jpg 850w, https:\/\/www.portablebar.com\/wp-content\/uploads\/48.jpg 1277w\" sizes=\"auto, (max-width: 400px) 100vw, 400px\" title=\"48\" \/>\t\t\t\t\t\t\n\t\t\t\t\t<\/div>\n\t\t\t\t\t\t<\/a>\t\t\n<style>\n#image_427373058 {\n  width: 100%;\n}\n<\/style>\n\t<\/div>\n\t\n\n\n\t\t<\/div>\n\t\t\t\t\t<\/div>\n\n\t\n\n<\/div>\n\n\t\t<\/div>\n\t\t\t\t\t<\/div>\n\n\t\n\n<\/div>\n\n\t\t<\/div>\n\n\t\t\n<style>\n#section_947275678 {\n  padding-top: 0px;\n  padding-bottom: 0px;\n}\n<\/style>\n\t<\/section>","protected":false},"excerpt":{"rendered":"","protected":false},"author":1,"featured_media":0,"parent":0,"menu_order":0,"comment_status":"closed","ping_status":"closed","template":"page-blank-title-center.php","meta":{"_acf_changed":false,"footnotes":""},"class_list":["post-15654","page","type-page","status-publish","hentry"],"acf":[],"yoast_head":"<!-- This site is optimized with the Yoast SEO plugin v26.7 - https:\/\/yoast.com\/wordpress\/plugins\/seo\/ -->\n<title>Branding &amp; Graphics - Portable Bars by Customized Designs<\/title>\n<meta name=\"description\" content=\"Whether you&#039;re using your portable bar at conventions to promote your product, events and weddings, as satellite bars in restaurants or even as a home bar\" \/>\n<meta name=\"robots\" content=\"index, follow, max-snippet:-1, max-image-preview:large, max-video-preview:-1\" \/>\n<link rel=\"canonical\" href=\"https:\/\/www.portablebar.com\/de\/tragbare-bar-branding-grafiken\/\" \/>\n<meta property=\"og:locale\" content=\"de_DE\" \/>\n<meta property=\"og:type\" content=\"article\" \/>\n<meta property=\"og:title\" content=\"Branding &amp; Graphics - Portable Bars by Customized Designs\" \/>\n<meta property=\"og:description\" content=\"Whether you&#039;re using your portable bar at conventions to promote your product, events and weddings, as satellite bars in restaurants or even as a home bar\" \/>\n<meta property=\"og:url\" content=\"https:\/\/www.portablebar.com\/de\/tragbare-bar-branding-grafiken\/\" \/>\n<meta property=\"og:site_name\" content=\"Portable Bars by Customized Designs\" \/>\n<meta property=\"article:modified_time\" content=\"2019-02-09T03:15:48+00:00\" \/>\n<meta name=\"twitter:card\" content=\"summary_large_image\" \/>\n<script type=\"application\/ld+json\" class=\"yoast-schema-graph\">{\"@context\":\"https:\/\/schema.org\",\"@graph\":[{\"@type\":\"WebPage\",\"@id\":\"https:\/\/www.portablebar.com\/de\/tragbare-bar-branding-grafiken\/\",\"url\":\"https:\/\/www.portablebar.com\/de\/tragbare-bar-branding-grafiken\/\",\"name\":\"Branding & Graphics - Portable Bars by Customized Designs\",\"isPartOf\":{\"@id\":\"https:\/\/www.portablebar.com\/de\/#website\"},\"datePublished\":\"2019-02-02T23:03:51+00:00\",\"dateModified\":\"2019-02-09T03:15:48+00:00\",\"description\":\"Whether you're using your portable bar at conventions to promote your product, events and weddings, as satellite bars in restaurants or even as a home bar\",\"breadcrumb\":{\"@id\":\"https:\/\/www.portablebar.com\/de\/tragbare-bar-branding-grafiken\/#breadcrumb\"},\"inLanguage\":\"de\",\"potentialAction\":[{\"@type\":\"ReadAction\",\"target\":[\"https:\/\/www.portablebar.com\/de\/tragbare-bar-branding-grafiken\/\"]}]},{\"@type\":\"BreadcrumbList\",\"@id\":\"https:\/\/www.portablebar.com\/de\/tragbare-bar-branding-grafiken\/#breadcrumb\",\"itemListElement\":[{\"@type\":\"ListItem\",\"position\":1,\"name\":\"Home\",\"item\":\"https:\/\/www.portablebar.com\/\"},{\"@type\":\"ListItem\",\"position\":2,\"name\":\"Branding &#038; Graphics\"}]},{\"@type\":\"WebSite\",\"@id\":\"https:\/\/www.portablebar.com\/de\/#website\",\"url\":\"https:\/\/www.portablebar.com\/de\/\",\"name\":\"Portable Bars by Customized Designs\",\"description\":\"\",\"potentialAction\":[{\"@type\":\"SearchAction\",\"target\":{\"@type\":\"EntryPoint\",\"urlTemplate\":\"https:\/\/www.portablebar.com\/de\/?s={search_term_string}\"},\"query-input\":{\"@type\":\"PropertyValueSpecification\",\"valueRequired\":true,\"valueName\":\"search_term_string\"}}],\"inLanguage\":\"de\"}]}<\/script>\n<!-- \/ Yoast SEO plugin. -->","yoast_head_json":{"title":"Branding &amp; Grafiken - Tragbare Bars von Customized Designs","description":"Ob Sie Ihre tragbare Bar auf Kongressen zur F\u00f6rderung Ihres Produkts, bei Veranstaltungen und Hochzeiten, als Satellitenbar in Restaurants oder sogar als Hausbar verwenden","robots":{"index":"index","follow":"follow","max-snippet":"max-snippet:-1","max-image-preview":"max-image-preview:large","max-video-preview":"max-video-preview:-1"},"canonical":"https:\/\/www.portablebar.com\/de\/tragbare-bar-branding-grafiken\/","og_locale":"de_DE","og_type":"article","og_title":"Branding & Graphics - Portable Bars by Customized Designs","og_description":"Whether you're using your portable bar at conventions to promote your product, events and weddings, as satellite bars in restaurants or even as a home bar","og_url":"https:\/\/www.portablebar.com\/de\/tragbare-bar-branding-grafiken\/","og_site_name":"Portable Bars by Customized Designs","article_modified_time":"2019-02-09T03:15:48+00:00","twitter_card":"summary_large_image","schema":{"@context":"https:\/\/schema.org","@graph":[{"@type":"WebPage","@id":"https:\/\/www.portablebar.com\/de\/tragbare-bar-branding-grafiken\/","url":"https:\/\/www.portablebar.com\/de\/tragbare-bar-branding-grafiken\/","name":"Branding &amp; Grafiken - Tragbare Bars von Customized Designs","isPartOf":{"@id":"https:\/\/www.portablebar.com\/de\/#website"},"datePublished":"2019-02-02T23:03:51+00:00","dateModified":"2019-02-09T03:15:48+00:00","description":"Ob Sie Ihre tragbare Bar auf Kongressen zur F\u00f6rderung Ihres Produkts, bei Veranstaltungen und Hochzeiten, als Satellitenbar in Restaurants oder sogar als Hausbar verwenden","breadcrumb":{"@id":"https:\/\/www.portablebar.com\/de\/tragbare-bar-branding-grafiken\/#breadcrumb"},"inLanguage":"de","potentialAction":[{"@type":"ReadAction","target":["https:\/\/www.portablebar.com\/de\/tragbare-bar-branding-grafiken\/"]}]},{"@type":"BreadcrumbList","@id":"https:\/\/www.portablebar.com\/de\/tragbare-bar-branding-grafiken\/#breadcrumb","itemListElement":[{"@type":"ListItem","position":1,"name":"Home","item":"https:\/\/www.portablebar.com\/"},{"@type":"ListItem","position":2,"name":"Branding &#038; Graphics"}]},{"@type":"WebSite","@id":"https:\/\/www.portablebar.com\/de\/#website","url":"https:\/\/www.portablebar.com\/de\/","name":"Tragbare Bars von Customized Designs","description":"","potentialAction":[{"@type":"SearchAction","target":{"@type":"EntryPoint","urlTemplate":"https:\/\/www.portablebar.com\/de\/?s={search_term_string}"},"query-input":{"@type":"PropertyValueSpecification","valueRequired":true,"valueName":"search_term_string"}}],"inLanguage":"de"}]}},"_links":{"self":[{"href":"https:\/\/www.portablebar.com\/de\/wp-json\/wp\/v2\/pages\/15654","targetHints":{"allow":["GET"]}}],"collection":[{"href":"https:\/\/www.portablebar.com\/de\/wp-json\/wp\/v2\/pages"}],"about":[{"href":"https:\/\/www.portablebar.com\/de\/wp-json\/wp\/v2\/types\/page"}],"author":[{"embeddable":true,"href":"https:\/\/www.portablebar.com\/de\/wp-json\/wp\/v2\/users\/1"}],"replies":[{"embeddable":true,"href":"https:\/\/www.portablebar.com\/de\/wp-json\/wp\/v2\/comments?post=15654"}],"version-history":[{"count":0,"href":"https:\/\/www.portablebar.com\/de\/wp-json\/wp\/v2\/pages\/15654\/revisions"}],"wp:attachment":[{"href":"https:\/\/www.portablebar.com\/de\/wp-json\/wp\/v2\/media?parent=15654"}],"curies":[{"name":"wp","href":"https:\/\/api.w.org\/{rel}","templated":true}]}}