{"id":15639,"date":"2019-02-02T15:15:41","date_gmt":"2019-02-02T22:15:41","guid":{"rendered":"https:\/\/www.portablebar.com\/?page_id=15639"},"modified":"2026-01-01T12:40:10","modified_gmt":"2026-01-01T17:40:10","slug":"tragbare-bar-faq","status":"publish","type":"page","link":"https:\/\/www.portablebar.com\/de\/tragbare-bar-faq\/","title":{"rendered":"Portable Bar FAQ"},"content":{"rendered":"<section class=\"section\" id=\"section_1072330141\">\n\t\t<div class=\"section-bg fill\" >\n\t\t\t\t\t\t\t\t\t\n\t\t\t\n\n\t\t<\/div>\n\n\t\t\n\n\t\t<div class=\"section-content relative\">\n\t\t\t\n<h1><span style=\"font-size: 120%;\">H\u00c4UFIGE FRAGEN ZU TRAGBAREN BARS<\/span><\/h1>\n<h3>Wo werden Ihre Riegel hergestellt?<\/h3>\n<ul>\n<li>Wie alle unsere Produkte werden auch unsere tragbaren Riegel in unserem Werk in North Carolina hergestellt.<\/li>\n<li>Wir importieren keine unserer Produkte und lagern keinen Aspekt der Produktion aus.<\/li>\n<li>Keiner unserer Konkurrenten stellt seine St\u00e4be 100% von Anfang bis Ende her, einige importieren sie einfach aus China. Deshalb sind wir in der Lage, unsere St\u00e4be zu deutlich niedrigeren Kosten anzubieten.<\/li>\n<\/ul>\n<div class=\"text-centered\">\n<hr \/>\n<figure id=\"attachment_694\" aria-describedby=\"caption-attachment-694\" style=\"width: 360px\" class=\"wp-caption alignright\"><a href=\"https:\/\/www.portablebar.com\/wp-content\/uploads\/2018\/02\/62-portable-bar-prep-area.jpg\"><img loading=\"lazy\" decoding=\"async\" class=\"wp-image-694\" src=\"https:\/\/www.portablebar.com\/wp-content\/uploads\/2018\/02\/62-portable-bar-prep-area-621x400.jpg\" alt=\"62&quot; Tragbare Bar\" width=\"360\" height=\"232\" srcset=\"https:\/\/www.portablebar.com\/wp-content\/uploads\/2018\/02\/62-portable-bar-prep-area-621x400.jpg 621w, https:\/\/www.portablebar.com\/wp-content\/uploads\/2018\/02\/62-portable-bar-prep-area-400x258.jpg 400w, https:\/\/www.portablebar.com\/wp-content\/uploads\/2018\/02\/62-portable-bar-prep-area-768x495.jpg 768w, https:\/\/www.portablebar.com\/wp-content\/uploads\/2018\/02\/62-portable-bar-prep-area-500x322.jpg 500w, https:\/\/www.portablebar.com\/wp-content\/uploads\/2018\/02\/62-portable-bar-prep-area-247x159.jpg 247w, https:\/\/www.portablebar.com\/wp-content\/uploads\/2018\/02\/62-portable-bar-prep-area-850x547.jpg 850w, https:\/\/www.portablebar.com\/wp-content\/uploads\/2018\/02\/62-portable-bar-prep-area.jpg 1000w\" sizes=\"auto, (max-width: 360px) 100vw, 360px\" \/><\/a><figcaption id=\"caption-attachment-694\" class=\"wp-caption-text\">62 Tragbare Bar mit Speed Rail und Eisbeh\u00e4lter<\/figcaption><\/figure>\n<h3>Wie lange ist die Vorlaufzeit?<\/h3>\n<\/div>\n<ul>\n<li>Alle unsere Barren werden auf Bestellung speziell f\u00fcr Sie angefertigt und gebaut. Dies bedeutet, dass die Vorlaufzeiten je nach unserer aktuellen Arbeitsbelastung variieren.<\/li>\n<li>Je nach Nachfrage kann es nur eine Woche oder mehr als einen Monat dauern. Wir empfehlen Ihnen, sich mit uns in Verbindung zu setzen, um die aktuelle Vorlaufzeit zu erfahren.<\/li>\n<\/ul>\n<div class=\"text-centered\">\n<hr \/>\n<div class=\"text-centered\"><\/div>\n<div class=\"text-centered\">\n<h3>K\u00f6nnen diese mobilen Bars auch im Freien verwendet werden?<\/h3>\n<\/div>\n<ul>\n<li>Ja und nein. Sie k\u00f6nnen vor\u00fcbergehend im Freien verwendet werden und werden durch einen Sturm, der Ihre Hochzeit oder Veranstaltung st\u00f6rt, nicht irreparabel besch\u00e4digt. Sie sollten jedoch nicht dauerhaft ungedeckt im Freien stehen.<\/li>\n<li>Unsere Schutzh\u00fcllen sind wasserfest. Wenn Sie also vorhaben, Ihre tragbare Bar im Freien zu benutzen, empfehlen wir Ihnen, eine H\u00fclle zu bestellen, um sie zu sch\u00fctzen, wenn sie nicht benutzt wird.<\/li>\n<\/ul>\n<div class=\"text-centered\">\n<hr \/>\n<h3>K\u00f6nnen tragbare Bars mit Batterien betrieben werden?<\/h3>\n<\/div>\n<ul>\n<li>Ja. Die Lebensdauer der Batterien h\u00e4ngt stark von der Gr\u00f6\u00dfe der Bar und der Farbe der LED-Beleuchtung ab, die Sie verwenden. Wir empfehlen den Kauf von zwei Batterien f\u00fcr l\u00e4ngere Veranstaltungen. Weitere Informationen zur Batterielebensdauer finden Sie auf der\u00a0<a href=\"https:\/\/www.portablebar.com\/de\/p\/batterieladegerat\/\">Batterie &amp; Ladeger\u00e4t<\/a>\u00a0Seite.<\/li>\n<\/ul>\n<hr \/>\n<h3>Sind Ihre tragbaren Bars NSF-zertifiziert?<\/h3>\n<ul>\n<li>Die Stangen selbst sind es nicht. Allerdings ist die Vorbereitung Theke aus HDPE Schneidebrett Material, das NSF bewertet ist gemacht.<\/li>\n<\/ul>\n<div class=\"text-centered\">\n<hr \/>\n<h3>Ist die Edelstahl-Beschleunigungsschiene abnehmbar?<\/h3>\n<\/div>\n<ul>\n<li>Ja, aber sie l\u00e4sst sich in die Stange einklappen, so dass sie nicht entfernt werden muss, es sei denn, Sie wollen sie nicht mehr benutzen.<\/li>\n<\/ul>\n<div class=\"text-centered\">\n<hr \/>\n<h3>Was passiert, wenn ich eine Acrylplatte zerbreche?<\/h3>\n<\/div>\n<ul>\n<li>Alle Acrylplatten sind abnehmbar und k\u00f6nnen bei Bedarf ausgetauscht werden. Die Seitenw\u00e4nde sind universell f\u00fcr die gesamte tragbare Bar-Serie (au\u00dfer Minibars), w\u00e4hrend die Fronten nur f\u00fcr die jeweilige Bar geeignet sind.<\/li>\n<\/ul>\n<div class=\"text-centered\">\n<hr \/>\n<h3>Sind die Schneidebretter sp\u00fclmaschinenfest?<\/h3>\n<\/div>\n<ul>\n<li>Nein. Obwohl die Schneidebretter\/Zubereitungsplatten chemisch best\u00e4ndig sind, k\u00f6nnen sie sich durch die Hitze in der Sp\u00fclmaschine verziehen.<\/li>\n<\/ul>\n<div class=\"text-centered\">\n<hr \/>\n<h3>K\u00f6nnen die Abmessungen Ihrer mobilen Bars angepasst werden?<\/h3>\n<\/div>\n<ul>\n<li>Aufgrund des modularen Charakters aller Komponenten unserer St\u00e4be k\u00f6nnen die Abmessungen unserer St\u00e4be nicht ge\u00e4ndert werden. Ausnahmen k\u00f6nnen f\u00fcr kundenspezifische Bestellungen in gro\u00dfen Mengen gemacht werden.<\/li>\n<\/ul>\n<div class=\"text-centered\">\n<hr \/>\n<h3>Sind arbeiten bei The Portable Bar Company?<\/h3>\n<\/div>\n<ul>\n<li>Nein. PortableBar.com wird betrieben von <a href=\"https:\/\/www.customizeddesigns.com\">Ma\u00dfgeschneiderte Designs<\/a> in North Carolina. Weitere Einzelheiten \u00fcber die Unterschiede zwischen unseren Produkten finden Sie unter <a href=\"https:\/\/www.portablebar.com\/de\/tragbare-bar-firmenvergleich\/\">diese Seite<\/a>.<\/li>\n<\/ul>\n<\/div>\n\t\t<\/div>\n\n\t\t\n<style>\n#section_1072330141 {\n  padding-top: 30px;\n  padding-bottom: 30px;\n}\n<\/style>\n\t<\/section>","protected":false},"excerpt":{"rendered":"","protected":false},"author":1,"featured_media":0,"parent":0,"menu_order":0,"comment_status":"closed","ping_status":"closed","template":"page-blank-title-center.php","meta":{"_acf_changed":false,"footnotes":""},"class_list":["post-15639","page","type-page","status-publish","hentry"],"acf":[],"yoast_head":"<!-- This site is optimized with the Yoast SEO plugin v26.7 - https:\/\/yoast.com\/wordpress\/plugins\/seo\/ -->\n<title>Frequent Portable Bar Questions - PortableBar.com<\/title>\n<meta name=\"description\" content=\"Have questions about our led lighted mobile event bars? You&#039;ll find answers to the the most common questions about our portable bars here!\" \/>\n<meta name=\"robots\" content=\"index, follow, max-snippet:-1, max-image-preview:large, max-video-preview:-1\" \/>\n<link rel=\"canonical\" href=\"https:\/\/www.portablebar.com\/de\/tragbare-bar-faq\/\" \/>\n<meta property=\"og:locale\" content=\"de_DE\" \/>\n<meta property=\"og:type\" content=\"article\" \/>\n<meta property=\"og:title\" content=\"Frequent Portable Bar Questions - PortableBar.com\" \/>\n<meta property=\"og:description\" content=\"Have questions about our led lighted mobile event bars? You&#039;ll find answers to the the most common questions about our portable bars here!\" \/>\n<meta property=\"og:url\" content=\"https:\/\/www.portablebar.com\/de\/tragbare-bar-faq\/\" \/>\n<meta property=\"og:site_name\" content=\"Portable Bars by Customized Designs\" \/>\n<meta property=\"article:modified_time\" content=\"2026-01-01T17:40:10+00:00\" \/>\n<meta property=\"og:image\" content=\"https:\/\/www.portablebar.com\/wp-content\/uploads\/2018\/02\/62-portable-bar-prep-area.jpg\" \/>\n\t<meta property=\"og:image:width\" content=\"1000\" \/>\n\t<meta property=\"og:image:height\" content=\"644\" \/>\n\t<meta property=\"og:image:type\" content=\"image\/jpeg\" \/>\n<meta name=\"twitter:card\" content=\"summary_large_image\" \/>\n<meta name=\"twitter:label1\" content=\"Gesch\u00e4tzte Lesezeit\" \/>\n\t<meta name=\"twitter:data1\" content=\"3\u00a0Minuten\" \/>\n<script type=\"application\/ld+json\" class=\"yoast-schema-graph\">{\"@context\":\"https:\/\/schema.org\",\"@graph\":[{\"@type\":\"WebPage\",\"@id\":\"https:\/\/www.portablebar.com\/de\/tragbare-bar-faq\/\",\"url\":\"https:\/\/www.portablebar.com\/de\/tragbare-bar-faq\/\",\"name\":\"Frequent Portable Bar Questions - PortableBar.com\",\"isPartOf\":{\"@id\":\"https:\/\/www.portablebar.com\/de\/#website\"},\"primaryImageOfPage\":{\"@id\":\"https:\/\/www.portablebar.com\/de\/tragbare-bar-faq\/#primaryimage\"},\"image\":{\"@id\":\"https:\/\/www.portablebar.com\/de\/tragbare-bar-faq\/#primaryimage\"},\"thumbnailUrl\":\"https:\/\/www.portablebar.com\/wp-content\/uploads\/2018\/02\/62-portable-bar-prep-area-621x400.jpg\",\"datePublished\":\"2019-02-02T22:15:41+00:00\",\"dateModified\":\"2026-01-01T17:40:10+00:00\",\"description\":\"Have questions about our led lighted mobile event bars? You'll find answers to the the most common questions about our portable bars here!\",\"breadcrumb\":{\"@id\":\"https:\/\/www.portablebar.com\/de\/tragbare-bar-faq\/#breadcrumb\"},\"inLanguage\":\"de\",\"potentialAction\":[{\"@type\":\"ReadAction\",\"target\":[\"https:\/\/www.portablebar.com\/de\/tragbare-bar-faq\/\"]}]},{\"@type\":\"ImageObject\",\"inLanguage\":\"de\",\"@id\":\"https:\/\/www.portablebar.com\/de\/tragbare-bar-faq\/#primaryimage\",\"url\":\"https:\/\/www.portablebar.com\/wp-content\/uploads\/2018\/02\/62-portable-bar-prep-area-621x400.jpg\",\"contentUrl\":\"https:\/\/www.portablebar.com\/wp-content\/uploads\/2018\/02\/62-portable-bar-prep-area-621x400.jpg\"},{\"@type\":\"BreadcrumbList\",\"@id\":\"https:\/\/www.portablebar.com\/de\/tragbare-bar-faq\/#breadcrumb\",\"itemListElement\":[{\"@type\":\"ListItem\",\"position\":1,\"name\":\"Home\",\"item\":\"https:\/\/www.portablebar.com\/\"},{\"@type\":\"ListItem\",\"position\":2,\"name\":\"Portable Bar FAQ\"}]},{\"@type\":\"WebSite\",\"@id\":\"https:\/\/www.portablebar.com\/de\/#website\",\"url\":\"https:\/\/www.portablebar.com\/de\/\",\"name\":\"Portable Bars by Customized Designs\",\"description\":\"\",\"potentialAction\":[{\"@type\":\"SearchAction\",\"target\":{\"@type\":\"EntryPoint\",\"urlTemplate\":\"https:\/\/www.portablebar.com\/de\/?s={search_term_string}\"},\"query-input\":{\"@type\":\"PropertyValueSpecification\",\"valueRequired\":true,\"valueName\":\"search_term_string\"}}],\"inLanguage\":\"de\"}]}<\/script>\n<!-- \/ Yoast SEO plugin. -->","yoast_head_json":{"title":"H\u00e4ufige Fragen zu tragbaren Bars - PortableBar.com","description":"Haben Sie Fragen zu unseren mobilen Event-Bars mit LED-Beleuchtung? Hier finden Sie die Antworten auf die h\u00e4ufigsten Fragen zu unseren mobilen Bars!","robots":{"index":"index","follow":"follow","max-snippet":"max-snippet:-1","max-image-preview":"max-image-preview:large","max-video-preview":"max-video-preview:-1"},"canonical":"https:\/\/www.portablebar.com\/de\/tragbare-bar-faq\/","og_locale":"de_DE","og_type":"article","og_title":"Frequent Portable Bar Questions - PortableBar.com","og_description":"Have questions about our led lighted mobile event bars? You'll find answers to the the most common questions about our portable bars here!","og_url":"https:\/\/www.portablebar.com\/de\/tragbare-bar-faq\/","og_site_name":"Portable Bars by Customized Designs","article_modified_time":"2026-01-01T17:40:10+00:00","og_image":[{"width":1000,"height":644,"url":"https:\/\/www.portablebar.com\/wp-content\/uploads\/2018\/02\/62-portable-bar-prep-area.jpg","type":"image\/jpeg"}],"twitter_card":"summary_large_image","twitter_misc":{"Gesch\u00e4tzte Lesezeit":"3\u00a0Minuten"},"schema":{"@context":"https:\/\/schema.org","@graph":[{"@type":"WebPage","@id":"https:\/\/www.portablebar.com\/de\/tragbare-bar-faq\/","url":"https:\/\/www.portablebar.com\/de\/tragbare-bar-faq\/","name":"H\u00e4ufige Fragen zu tragbaren Bars - PortableBar.com","isPartOf":{"@id":"https:\/\/www.portablebar.com\/de\/#website"},"primaryImageOfPage":{"@id":"https:\/\/www.portablebar.com\/de\/tragbare-bar-faq\/#primaryimage"},"image":{"@id":"https:\/\/www.portablebar.com\/de\/tragbare-bar-faq\/#primaryimage"},"thumbnailUrl":"https:\/\/www.portablebar.com\/wp-content\/uploads\/2018\/02\/62-portable-bar-prep-area-621x400.jpg","datePublished":"2019-02-02T22:15:41+00:00","dateModified":"2026-01-01T17:40:10+00:00","description":"Haben Sie Fragen zu unseren mobilen Event-Bars mit LED-Beleuchtung? Hier finden Sie die Antworten auf die h\u00e4ufigsten Fragen zu unseren mobilen Bars!","breadcrumb":{"@id":"https:\/\/www.portablebar.com\/de\/tragbare-bar-faq\/#breadcrumb"},"inLanguage":"de","potentialAction":[{"@type":"ReadAction","target":["https:\/\/www.portablebar.com\/de\/tragbare-bar-faq\/"]}]},{"@type":"ImageObject","inLanguage":"de","@id":"https:\/\/www.portablebar.com\/de\/tragbare-bar-faq\/#primaryimage","url":"https:\/\/www.portablebar.com\/wp-content\/uploads\/2018\/02\/62-portable-bar-prep-area-621x400.jpg","contentUrl":"https:\/\/www.portablebar.com\/wp-content\/uploads\/2018\/02\/62-portable-bar-prep-area-621x400.jpg"},{"@type":"BreadcrumbList","@id":"https:\/\/www.portablebar.com\/de\/tragbare-bar-faq\/#breadcrumb","itemListElement":[{"@type":"ListItem","position":1,"name":"Home","item":"https:\/\/www.portablebar.com\/"},{"@type":"ListItem","position":2,"name":"Portable Bar FAQ"}]},{"@type":"WebSite","@id":"https:\/\/www.portablebar.com\/de\/#website","url":"https:\/\/www.portablebar.com\/de\/","name":"Tragbare Bars von Customized Designs","description":"","potentialAction":[{"@type":"SearchAction","target":{"@type":"EntryPoint","urlTemplate":"https:\/\/www.portablebar.com\/de\/?s={search_term_string}"},"query-input":{"@type":"PropertyValueSpecification","valueRequired":true,"valueName":"search_term_string"}}],"inLanguage":"de"}]}},"_links":{"self":[{"href":"https:\/\/www.portablebar.com\/de\/wp-json\/wp\/v2\/pages\/15639","targetHints":{"allow":["GET"]}}],"collection":[{"href":"https:\/\/www.portablebar.com\/de\/wp-json\/wp\/v2\/pages"}],"about":[{"href":"https:\/\/www.portablebar.com\/de\/wp-json\/wp\/v2\/types\/page"}],"author":[{"embeddable":true,"href":"https:\/\/www.portablebar.com\/de\/wp-json\/wp\/v2\/users\/1"}],"replies":[{"embeddable":true,"href":"https:\/\/www.portablebar.com\/de\/wp-json\/wp\/v2\/comments?post=15639"}],"version-history":[{"count":0,"href":"https:\/\/www.portablebar.com\/de\/wp-json\/wp\/v2\/pages\/15639\/revisions"}],"wp:attachment":[{"href":"https:\/\/www.portablebar.com\/de\/wp-json\/wp\/v2\/media?parent=15639"}],"curies":[{"name":"wp","href":"https:\/\/api.w.org\/{rel}","templated":true}]}}