{"id":2140,"date":"2018-02-05T14:27:31","date_gmt":"2018-02-05T21:27:31","guid":{"rendered":"https:\/\/www.portablebar.com\/woo\/?post_type=product&#038;p=2140"},"modified":"2025-12-19T09:11:54","modified_gmt":"2025-12-19T14:11:54","slug":"%d8%b4%d8%a7%d8%ad%d9%86-%d8%a7%d9%84%d8%a8%d8%b7%d8%a7%d8%b1%d9%8a%d8%a9","status":"publish","type":"product","link":"https:\/\/www.portablebar.com\/ar\/p\/%d8%b4%d8%a7%d8%ad%d9%86-%d8%a7%d9%84%d8%a8%d8%b7%d8%a7%d8%b1%d9%8a%d8%a9\/","title":{"rendered":"\u0628\u0637\u0627\u0631\u064a\u0629 \u0648\u0634\u0627\u062d\u0646 \u0644\u0644\u0623\u062b\u0627\u062b \u0648\u0627\u0644\u0642\u0636\u0628\u0627\u0646 \u0627\u0644\u0645\u062d\u0645\u0648\u0644\u0629"},"content":{"rendered":"<h2>\u0639\u0645\u0631 \u0627\u0644\u0628\u0637\u0627\u0631\u064a\u0629<\/h2>\n<p>\u0627\u0644\u0633\u0624\u0627\u0644 \u0627\u0644\u0623\u0643\u062b\u0631 \u0634\u064a\u0648\u0639\u064b\u0627 \u0627\u0644\u0630\u064a \u0646\u062a\u0644\u0642\u0627\u0647 \u0647\u0648 \"\u0643\u0645 \u0645\u0646 \u0627\u0644\u0648\u0642\u062a \u0633\u062a\u062f\u0648\u0645 \u0627\u0644\u0628\u0637\u0627\u0631\u064a\u0629\u061f \u0648\u0630\u0644\u0643 \u0644\u0623\u0646\u0646\u0627 \u0646\u0642\u062f\u0645 \u0643\u0645\u064a\u0629 \u0643\u0628\u064a\u0631\u0629 \u0645\u0646 \u0627\u0644\u0645\u0646\u062a\u062c\u0627\u062a \u0648\u0643\u0644 \u0645\u0646\u062a\u062c \u0645\u0646\u0647\u0627 \u064a\u0633\u062a\u062e\u062f\u0645 \u0643\u0645\u064a\u0629 \u0645\u062e\u062a\u0644\u0641\u0629 \u0645\u0646 \u0625\u0636\u0627\u0621\u0629 LED \u0645\u0645\u0627 \u064a\u0624\u062b\u0631 \u0639\u0644\u0649 \u0639\u0645\u0631 \u0627\u0644\u0628\u0637\u0627\u0631\u064a\u0629.<\/p>\n<p>\u0647\u0646\u0627\u0643 \u0627\u0644\u0639\u062f\u064a\u062f \u0645\u0646 \u0627\u0644\u0645\u062a\u063a\u064a\u0631\u0627\u062a \u0627\u0644\u0623\u062e\u0631\u0649 \u0627\u0644\u062a\u064a \u062a\u062d\u062f\u062f \u0639\u0645\u0631 \u0627\u0644\u0628\u0637\u0627\u0631\u064a\u0629 \u0623\u064a\u0636\u0627\u064b. \u0641\u064a \u0627\u0644\u0645\u0642\u0627\u0645 \u0627\u0644\u0623\u0648\u0644 \u0627\u0644\u0644\u0648\u0646 \u0627\u0644\u0630\u064a \u062a\u0645 \u0636\u0628\u0637 \u0625\u0636\u0627\u0621\u0629 LED \u0639\u0644\u064a\u0647. \u0648\u0630\u0644\u0643 \u0644\u0623\u0646 \u0645\u0635\u0627\u0628\u064a\u062d LED \u0630\u0627\u062a \u0627\u0644\u0623\u0644\u0648\u0627\u0646 \u0627\u0644\u0645\u062e\u062a\u0644\u0641\u0629 \u062a\u0633\u062a\u062e\u062f\u0645 \u0643\u0645\u064a\u0627\u062a \u0645\u062e\u062a\u0644\u0641\u0629 \u0645\u0646 \u0627\u0644\u0637\u0627\u0642\u0629.<br \/>\n\u0645\u0627 \u0627\u0644\u0623\u0644\u0648\u0627\u0646 \u0627\u0644\u062a\u064a \u062a\u062c\u0630\u0628 \u0623\u0643\u0628\u0631 \u0642\u062f\u0631 \u0645\u0646 \u0627\u0644\u0637\u0627\u0642\u0629\u061f<\/p>\n<ul>\n<li>\u0623\u0628\u064a\u0636<\/li>\n<li>\u0623\u062e\u0636\u0631<\/li>\n<li>\u0623\u0632\u0631\u0642<\/li>\n<li>\u0623\u062d\u0645\u0631<\/li>\n<\/ul>\n<p>\u064a\u0633\u062a\u0647\u0644\u0643 \u0627\u0644\u0644\u0648\u0646 \u0627\u0644\u0623\u0628\u064a\u0636 \u0623\u0643\u0628\u0631 \u0642\u062f\u0631 \u0645\u0646 \u0627\u0644\u0637\u0627\u0642\u0629 \u0644\u0623\u0646\u0647\u060c \u0645\u0646 \u0623\u062c\u0644 \u0625\u0646\u0634\u0627\u0621 \u0627\u0644\u0644\u0648\u0646 \u0627\u0644\u0623\u0628\u064a\u0636\u060c \u064a\u0633\u062a\u062e\u062f\u0645 \u0643\u0644 \u0644\u0648\u0646 (RGB). \u0644\u0630\u0627\u060c \u0628\u0634\u0643\u0644 \u0639\u0627\u0645\u060c \u0633\u0648\u0641 \u064a\u0633\u062a\u0646\u0632\u0641 \u0627\u0644\u0644\u0648\u0646 \u0627\u0644\u0623\u0628\u064a\u0636 \u0627\u0644\u0628\u0637\u0627\u0631\u064a\u0629 3 \u0645\u0631\u0627\u062a \u0623\u0633\u0631\u0639 \u0645\u0646 \u0627\u0644\u0623\u062d\u0645\u0631 \u0627\u0644\u0635\u0644\u0628 \u0623\u0648 \u0627\u0644\u0623\u062e\u0636\u0631 \u0627\u0644\u0635\u0644\u0628 \u0623\u0648 \u0627\u0644\u0623\u0632\u0631\u0642 \u0627\u0644\u0635\u0644\u0628. \u0633\u062a\u062e\u062a\u0644\u0641 \u0627\u0644\u0623\u0644\u0648\u0627\u0646 \u0627\u0644\u0645\u062e\u062a\u0644\u0637\u0629 (\u0627\u0644\u0623\u0631\u062c\u0648\u0627\u0646\u064a \u0648\u0627\u0644\u0633\u0645\u0627\u0648\u064a \u0648\u0627\u0644\u0623\u0635\u0641\u0631)\u060c \u0628\u0627\u0644\u0625\u0636\u0627\u0641\u0629 \u0625\u0644\u0649 \u0623\u0648\u0636\u0627\u0639 \u062a\u063a\u064a\u064a\u0631 \u0627\u0644\u0623\u0644\u0648\u0627\u0646\u060c \u0633\u064a\u062e\u062a\u0644\u0641 \u0639\u0645\u0631 \u0627\u0644\u0628\u0637\u0627\u0631\u064a\u0629 \u062d\u0633\u0628 \u0627\u0644\u0623\u0644\u0648\u0627\u0646 \u0627\u0644\u0645\u0633\u062a\u062e\u062f\u0645\u0629. \u0633\u062a\u062f\u0648\u0645 \u0627\u0644\u0623\u0644\u0648\u0627\u0646 \u0627\u0644\u0635\u0644\u0628\u0629\u060c \u0648\u0627\u0644\u0623\u0644\u0648\u0627\u0646 \u0627\u0644\u0645\u062e\u062a\u0644\u0637\u0629\u060c \u0648\u0627\u0644\u0623\u0648\u0636\u0627\u0639 \u0627\u0644\u0645\u062a\u063a\u064a\u0631\u0629 \u0627\u0644\u0623\u0644\u0648\u0627\u0646 \u062f\u0627\u0626\u0645\u064b\u0627 \u0644\u0641\u062a\u0631\u0629 \u0623\u0637\u0648\u0644 \u0645\u0646 \u0627\u0644\u0623\u0628\u064a\u0636.<\/p>\n<p>\u0648\u0627\u0644\u0622\u0646\u060c \u0628\u0639\u062f \u0623\u0646 \u0623\u0635\u0628\u062d\u062a \u0639\u0644\u0649 \u062f\u0631\u0627\u064a\u0629 \u062a\u0627\u0645\u0629 \u0628\u0623\u0633\u0628\u0627\u0628 \u062a\u0623\u062b\u064a\u0631 \u0627\u0644\u0623\u0644\u0648\u0627\u0646 \u0627\u0644\u0645\u062e\u062a\u0644\u0641\u0629 \u0639\u0644\u0649 \u0639\u0645\u0631 \u0627\u0644\u0628\u0637\u0627\u0631\u064a\u0629\u060c \u0641\u064a\u0645\u0627 \u064a\u0644\u064a \u0628\u0639\u0636 \u0627\u0644\u0623\u0645\u062b\u0644\u0629 \u0639\u0644\u0649 \u0639\u0645\u0631 \u0627\u0644\u0628\u0637\u0627\u0631\u064a\u0629 \u0641\u064a \u0627\u0644\u0645\u0646\u062a\u062c\u0627\u062a \u0627\u0644\u062a\u064a \u0627\u062e\u062a\u0628\u0631\u0646\u0627\u0647\u0627.<\/p>\n<h2>\u0642\u0636\u0628\u0627\u0646 \u0645\u062d\u0645\u0648\u0644\u0629<\/h2>\n<table class=\"battery_table\">\n<tbody>\n<tr>\n<td><\/td>\n<td>\u0623\u0628\u064a\u0636<\/td>\n<td>\u062a\u063a\u064a\u064a\u0631 \u0627\u0644\u0644\u0648\u0646 (\u062a\u0644\u0627\u0634\u064a 7 \u0623\u0644\u0648\u0627\u0646)<\/td>\n<\/tr>\n<tr>\n<td>\u0645\u064a\u0646\u064a \u0628\u0627\u0631<\/td>\n<td>5 \u0633\u0627\u0639\u0627\u062a<\/td>\n<td>10 \u0633\u0627\u0639\u0627\u062a<\/td>\n<\/tr>\n<tr>\n<td>\u0634\u0631\u064a\u0637 48\u2033 \u0628\u0627\u0631<\/td>\n<td>4 \u0633\u0627\u0639\u0627\u062a<\/td>\n<td>9 \u0633\u0627\u0639\u0627\u062a<\/td>\n<\/tr>\n<tr>\n<td>\u0634\u0631\u064a\u0637 62\u2033 \u0628\u0627\u0631<\/td>\n<td>3.5 \u0633\u0627\u0639\u0627\u062a<\/td>\n<td>7 \u0633\u0627\u0639\u0627\u062a<\/td>\n<\/tr>\n<tr>\n<td>77\u2033 \u0628\u0627\u0631<\/td>\n<td>3 \u0633\u0627\u0639\u0627\u062a<\/td>\n<td>5 \u0633\u0627\u0639\u0627\u062a<\/td>\n<\/tr>\n<\/tbody>\n<\/table>\n<p>\u0627\u0644\u0645\u0632\u064a\u062f \u0645\u0646 \u0627\u0644\u0623\u0645\u062b\u0644\u0629 \u0642\u0631\u064a\u0628\u0627\u064b.<\/p>\n<h2>\u0643\u064a\u0641\u064a\u0629 \u0632\u064a\u0627\u062f\u0629\/\u0627\u0644\u062d\u0641\u0627\u0638 \u0639\u0644\u0649 \u0639\u0645\u0631 \u0627\u0644\u0628\u0637\u0627\u0631\u064a\u0629<\/h2>\n<ul>\n<li>\u0625\u0646 \u0623\u0641\u0636\u0644 \u0637\u0631\u064a\u0642\u0629 \u0644\u0625\u0637\u0627\u0644\u0629 \u0639\u0645\u0631 \u0627\u0644\u0628\u0637\u0627\u0631\u064a\u0629 \u0647\u064a \u062a\u0639\u062a\u064a\u0645 \u0627\u0644\u0625\u0636\u0627\u0621\u0629. \u0647\u0630\u0627 \u0641\u0639\u0627\u0644 \u0628\u0634\u0643\u0644 \u062e\u0627\u0635 \u0644\u0644\u0645\u0646\u062a\u062c\u0627\u062a \u0627\u0644\u062a\u064a \u062a\u062d\u062a\u0648\u064a \u0639\u0644\u0649 \u0627\u0644\u0643\u062b\u064a\u0631 \u0645\u0646 \u0625\u0636\u0627\u0621\u0629 LED. \u0639\u0644\u0649 \u0633\u0628\u064a\u0644 \u0627\u0644\u0645\u062b\u0627\u0644\u060c \u064a\u0633\u062d\u0628 \u0627\u0644\u0634\u0631\u064a\u0637 \u0627\u0644\u0645\u062d\u0645\u0648\u0644 77\u2033\u060c \u0639\u0644\u0649 \u0633\u0628\u064a\u0644 \u0627\u0644\u0645\u062b\u0627\u0644\u060c \u0645\u0627 \u064a\u0642\u0631\u0628 \u0645\u0646 40 \u0648\u0627\u0637 \u0639\u0644\u0649 \u0627\u0644\u0644\u0648\u0646 \u0627\u0644\u0623\u0628\u064a\u0636 \u0639\u0646\u062f \u0627\u0644\u0633\u0637\u0648\u0639 \u0627\u0644\u0643\u0627\u0645\u0644. \u0641\u0642\u0637 \u0639\u0646 \u0637\u0631\u064a\u0642 \u062a\u0639\u062a\u064a\u0645 \u0627\u0644\u0625\u0636\u0627\u0621\u0629 \u0628\u0645\u0633\u062a\u0648\u0649 \u0648\u0627\u062d\u062f\u060c \u064a\u0642\u0644\u0644 \u0645\u0646 \u0633\u062d\u0628 \u0627\u0644\u0637\u0627\u0642\u0629 \u0625\u0644\u0649 34 \u0648\u0627\u0637.<\/li>\n<li>\u0642\u0645 \u062f\u0627\u0626\u0645\u0627\u064b \u0628\u0625\u0639\u0627\u062f\u0629 \u0634\u062d\u0646 \u0627\u0644\u0628\u0637\u0627\u0631\u064a\u0629 \u0628\u0639\u062f \u0643\u0644 \u0627\u0633\u062a\u062e\u062f\u0627\u0645 \u0637\u0648\u064a\u0644\u060c \u062e\u0627\u0635\u0629\u064b \u0625\u0630\u0627 \u0627\u0633\u062a\u0646\u0632\u0641\u062a \u0627\u0644\u0628\u0637\u0627\u0631\u064a\u0629 \u0628\u0627\u0644\u0643\u0627\u0645\u0644.<\/li>\n<li>\u0627\u0634\u062a\u0631\u0650 \u0628\u0637\u0627\u0631\u064a\u0629 \u0623\u0643\u0628\u0631. - \u0627\u0644\u0628\u0637\u0627\u0631\u064a\u0629 \u0627\u0644\u062a\u064a \u0646\u0628\u064a\u0639\u0647\u0627 \u0647\u064a 12 \u0623\u0645\u0628\u064a\u0631 \u0648\u0644\u0643\u0646 \u0647\u0630\u0647 \u0627\u0644\u0628\u0637\u0627\u0631\u064a\u0627\u062a \u0645\u062a\u0648\u0641\u0631\u0629 \u062d\u062a\u0649 96 \u0623\u0645\u0628\u064a\u0631. \u0636\u0639 \u0641\u064a \u0627\u0639\u062a\u0628\u0627\u0631\u0643 \u0623\u0646\u0643 \u0633\u062a\u062d\u062a\u0627\u062c \u0625\u0644\u0649 \u0627\u0644\u062a\u0623\u0643\u062f \u0645\u0646 \u0623\u0646 \u0644\u062f\u064a\u0643 \u0645\u0633\u0627\u062d\u0629 \u0643\u0627\u0641\u064a\u0629 \u0644\u0628\u0637\u0627\u0631\u064a\u0629 \u0623\u0643\u0628\u0631 \u0648\u0623\u0646 \u0623\u0637\u0631\u0627\u0641 \u0647\u0630\u0647 \u0627\u0644\u0628\u0637\u0627\u0631\u064a\u0627\u062a \u0627\u0644\u0623\u0643\u0628\u0631 \u0642\u062f \u0644\u0627 \u062a\u0643\u0648\u0646 \u0645\u062a\u0648\u0627\u0641\u0642\u0629 \u0645\u0639 \u0627\u0644\u0633\u0644\u0643 \u0627\u0644\u0630\u064a \u0646\u0648\u0641\u0631\u0647.<\/li>\n<\/ul>\n<h2>\u0645\u0648\u0627\u0635\u0641\u0627\u062a \u0627\u0644\u0628\u0637\u0627\u0631\u064a\u0629<\/h2>\n<ul>\n<li>\u0628\u0637\u0627\u0631\u064a\u0627\u062a\u0646\u0627 \u0645\u0646 \u062d\u0645\u0636 \u0627\u0644\u0631\u0635\u0627\u0635 \u0627\u0644\u0645\u062e\u062a\u0648\u0645 12 \u0641\u0648\u0644\u062a 12 \u0623\u0645\u0628\u064a\u0631. \u0628\u0637\u0627\u0631\u064a\u0627\u062a \u0627\u0644\u062f\u0631\u0627\u062c\u0627\u062a \u0627\u0644\u0646\u0627\u0631\u064a\u0629 \u0628\u0634\u0643\u0644 \u0623\u0633\u0627\u0633\u064a.<\/li>\n<li>\u0627\u0644\u0648\u0632\u0646: 8 \u0623\u0631\u0637\u0627\u0644<\/li>\n<li>\u0627\u0644\u0623\u0628\u0639\u0627\u062f: 6 \u00d7 4 \u00d7 4 \u00d7 4 \u0628\u0648\u0635\u0629<\/li>\n<li>\u0648\u0647\u064a \u0645\u062a\u0648\u0641\u0631\u0629 \u0641\u064a \u0623\u064a \u0645\u062a\u062c\u0631 \u0628\u0637\u0627\u0631\u064a\u0627\u062a \u0645\u062b\u0644 \u0628\u0637\u0627\u0631\u064a\u0627\u062a \u0628\u0644\u0633.<\/li>\n<li>\u0648\u0646\u0638\u0631\u0627\u064b \u0644\u0623\u0646\u0646\u0627 \u0646\u062d\u0635\u0644 \u0639\u0644\u0649 \u062e\u0635\u0648\u0645\u0627\u062a \u0643\u0628\u064a\u0631\u0629 \u0648\u0644\u0627 \u0646\u0642\u0648\u0645 \u0628\u062a\u0631\u0645\u064a\u0632 \u0627\u0644\u0628\u0637\u0627\u0631\u064a\u0627\u062a\u060c \u0641\u0625\u0646 \u0634\u0631\u0627\u0621 \u0647\u0630\u0647 \u0627\u0644\u0628\u0637\u0627\u0631\u064a\u0627\u062a \u0645\u0646\u0627 \u0623\u0631\u062e\u0635 \u0645\u0646 \u0645\u0639\u0638\u0645 \u0627\u0644\u0645\u062a\u0627\u062c\u0631.<\/li>\n<\/ul>","protected":false},"excerpt":{"rendered":"<p>\u0639\u0645\u0631 \u0627\u0644\u0628\u0637\u0627\u0631\u064a\u0629 \u0627\u0644\u0633\u0624\u0627\u0644 \u0627\u0644\u0623\u0643\u062b\u0631 \u0634\u064a\u0648\u0639\u064b\u0627 \u0627\u0644\u0630\u064a \u0646\u062a\u0644\u0642\u0627\u0647 \u0647\u0648 \"\u0643\u0645 \u0645\u0646 \u0627\u0644\u0648\u0642\u062a \u0633\u062a\u062f\u0648\u0645 \u0627\u0644\u0628\u0637\u0627\u0631\u064a\u0629\u061f \u0647\u0630\u0627 \u0644\u0623\u0646\u0646\u0627 \u0646\u0642\u062f\u0645 \u0643\u0645\u064a\u0629 \u0643\u0628\u064a\u0631\u0629 \u0645\u0646 \u0627\u0644\u0645\u0646\u062a\u062c\u0627\u062a \u0648\u0643\u0644 \u0645\u0646\u062a\u062c \u064a\u0633\u062a\u062e\u062f\u0645 \u0643\u0645\u064a\u0629 \u0645\u062e\u062a\u0644\u0641\u0629 \u0645\u0646 \u0625\u0636\u0627\u0621\u0629 LED \u0645\u0645\u0627 \u064a\u0624\u062b\u0631 \u0639\u0644\u0649 \u0639\u0645\u0631 \u0627\u0644\u0628\u0637\u0627\u0631\u064a\u0629. \u0647\u0646\u0627\u0643 \u0627\u0644\u0639\u062f\u064a\u062f \u0645\u0646<\/p>","protected":false},"featured_media":2150,"comment_status":"closed","ping_status":"closed","template":"","meta":{"_acf_changed":false,"footnotes":""},"product_brand":[],"product_cat":[240,242,241,243],"product_tag":[],"class_list":{"0":"post-2140","1":"product","2":"type-product","3":"status-publish","4":"has-post-thumbnail","6":"product_cat-48-portable-bar-accessories","7":"product_cat-portable-bar-accessories-62","8":"product_cat-portable-bar-accessories-77","9":"product_cat-portable-bar-accessories-mini","10":"product_shipping_class-flat-15","11":"tm-has-options","13":"first","14":"instock","15":"taxable","16":"shipping-taxable","17":"purchasable","18":"product-type-simple"},"acf":[],"gallery_images":[],"yoast_head":"<!-- This site is optimized with the Yoast SEO plugin v26.7 - https:\/\/yoast.com\/wordpress\/plugins\/seo\/ -->\n<title>Battery &amp; Charger for Furniture &amp; Portable Bars - Portable Bars by Customized Designs<\/title>\n<meta name=\"description\" content=\"Battery &amp; Charger for Furniture &amp; Portable Bars - Battery Life The most common question we get is &quot;How long will the battery last?&quot; and the answer to that question is, That&#039;s a good question! This is Portable Bars by Customized Designs\" \/>\n<meta name=\"robots\" content=\"index, follow, max-snippet:-1, max-image-preview:large, max-video-preview:-1\" \/>\n<link rel=\"canonical\" href=\"https:\/\/www.portablebar.com\/ar\/p\/\u0634\u0627\u062d\u0646-\u0627\u0644\u0628\u0637\u0627\u0631\u064a\u0629\/\" \/>\n<meta property=\"og:locale\" content=\"ar_AR\" \/>\n<meta property=\"og:type\" content=\"article\" \/>\n<meta property=\"og:title\" content=\"Battery &amp; Charger for Furniture &amp; Portable Bars - Portable Bars by Customized Designs\" \/>\n<meta property=\"og:description\" content=\"Battery &amp; Charger for Furniture &amp; Portable Bars - Battery Life The most common question we get is &quot;How long will the battery last?&quot; and the answer to that question is, That&#039;s a good question! This is Portable Bars by Customized Designs\" \/>\n<meta property=\"og:url\" content=\"https:\/\/www.portablebar.com\/ar\/p\/\u0634\u0627\u062d\u0646-\u0627\u0644\u0628\u0637\u0627\u0631\u064a\u0629\/\" \/>\n<meta property=\"og:site_name\" content=\"Portable Bars by Customized Designs\" \/>\n<meta property=\"article:modified_time\" content=\"2025-12-19T14:11:54+00:00\" \/>\n<meta property=\"og:image\" content=\"https:\/\/www.portablebar.com\/wp-content\/uploads\/2018\/02\/battery-charger.jpg\" \/>\n\t<meta property=\"og:image:width\" content=\"594\" \/>\n\t<meta property=\"og:image:height\" content=\"224\" \/>\n\t<meta property=\"og:image:type\" content=\"image\/jpeg\" \/>\n<meta name=\"twitter:card\" content=\"summary_large_image\" \/>\n<meta name=\"twitter:label1\" content=\"\u0648\u0642\u062a \u0627\u0644\u0642\u0631\u0627\u0621\u0629 \u0627\u0644\u0645\u064f\u0642\u062f\u0651\u0631\" \/>\n\t<meta name=\"twitter:data1\" content=\"\u062f\u0642\u064a\u0642\u062a\u0627\u0646\" \/>\n<script type=\"application\/ld+json\" class=\"yoast-schema-graph\">{\"@context\":\"https:\/\/schema.org\",\"@graph\":[{\"@type\":\"WebPage\",\"@id\":\"https:\/\/www.portablebar.com\/ar\/p\/%d8%b4%d8%a7%d8%ad%d9%86-%d8%a7%d9%84%d8%a8%d8%b7%d8%a7%d8%b1%d9%8a%d8%a9\/\",\"url\":\"https:\/\/www.portablebar.com\/ar\/p\/%d8%b4%d8%a7%d8%ad%d9%86-%d8%a7%d9%84%d8%a8%d8%b7%d8%a7%d8%b1%d9%8a%d8%a9\/\",\"name\":\"Battery & Charger for Furniture & Portable Bars - Portable Bars by Customized Designs\",\"isPartOf\":{\"@id\":\"https:\/\/www.portablebar.com\/ar\/#website\"},\"primaryImageOfPage\":{\"@id\":\"https:\/\/www.portablebar.com\/ar\/p\/%d8%b4%d8%a7%d8%ad%d9%86-%d8%a7%d9%84%d8%a8%d8%b7%d8%a7%d8%b1%d9%8a%d8%a9\/#primaryimage\"},\"image\":{\"@id\":\"https:\/\/www.portablebar.com\/ar\/p\/%d8%b4%d8%a7%d8%ad%d9%86-%d8%a7%d9%84%d8%a8%d8%b7%d8%a7%d8%b1%d9%8a%d8%a9\/#primaryimage\"},\"thumbnailUrl\":\"https:\/\/www.portablebar.com\/wp-content\/uploads\/2018\/02\/battery-charger.jpg\",\"datePublished\":\"2018-02-05T21:27:31+00:00\",\"dateModified\":\"2025-12-19T14:11:54+00:00\",\"description\":\"Battery & Charger for Furniture & Portable Bars - Battery Life The most common question we get is \\\"How long will the battery last?\\\" and the answer to that question is, That's a good question! This is Portable Bars by Customized Designs\",\"breadcrumb\":{\"@id\":\"https:\/\/www.portablebar.com\/ar\/p\/%d8%b4%d8%a7%d8%ad%d9%86-%d8%a7%d9%84%d8%a8%d8%b7%d8%a7%d8%b1%d9%8a%d8%a9\/#breadcrumb\"},\"inLanguage\":\"ar\",\"potentialAction\":[{\"@type\":\"ReadAction\",\"target\":[\"https:\/\/www.portablebar.com\/ar\/p\/%d8%b4%d8%a7%d8%ad%d9%86-%d8%a7%d9%84%d8%a8%d8%b7%d8%a7%d8%b1%d9%8a%d8%a9\/\"]}]},{\"@type\":\"ImageObject\",\"inLanguage\":\"ar\",\"@id\":\"https:\/\/www.portablebar.com\/ar\/p\/%d8%b4%d8%a7%d8%ad%d9%86-%d8%a7%d9%84%d8%a8%d8%b7%d8%a7%d8%b1%d9%8a%d8%a9\/#primaryimage\",\"url\":\"https:\/\/www.portablebar.com\/wp-content\/uploads\/2018\/02\/battery-charger.jpg\",\"contentUrl\":\"https:\/\/www.portablebar.com\/wp-content\/uploads\/2018\/02\/battery-charger.jpg\",\"width\":594,\"height\":224,\"caption\":\"Battery & Charger for Furniture & Portable Bars\"},{\"@type\":\"BreadcrumbList\",\"@id\":\"https:\/\/www.portablebar.com\/ar\/p\/%d8%b4%d8%a7%d8%ad%d9%86-%d8%a7%d9%84%d8%a8%d8%b7%d8%a7%d8%b1%d9%8a%d8%a9\/#breadcrumb\",\"itemListElement\":[{\"@type\":\"ListItem\",\"position\":1,\"name\":\"Home\",\"item\":\"https:\/\/www.portablebar.com\/\"},{\"@type\":\"ListItem\",\"position\":2,\"name\":\"Products\",\"item\":\"https:\/\/www.portablebar.com\/shop\/\"},{\"@type\":\"ListItem\",\"position\":3,\"name\":\"Battery &#038; Charger for Furniture &#038; Portable Bars\"}]},{\"@type\":\"WebSite\",\"@id\":\"https:\/\/www.portablebar.com\/ar\/#website\",\"url\":\"https:\/\/www.portablebar.com\/ar\/\",\"name\":\"Portable Bars by Customized Designs\",\"description\":\"\",\"potentialAction\":[{\"@type\":\"SearchAction\",\"target\":{\"@type\":\"EntryPoint\",\"urlTemplate\":\"https:\/\/www.portablebar.com\/ar\/?s={search_term_string}\"},\"query-input\":{\"@type\":\"PropertyValueSpecification\",\"valueRequired\":true,\"valueName\":\"search_term_string\"}}],\"inLanguage\":\"ar\"}]}<\/script>\n<!-- \/ Yoast SEO plugin. -->","yoast_head_json":{"title":"\u0628\u0637\u0627\u0631\u064a\u0629 \u0648\u0634\u0627\u062d\u0646 \u0644\u0644\u0623\u062b\u0627\u062b \u0648\u0627\u0644\u0642\u0636\u0628\u0627\u0646 \u0627\u0644\u0645\u062d\u0645\u0648\u0644\u0629 - \u0642\u0636\u0628\u0627\u0646 \u0645\u062d\u0645\u0648\u0644\u0629 \u0645\u0646 \u062a\u0635\u0645\u064a\u0645\u0627\u062a \u0645\u062e\u0635\u0635\u0629","description":"\u0627\u0644\u0628\u0637\u0627\u0631\u064a\u0629 \u0648\u0627\u0644\u0634\u0627\u062d\u0646 \u0644\u0644\u0623\u062b\u0627\u062b \u0648\u0627\u0644\u0642\u0636\u0628\u0627\u0646 \u0627\u0644\u0645\u062d\u0645\u0648\u0644\u0629 - \u0639\u0645\u0631 \u0627\u0644\u0628\u0637\u0627\u0631\u064a\u0629 \u0627\u0644\u0633\u0624\u0627\u0644 \u0627\u0644\u0623\u0643\u062b\u0631 \u0634\u064a\u0648\u0639\u064b\u0627 \u0627\u0644\u0630\u064a \u0646\u062a\u0644\u0642\u0627\u0647 \u0647\u0648 \"\u0643\u0645 \u0645\u0646 \u0627\u0644\u0648\u0642\u062a \u0633\u062a\u062f\u0648\u0645 \u0627\u0644\u0628\u0637\u0627\u0631\u064a\u0629\u061f \u0647\u0630\u0647 \u0647\u064a \u0627\u0644\u0642\u0636\u0628\u0627\u0646 \u0627\u0644\u0645\u062d\u0645\u0648\u0644\u0629 \u0645\u0646 \u062a\u0635\u0645\u064a\u0645\u0627\u062a \u0645\u062e\u0635\u0635\u0629","robots":{"index":"index","follow":"follow","max-snippet":"max-snippet:-1","max-image-preview":"max-image-preview:large","max-video-preview":"max-video-preview:-1"},"canonical":"https:\/\/www.portablebar.com\/ar\/p\/\u0634\u0627\u062d\u0646-\u0627\u0644\u0628\u0637\u0627\u0631\u064a\u0629\/","og_locale":"ar_AR","og_type":"article","og_title":"Battery & Charger for Furniture & Portable Bars - Portable Bars by Customized Designs","og_description":"Battery & Charger for Furniture & Portable Bars - Battery Life The most common question we get is \"How long will the battery last?\" and the answer to that question is, That's a good question! This is Portable Bars by Customized Designs","og_url":"https:\/\/www.portablebar.com\/ar\/p\/\u0634\u0627\u062d\u0646-\u0627\u0644\u0628\u0637\u0627\u0631\u064a\u0629\/","og_site_name":"Portable Bars by Customized Designs","article_modified_time":"2025-12-19T14:11:54+00:00","og_image":[{"width":594,"height":224,"url":"https:\/\/www.portablebar.com\/wp-content\/uploads\/2018\/02\/battery-charger.jpg","type":"image\/jpeg"}],"twitter_card":"summary_large_image","twitter_misc":{"\u0648\u0642\u062a \u0627\u0644\u0642\u0631\u0627\u0621\u0629 \u0627\u0644\u0645\u064f\u0642\u062f\u0651\u0631":"\u062f\u0642\u064a\u0642\u062a\u0627\u0646"},"schema":{"@context":"https:\/\/schema.org","@graph":[{"@type":"WebPage","@id":"https:\/\/www.portablebar.com\/ar\/p\/%d8%b4%d8%a7%d8%ad%d9%86-%d8%a7%d9%84%d8%a8%d8%b7%d8%a7%d8%b1%d9%8a%d8%a9\/","url":"https:\/\/www.portablebar.com\/ar\/p\/%d8%b4%d8%a7%d8%ad%d9%86-%d8%a7%d9%84%d8%a8%d8%b7%d8%a7%d8%b1%d9%8a%d8%a9\/","name":"\u0628\u0637\u0627\u0631\u064a\u0629 \u0648\u0634\u0627\u062d\u0646 \u0644\u0644\u0623\u062b\u0627\u062b \u0648\u0627\u0644\u0642\u0636\u0628\u0627\u0646 \u0627\u0644\u0645\u062d\u0645\u0648\u0644\u0629 - \u0642\u0636\u0628\u0627\u0646 \u0645\u062d\u0645\u0648\u0644\u0629 \u0645\u0646 \u062a\u0635\u0645\u064a\u0645\u0627\u062a \u0645\u062e\u0635\u0635\u0629","isPartOf":{"@id":"https:\/\/www.portablebar.com\/ar\/#website"},"primaryImageOfPage":{"@id":"https:\/\/www.portablebar.com\/ar\/p\/%d8%b4%d8%a7%d8%ad%d9%86-%d8%a7%d9%84%d8%a8%d8%b7%d8%a7%d8%b1%d9%8a%d8%a9\/#primaryimage"},"image":{"@id":"https:\/\/www.portablebar.com\/ar\/p\/%d8%b4%d8%a7%d8%ad%d9%86-%d8%a7%d9%84%d8%a8%d8%b7%d8%a7%d8%b1%d9%8a%d8%a9\/#primaryimage"},"thumbnailUrl":"https:\/\/www.portablebar.com\/wp-content\/uploads\/2018\/02\/battery-charger.jpg","datePublished":"2018-02-05T21:27:31+00:00","dateModified":"2025-12-19T14:11:54+00:00","description":"\u0627\u0644\u0628\u0637\u0627\u0631\u064a\u0629 \u0648\u0627\u0644\u0634\u0627\u062d\u0646 \u0644\u0644\u0623\u062b\u0627\u062b \u0648\u0627\u0644\u0642\u0636\u0628\u0627\u0646 \u0627\u0644\u0645\u062d\u0645\u0648\u0644\u0629 - \u0639\u0645\u0631 \u0627\u0644\u0628\u0637\u0627\u0631\u064a\u0629 \u0627\u0644\u0633\u0624\u0627\u0644 \u0627\u0644\u0623\u0643\u062b\u0631 \u0634\u064a\u0648\u0639\u064b\u0627 \u0627\u0644\u0630\u064a \u0646\u062a\u0644\u0642\u0627\u0647 \u0647\u0648 \"\u0643\u0645 \u0645\u0646 \u0627\u0644\u0648\u0642\u062a \u0633\u062a\u062f\u0648\u0645 \u0627\u0644\u0628\u0637\u0627\u0631\u064a\u0629\u061f \u0647\u0630\u0647 \u0647\u064a \u0627\u0644\u0642\u0636\u0628\u0627\u0646 \u0627\u0644\u0645\u062d\u0645\u0648\u0644\u0629 \u0645\u0646 \u062a\u0635\u0645\u064a\u0645\u0627\u062a \u0645\u062e\u0635\u0635\u0629","breadcrumb":{"@id":"https:\/\/www.portablebar.com\/ar\/p\/%d8%b4%d8%a7%d8%ad%d9%86-%d8%a7%d9%84%d8%a8%d8%b7%d8%a7%d8%b1%d9%8a%d8%a9\/#breadcrumb"},"inLanguage":"ar","potentialAction":[{"@type":"ReadAction","target":["https:\/\/www.portablebar.com\/ar\/p\/%d8%b4%d8%a7%d8%ad%d9%86-%d8%a7%d9%84%d8%a8%d8%b7%d8%a7%d8%b1%d9%8a%d8%a9\/"]}]},{"@type":"ImageObject","inLanguage":"ar","@id":"https:\/\/www.portablebar.com\/ar\/p\/%d8%b4%d8%a7%d8%ad%d9%86-%d8%a7%d9%84%d8%a8%d8%b7%d8%a7%d8%b1%d9%8a%d8%a9\/#primaryimage","url":"https:\/\/www.portablebar.com\/wp-content\/uploads\/2018\/02\/battery-charger.jpg","contentUrl":"https:\/\/www.portablebar.com\/wp-content\/uploads\/2018\/02\/battery-charger.jpg","width":594,"height":224,"caption":"Battery & Charger for Furniture & Portable Bars"},{"@type":"BreadcrumbList","@id":"https:\/\/www.portablebar.com\/ar\/p\/%d8%b4%d8%a7%d8%ad%d9%86-%d8%a7%d9%84%d8%a8%d8%b7%d8%a7%d8%b1%d9%8a%d8%a9\/#breadcrumb","itemListElement":[{"@type":"ListItem","position":1,"name":"Home","item":"https:\/\/www.portablebar.com\/"},{"@type":"ListItem","position":2,"name":"Products","item":"https:\/\/www.portablebar.com\/shop\/"},{"@type":"ListItem","position":3,"name":"Battery &#038; Charger for Furniture &#038; Portable Bars"}]},{"@type":"WebSite","@id":"https:\/\/www.portablebar.com\/ar\/#website","url":"https:\/\/www.portablebar.com\/ar\/","name":"\u0642\u0636\u0628\u0627\u0646 \u0645\u062d\u0645\u0648\u0644\u0629 \u0645\u0646 \u062a\u0635\u0645\u064a\u0645\u0627\u062a \u0645\u062e\u0635\u0635\u0629","description":"","potentialAction":[{"@type":"SearchAction","target":{"@type":"EntryPoint","urlTemplate":"https:\/\/www.portablebar.com\/ar\/?s={search_term_string}"},"query-input":{"@type":"PropertyValueSpecification","valueRequired":true,"valueName":"search_term_string"}}],"inLanguage":"ar"}]}},"_links":{"self":[{"href":"https:\/\/www.portablebar.com\/ar\/wp-json\/wp\/v2\/product\/2140","targetHints":{"allow":["GET"]}}],"collection":[{"href":"https:\/\/www.portablebar.com\/ar\/wp-json\/wp\/v2\/product"}],"about":[{"href":"https:\/\/www.portablebar.com\/ar\/wp-json\/wp\/v2\/types\/product"}],"replies":[{"embeddable":true,"href":"https:\/\/www.portablebar.com\/ar\/wp-json\/wp\/v2\/comments?post=2140"}],"version-history":[{"count":0,"href":"https:\/\/www.portablebar.com\/ar\/wp-json\/wp\/v2\/product\/2140\/revisions"}],"wp:featuredmedia":[{"embeddable":true,"href":"https:\/\/www.portablebar.com\/ar\/wp-json\/wp\/v2\/media\/2150"}],"wp:attachment":[{"href":"https:\/\/www.portablebar.com\/ar\/wp-json\/wp\/v2\/media?parent=2140"}],"wp:term":[{"taxonomy":"product_brand","embeddable":true,"href":"https:\/\/www.portablebar.com\/ar\/wp-json\/wp\/v2\/product_brand?post=2140"},{"taxonomy":"product_cat","embeddable":true,"href":"https:\/\/www.portablebar.com\/ar\/wp-json\/wp\/v2\/product_cat?post=2140"},{"taxonomy":"product_tag","embeddable":true,"href":"https:\/\/www.portablebar.com\/ar\/wp-json\/wp\/v2\/product_tag?post=2140"}],"curies":[{"name":"\u062f\u0628\u0644\u064a\u0648 \u0628\u064a","href":"https:\/\/api.w.org\/{rel}","templated":true}]}}